{"id":2819,"date":"2020-08-24T06:36:45","date_gmt":"2020-08-24T06:36:45","guid":{"rendered":"https:\/\/www.hotelzoologie.com\/a-propos-de-nous\/"},"modified":"2023-11-30T16:53:10","modified_gmt":"2023-11-30T16:53:10","slug":"about-us","status":"publish","type":"page","link":"https:\/\/www.hotelzoologie.com\/en\/about-us\/","title":{"rendered":"About the Hotel La Zoologie"},"content":{"rendered":"<p>[vc_row full_width=&#8221;stretch_row&#8221;][vc_column][rev_slider_vc alias=&#8221;restaurant-1&#8243; el_class=&#8221;gradient-overlay-slider&#8221;][vc_empty_space height=&#8221;100&#8243;][\/vc_column][\/vc_row][vc_row][vc_column width=&#8221;5\/12&#8243;]\t\t\t<div\r\n\t\t\t\tclass=\"main_title  text-left  \">\r\n\t\t\t\t<h2 class=\"title\">L&#039;h\u00f4tel La Zoologie Bordeaux<\/h2>\r\n\t\t\t\t\t\t\t<\/div>\r\n\t\t[vc_column_text]Construit au tout d\u00e9but du\u00a0<strong>XXe si\u00e8cle<\/strong>\u00a0(1900-1903) par l\u2019architecte\u00a0<strong>Ernest Lacombe<\/strong>, l\u2019Institut de Zoologie est un t\u00e9moignage de l\u2019architecture universitaire de cette \u00e9poque, associant briques, pierres, structure m\u00e9tallique, et permettant ainsi de grandes ouvertures vers l\u2019ext\u00e9rieur et de larges verri\u00e8res en toiture.<\/p>\n<p>&nbsp;<\/p>\n<p>Cette architecture sera remise en majest\u00e9 par la\u00a0<strong>r\u00e9novation compl\u00e8te du b\u00e2timent,<\/strong>\u00a0auquel ont \u00e9t\u00e9 adjointes deux nouvelles ailes qui font \u00e9galement r\u00e9f\u00e9rence aux\u00a0<strong>Sciences Naturelles<\/strong>. L\u2019ensemble ouvre sur un\u00a0<strong>jardin int\u00e9rieur<\/strong>\u00a0qui fait \u00e9cho au vaste jardin public faisant face au\u00a0<strong>b\u00e2timent <\/strong><strong>historique de l\u2019Institut de Zoologie<\/strong>.[\/vc_column_text][\/vc_column][vc_column width=&#8221;7\/12&#8243;][vc_row_inner][vc_column_inner width=&#8221;1\/2&#8243;][vc_single_image image=&#8221;3071&#8243; img_size=&#8221;full&#8221;][\/vc_column_inner][vc_column_inner width=&#8221;1\/2&#8243;][vc_single_image image=&#8221;3073&#8243; img_size=&#8221;full&#8221;][\/vc_column_inner][\/vc_row_inner][\/vc_column][\/vc_row][vc_row css=&#8221;.vc_custom_1598251316664{padding-top: 80px !important;}&#8221;][vc_column]\t\t\t<div\r\n\t\t\t\tclass=\"main_title  text-center  \">\r\n\t\t\t\t<h2 class=\"title\">Notre Concept<\/h2>\r\n\t\t\t\t\t\t\t<\/div>\r\n\t\t[vc_column_text]<\/p>\n<p style=\"text-align: center;\">Dans un b\u00e2timent compos\u00e9 de 3 ailes et d\u2019un jardin int\u00e9rieur, ce boutique h\u00f4tel de luxe sera heureux de vous accueillir au\u00a0<strong>centre de Bordeaux<\/strong>.<\/p>\n<p style=\"text-align: center;\">Comme dans tous ses h\u00f4tels, les HotelsT vous accueillent dans un lieu charg\u00e9 d\u2019histoire, l\u2019Institut de la Zoologie de Bordeaux, r\u00e9nov\u00e9 par nos soins. Situ\u00e9 dans le centre de Bordeaux, \u00e0 deux pas de la gare de Bordeaux, cet ancien b\u00e2timent universitaire \u00e0 l\u2019architecture typiquement bordelaise vous accueillera pour une aventure atypique dans un d\u00e9cor inspir\u00e9 du pass\u00e9 de l\u2019institut, la Zoologie et l\u2019\u00e9tude des sciences naturelles telles que la G\u00e9ologie et la Biologie.<\/p>\n<p style=\"text-align: center;\">Comme toujours chez les HotelsT nous recherchons \u00e0 vous faire vivre le s\u00e9jour le plus agr\u00e9able possible, que celui-ci ne soit que d\u2019une soir\u00e9e sur notre rooftop ou bien lors de votre d\u00e9couverte de la capitale girondine pour une semaine. L\u2019atmosph\u00e8re chaleureuse et luxueuse de l\u2019h\u00f4tel La Zoologie, le savoir-faire de notre personnel, les saveurs de notre cuisine, l\u2019intimit\u00e9 de nos chambres et notre connaissance des moindres secrets de Bordeaux vous feront sentir comme un v\u00e9ritable Bordelais, chez vous.<\/p>\n<p style=\"text-align: center;\">V\u00e9ritable cocon ouvert sur l\u2019ext\u00e9rieur, l\u2019h\u00f4tel La Zoologie est \u00e9galement un lieu de vie du quartier de la gare Saint-Jean \u00e0 Bordeaux. Lieu de rencontres, son bar, son restaurant et son \u00e9cailler favorisent les \u00e9changes entre les voyageurs descendus \u00e0 l\u2019h\u00f4tel et les habitants de la ville girondine.<\/p>\n<p style=\"text-align: center;\">De passage \u00e0 Bordeaux vous pourrez ainsi observer le mode de vie \u00e0 la bordelaise tout en ayant le confort et l\u2019intimit\u00e9 n\u00e9cessaire \u00e0 un\u00a0<strong>h\u00f4tel de haut-standing<\/strong>\u00a0par les HotelsT.<\/p>\n<p style=\"text-align: center;\">La philosophie des HotelsT reste la m\u00eame, offrir un voyage intellectuel au sein d\u2019un cadre exceptionnel charg\u00e9 d\u2019histoire cherchant \u00e0 \u00e9veiller la curiosit\u00e9 de chacun via un ensemble d\u2019objets d\u2019art et de collections venant du monde entier.<\/p>\n<p>[\/vc_column_text][vc_empty_space height=&#8221;20&#8243;][\/vc_column][\/vc_row][vc_row][vc_column]           \r\n            <div class=\"row\">\r\n\t            <div class=\"image-gallery\">\r\n\r\n                   \r\n                    <!-- GALLERY ITEM -->\r\n                    <div class=\"col-lg-3 col-sm-6\">\r\n                      <figure class=\"gradient-overlay-hover icon-zoom-hover zoom-image-hover\">\r\n                                                <a href=\"https:\/\/www.hotelzoologie.com\/wp-content\/uploads\/2020\/09\/1.-TRAVAUX-1.jpg\">\r\n                          <img decoding=\"async\" src=\"https:\/\/www.hotelzoologie.com\/wp-content\/uploads\/2020\/09\/1.-TRAVAUX-1.jpg\" class=\"img-responsive\">\r\n                        <\/a>\r\n                                            <\/figure>\r\n                    <\/div>\r\n\r\n                    \r\n                    <!-- GALLERY ITEM -->\r\n                    <div class=\"col-lg-3 col-sm-6\">\r\n                      <figure class=\"gradient-overlay-hover icon-zoom-hover zoom-image-hover\">\r\n                                                <a href=\"https:\/\/www.hotelzoologie.com\/wp-content\/uploads\/2020\/09\/web_rooms_DSR1107-1-1.jpg\">\r\n                          <img decoding=\"async\" src=\"https:\/\/www.hotelzoologie.com\/wp-content\/uploads\/2020\/09\/web_rooms_DSR1107-1-1.jpg\" class=\"img-responsive\">\r\n                        <\/a>\r\n                                            <\/figure>\r\n                    <\/div>\r\n\r\n                    \r\n                    <!-- GALLERY ITEM -->\r\n                    <div class=\"col-lg-3 col-sm-6\">\r\n                      <figure class=\"gradient-overlay-hover icon-zoom-hover zoom-image-hover\">\r\n                                                <a href=\"https:\/\/www.hotelzoologie.com\/wp-content\/uploads\/2020\/09\/5.-about-us-5-1.jpg\">\r\n                          <img decoding=\"async\" src=\"https:\/\/www.hotelzoologie.com\/wp-content\/uploads\/2020\/09\/5.-about-us-5-1.jpg\" class=\"img-responsive\">\r\n                        <\/a>\r\n                                            <\/figure>\r\n                    <\/div>\r\n\r\n                    \r\n                    <!-- GALLERY ITEM -->\r\n                    <div class=\"col-lg-3 col-sm-6\">\r\n                      <figure class=\"gradient-overlay-hover icon-zoom-hover zoom-image-hover\">\r\n                                                <a href=\"https:\/\/www.hotelzoologie.com\/wp-content\/uploads\/2020\/09\/3.-18122012578-1.jpg\">\r\n                          <img decoding=\"async\" src=\"https:\/\/www.hotelzoologie.com\/wp-content\/uploads\/2020\/09\/3.-18122012578-1.jpg\" class=\"img-responsive\">\r\n                        <\/a>\r\n                                            <\/figure>\r\n                    <\/div>\r\n\r\n                    \r\n                    <!-- GALLERY ITEM -->\r\n                    <div class=\"col-lg-3 col-sm-6\">\r\n                      <figure class=\"gradient-overlay-hover icon-zoom-hover zoom-image-hover\">\r\n                                                <a href=\"https:\/\/www.hotelzoologie.com\/wp-content\/uploads\/2020\/09\/2.-ZOOLOGIE.jpg\">\r\n                          <img decoding=\"async\" src=\"https:\/\/www.hotelzoologie.com\/wp-content\/uploads\/2020\/09\/2.-ZOOLOGIE.jpg\" class=\"img-responsive\">\r\n                        <\/a>\r\n                                            <\/figure>\r\n                    <\/div>\r\n\r\n                    \r\n                    <!-- GALLERY ITEM -->\r\n                    <div class=\"col-lg-3 col-sm-6\">\r\n                      <figure class=\"gradient-overlay-hover icon-zoom-hover zoom-image-hover\">\r\n                                                <a href=\"https:\/\/www.hotelzoologie.com\/wp-content\/uploads\/2020\/09\/6.-retouche-IMG_0577.jpg\">\r\n                          <img decoding=\"async\" src=\"https:\/\/www.hotelzoologie.com\/wp-content\/uploads\/2020\/09\/6.-retouche-IMG_0577.jpg\" class=\"img-responsive\">\r\n                        <\/a>\r\n                                            <\/figure>\r\n                    <\/div>\r\n\r\n                    \r\n                    <!-- GALLERY ITEM -->\r\n                    <div class=\"col-lg-3 col-sm-6\">\r\n                      <figure class=\"gradient-overlay-hover icon-zoom-hover zoom-image-hover\">\r\n                                                <a href=\"https:\/\/www.hotelzoologie.com\/wp-content\/uploads\/2020\/09\/7.-IMG_8447-1.jpg\">\r\n                          <img decoding=\"async\" src=\"https:\/\/www.hotelzoologie.com\/wp-content\/uploads\/2020\/09\/7.-IMG_8447-1.jpg\" class=\"img-responsive\">\r\n                        <\/a>\r\n                                            <\/figure>\r\n                    <\/div>\r\n\r\n                    \r\n                    <!-- GALLERY ITEM -->\r\n                    <div class=\"col-lg-3 col-sm-6\">\r\n                      <figure class=\"gradient-overlay-hover icon-zoom-hover zoom-image-hover\">\r\n                                                <a href=\"https:\/\/www.hotelzoologie.com\/wp-content\/uploads\/2020\/09\/web_common_DSR0953-2.jpg\">\r\n                          <img decoding=\"async\" src=\"https:\/\/www.hotelzoologie.com\/wp-content\/uploads\/2020\/09\/web_common_DSR0953-2.jpg\" class=\"img-responsive\">\r\n                        <\/a>\r\n                                            <\/figure>\r\n                    <\/div>\r\n\r\n                    \r\n\t                \t            <\/div>\r\n            <\/div>\r\n\r\n        [\/vc_column][\/vc_row][vc_row css=&#8221;.vc_custom_1598251332471{padding-top: 80px !important;}&#8221;][vc_column]\t\t\t<div\r\n\t\t\t\tclass=\"main_title  text-center  \">\r\n\t\t\t\t<h2 class=\"title\">La Philosophie<\/h2>\r\n\t\t\t\t\t\t\t\t\t<p class=\"main_description\">HotelsT by F.T.<\/p>\r\n\t\t\t\t\t\t\t<\/div>\r\n\t\t[vc_column_text]<\/p>\n<p style=\"text-align: center;\">HotelsT est une entreprise familiale qui regroupe quatre h\u00f4tels \u00e0 Paris, un h\u00f4tel \u00e0 Sienne et un maintenant \u00e0 Bordeaux. Notre concept est bas\u00e9 sur un \u00e9quilibre unique entre\u00a0<strong>design et h\u00f4tel de charme<\/strong>. Nous offrons une atmosph\u00e8re familiale et cr\u00e9ative dans un cadre raffin\u00e9 o\u00f9 chaque d\u00e9tail est pens\u00e9. La mise en valeur de murs de pierre de taille, les parquets et petits salons avec leur chemin\u00e9e, ainsi que les nombreuses \u0153uvres d\u2019art alli\u00e9es \u00e0 des designs modernes, font partie des nombreux attributs qui contribuent \u00e0 rendre l\u2019atmosph\u00e8re des HotelsT chaleureuse et bienveillante. La pl\u00e9thore d\u2019<strong>objets d\u2019arts et de collections venant du monde entier<\/strong>\u00a0est constamment retravaill\u00e9e avec une touche de modernit\u00e9.<\/p>\n<p style=\"text-align: center;\">La base de notre philosophie est d\u2019offrir une\u00a0<strong>exp\u00e9rience personnalis\u00e9e<\/strong>, un\u00a0<strong>voyage intellectuel<\/strong>\u00a0et un appel \u00e0 la curiosit\u00e9 de chacun dans un cadre exceptionnel du fait de sa localisation et du service. Chaque client doit se sentir comme \u00e0 la maison et profiter pleinement de Paris, Sienne ou Bordeaux. Les HotelsT sont heureux d\u2019organiser selon la demande, des\u00a0<strong>s\u00e9jours \u00e0 th\u00e8me<\/strong>\u00a0ainsi qu\u2019une\u00a0<strong>prise en charge d\u00e8s l\u2019arriv\u00e9e \u00e0 l\u2019a\u00e9roport<\/strong>.<\/p>\n<p style=\"text-align: center;\">Le caract\u00e8re unique des HotelsT ainsi que leur localisation exceptionnelle dans le c\u0153ur du Paris historique (Saint-Germain des Pr\u00e9s et 8\u00e8me arrondissement), le c\u0153ur de la vieille ville de Sienne, et maintenant de Bordeaux, en font une\u00a0<strong>escapade parfaite<\/strong>\u00a0qui deviendra un souvenir partag\u00e9 avec amis et famille.<\/p>\n<p>[\/vc_column_text][\/vc_column][\/vc_row][vc_row][vc_column][vc_empty_space height=&#8221;100&#8243;][\/vc_column][\/vc_row]<\/p>\n","protected":false},"excerpt":{"rendered":"<p>[vc_row full_width=&#8221;stretch_row&#8221;][vc_column][rev_slider_vc alias=&#8221;restaurant-1&#8243; el_class=&#8221;gradient-overlay-slider&#8221;][vc_empty_space height=&#8221;100&#8243;][\/vc_column][\/vc_row][vc_row][vc_column width=&#8221;5\/12&#8243;][vc_column_text]Construit au tout d\u00e9but du\u00a0XXe si\u00e8cle\u00a0(1900-1903) par l\u2019architecte\u00a0Ernest Lacombe, l\u2019Institut de Zoologie est un t\u00e9moignage de l\u2019architecture universitaire de cette \u00e9poque, associant briques, pierres, structure m\u00e9tallique, et permettant ainsi de grandes ouvertures vers l\u2019ext\u00e9rieur et de larges verri\u00e8res en toiture. &nbsp; Cette architecture sera remise en majest\u00e9 par la\u00a0r\u00e9novation compl\u00e8te [&hellip;]<\/p>\n","protected":false},"author":1,"featured_media":0,"parent":0,"menu_order":0,"comment_status":"closed","ping_status":"closed","template":"","meta":{"footnotes":""},"class_list":["post-2819","page","type-page","status-publish","hentry"],"yoast_head":"<!-- This site is optimized with the Yoast SEO plugin v27.5 - https:\/\/yoast.com\/product\/yoast-seo-wordpress\/ -->\n<title>Discover the 4-star luxury hotel La Zoologie in Bordeaux<\/title>\n<meta name=\"description\" content=\"In a building consisting of 3 wings and an interior garden, this luxury boutique hotel will be happy to welcome you in the center of Bordeaux.\" \/>\n<meta name=\"robots\" content=\"index, follow, max-snippet:-1, max-image-preview:large, max-video-preview:-1\" \/>\n<link rel=\"canonical\" href=\"https:\/\/www.hotelzoologie.com\/en\/about-us\/\" \/>\n<meta property=\"og:locale\" content=\"en_US\" \/>\n<meta property=\"og:type\" content=\"article\" \/>\n<meta property=\"og:title\" content=\"Discover the 4-star luxury hotel La Zoologie in Bordeaux\" \/>\n<meta property=\"og:description\" content=\"In a building consisting of 3 wings and an interior garden, this luxury boutique hotel will be happy to welcome you in the center of Bordeaux.\" \/>\n<meta property=\"og:url\" content=\"https:\/\/www.hotelzoologie.com\/en\/about-us\/\" \/>\n<meta property=\"og:site_name\" content=\"H\u00f4tel La Zoologie Bordeaux\" \/>\n<meta property=\"article:modified_time\" content=\"2023-11-30T16:53:10+00:00\" \/>\n<meta name=\"twitter:card\" content=\"summary_large_image\" \/>\n<meta name=\"twitter:label1\" content=\"Est. reading time\" \/>\n\t<meta name=\"twitter:data1\" content=\"5 minutes\" \/>\n<!-- \/ Yoast SEO plugin. -->","yoast_head_json":{"title":"Discover the 4-star luxury hotel La Zoologie in Bordeaux","description":"In a building consisting of 3 wings and an interior garden, this luxury boutique hotel will be happy to welcome you in the center of Bordeaux.","robots":{"index":"index","follow":"follow","max-snippet":"max-snippet:-1","max-image-preview":"max-image-preview:large","max-video-preview":"max-video-preview:-1"},"canonical":"https:\/\/www.hotelzoologie.com\/en\/about-us\/","og_locale":"en_US","og_type":"article","og_title":"Discover the 4-star luxury hotel La Zoologie in Bordeaux","og_description":"In a building consisting of 3 wings and an interior garden, this luxury boutique hotel will be happy to welcome you in the center of Bordeaux.","og_url":"https:\/\/www.hotelzoologie.com\/en\/about-us\/","og_site_name":"H\u00f4tel La Zoologie Bordeaux","article_modified_time":"2023-11-30T16:53:10+00:00","twitter_card":"summary_large_image","twitter_misc":{"Est. reading time":"5 minutes"},"schema":{"@context":"https:\/\/schema.org","@graph":[{"@type":"WebPage","@id":"https:\/\/www.hotelzoologie.com\/en\/about-us\/","url":"https:\/\/www.hotelzoologie.com\/en\/about-us\/","name":"Discover the 4-star luxury hotel La Zoologie in Bordeaux","isPartOf":{"@id":"https:\/\/www.hotelzoologie.com\/en\/#website"},"datePublished":"2020-08-24T06:36:45+00:00","dateModified":"2023-11-30T16:53:10+00:00","description":"In a building consisting of 3 wings and an interior garden, this luxury boutique hotel will be happy to welcome you in the center of Bordeaux.","breadcrumb":{"@id":"https:\/\/www.hotelzoologie.com\/en\/about-us\/#breadcrumb"},"inLanguage":"en-US","potentialAction":[{"@type":"ReadAction","target":["https:\/\/www.hotelzoologie.com\/en\/about-us\/"]}]},{"@type":"BreadcrumbList","@id":"https:\/\/www.hotelzoologie.com\/en\/about-us\/#breadcrumb","itemListElement":[{"@type":"ListItem","position":1,"name":"Home","item":"https:\/\/www.hotelzoologie.com\/en\/"},{"@type":"ListItem","position":2,"name":"About the Hotel La Zoologie"}]},{"@type":"WebSite","@id":"https:\/\/www.hotelzoologie.com\/en\/#website","url":"https:\/\/www.hotelzoologie.com\/en\/","name":"H\u00f4tel La Zoologie Bordeaux","description":"","publisher":{"@id":"https:\/\/www.hotelzoologie.com\/en\/#organization"},"potentialAction":[{"@type":"SearchAction","target":{"@type":"EntryPoint","urlTemplate":"https:\/\/www.hotelzoologie.com\/en\/?s={search_term_string}"},"query-input":{"@type":"PropertyValueSpecification","valueRequired":true,"valueName":"search_term_string"}}],"inLanguage":"en-US"},{"@type":"Organization","@id":"https:\/\/www.hotelzoologie.com\/en\/#organization","name":"H\u00f4tel La Zoologie Bordeaux","url":"https:\/\/www.hotelzoologie.com\/en\/","logo":{"@type":"ImageObject","inLanguage":"en-US","@id":"https:\/\/www.hotelzoologie.com\/en\/#\/schema\/logo\/image\/","url":"https:\/\/www.hotelzoologie.com\/wp-content\/uploads\/2020\/09\/Logo-Zoologie.jpg","contentUrl":"https:\/\/www.hotelzoologie.com\/wp-content\/uploads\/2020\/09\/Logo-Zoologie.jpg","width":500,"height":70,"caption":"H\u00f4tel La Zoologie Bordeaux"},"image":{"@id":"https:\/\/www.hotelzoologie.com\/en\/#\/schema\/logo\/image\/"}}]}},"_links":{"self":[{"href":"https:\/\/www.hotelzoologie.com\/en\/wp-json\/wp\/v2\/pages\/2819","targetHints":{"allow":["GET"]}}],"collection":[{"href":"https:\/\/www.hotelzoologie.com\/en\/wp-json\/wp\/v2\/pages"}],"about":[{"href":"https:\/\/www.hotelzoologie.com\/en\/wp-json\/wp\/v2\/types\/page"}],"author":[{"embeddable":true,"href":"https:\/\/www.hotelzoologie.com\/en\/wp-json\/wp\/v2\/users\/1"}],"replies":[{"embeddable":true,"href":"https:\/\/www.hotelzoologie.com\/en\/wp-json\/wp\/v2\/comments?post=2819"}],"version-history":[{"count":12,"href":"https:\/\/www.hotelzoologie.com\/en\/wp-json\/wp\/v2\/pages\/2819\/revisions"}],"predecessor-version":[{"id":6479,"href":"https:\/\/www.hotelzoologie.com\/en\/wp-json\/wp\/v2\/pages\/2819\/revisions\/6479"}],"wp:attachment":[{"href":"https:\/\/www.hotelzoologie.com\/en\/wp-json\/wp\/v2\/media?parent=2819"}],"curies":[{"name":"wp","href":"https:\/\/api.w.org\/{rel}","templated":true}]}}