{"id":10738,"date":"2026-01-22T09:06:39","date_gmt":"2026-01-22T09:06:39","guid":{"rendered":"https:\/\/www.hotelzoologie.com\/?page_id=10738"},"modified":"2026-01-22T09:18:51","modified_gmt":"2026-01-22T09:18:51","slug":"conciergerie-es","status":"publish","type":"page","link":"https:\/\/www.hotelzoologie.com\/es\/conciergerie-es\/","title":{"rendered":"El Servicio de Conserjer\u00eda"},"content":{"rendered":"<p>[vc_row full_width=&#8221;stretch_row_content&#8221; full_height=&#8221;yes&#8221; columns_placement=&#8221;stretch&#8221; content_placement=&#8221;middle&#8221; parallax=&#8221;content-moving&#8221; parallax_speed_bg=&#8221;2&#8243; css_animation=&#8221;fadeIn&#8221; css=&#8221;.vc_custom_1769012501767{background-image: url(https:\/\/www.hotelzoologie.com\/wp-content\/uploads\/2022\/08\/chambre-Aile-de-la-Geologie_terasse.jpg?id=4655) !important;}&#8221;]<br \/>\n[vc_column]<br \/>\n[vc_custom_heading text=&#8221;Servicio de Conserjer\u00eda&#8221; font_container=&#8221;tag:h1|font_size:55|text_align:center|color:%23ffffff|line_height:1.5&#8243; google_fonts=&#8221;font_family:Anton%3Aregular|font_style:400%20regular%3A400%3Anormal&#8221;]<br \/>\n[vc_empty_space height=&#8221;25&#8243;]<br \/>\n[vc_custom_heading text=&#8221;Prepare su estancia con total tranquilidad&#8221; font_container=&#8221;tag:h2|font_size:40|text_align:center|color:%23ffffff|line_height:1.5&#8243; google_fonts=&#8221;font_family:Anton%3Aregular|font_style:400%20regular%3A400%3Anormal&#8221;]<br \/>\n[vc_empty_space height=&#8221;15&#8243;]<br \/>\n\r\n        \r\n        <style>\r\n\t\t\t\t#btn-container-ORR8A {\r\n\t\t\t\t\tfont-size: 15px;\r\n\t\t\t\t\tfont-weight: bold;\r\n\t\t\t\t}\r\n        #btn-ORR8A {\r\n        \tbackground: #af4e34;\r\n\t\t\t\t\tborder-style: solid;\r\n        \tborder-color: #af4e34;\r\n\t\t\t\t\tborder-width: 2px;\r\n        \tcolor: #ffffff;\r\n\t\t\t\t\tpadding: 10px 20px;\r\n\t\t\t\t\tborder-radius: 8px;\r\n\t\t\t\t\tfont-size: 15px;\r\n\t\t\t\t\tline-height: 15px;\r\n\t\t\t\t\t\t\t\t\t\t\t\t\t\t\tfont-weight: bold;\r\n        }\r\n\r\n\t\t\t\t#btn-ORR8A:hover {\r\n\t\t\t\t\tbackground: #af4e34;\r\n\t\t\t\t\tborder-color: #af4e34;\r\n\t\t\t\t\tcolor: #ffffff;\r\n\t\t\t\t\t\t\t\t\t\t\t\t\t\t\t\r\n\t\t\t\t}\r\n\r\n\t\t    #btn-ORR8A i {\r\n\t\t\t\t\tright: 14px;\r\n\t\t\t\t\tmargin-top: 0;\r\n\t\t\t\t\tvertical-align: middle;\r\n\t\t\t\t\tborder-radius: 50%;\r\n\t\t\t\t\tline-height: 20px;\r\n\t\t\t\t\theight: 20px;\r\n\t\t\t\t\twidth: 20px;\r\n\t\t\t\t\tbackground: #1dc1f8;\r\n\t\t\t\t\tmargin-left: 8px;\r\n\t\t\t\t\tmargin-right: 0;\r\n\t\t\t\t\tcolor: #ffffff;\r\n\t\t\t\t\tfont-size: 8px;\r\n\t\t\t\t\ttext-align: center;\r\n\t\t\t\t}\r\n\r\n\t\t\t\t #btn-ORR8A:hover i {\r\n\t\t\t\t \tbackground: #ffffff;\r\n\t\t\t\t\tcolor: #1dc1f8;\r\n\t\t\t\t }\r\n\r\n        <\/style>\r\n\r\n\t\t<!-- BUTTON -->\r\n        <div id=\"btn-container-ORR8A\" class=\"text-center\">\r\n\t\t\t\r\n\t\t\t\t\t<a href=\"tel:0533069917\" id=\"btn-ORR8A\" class=\"btn \" target=\"_self\">\r\n\t\t\t\t\t\t\u00a1Cont\u00e1ctenos!\t\t\t\t\t\t\t\t\t\t\t<\/a>\r\n\t\t\t\t\t        <\/div>\r\n\r\n        <br \/>\n[\/vc_column]<br \/>\n[\/vc_row]<\/p>\n<p>[vc_row]<br \/>\n[vc_column]<br \/>\n[vc_empty_space]<br \/>\n[vc_empty_space]<br \/>\n[\/vc_column]<br \/>\n[\/vc_row]<\/p>\n<p>[vc_row]<br \/>\n[vc_column width=&#8221;1\/2&#8243;]<br \/>\n[vc_empty_space height=&#8221;75&#8243;]<br \/>\n[vc_custom_heading text=&#8221;Un servicio de conserjer\u00eda dise\u00f1ado para realzar su estancia&#8221; font_container=&#8221;tag:h2|font_size:30|text_align:center|color:%23af4e34&#8243; google_fonts=&#8221;font_family:Tenor%20Sans%3Aregular|font_style:400%20regular%3A400%3Anormal&#8221;]<br \/>\n[vc_separator color=&#8221;chino&#8221; border_width=&#8221;2&#8243; el_width=&#8221;30&#8243; css=&#8221;.vc_custom_1769005905576{margin-top: 24px !important;}&#8221;]<br \/>\n[vc_column_text]<br \/>\nEn el H\u00f4tel La Zoologie, el servicio de conserjer\u00eda ocupa un lugar central en la experiencia que deseamos ofrecer a nuestros hu\u00e9spedes. Concebido como un verdadero servicio de acompa\u00f1amiento, le permite descubrir Burdeos de forma fluida, personalizada y aut\u00e9ntica, disfrutando al mismo tiempo de un confort absoluto. Nuestro equipo pone su experiencia local y su disponibilidad al servicio de su estancia, anticipando sus expectativas y respondiendo a sus deseos, ya sean culturales, gastron\u00f3micos o relacionados con el descanso.<\/p>\n<p>Cada viajero es \u00fanico, por lo que nuestro servicio de conserjer\u00eda en Burdeos se adapta a su ritmo, a la duraci\u00f3n de su estancia y a sus intereses, ya sea una escapada de fin de semana, una estancia rom\u00e1ntica o un viaje de negocios. Gracias a un profundo conocimiento de la ciudad, de sus barrios y de sus mejores direcciones, le ofrecemos mucho m\u00e1s que simples recomendaciones: le brindamos una verdadera inmersi\u00f3n bordelesa, donde cada detalle est\u00e1 pensado para que su experiencia sea sencilla, agradable e inolvidable, incluso antes de su llegada al H\u00f4tel La Zoologie.<br \/>\n[\/vc_column_text]<br \/>\n[\/vc_column]<\/p>\n<p>[vc_column width=&#8221;1\/2&#8243;]<br \/>\n[vc_single_image image=&#8221;10681&#8243; img_size=&#8221;full&#8221; alignment=&#8221;center&#8221;]<br \/>\n[\/vc_column]<br \/>\n[\/vc_row]<\/p>\n<p>[vc_row]<br \/>\n[vc_column width=&#8221;1\/2&#8243;]<br \/>\n[vc_single_image image=&#8221;10685&#8243; img_size=&#8221;large&#8221; alignment=&#8221;center&#8221;]<br \/>\n[\/vc_column]<\/p>\n<p>[vc_column width=&#8221;1\/2&#8243;]<br \/>\n[vc_empty_space height=&#8221;85&#8243;]<br \/>\n[vc_custom_heading text=&#8221;Descubra Burdeos a trav\u00e9s de nuestros servicios y recomendaciones locales&#8221; font_container=&#8221;tag:h2|font_size:30|text_align:center|color:%23af4e34&#8243; google_fonts=&#8221;font_family:Tenor%20Sans%3Aregular|font_style:400%20regular%3A400%3Anormal&#8221;]<br \/>\n[vc_separator color=&#8221;chino&#8221; border_width=&#8221;2&#8243; el_width=&#8221;30&#8243; css=&#8221;.vc_custom_1769006022000{margin-top: 24px !important;}&#8221;]<br \/>\n[vc_empty_space]<br \/>\n[vc_column_text]<br \/>\nPara facilitar sus solicitudes, ponemos a su disposici\u00f3n un n\u00famero de WhatsApp dedicado, +33 (0)7 57 43 21 38, que permite una comunicaci\u00f3n r\u00e1pida y directa con nuestro equipo. Ya sea que desee reservar una actividad, organizar un traslado o simplemente obtener nuestras recomendaciones locales, estamos a su disposici\u00f3n para acompa\u00f1arle en cada etapa de su estancia.<\/p>\n<p>Nuestro servicio de conserjer\u00eda tambi\u00e9n ofrece servicios exclusivos para enriquecer su visita. Puede adquirir su Bordeaux City Pass directamente en el hotel y disfrutar de los lugares imprescindibles de la ciudad sin perder tiempo. Para los amantes de la gastronom\u00eda, ponemos a su disposici\u00f3n un mapa Mapstr con nuestra selecci\u00f3n de los mejores restaurantes y caf\u00e9s alrededor del hotel, para que pueda explorar Burdeos como un verdadero local.<br \/>\n[\/vc_column_text]<\/p>\n<p>[vc_raw_html]<br \/>\nJTNDZGl2JTIwc3R5bGUlM0QlMjJ0ZXh0LWFsaWduJTNBJTIwY2VudGVyJTNCJTIwbWFyZ2luJTNBJTIwMzBweCUyMDAlM0IlMjIlM0UlMEElMjAlMjAlMjAlMjAlM0NhJTIwaHJlZiUzRCUyMmh0dHBzJTNBJTJGJTJGd2EubWUlMkYzMzc1NzQzMjEzOCUzRnRleHQlM0RIb2xhJTI1MjBxdWlzJTI1MjBjb250YWN0YXIlMjUyMGVsJTI1MjBzZXJ2aWNpbyUyNTIwZGUlMjUyMGNvbnNlcmplcmlhJTIyJTBBJTIwJTIwJTIwJTIwJTIwJTIwJTIwdGFyZ2V0JTNEJTIyX2JsYW5rJTIyJTBBJTIwJTIwJTIwJTIwJTIwJTIwJTIwcmVsJTNEJTIybm9vcGVuZXIlMjIlMEElMjAlMjAlMjAlMjAlMjAlMjAlMjAlMjAlMjAlMjAlMjBzdHlsZSUzRCUyMiUwQSUyMCUyMCUyMCUyMCUyMCUyMCUyMCUyMCUyMCUyMCUyMGRpc3BsYXklM0ElMjBpbmxpbmUtYmxvY2slM0IlMEElMjAlMjAlMjAlMjAlMjAlMjAlMjAlMjAlMjAlMjAlMjBiYWNrZ3JvdW5kLWNvbG9yJTNBJTIwJTIzYWY0ZTM0JTNCJTBBJTIwJTIwJTIwJTIwJTIwJTIwJTIwJTIwJTIwJTIwJTIwY29sb3IlM0ElMjAlMjNmZmZmZmYlM0IlMEElMjAlMjAlMjAlMjAlMjAlMjAlMjAlMjAlMjAlMjAlMjB0ZXh0LWRlY29yYXRpb24lM0ElMjBub25lJTNCJTBBJTIwJTIwJTIwJTIwJTIwJTIwJTIwJTIwJTIwJTIwJTIwZm9udC1zaXplJTNBJTIwMTZweCUzQiUwQSUyMCUyMCUyMCUyMCUyMCUyMCUyMCUyMCUyMCUyMCUyMGZvbnQtd2VpZ2h0JTNBJTIwNjAwJTNCJTBBJTIwJTIwJTIwJTIwJTIwJTIwJTIwJTIwJTIwJTIwJTIwdGV4dC10cmFuc2Zvcm0lM0ElMjB1cHBlcmNhc2UlM0IlMEElMjAlMjAlMjAlMjAlMjAlMjAlMjAlMjAlMjAlMjAlMjBwYWRkaW5nJTNBJTIwMTJweCUyMDE1cHglM0IlMEElMjAlMjAlMjAlMjAlMjAlMjAlMjAlMjAlMjAlMjAlMjBib3JkZXItcmFkaXVzJTNBJTIwOHB4JTNCJTBBJTIwJTIwJTIwJTIwJTIwJTIwJTIwJTIwJTIwJTIwJTIwZm9udC1mYW1pbHklM0ElMjAlMjdNb250c2VycmF0JTI3JTJDJTIwc2Fucy1zZXJpZiUzQiUwQSUyMCUyMCUyMCUyMCUyMCUyMCUyMCUyMCUyMCUyMCUyMHRyYW5zaXRpb24lM0ElMjBiYWNrZ3JvdW5kLWNvbG9yJTIwMC4zcyUyMGVhc2UlMkMlMjB0cmFuc2Zvcm0lMjAwLjJzJTIwZWFzZSUzQiUwQSUyMCUyMCUyMCUyMCUyMCUyMCUyMCUyMiUwQSUyMCUyMCUyMCUyMCUyMCUyMCUyMG9ubW91c2VvdmVyJTNEJTIydGhpcy5zdHlsZS5iYWNrZ3JvdW5kQ29sb3IlM0QlMjclMjM5NDNmMjklMjclM0IlMjB0aGlzLnN0eWxlLnRyYW5zZm9ybSUzRCUyN3NjYWxlJTI4MS4wMyUyOSUyNyUzQiUyMiUwQSUyMCUyMCUyMCUyMCUyMCUyMCUyMG9ubW91c2VvdXQlM0QlMjJ0aGlzLnN0eWxlLmJhY2tncm91bmRDb2xvciUzRCUyNyUyM2FmNGUzNCUyNyUzQiUyMHRoaXMuc3R5bGUudHJhbnNmb3JtJTNEJTI3c2NhbGUlMjgxJTI5JTI3JTNCJTIyJTBBJTIwJTIwJTIwJTIwJTNFJTBBJTIwJTIwJTIwJTIwJTIwJTIwJTIwJTIwQ09OVEFDVEFSJTIwQ09OJTBBJTIwJTIwJTIwJTIwJTIwJTIwJTIwJTIwRUwgU0VSVklDSU8lMjBERSUyMENPTlNFUkpFUklBJTBBJTIwJTIwJTIwJTIwJTNDJTJGYSUzRSUwQSUzQyUyRmRpdiUzRSUwQQ==<br \/>\n[\/vc_raw_html]<br \/>\n[\/vc_column]<br \/>\n[\/vc_row]<\/p>\n<p>[vc_row]<br \/>\n[vc_column width=&#8221;1\/2&#8243;]<br \/>\n[vc_empty_space height=&#8221;80&#8243;]<br \/>\n[vc_custom_heading text=&#8221;Traslados, wine tours y experiencias personalizadas&#8221; font_container=&#8221;tag:h2|text_align:center|color:%23af4e34&#8243; google_fonts=&#8221;font_family:Tenor%20Sans%3Aregular|font_style:400%20regular%3A400%3Anormal&#8221;]<br \/>\n[vc_separator color=&#8221;chino&#8221; border_width=&#8221;2&#8243; el_width=&#8221;30&#8243; css=&#8221;.vc_custom_1769006103779{margin-top: 24px !important;}&#8221;]<br \/>\n[vc_column_text]<br \/>\nTambi\u00e9n hemos establecido colaboraciones con taxis y servicios de transporte para garantizar sus traslados desde el aeropuerto o sus desplazamientos por Burdeos de forma sencilla y confortable. Para los amantes del vino, nuestro servicio de conserjer\u00eda puede organizar wine tours personalizados en los vi\u00f1edos de Burdeos, que incluyen catas y visitas guiadas. Por \u00faltimo, le asesoramos sobre todas las actividades locales, ya sean paseos culturales, visitas a museos o eventos imprescindibles, con el fin de crear una estancia a su medida.<\/p>\n<p>Elegir nuestro servicio de conserjer\u00eda en el H\u00f4tel La Zoologie es optar por un servicio a medida que facilita su estancia y le permite disfrutar plenamente de Burdeos. Nuestro equipo se compromete a anticipar sus necesidades, ofrecerle recomendaciones personalizadas y ayudarle a descubrir la ciudad en su mejor versi\u00f3n. Para una estancia sin estr\u00e9s y llena de descubrimientos, cont\u00e1ctenos ahora por WhatsApp y deje que nuestra conserjer\u00eda organice su experiencia ideal en Burdeos.<br \/>\n[\/vc_column_text]<\/p>\n<p>\r\n        \r\n        <style>\r\n\t\t\t\t#btn-container-d2bsH {\r\n\t\t\t\t\tfont-size: 15px;\r\n\t\t\t\t\tfont-weight: bold;\r\n\t\t\t\t}\r\n        #btn-d2bsH {\r\n        \tbackground: #af4e34;\r\n\t\t\t\t\tborder-style: solid;\r\n        \tborder-color: #af4e34;\r\n\t\t\t\t\tborder-width: 2px;\r\n        \tcolor: #ffffff;\r\n\t\t\t\t\tpadding: 10px 20px;\r\n\t\t\t\t\tborder-radius: 8px;\r\n\t\t\t\t\tfont-size: 15px;\r\n\t\t\t\t\tline-height: 15px;\r\n\t\t\t\t\t\t\t\t\t\t\t\t\t\t\tfont-weight: bold;\r\n        }\r\n\r\n\t\t\t\t#btn-d2bsH:hover {\r\n\t\t\t\t\tbackground: #af4e34;\r\n\t\t\t\t\tborder-color: #af4e34;\r\n\t\t\t\t\tcolor: #ffffff;\r\n\t\t\t\t\t\t\t\t\t\t\t\t\t\t\t\r\n\t\t\t\t}\r\n\r\n\t\t    #btn-d2bsH i {\r\n\t\t\t\t\tright: 14px;\r\n\t\t\t\t\tmargin-top: 0;\r\n\t\t\t\t\tvertical-align: middle;\r\n\t\t\t\t\tborder-radius: 50%;\r\n\t\t\t\t\tline-height: 20px;\r\n\t\t\t\t\theight: 20px;\r\n\t\t\t\t\twidth: 20px;\r\n\t\t\t\t\tbackground: #1dc1f8;\r\n\t\t\t\t\tmargin-left: 8px;\r\n\t\t\t\t\tmargin-right: 0;\r\n\t\t\t\t\tcolor: #ffffff;\r\n\t\t\t\t\tfont-size: 8px;\r\n\t\t\t\t\ttext-align: center;\r\n\t\t\t\t}\r\n\r\n\t\t\t\t #btn-d2bsH:hover i {\r\n\t\t\t\t \tbackground: #ffffff;\r\n\t\t\t\t\tcolor: #1dc1f8;\r\n\t\t\t\t }\r\n\r\n        <\/style>\r\n\r\n\t\t<!-- BUTTON -->\r\n        <div id=\"btn-container-d2bsH\" class=\"text-center\">\r\n\t\t\t\r\n\t\t\t\t\t<a href=\"mailto:contact@hotelzoologie.com\" id=\"btn-d2bsH\" class=\"btn \" target=\"_self\">\r\n\t\t\t\t\t\t\u00a1M\u00e1s informaci\u00f3n!\t\t\t\t\t\t\t\t\t\t\t<\/a>\r\n\t\t\t\t\t        <\/div>\r\n\r\n        <br \/>\n[\/vc_column]<\/p>\n<p>[vc_column width=&#8221;1\/2&#8243;]<br \/>\n[vc_single_image image=&#8221;10714&#8243; img_size=&#8221;full&#8221; alignment=&#8221;center&#8221;]<br \/>\n[\/vc_column]<br \/>\n[\/vc_row]<\/p>\n","protected":false},"excerpt":{"rendered":"<p>[vc_row full_width=&#8221;stretch_row_content&#8221; full_height=&#8221;yes&#8221; columns_placement=&#8221;stretch&#8221; content_placement=&#8221;middle&#8221; parallax=&#8221;content-moving&#8221; parallax_speed_bg=&#8221;2&#8243; css_animation=&#8221;fadeIn&#8221; css=&#8221;.vc_custom_1769012501767{background-image: url(https:\/\/www.hotelzoologie.com\/wp-content\/uploads\/2022\/08\/chambre-Aile-de-la-Geologie_terasse.jpg?id=4655) !important;}&#8221;] [vc_column] [vc_custom_heading text=&#8221;Servicio de Conserjer\u00eda&#8221; font_container=&#8221;tag:h1|font_size:55|text_align:center|color:%23ffffff|line_height:1.5&#8243; google_fonts=&#8221;font_family:Anton%3Aregular|font_style:400%20regular%3A400%3Anormal&#8221;] [vc_empty_space height=&#8221;25&#8243;] [vc_custom_heading text=&#8221;Prepare su estancia con total tranquilidad&#8221; font_container=&#8221;tag:h2|font_size:40|text_align:center|color:%23ffffff|line_height:1.5&#8243; google_fonts=&#8221;font_family:Anton%3Aregular|font_style:400%20regular%3A400%3Anormal&#8221;] [vc_empty_space height=&#8221;15&#8243;] [\/vc_column] [\/vc_row] [vc_row] [vc_column] [vc_empty_space] [vc_empty_space] [\/vc_column] [\/vc_row] [vc_row] [vc_column width=&#8221;1\/2&#8243;] [vc_empty_space height=&#8221;75&#8243;] [vc_custom_heading text=&#8221;Un servicio de conserjer\u00eda dise\u00f1ado para realzar su estancia&#8221; font_container=&#8221;tag:h2|font_size:30|text_align:center|color:%23af4e34&#8243; [&hellip;]<\/p>\n","protected":false},"author":3,"featured_media":0,"parent":0,"menu_order":0,"comment_status":"closed","ping_status":"closed","template":"","meta":{"footnotes":""},"class_list":["post-10738","page","type-page","status-publish","hentry"],"yoast_head":"<!-- This site is optimized with the Yoast SEO plugin v27.4 - https:\/\/yoast.com\/product\/yoast-seo-wordpress\/ -->\n<title>El Servicio de Conserjer\u00eda - H\u00f4tel La Zoologie Bordeaux<\/title>\n<meta name=\"robots\" content=\"index, follow, max-snippet:-1, max-image-preview:large, max-video-preview:-1\" \/>\n<link rel=\"canonical\" href=\"https:\/\/www.hotelzoologie.com\/es\/conciergerie-es\/\" \/>\n<meta property=\"og:locale\" content=\"es_ES\" \/>\n<meta property=\"og:type\" content=\"article\" \/>\n<meta property=\"og:title\" content=\"El Servicio de Conserjer\u00eda - H\u00f4tel La Zoologie Bordeaux\" \/>\n<meta property=\"og:description\" content=\"[vc_row full_width=&#8221;stretch_row_content&#8221; full_height=&#8221;yes&#8221; columns_placement=&#8221;stretch&#8221; content_placement=&#8221;middle&#8221; parallax=&#8221;content-moving&#8221; parallax_speed_bg=&#8221;2&#8243; css_animation=&#8221;fadeIn&#8221; css=&#8221;.vc_custom_1769012501767{background-image: url(https:\/\/www.hotelzoologie.com\/wp-content\/uploads\/2022\/08\/chambre-Aile-de-la-Geologie_terasse.jpg?id=4655) !important;}&#8221;] [vc_column] [vc_custom_heading text=&#8221;Servicio de Conserjer\u00eda&#8221; font_container=&#8221;tag:h1|font_size:55|text_align:center|color:%23ffffff|line_height:1.5&#8243; google_fonts=&#8221;font_family:Anton%3Aregular|font_style:400%20regular%3A400%3Anormal&#8221;] [vc_empty_space height=&#8221;25&#8243;] [vc_custom_heading text=&#8221;Prepare su estancia con total tranquilidad&#8221; font_container=&#8221;tag:h2|font_size:40|text_align:center|color:%23ffffff|line_height:1.5&#8243; google_fonts=&#8221;font_family:Anton%3Aregular|font_style:400%20regular%3A400%3Anormal&#8221;] [vc_empty_space height=&#8221;15&#8243;] [\/vc_column] [\/vc_row] [vc_row] [vc_column] [vc_empty_space] [vc_empty_space] [\/vc_column] [\/vc_row] [vc_row] [vc_column width=&#8221;1\/2&#8243;] [vc_empty_space height=&#8221;75&#8243;] [vc_custom_heading text=&#8221;Un servicio de conserjer\u00eda dise\u00f1ado para realzar su estancia&#8221; font_container=&#8221;tag:h2|font_size:30|text_align:center|color:%23af4e34&#8243; [&hellip;]\" \/>\n<meta property=\"og:url\" content=\"https:\/\/www.hotelzoologie.com\/es\/conciergerie-es\/\" \/>\n<meta property=\"og:site_name\" content=\"H\u00f4tel La Zoologie Bordeaux\" \/>\n<meta property=\"article:modified_time\" content=\"2026-01-22T09:18:51+00:00\" \/>\n<meta name=\"twitter:card\" content=\"summary_large_image\" \/>\n<meta name=\"twitter:label1\" content=\"Tiempo de lectura\" \/>\n\t<meta name=\"twitter:data1\" content=\"4 minutos\" \/>\n<!-- \/ Yoast SEO plugin. -->","yoast_head_json":{"title":"El Servicio de Conserjer\u00eda - H\u00f4tel La Zoologie Bordeaux","robots":{"index":"index","follow":"follow","max-snippet":"max-snippet:-1","max-image-preview":"max-image-preview:large","max-video-preview":"max-video-preview:-1"},"canonical":"https:\/\/www.hotelzoologie.com\/es\/conciergerie-es\/","og_locale":"es_ES","og_type":"article","og_title":"El Servicio de Conserjer\u00eda - H\u00f4tel La Zoologie Bordeaux","og_description":"[vc_row full_width=&#8221;stretch_row_content&#8221; full_height=&#8221;yes&#8221; columns_placement=&#8221;stretch&#8221; content_placement=&#8221;middle&#8221; parallax=&#8221;content-moving&#8221; parallax_speed_bg=&#8221;2&#8243; css_animation=&#8221;fadeIn&#8221; css=&#8221;.vc_custom_1769012501767{background-image: url(https:\/\/www.hotelzoologie.com\/wp-content\/uploads\/2022\/08\/chambre-Aile-de-la-Geologie_terasse.jpg?id=4655) !important;}&#8221;] [vc_column] [vc_custom_heading text=&#8221;Servicio de Conserjer\u00eda&#8221; font_container=&#8221;tag:h1|font_size:55|text_align:center|color:%23ffffff|line_height:1.5&#8243; google_fonts=&#8221;font_family:Anton%3Aregular|font_style:400%20regular%3A400%3Anormal&#8221;] [vc_empty_space height=&#8221;25&#8243;] [vc_custom_heading text=&#8221;Prepare su estancia con total tranquilidad&#8221; font_container=&#8221;tag:h2|font_size:40|text_align:center|color:%23ffffff|line_height:1.5&#8243; google_fonts=&#8221;font_family:Anton%3Aregular|font_style:400%20regular%3A400%3Anormal&#8221;] [vc_empty_space height=&#8221;15&#8243;] [\/vc_column] [\/vc_row] [vc_row] [vc_column] [vc_empty_space] [vc_empty_space] [\/vc_column] [\/vc_row] [vc_row] [vc_column width=&#8221;1\/2&#8243;] [vc_empty_space height=&#8221;75&#8243;] [vc_custom_heading text=&#8221;Un servicio de conserjer\u00eda dise\u00f1ado para realzar su estancia&#8221; font_container=&#8221;tag:h2|font_size:30|text_align:center|color:%23af4e34&#8243; [&hellip;]","og_url":"https:\/\/www.hotelzoologie.com\/es\/conciergerie-es\/","og_site_name":"H\u00f4tel La Zoologie Bordeaux","article_modified_time":"2026-01-22T09:18:51+00:00","twitter_card":"summary_large_image","twitter_misc":{"Tiempo de lectura":"4 minutos"},"schema":{"@context":"https:\/\/schema.org","@graph":[{"@type":"WebPage","@id":"https:\/\/www.hotelzoologie.com\/es\/conciergerie-es\/","url":"https:\/\/www.hotelzoologie.com\/es\/conciergerie-es\/","name":"El Servicio de Conserjer\u00eda - H\u00f4tel La Zoologie Bordeaux","isPartOf":{"@id":"https:\/\/www.hotelzoologie.com\/es\/#website"},"datePublished":"2026-01-22T09:06:39+00:00","dateModified":"2026-01-22T09:18:51+00:00","breadcrumb":{"@id":"https:\/\/www.hotelzoologie.com\/es\/conciergerie-es\/#breadcrumb"},"inLanguage":"es","potentialAction":[{"@type":"ReadAction","target":["https:\/\/www.hotelzoologie.com\/es\/conciergerie-es\/"]}]},{"@type":"BreadcrumbList","@id":"https:\/\/www.hotelzoologie.com\/es\/conciergerie-es\/#breadcrumb","itemListElement":[{"@type":"ListItem","position":1,"name":"Home","item":"https:\/\/www.hotelzoologie.com\/es\/"},{"@type":"ListItem","position":2,"name":"El Servicio de Conserjer\u00eda"}]},{"@type":"WebSite","@id":"https:\/\/www.hotelzoologie.com\/es\/#website","url":"https:\/\/www.hotelzoologie.com\/es\/","name":"H\u00f4tel La Zoologie Bordeaux","description":"","publisher":{"@id":"https:\/\/www.hotelzoologie.com\/es\/#organization"},"potentialAction":[{"@type":"SearchAction","target":{"@type":"EntryPoint","urlTemplate":"https:\/\/www.hotelzoologie.com\/es\/?s={search_term_string}"},"query-input":{"@type":"PropertyValueSpecification","valueRequired":true,"valueName":"search_term_string"}}],"inLanguage":"es"},{"@type":"Organization","@id":"https:\/\/www.hotelzoologie.com\/es\/#organization","name":"H\u00f4tel La Zoologie Bordeaux","url":"https:\/\/www.hotelzoologie.com\/es\/","logo":{"@type":"ImageObject","inLanguage":"es","@id":"https:\/\/www.hotelzoologie.com\/es\/#\/schema\/logo\/image\/","url":"https:\/\/www.hotelzoologie.com\/wp-content\/uploads\/2020\/09\/Logo-Zoologie.jpg","contentUrl":"https:\/\/www.hotelzoologie.com\/wp-content\/uploads\/2020\/09\/Logo-Zoologie.jpg","width":500,"height":70,"caption":"H\u00f4tel La Zoologie Bordeaux"},"image":{"@id":"https:\/\/www.hotelzoologie.com\/es\/#\/schema\/logo\/image\/"}}]}},"_links":{"self":[{"href":"https:\/\/www.hotelzoologie.com\/es\/wp-json\/wp\/v2\/pages\/10738","targetHints":{"allow":["GET"]}}],"collection":[{"href":"https:\/\/www.hotelzoologie.com\/es\/wp-json\/wp\/v2\/pages"}],"about":[{"href":"https:\/\/www.hotelzoologie.com\/es\/wp-json\/wp\/v2\/types\/page"}],"author":[{"embeddable":true,"href":"https:\/\/www.hotelzoologie.com\/es\/wp-json\/wp\/v2\/users\/3"}],"replies":[{"embeddable":true,"href":"https:\/\/www.hotelzoologie.com\/es\/wp-json\/wp\/v2\/comments?post=10738"}],"version-history":[{"count":5,"href":"https:\/\/www.hotelzoologie.com\/es\/wp-json\/wp\/v2\/pages\/10738\/revisions"}],"predecessor-version":[{"id":10755,"href":"https:\/\/www.hotelzoologie.com\/es\/wp-json\/wp\/v2\/pages\/10738\/revisions\/10755"}],"wp:attachment":[{"href":"https:\/\/www.hotelzoologie.com\/es\/wp-json\/wp\/v2\/media?parent=10738"}],"curies":[{"name":"wp","href":"https:\/\/api.w.org\/{rel}","templated":true}]}}