{"id":11113,"date":"2026-04-08T12:54:44","date_gmt":"2026-04-08T12:54:44","guid":{"rendered":"https:\/\/www.hotelzoologie.com\/?page_id=11113"},"modified":"2026-04-08T13:25:44","modified_gmt":"2026-04-08T13:25:44","slug":"celebrar","status":"publish","type":"page","link":"https:\/\/www.hotelzoologie.com\/es\/celebrar\/","title":{"rendered":"Celebrar"},"content":{"rendered":"<p>[vc_row][vc_column][vc_column_text]<\/p>\n<div id=\"model-response-message-contentr_2823b31728315c2b\" class=\"markdown markdown-main-panel stronger enable-updated-hr-color\" dir=\"ltr\" aria-live=\"polite\" aria-busy=\"false\">\n<p data-path-to-node=\"1\">[\/vc_column_text][\/vc_column][\/vc_row][vc_row full_width=&#8221;stretch_row&#8221; full_height=&#8221;yes&#8221; parallax=&#8221;content-moving-fade&#8221; parallax_image=&#8221;11057&#8243; parallax_speed_bg=&#8221;1.8&#8243; css_animation=&#8221;fadeIn&#8221;][vc_column][vc_custom_heading text=&#8221;Eventos privados en Burdeos&#8221; font_container=&#8221;tag:h1|font_size:55|text_align:center|color:%23ffffff|line_height:1.5&#8243; google_fonts=&#8221;font_family:Anton%3Aregular|font_style:400%20regular%3A400%3Anormal&#8221;][vc_empty_space]\r\n        \r\n        <style>\r\n\t\t\t\t#btn-container-mGklJ {\r\n\t\t\t\t\tfont-size: 15px;\r\n\t\t\t\t\tfont-weight: bold;\r\n\t\t\t\t}\r\n        #btn-mGklJ {\r\n        \tbackground: #af4e34;\r\n\t\t\t\t\tborder-style: solid;\r\n        \tborder-color: #af4e34;\r\n\t\t\t\t\tborder-width: 2px;\r\n        \tcolor: #ffffff;\r\n\t\t\t\t\tpadding: 10px 20px;\r\n\t\t\t\t\tborder-radius: 8px;\r\n\t\t\t\t\tfont-size: 15px;\r\n\t\t\t\t\tline-height: 15px;\r\n\t\t\t\t\t\t\t\t\t\t\t\t\t\t\tfont-weight: bold;\r\n        }\r\n\r\n\t\t\t\t#btn-mGklJ:hover {\r\n\t\t\t\t\tbackground: #af4e34;\r\n\t\t\t\t\tborder-color: #af4e34;\r\n\t\t\t\t\tcolor: #ffffff;\r\n\t\t\t\t\t\t\t\t\t\t\t\t\t\t\t\r\n\t\t\t\t}\r\n\r\n\t\t    #btn-mGklJ i {\r\n\t\t\t\t\tright: 14px;\r\n\t\t\t\t\tmargin-top: 0;\r\n\t\t\t\t\tvertical-align: middle;\r\n\t\t\t\t\tborder-radius: 50%;\r\n\t\t\t\t\tline-height: 20px;\r\n\t\t\t\t\theight: 20px;\r\n\t\t\t\t\twidth: 20px;\r\n\t\t\t\t\tbackground: #1dc1f8;\r\n\t\t\t\t\tmargin-left: 8px;\r\n\t\t\t\t\tmargin-right: 0;\r\n\t\t\t\t\tcolor: #ffffff;\r\n\t\t\t\t\tfont-size: 8px;\r\n\t\t\t\t\ttext-align: center;\r\n\t\t\t\t}\r\n\r\n\t\t\t\t #btn-mGklJ:hover i {\r\n\t\t\t\t \tbackground: #ffffff;\r\n\t\t\t\t\tcolor: #1dc1f8;\r\n\t\t\t\t }\r\n\r\n        <\/style>\r\n\r\n\t\t<!-- BUTTON -->\r\n        <div id=\"btn-container-mGklJ\" class=\"text-center\">\r\n\t\t\t\r\n\t\t\t\t\t<a href=\"mailto:commercial@hotelzoologie.com\" id=\"btn-mGklJ\" class=\"btn \" target=\"_blank\">\r\n\t\t\t\t\t\t\u00a1Cont\u00e1ctenos!\t\t\t\t\t\t\t\t\t\t\t<\/a>\r\n\t\t\t\t\t        <\/div>\r\n\r\n        [\/vc_column][\/vc_row][vc_row css_animation=&#8221;fadeIn&#8221;][vc_column][vc_empty_space height=&#8221;60&#8243;][vc_custom_heading text=&#8221;Un lugar \u00fanico para reunirse en Burdeos&#8221; font_container=&#8221;tag:h2|font_size:34|text_align:center|color:%23af4e34&#8243; google_fonts=&#8221;font_family:Tenor%20Sans%3Aregular|font_style:400%20regular%3A400%3Anormal&#8221; css_animation=&#8221;none&#8221; css=&#8221;.vc_custom_1775646602099{margin-bottom: 30px !important;}&#8221;][vc_separator color=&#8221;chino&#8221; border_width=&#8221;2&#8243; el_width=&#8221;30&#8243;][vc_column_text]<\/p>\n<p style=\"text-align: center;\" data-path-to-node=\"1\">Celebrar un evento privado en Burdeos se convierte en una experiencia \u00fanica en el Hotel La Zoologie. Idealmente situado entre la estaci\u00f3n de Saint-Jean y el centro hist\u00f3rico, nuestro establecimiento combina patrimonio, dise\u00f1o contempor\u00e1neo y el arte de recibir. M\u00e1s que un simple lugar, ofrecemos a sus invitados un entorno refinado y acogedor, donde cada detalle est\u00e1 pensado para crear momentos memorables y una atm\u00f3sfera inolvidable.<\/p>\n<p>[\/vc_column_text][vc_custom_heading text=&#8221;Un entorno que inspira y une&#8221; font_container=&#8221;tag:h3|font_size:25|text_align:center|color:%235d2c11&#8243; google_fonts=&#8221;font_family:Tenor%20Sans%3Aregular|font_style:400%20regular%3A400%3Anormal&#8221; css_animation=&#8221;none&#8221; css=&#8221;.vc_custom_1758118632325{margin-bottom: 20px !important;}&#8221;][vc_column_text]<\/p>\n<p style=\"text-align: center;\" data-path-to-node=\"1\">Aut\u00e9ntica casa de car\u00e1cter, el Hotel La Zoologie pone a su disposici\u00f3n espacios privatizables en Burdeos ba\u00f1ados por la luz natural y abiertos al jard\u00edn o a La Sente, ofreciendo una atm\u00f3sfera relajante en el coraz\u00f3n de la ciudad.<\/p>\n<p>[\/vc_column_text]\r\n        \r\n        <style>\r\n\t\t\t\t#btn-container-AZSiB {\r\n\t\t\t\t\tfont-size: 15px;\r\n\t\t\t\t\tfont-weight: bold;\r\n\t\t\t\t}\r\n        #btn-AZSiB {\r\n        \tbackground: &#8221;#af4e34&#8243;;\r\n\t\t\t\t\tborder-style: solid;\r\n        \tborder-color: &#8221;#af4e34&#8243;;\r\n\t\t\t\t\tborder-width: 2px;\r\n        \tcolor: &#8221;#ffffff&#8221;;\r\n\t\t\t\t\tpadding: 10px 20px;\r\n\t\t\t\t\tborder-radius: &#8221;8&#8243;px;\r\n\t\t\t\t\tfont-size: 15px;\r\n\t\t\t\t\tline-height: 15px;\r\n\t\t\t\t\t\t\t\t\t\twidth: 100%;\r\n\t\t\t\t\t\t\t\t\t\t\t\t\t\t\tbox-shadow: 0 15px 30px rgba(0, 0, 0, 0.10);\r\n\t\t\t\t\t\t\t\t\t\tfont-weight: bold;\r\n        }\r\n\r\n\t\t\t\t#btn-AZSiB:hover {\r\n\t\t\t\t\tbackground: &#8221;#af4e34&#8243;;\r\n\t\t\t\t\tborder-color: &#8221;#af4e34&#8243;;\r\n\t\t\t\t\tcolor: #ffffff;\r\n\t\t\t\t\t\t\t\t\t\tbox-shadow: 0 15px 30px rgba(0, 0, 0, 0.10);\r\n\t\t\t\t\t\t\t\t\t\t\t\t\t\t\t\t\t\t\t\t-ms-transform: translateY(-2px);\r\n\t\t\t\t\ttransform: translateY(-2px);\r\n\t\t\t\t\t-webkit-transform: translateY(-2px);\r\n\t\t\t\t\t\r\n\t\t\t\t}\r\n\r\n\t\t    #btn-AZSiB i {\r\n\t\t\t\t\tright: 14px;\r\n\t\t\t\t\tmargin-top: 0;\r\n\t\t\t\t\tvertical-align: middle;\r\n\t\t\t\t\tborder-radius: 50%;\r\n\t\t\t\t\tline-height: 20px;\r\n\t\t\t\t\theight: 20px;\r\n\t\t\t\t\twidth: 20px;\r\n\t\t\t\t\tbackground: #1dc1f8;\r\n\t\t\t\t\tmargin-left: 8px;\r\n\t\t\t\t\tmargin-right: 0;\r\n\t\t\t\t\tcolor: #ffffff;\r\n\t\t\t\t\tfont-size: 8px;\r\n\t\t\t\t\ttext-align: center;\r\n\t\t\t\t}\r\n\r\n\t\t\t\t #btn-AZSiB:hover i {\r\n\t\t\t\t \tbackground: #ffffff;\r\n\t\t\t\t\tcolor: #1dc1f8;\r\n\t\t\t\t }\r\n\r\n        <\/style>\r\n\r\n\t\t<!-- BUTTON -->\r\n        <div id=\"btn-container-AZSiB\" class=\"text-&#8221;center&#8221;\">\r\n\t\t\t\r\n\t\t\t\t\t<a href=\"#\" id=\"btn-AZSiB\" class=\"btn \" target=\"&#8221;_blank&#8221;\">\r\n\t\t\t\t\t\t&#8221;Consultar\t\t\t\t\t\t\t\t\t\t\t<\/a>\r\n\t\t\t\t\t        <\/div>\r\n\r\n        [vc_empty_space height=&#8221;80&#8243;][\/vc_column][\/vc_row][vc_row full_width=&#8221;stretch_row&#8221; css_animation=&#8221;fadeIn&#8221; css=&#8221;.vc_custom_1758372675423{background-color: #ddd2c7 !important;}&#8221;][vc_column width=&#8221;1\/3&#8243; offset=&#8221;vc_col-lg-offset-0&#8243;][vc_empty_space height=&#8221;25&#8243;][vc_custom_heading text=&#8221;Rooftop &#8211; hasta 40 personas&#8221; font_container=&#8221;tag:p|font_size:20|text_align:center|color:%235d2c11&#8243; google_fonts=&#8221;font_family:Josefin%20Sans%3A100%2C100italic%2C300%2C300italic%2Cregular%2Citalic%2C600%2C600italic%2C700%2C700italic|font_style:600%20bold%20regular%3A600%3Anormal&#8221; css=&#8221;.vc_custom_1775646774043{margin-bottom: 20px !important;}&#8221;][vc_separator color=&#8221;custom&#8221; el_width=&#8221;50&#8243; accent_color=&#8221;#5d2c11&#8243;][vc_column_text css=&#8221;.vc_custom_1775654685967{margin-top: 2px !important;}&#8221;]<\/p>\n<p style=\"text-align: center;\" data-path-to-node=\"1\">Ofrezca a sus invitados un momento excepcional en nuestro rooftop privado. Luminoso y abierto a una terraza con vistas a nuestro jard\u00edn ex\u00f3tico, este espacio \u00fanico es perfecto para celebraciones, c\u00f3cteles o cenas \u00edntimas, en un ambiente elegante y ex\u00f3tico.<\/p>\n<p>[\/vc_column_text][vc_empty_space height=&#8221;21&#8243;][vc_media_grid element_width=&#8221;12&#8243; grid_id=&#8221;vc_gid:1775654566119-d3e949a5db2508425336c507205c670c-10&#8243; include=&#8221;9312&#8243; css=&#8221;.vc_custom_1775646868191{margin-top: 10px !important;}&#8221;][\/vc_column][vc_column width=&#8221;1\/3&#8243;][vc_empty_space height=&#8221;25&#8243;][vc_custom_heading text=&#8221;Restaurante &#8211; hasta 50 personas&#8221; font_container=&#8221;tag:p|font_size:20|text_align:center|color:%235d2c11&#8243; google_fonts=&#8221;font_family:Josefin%20Sans%3A100%2C100italic%2C300%2C300italic%2Cregular%2Citalic%2C600%2C600italic%2C700%2C700italic|font_style:600%20bold%20regular%3A600%3Anormal&#8221; css=&#8221;.vc_custom_1775646787439{margin-bottom: 20px !important;}&#8221;][vc_separator color=&#8221;custom&#8221; el_width=&#8221;50&#8243; accent_color=&#8221;#5d2c11&#8243;][vc_column_text]<\/p>\n<p style=\"text-align: center;\" data-path-to-node=\"1\">Haga de su evento un momento \u00fanico privatizando nuestro restaurante bistron\u00f3mico. \u00cdntimo y acogedor, ofrece un marco elegante donde cada detalle est\u00e1 pensado para realzar sus celebraciones, cenas o recepciones, ofreciendo a sus invitados una experiencia culinaria refinada y agradable.<\/p>\n<p>[\/vc_column_text][vc_media_grid element_width=&#8221;12&#8243; grid_id=&#8221;vc_gid:1775654566178-a059f22eb22be654afe3b23a6d60b702-2&#8243; include=&#8221;10007&#8243;][\/vc_column][vc_column width=&#8221;1\/3&#8243;][vc_empty_space height=&#8221;25&#8243;][vc_custom_heading text=&#8221;Bar &#8211; hasta 45 personas&#8221; font_container=&#8221;tag:p|font_size:20|text_align:center|color:%235d2c11&#8243; google_fonts=&#8221;font_family:Josefin%20Sans%3A100%2C100italic%2C300%2C300italic%2Cregular%2Citalic%2C600%2C600italic%2C700%2C700italic|font_style:600%20bold%20regular%3A600%3Anormal&#8221; css=&#8221;.vc_custom_1775648614674{margin-bottom: 20px !important;}&#8221;][vc_separator color=&#8221;custom&#8221; el_width=&#8221;50&#8243; accent_color=&#8221;#5d2c11&#8243;][vc_column_text]<\/p>\n<p style=\"text-align: center;\" data-path-to-node=\"1\">Descubra nuestro bar privado, un espacio elegante y acogedor, perfecto para sus eventos privados. Ya sea para un c\u00f3ctel entre amigos, una fiesta o un momento \u00edntimo, el bar ofrece un ambiente c\u00e1lido y refinado, donde cada detalle est\u00e1 pensado para crear instantes memorables.<\/p>\n<p>[\/vc_column_text][vc_empty_space height=&#8221;21&#8243;][vc_media_grid element_width=&#8221;12&#8243; grid_id=&#8221;vc_gid:1775654566239-284f31713f6a3e84405b92a7cae3a373-5&#8243; include=&#8221;5929&#8243; css=&#8221;.vc_custom_1775648689619{margin-top: 10px !important;}&#8221;][\/vc_column][\/vc_row][vc_row css_animation=&#8221;fadeIn&#8221;][vc_column width=&#8221;2\/3&#8243;][vc_empty_space height=&#8221;30&#8243;][vc_custom_heading text=&#8221;Servicios a medida para sus eventos en Burdeos&#8221; font_container=&#8221;tag:h3|font_size:25|text_align:center|color:%235d2c11&#8243; google_fonts=&#8221;font_family:Tenor%20Sans%3Aregular|font_style:400%20regular%3A400%3Anormal&#8221; css_animation=&#8221;none&#8221; css=&#8221;.vc_custom_1758118407181{margin-bottom: 20px !important;}&#8221;][vc_empty_space height=&#8221;30&#8243;][vc_column_text]<\/p>\n<p style=\"text-align: center;\" data-path-to-node=\"1\">Porque un evento privado exitoso se vive en la convivencia y el compartir, le proponemos una experiencia culinaria pensada para sus deseos:<\/p>\n<p style=\"text-align: center;\" data-path-to-node=\"2\">Velada en el rooftop: c\u00f3cteles refinados y aperitivos gourmet en un ambiente c\u00e1lido, para un momento \u00fanico y festivo en lo m\u00e1s alto de La Zoologie.<\/p>\n<p style=\"text-align: center;\" data-path-to-node=\"2\">Brunchs privados: buffet generoso y delicioso, ideal para celebraciones diurnas, para compartir entre amigos o en familia en un entorno acogedor.<\/p>\n<p style=\"text-align: center;\" data-path-to-node=\"2\">Cenas y comidas a medida: en nuestro restaurante bistron\u00f3mico, disfrute de una cocina refinada adaptada a su evento.<\/p>\n<p style=\"text-align: center;\" data-path-to-node=\"2\">C\u00f3cteles de almuerzo o cena: refinados y sociales, prolongan el intercambio en un ambiente elegante y relajado.<\/p>\n<p style=\"text-align: center;\" data-path-to-node=\"2\">Para que sus eventos sean a\u00fan m\u00e1s memorables, tambi\u00e9n ofrecemos experiencias exclusivas:<\/p>\n<p style=\"text-align: center;\" data-path-to-node=\"3\">Masterclasses de c\u00f3cteles, dirigidas por nuestros expertos, para despertar sus papilas y sorprender a sus invitados.<\/p>\n<p style=\"text-align: center;\" data-path-to-node=\"3\">Talleres enol\u00f3gicos, para descubrir los tesoros vitivin\u00edcolas de Burdeos en un entorno \u00fanico.<\/p>\n<p>[\/vc_column_text][\/vc_column][vc_column width=&#8221;1\/3&#8243;][vc_empty_space height=&#8221;50&#8243;][vc_single_image image=&#8221;9221&#8243; img_size=&#8221;medium&#8221; alignment=&#8221;center&#8221;][\/vc_column][\/vc_row][vc_row css_animation=&#8221;fadeIn&#8221;][vc_column width=&#8221;1\/3&#8243;][vc_empty_space height=&#8221;30&#8243;][vc_single_image image=&#8221;10786&#8243; img_size=&#8221;medium&#8221; alignment=&#8221;center&#8221;][\/vc_column][vc_column width=&#8221;2\/3&#8243;][vc_empty_space height=&#8221;30&#8243;][vc_custom_heading text=&#8221;Para prolongar el momento&#8230;&#8221; font_container=&#8221;tag:h3|font_size:25|text_align:center|color:%235d2c11&#8243; google_fonts=&#8221;font_family:Tenor%20Sans%3Aregular|font_style:400%20regular%3A400%3Anormal&#8221; css_animation=&#8221;none&#8221; css=&#8221;.vc_custom_1775647309834{margin-bottom: 20px !important;}&#8221;][vc_empty_space height=&#8221;30&#8243;][vc_column_text]<\/p>\n<p style=\"text-align: center;\" data-path-to-node=\"3\">Tras sus eventos privados o celebraciones, prolongue la experiencia aloj\u00e1ndose en nuestras habitaciones elegantes y refinadas. Cada espacio ha sido dise\u00f1ado para combinar confort, dise\u00f1o contempor\u00e1neo y una atm\u00f3sfera c\u00e1lida, ofreciendo un verdadero refugio donde relajarse y reponer fuerzas. Ya sea para un momento de calma despu\u00e9s de una recepci\u00f3n animada o para disfrutar de una escapada en total intimidad, nuestras habitaciones permiten a sus invitados prolongar el instante y vivir plenamente la experiencia \u00fanica de La Zoologie.<\/p>\n<p style=\"text-align: center;\" data-path-to-node=\"3\">Para enriquecer su estancia, nuestra conserjer\u00eda est\u00e1 a su disposici\u00f3n para crear experiencias a medida y hacerle descubrir Burdeos y sus alrededores. Entre visitas guiadas por el centro hist\u00f3rico, excursiones a los vi\u00f1edos cercanos o sugerencias de paseos ins\u00f3litos, le acompa\u00f1amos para transformar cada salida en un momento memorable. As\u00ed, sus invitados disfrutan no solo de un alojamiento confortable y refinado, sino tambi\u00e9n de descubrimientos aut\u00e9nticos y personalizados, que prolongan la magia de su evento en el coraz\u00f3n de la regi\u00f3n de Burdeos.<\/p>\n<p>[\/vc_column_text]\r\n        \r\n        <style>\r\n\t\t\t\t#btn-container-WtXCs {\r\n\t\t\t\t\tfont-size: 15px;\r\n\t\t\t\t\tfont-weight: bold;\r\n\t\t\t\t}\r\n        #btn-WtXCs {\r\n        \tbackground: #af4e34;\r\n\t\t\t\t\tborder-style: solid;\r\n        \tborder-color: #af4e34;\r\n\t\t\t\t\tborder-width: 2px;\r\n        \tcolor: #ffffff;\r\n\t\t\t\t\tpadding: 10px 20px;\r\n\t\t\t\t\tborder-radius: 8px;\r\n\t\t\t\t\tfont-size: 15px;\r\n\t\t\t\t\tline-height: 15px;\r\n\t\t\t\t\t\t\t\t\t\t\t\t\t\t\tfont-weight: bold;\r\n        }\r\n\r\n\t\t\t\t#btn-WtXCs:hover {\r\n\t\t\t\t\tbackground: #af4e34;\r\n\t\t\t\t\tborder-color: #af4e34;\r\n\t\t\t\t\tcolor: #ffffff;\r\n\t\t\t\t\t\t\t\t\t\t\t\t\t\t\t\r\n\t\t\t\t}\r\n\r\n\t\t    #btn-WtXCs i {\r\n\t\t\t\t\tright: 14px;\r\n\t\t\t\t\tmargin-top: 0;\r\n\t\t\t\t\tvertical-align: middle;\r\n\t\t\t\t\tborder-radius: 50%;\r\n\t\t\t\t\tline-height: 20px;\r\n\t\t\t\t\theight: 20px;\r\n\t\t\t\t\twidth: 20px;\r\n\t\t\t\t\tbackground: #1dc1f8;\r\n\t\t\t\t\tmargin-left: 8px;\r\n\t\t\t\t\tmargin-right: 0;\r\n\t\t\t\t\tcolor: #ffffff;\r\n\t\t\t\t\tfont-size: 8px;\r\n\t\t\t\t\ttext-align: center;\r\n\t\t\t\t}\r\n\r\n\t\t\t\t #btn-WtXCs:hover i {\r\n\t\t\t\t \tbackground: #ffffff;\r\n\t\t\t\t\tcolor: #1dc1f8;\r\n\t\t\t\t }\r\n\r\n        <\/style>\r\n\r\n\t\t<!-- BUTTON -->\r\n        <div id=\"btn-container-WtXCs\" class=\"text-center\">\r\n\t\t\t\r\n\t\t\t\t\t<a href=\"mailto:commercial@hotelzoologie.com\" id=\"btn-WtXCs\" class=\"btn \" target=\"_blank\">\r\n\t\t\t\t\t\t\u00a1Cont\u00e1ctenos!\t\t\t\t\t\t\t\t\t\t\t<\/a>\r\n\t\t\t\t\t        <\/div>\r\n\r\n        [\/vc_column][\/vc_row][vc_row][vc_column][vc_empty_space][\/vc_column][\/vc_row][vc_row][vc_column][vc_column_text]<\/p><\/div>\n<p>[\/vc_column_text][\/vc_column][\/vc_row]<\/p>\n","protected":false},"excerpt":{"rendered":"<p>[vc_row][vc_column][vc_column_text] [\/vc_column_text][\/vc_column][\/vc_row][vc_row full_width=&#8221;stretch_row&#8221; full_height=&#8221;yes&#8221; parallax=&#8221;content-moving-fade&#8221; parallax_image=&#8221;11057&#8243; parallax_speed_bg=&#8221;1.8&#8243; css_animation=&#8221;fadeIn&#8221;][vc_column][vc_custom_heading text=&#8221;Eventos privados en Burdeos&#8221; font_container=&#8221;tag:h1|font_size:55|text_align:center|color:%23ffffff|line_height:1.5&#8243; google_fonts=&#8221;font_family:Anton%3Aregular|font_style:400%20regular%3A400%3Anormal&#8221;][vc_empty_space][\/vc_column][\/vc_row][vc_row css_animation=&#8221;fadeIn&#8221;][vc_column][vc_empty_space height=&#8221;60&#8243;][vc_custom_heading text=&#8221;Un lugar \u00fanico para reunirse en Burdeos&#8221; font_container=&#8221;tag:h2|font_size:34|text_align:center|color:%23af4e34&#8243; google_fonts=&#8221;font_family:Tenor%20Sans%3Aregular|font_style:400%20regular%3A400%3Anormal&#8221; css_animation=&#8221;none&#8221; css=&#8221;.vc_custom_1775646602099{margin-bottom: 30px !important;}&#8221;][vc_separator color=&#8221;chino&#8221; border_width=&#8221;2&#8243; el_width=&#8221;30&#8243;][vc_column_text] Celebrar un evento privado en Burdeos se convierte en una experiencia \u00fanica en el Hotel La Zoologie. Idealmente situado entre la estaci\u00f3n de [&hellip;]<\/p>\n","protected":false},"author":3,"featured_media":0,"parent":0,"menu_order":0,"comment_status":"closed","ping_status":"closed","template":"","meta":{"footnotes":""},"class_list":["post-11113","page","type-page","status-publish","hentry"],"yoast_head":"<!-- This site is optimized with the Yoast SEO plugin v27.3 - https:\/\/yoast.com\/product\/yoast-seo-wordpress\/ -->\n<title>Celebrar - H\u00f4tel La Zoologie Bordeaux<\/title>\n<meta name=\"robots\" content=\"index, follow, max-snippet:-1, max-image-preview:large, max-video-preview:-1\" \/>\n<link rel=\"canonical\" href=\"https:\/\/www.hotelzoologie.com\/es\/celebrar\/\" \/>\n<meta property=\"og:locale\" content=\"es_ES\" \/>\n<meta property=\"og:type\" content=\"article\" \/>\n<meta property=\"og:title\" content=\"Celebrar - H\u00f4tel La Zoologie Bordeaux\" \/>\n<meta property=\"og:description\" content=\"[vc_row][vc_column][vc_column_text] [\/vc_column_text][\/vc_column][\/vc_row][vc_row full_width=&#8221;stretch_row&#8221; full_height=&#8221;yes&#8221; parallax=&#8221;content-moving-fade&#8221; parallax_image=&#8221;11057&#8243; parallax_speed_bg=&#8221;1.8&#8243; css_animation=&#8221;fadeIn&#8221;][vc_column][vc_custom_heading text=&#8221;Eventos privados en Burdeos&#8221; font_container=&#8221;tag:h1|font_size:55|text_align:center|color:%23ffffff|line_height:1.5&#8243; google_fonts=&#8221;font_family:Anton%3Aregular|font_style:400%20regular%3A400%3Anormal&#8221;][vc_empty_space][\/vc_column][\/vc_row][vc_row css_animation=&#8221;fadeIn&#8221;][vc_column][vc_empty_space height=&#8221;60&#8243;][vc_custom_heading text=&#8221;Un lugar \u00fanico para reunirse en Burdeos&#8221; font_container=&#8221;tag:h2|font_size:34|text_align:center|color:%23af4e34&#8243; google_fonts=&#8221;font_family:Tenor%20Sans%3Aregular|font_style:400%20regular%3A400%3Anormal&#8221; css_animation=&#8221;none&#8221; css=&#8221;.vc_custom_1775646602099{margin-bottom: 30px !important;}&#8221;][vc_separator color=&#8221;chino&#8221; border_width=&#8221;2&#8243; el_width=&#8221;30&#8243;][vc_column_text] Celebrar un evento privado en Burdeos se convierte en una experiencia \u00fanica en el Hotel La Zoologie. Idealmente situado entre la estaci\u00f3n de [&hellip;]\" \/>\n<meta property=\"og:url\" content=\"https:\/\/www.hotelzoologie.com\/es\/celebrar\/\" \/>\n<meta property=\"og:site_name\" content=\"H\u00f4tel La Zoologie Bordeaux\" \/>\n<meta property=\"article:modified_time\" content=\"2026-04-08T13:25:44+00:00\" \/>\n<meta name=\"twitter:card\" content=\"summary_large_image\" \/>\n<meta name=\"twitter:label1\" content=\"Tiempo de lectura\" \/>\n\t<meta name=\"twitter:data1\" content=\"4 minutos\" \/>\n<!-- \/ Yoast SEO plugin. -->","yoast_head_json":{"title":"Celebrar - H\u00f4tel La Zoologie Bordeaux","robots":{"index":"index","follow":"follow","max-snippet":"max-snippet:-1","max-image-preview":"max-image-preview:large","max-video-preview":"max-video-preview:-1"},"canonical":"https:\/\/www.hotelzoologie.com\/es\/celebrar\/","og_locale":"es_ES","og_type":"article","og_title":"Celebrar - H\u00f4tel La Zoologie Bordeaux","og_description":"[vc_row][vc_column][vc_column_text] [\/vc_column_text][\/vc_column][\/vc_row][vc_row full_width=&#8221;stretch_row&#8221; full_height=&#8221;yes&#8221; parallax=&#8221;content-moving-fade&#8221; parallax_image=&#8221;11057&#8243; parallax_speed_bg=&#8221;1.8&#8243; css_animation=&#8221;fadeIn&#8221;][vc_column][vc_custom_heading text=&#8221;Eventos privados en Burdeos&#8221; font_container=&#8221;tag:h1|font_size:55|text_align:center|color:%23ffffff|line_height:1.5&#8243; google_fonts=&#8221;font_family:Anton%3Aregular|font_style:400%20regular%3A400%3Anormal&#8221;][vc_empty_space][\/vc_column][\/vc_row][vc_row css_animation=&#8221;fadeIn&#8221;][vc_column][vc_empty_space height=&#8221;60&#8243;][vc_custom_heading text=&#8221;Un lugar \u00fanico para reunirse en Burdeos&#8221; font_container=&#8221;tag:h2|font_size:34|text_align:center|color:%23af4e34&#8243; google_fonts=&#8221;font_family:Tenor%20Sans%3Aregular|font_style:400%20regular%3A400%3Anormal&#8221; css_animation=&#8221;none&#8221; css=&#8221;.vc_custom_1775646602099{margin-bottom: 30px !important;}&#8221;][vc_separator color=&#8221;chino&#8221; border_width=&#8221;2&#8243; el_width=&#8221;30&#8243;][vc_column_text] Celebrar un evento privado en Burdeos se convierte en una experiencia \u00fanica en el Hotel La Zoologie. Idealmente situado entre la estaci\u00f3n de [&hellip;]","og_url":"https:\/\/www.hotelzoologie.com\/es\/celebrar\/","og_site_name":"H\u00f4tel La Zoologie Bordeaux","article_modified_time":"2026-04-08T13:25:44+00:00","twitter_card":"summary_large_image","twitter_misc":{"Tiempo de lectura":"4 minutos"},"schema":{"@context":"https:\/\/schema.org","@graph":[{"@type":"WebPage","@id":"https:\/\/www.hotelzoologie.com\/es\/celebrar\/","url":"https:\/\/www.hotelzoologie.com\/es\/celebrar\/","name":"Celebrar - H\u00f4tel La Zoologie Bordeaux","isPartOf":{"@id":"https:\/\/www.hotelzoologie.com\/es\/#website"},"datePublished":"2026-04-08T12:54:44+00:00","dateModified":"2026-04-08T13:25:44+00:00","breadcrumb":{"@id":"https:\/\/www.hotelzoologie.com\/es\/celebrar\/#breadcrumb"},"inLanguage":"es","potentialAction":[{"@type":"ReadAction","target":["https:\/\/www.hotelzoologie.com\/es\/celebrar\/"]}]},{"@type":"BreadcrumbList","@id":"https:\/\/www.hotelzoologie.com\/es\/celebrar\/#breadcrumb","itemListElement":[{"@type":"ListItem","position":1,"name":"Home","item":"https:\/\/www.hotelzoologie.com\/es\/"},{"@type":"ListItem","position":2,"name":"Celebrar"}]},{"@type":"WebSite","@id":"https:\/\/www.hotelzoologie.com\/es\/#website","url":"https:\/\/www.hotelzoologie.com\/es\/","name":"H\u00f4tel La Zoologie Bordeaux","description":"","publisher":{"@id":"https:\/\/www.hotelzoologie.com\/es\/#organization"},"potentialAction":[{"@type":"SearchAction","target":{"@type":"EntryPoint","urlTemplate":"https:\/\/www.hotelzoologie.com\/es\/?s={search_term_string}"},"query-input":{"@type":"PropertyValueSpecification","valueRequired":true,"valueName":"search_term_string"}}],"inLanguage":"es"},{"@type":"Organization","@id":"https:\/\/www.hotelzoologie.com\/es\/#organization","name":"H\u00f4tel La Zoologie Bordeaux","url":"https:\/\/www.hotelzoologie.com\/es\/","logo":{"@type":"ImageObject","inLanguage":"es","@id":"https:\/\/www.hotelzoologie.com\/es\/#\/schema\/logo\/image\/","url":"https:\/\/www.hotelzoologie.com\/wp-content\/uploads\/2020\/09\/Logo-Zoologie.jpg","contentUrl":"https:\/\/www.hotelzoologie.com\/wp-content\/uploads\/2020\/09\/Logo-Zoologie.jpg","width":500,"height":70,"caption":"H\u00f4tel La Zoologie Bordeaux"},"image":{"@id":"https:\/\/www.hotelzoologie.com\/es\/#\/schema\/logo\/image\/"}}]}},"_links":{"self":[{"href":"https:\/\/www.hotelzoologie.com\/es\/wp-json\/wp\/v2\/pages\/11113","targetHints":{"allow":["GET"]}}],"collection":[{"href":"https:\/\/www.hotelzoologie.com\/es\/wp-json\/wp\/v2\/pages"}],"about":[{"href":"https:\/\/www.hotelzoologie.com\/es\/wp-json\/wp\/v2\/types\/page"}],"author":[{"embeddable":true,"href":"https:\/\/www.hotelzoologie.com\/es\/wp-json\/wp\/v2\/users\/3"}],"replies":[{"embeddable":true,"href":"https:\/\/www.hotelzoologie.com\/es\/wp-json\/wp\/v2\/comments?post=11113"}],"version-history":[{"count":8,"href":"https:\/\/www.hotelzoologie.com\/es\/wp-json\/wp\/v2\/pages\/11113\/revisions"}],"predecessor-version":[{"id":11158,"href":"https:\/\/www.hotelzoologie.com\/es\/wp-json\/wp\/v2\/pages\/11113\/revisions\/11158"}],"wp:attachment":[{"href":"https:\/\/www.hotelzoologie.com\/es\/wp-json\/wp\/v2\/media?parent=11113"}],"curies":[{"name":"wp","href":"https:\/\/api.w.org\/{rel}","templated":true}]}}