{"id":11118,"date":"2026-04-08T12:56:37","date_gmt":"2026-04-08T12:56:37","guid":{"rendered":"https:\/\/www.hotelzoologie.com\/?page_id=11118"},"modified":"2026-04-08T13:22:18","modified_gmt":"2026-04-08T13:22:18","slug":"eventos","status":"publish","type":"page","link":"https:\/\/www.hotelzoologie.com\/es\/eventos\/","title":{"rendered":"Eventos"},"content":{"rendered":"<p>[vc_row][vc_column][vc_column_text]<\/p>\n<div id=\"model-response-message-contentr_17f1a24c4e0febf6\" class=\"markdown markdown-main-panel stronger enable-updated-hr-color\" dir=\"ltr\" aria-live=\"off\" aria-busy=\"false\">\n<p data-path-to-node=\"1\">[\/vc_column_text][\/vc_column][\/vc_row][vc_row css_animation=&#8221;fadeIn&#8221; css=&#8221;.vc_custom_1753972822168{background-color: #aa3d31 !important;}&#8221;][vc_column][vc_empty_space height=&#8221;40&#8243;][vc_custom_heading text=&#8221;Trabajar y Celebrar en La Zoologie&#8221; font_container=&#8221;tag:h1|font_size:34|text_align:center|color:%23ffffff&#8221; google_fonts=&#8221;font_family:Tenor%20Sans%3Aregular|font_style:400%20regular%3A400%3Anormal&#8221;][vc_empty_space height=&#8221;20&#8243;][vc_separator color=&#8221;chino&#8221; el_width=&#8221;30&#8243;][\/vc_column][\/vc_row][vc_row css_animation=&#8221;fadeIn&#8221;][vc_column 0=&#8221;css=&#8220;.vc_custom_1775642968967{background-image:&#8221; 1=&#8221;&#8221; 2=&#8221;data-ved=&#8220;0CAAQ_4QMahgKEwiIs8PVn96TAxUAAAAAHQAAAAAQggI&#8220;>https:\/\/www.hotelzoologie.com\/wp-content\/uploads\/2025\/09\/Diner-Vignerons-2.webp?id=10017<\/a>)&#8221; 3=&#8221;!important;background-position:&#8221; 4=&#8221;center&#8221; 5=&#8221;!important;background-repeat:&#8221; 6=&#8221;no-repeat&#8221; 7=&#8221;!important;background-size:&#8221; 8=&#8221;cover&#8221; 9=&#8221;!important;}&#8220;&#8221; width=&#8221;1\/2&#8243; class=&#8221;ng-star-inserted&#8221; href=&#8221;https:\/\/www.hotelzoologie.com\/wp-content\/uploads\/2025\/09\/Diner-Vignerons-2.webp?id=10017&#8243; target=&#8221;_blank&#8221; rel=&#8221;noopener&#8221; data-hveid=&#8221;0&#8243; css=&#8221;.vc_custom_1775654499391{background-image: url(https:\/\/www.hotelzoologie.com\/wp-content\/uploads\/2026\/04\/Rooftop-Zoologie.webp?id=11060) !important;background-position: center !important;background-repeat: no-repeat !important;background-size: cover !important;}&#8221;][vc_empty_space height=&#8221;100&#8243;][vc_custom_heading text=&#8221;CELEBRAR&#8221; font_container=&#8221;tag:p|font_size:30|text_align:center|color:%23ffffff&#8221; link=&#8221;url:%20https%3A%2F%2Fwww.hotelzoologie.com%2Fes%2Feventos-privados%2F|||&#8221;][vc_empty_space height=&#8221;10&#8243;][vc_separator el_width=&#8221;30&#8243;][vc_empty_space height=&#8221;100&#8243;][\/vc_column][vc_column 0=&#8221;css=&#8220;.vc_custom_1775642988510{background-image:&#8221; 1=&#8221;&#8221; 2=&#8221;data-ved=&#8220;0CAAQ_4QMahgKEwiIs8PVn96TAxUAAAAAHQAAAAAQgwI&#8220;>https:\/\/www.hotelzoologie.com\/wp-content\/uploads\/2025\/10\/DSC3012-HDR.webp?id=10156<\/a>)&#8221; 3=&#8221;!important;background-position:&#8221; 4=&#8221;center&#8221; 5=&#8221;!important;background-repeat:&#8221; 6=&#8221;no-repeat&#8221; 7=&#8221;!important;background-size:&#8221; 8=&#8221;cover&#8221; 9=&#8221;!important;}&#8220;&#8221; width=&#8221;1\/2&#8243; class=&#8221;ng-star-inserted&#8221; href=&#8221;https:\/\/www.hotelzoologie.com\/wp-content\/uploads\/2025\/10\/DSC3012-HDR.webp?id=10156&#8243; target=&#8221;_blank&#8221; rel=&#8221;noopener&#8221; data-hveid=&#8221;0&#8243; css=&#8221;.vc_custom_1775654510512{background-image: url(https:\/\/www.hotelzoologie.com\/wp-content\/uploads\/2025\/10\/DSC3012-HDR.webp?id=10159) !important;background-position: center !important;background-repeat: no-repeat !important;background-size: cover !important;}&#8221;][vc_empty_space height=&#8221;100&#8243;][vc_custom_heading text=&#8221;TRABAJAR&#8221; font_container=&#8221;tag:p|font_size:30|text_align:center|color:%23ffffff&#8221; link=&#8221;url:%20https%3A%2F%2Fwww.hotelzoologie.com%2Fes%2Fseminarios-burdeos%2F|||&#8221;][vc_empty_space height=&#8221;10&#8243;][vc_separator el_width=&#8221;30&#8243;][vc_empty_space height=&#8221;100&#8243;][\/vc_column][\/vc_row][vc_row css_animation=&#8221;fadeIn&#8221;][vc_column][vc_empty_space height=&#8221;10&#8243;][vc_column_text]<\/p>\n<p style=\"text-align: center;\" data-path-to-node=\"1\">Bienvenido a La Zoologie, un lugar excepcional en el coraz\u00f3n de Burdeos. M\u00e1s que un espacio, le ofrecemos una experiencia completa que combina elegancia, convivencia y gastronom\u00eda. Descubra nuestras soluciones a medida para sus eventos privados y seminarios, dise\u00f1adas para marcar cada momento.<\/p>\n<p>[\/vc_column_text][vc_separator color=&#8221;chino&#8221; border_width=&#8221;2&#8243; el_width=&#8221;50&#8243;][vc_row_inner][vc_column_inner width=&#8221;1\/3&#8243; css=&#8221;.vc_custom_1753972768958{border-radius: 1px !important;}&#8221;][vc_custom_heading text=&#8221;Reuniones y Seminarios&#8221; font_container=&#8221;tag:h2|font_size:25|text_align:center|color:%23aa3d31&#8243; google_fonts=&#8221;font_family:Tenor%20Sans%3Aregular|font_style:400%20regular%3A400%3Anormal&#8221; css=&#8221;.vc_custom_1775642528062{margin-bottom: 10px !important;}&#8221;][vc_empty_space height=&#8221;10&#8243;][vc_column_text]<\/p>\n<p style=\"text-align: center;\" data-path-to-node=\"1\">En La Zoologie, sus seminarios y reuniones adquieren una dimensi\u00f3n \u00fanica. Nuestros espacios modulares y luminosos, equipados con toda la tecnolog\u00eda necesaria, crean un entorno propicio para la concentraci\u00f3n y la creatividad. Ofrezca a sus equipos una experiencia profesional que mezcla confort, inspiraci\u00f3n y momentos de relax.<\/p>\n<p>[\/vc_column_text][\/vc_column_inner][vc_column_inner width=&#8221;1\/3&#8243;][vc_custom_heading text=&#8221;Eventos Privados&#8221; font_container=&#8221;tag:h2|font_size:25|text_align:center|color:%23aa3d31&#8243; google_fonts=&#8221;font_family:Tenor%20Sans%3Aregular|font_style:400%20regular%3A400%3Anormal&#8221; css=&#8221;.vc_custom_1775642521014{margin-bottom: 10px !important;}&#8221;][vc_empty_space height=&#8221;10&#8243;][vc_column_text]<\/p>\n<p style=\"text-align: center;\" data-path-to-node=\"1\">Celebre sus momentos m\u00e1s preciados en un lugar fuera de lo com\u00fan. Cumplea\u00f1os, c\u00f3cteles o veladas \u00edntimas, cada evento se dise\u00f1a a medida para reflejar su estilo y maravillar a sus invitados. En La Zoologie, la convivencia y la elegancia se encuentran para crear recuerdos inolvidables.<\/p>\n<p>[\/vc_column_text][\/vc_column_inner][vc_column_inner width=&#8221;1\/3&#8243; css=&#8221;.vc_custom_1753972781677{border-radius: 1px !important;}&#8221;][vc_custom_heading text=&#8221;Experiencias Gastron\u00f3micas&#8221; font_container=&#8221;tag:h2|font_size:25|text_align:center|color:%23aa3d31&#8243; google_fonts=&#8221;font_family:Tenor%20Sans%3Aregular|font_style:400%20regular%3A400%3Anormal&#8221; css=&#8221;.vc_custom_1775642533499{margin-bottom: 10px !important;}&#8221;][vc_empty_space height=&#8221;10&#8243;][vc_column_text]<\/p>\n<p style=\"text-align: center;\" data-path-to-node=\"1\">La gastronom\u00eda est\u00e1 en el coraz\u00f3n de nuestras experiencias. Desde buf\u00e9s refinados hasta men\u00fas personalizados, nuestras propuestas culinarias resaltan sabores aut\u00e9nticos y sorprendentes. Deje que nuestros chefs realcen sus eventos y ofrezcan a sus comensales una verdadera experiencia sensorial.<\/p>\n<p>[\/vc_column_text][\/vc_column_inner][\/vc_row_inner][\/vc_column][\/vc_row][vc_row][vc_column][vc_empty_space height=&#8221;10&#8243;][vc_separator color=&#8221;chino&#8221; border_width=&#8221;2&#8243; el_width=&#8221;50&#8243;][vc_custom_heading text=&#8221;\u00bfTiene alguna pregunta?&#8221; font_container=&#8221;tag:h2|font_size:25|text_align:center|color:%23aa3d31&#8243; google_fonts=&#8221;font_family:Tenor%20Sans%3Aregular|font_style:400%20regular%3A400%3Anormal&#8221; css=&#8221;.vc_custom_1775642706389{margin-bottom: 10px !important;}&#8221;][vc_column_text]<\/p>\n<p style=\"text-align: center;\" data-path-to-node=\"1\">Nuestro equipo comercial est\u00e1 a su disposici\u00f3n para imaginar con usted cada detalle de su evento. En La Zoologie, transformamos sus proyectos en experiencias \u00fanicas y a medida, combinando confort, gastronom\u00eda y momentos inolvidables para sus invitados.<\/p>\n<p>[\/vc_column_text]\r\n        \r\n        <style>\r\n\t\t\t\t#btn-container-Isxm9 {\r\n\t\t\t\t\tfont-size: 15px;\r\n\t\t\t\t\tfont-weight: bold;\r\n\t\t\t\t}\r\n        #btn-Isxm9 {\r\n        \tbackground: #af4e34;\r\n\t\t\t\t\tborder-style: solid;\r\n        \tborder-color: #af4e34;\r\n\t\t\t\t\tborder-width: 2px;\r\n        \tcolor: #ffffff;\r\n\t\t\t\t\tpadding: 10px 20px;\r\n\t\t\t\t\tborder-radius: 8px;\r\n\t\t\t\t\tfont-size: 15px;\r\n\t\t\t\t\tline-height: 15px;\r\n\t\t\t\t\t\t\t\t\t\t\t\t\t\t\tfont-weight: bold;\r\n        }\r\n\r\n\t\t\t\t#btn-Isxm9:hover {\r\n\t\t\t\t\tbackground: #af4e34;\r\n\t\t\t\t\tborder-color: #af4e34;\r\n\t\t\t\t\tcolor: #ffffff;\r\n\t\t\t\t\t\t\t\t\t\t\t\t\t\t\t\r\n\t\t\t\t}\r\n\r\n\t\t    #btn-Isxm9 i {\r\n\t\t\t\t\tright: 14px;\r\n\t\t\t\t\tmargin-top: 0;\r\n\t\t\t\t\tvertical-align: middle;\r\n\t\t\t\t\tborder-radius: 50%;\r\n\t\t\t\t\tline-height: 20px;\r\n\t\t\t\t\theight: 20px;\r\n\t\t\t\t\twidth: 20px;\r\n\t\t\t\t\tbackground: #1dc1f8;\r\n\t\t\t\t\tmargin-left: 8px;\r\n\t\t\t\t\tmargin-right: 0;\r\n\t\t\t\t\tcolor: #ffffff;\r\n\t\t\t\t\tfont-size: 8px;\r\n\t\t\t\t\ttext-align: center;\r\n\t\t\t\t}\r\n\r\n\t\t\t\t #btn-Isxm9:hover i {\r\n\t\t\t\t \tbackground: #ffffff;\r\n\t\t\t\t\tcolor: #1dc1f8;\r\n\t\t\t\t }\r\n\r\n        <\/style>\r\n\r\n\t\t<!-- BUTTON -->\r\n        <div id=\"btn-container-Isxm9\" class=\"text-center\">\r\n\t\t\t\r\n\t\t\t\t\t<a href=\"mailto:commercial@hotelzoologie.com\" id=\"btn-Isxm9\" class=\"btn \" target=\"_blank\">\r\n\t\t\t\t\t\t\u00a1Cont\u00e1ctanos!\t\t\t\t\t\t\t\t\t\t\t<\/a>\r\n\t\t\t\t\t        <\/div>\r\n\r\n        [\/vc_column][\/vc_row][vc_row][vc_column][vc_column_text]<\/p><\/div>\n<p>[\/vc_column_text][\/vc_column][\/vc_row]<\/p>\n","protected":false},"excerpt":{"rendered":"<p>[vc_row][vc_column][vc_column_text] [\/vc_column_text][\/vc_column][\/vc_row][vc_row css_animation=&#8221;fadeIn&#8221; css=&#8221;.vc_custom_1753972822168{background-color: #aa3d31 !important;}&#8221;][vc_column][vc_empty_space height=&#8221;40&#8243;][vc_custom_heading text=&#8221;Trabajar y Celebrar en La Zoologie&#8221; font_container=&#8221;tag:h1|font_size:34|text_align:center|color:%23ffffff&#8221; google_fonts=&#8221;font_family:Tenor%20Sans%3Aregular|font_style:400%20regular%3A400%3Anormal&#8221;][vc_empty_space height=&#8221;20&#8243;][vc_separator color=&#8221;chino&#8221; el_width=&#8221;30&#8243;][\/vc_column][\/vc_row][vc_row css_animation=&#8221;fadeIn&#8221;][vc_column 0=&#8221;css=&#8220;.vc_custom_1775642968967{background-image:&#8221; 1=&#8221;&#8221; 2=&#8221;data-ved=&#8220;0CAAQ_4QMahgKEwiIs8PVn96TAxUAAAAAHQAAAAAQggI&#8220;>https:\/\/www.hotelzoologie.com\/wp-content\/uploads\/2025\/09\/Diner-Vignerons-2.webp?id=10017)&#8221; 3=&#8221;!important;background-position:&#8221; 4=&#8221;center&#8221; 5=&#8221;!important;background-repeat:&#8221; 6=&#8221;no-repeat&#8221; 7=&#8221;!important;background-size:&#8221; 8=&#8221;cover&#8221; 9=&#8221;!important;}&#8220;&#8221; width=&#8221;1\/2&#8243; class=&#8221;ng-star-inserted&#8221; href=&#8221;https:\/\/www.hotelzoologie.com\/wp-content\/uploads\/2025\/09\/Diner-Vignerons-2.webp?id=10017&#8243; target=&#8221;_blank&#8221; rel=&#8221;noopener&#8221; data-hveid=&#8221;0&#8243; css=&#8221;.vc_custom_1775654499391{background-image: url(https:\/\/www.hotelzoologie.com\/wp-content\/uploads\/2026\/04\/Rooftop-Zoologie.webp?id=11060) !important;background-position: center !important;background-repeat: no-repeat !important;background-size: cover !important;}&#8221;][vc_empty_space height=&#8221;100&#8243;][vc_custom_heading text=&#8221;CELEBRAR&#8221; font_container=&#8221;tag:p|font_size:30|text_align:center|color:%23ffffff&#8221; link=&#8221;url:%20https%3A%2F%2Fwww.hotelzoologie.com%2Fes%2Feventos-privados%2F|||&#8221;][vc_empty_space height=&#8221;10&#8243;][vc_separator el_width=&#8221;30&#8243;][vc_empty_space height=&#8221;100&#8243;][\/vc_column][vc_column 0=&#8221;css=&#8220;.vc_custom_1775642988510{background-image:&#8221; 1=&#8221;&#8221; 2=&#8221;data-ved=&#8220;0CAAQ_4QMahgKEwiIs8PVn96TAxUAAAAAHQAAAAAQgwI&#8220;>https:\/\/www.hotelzoologie.com\/wp-content\/uploads\/2025\/10\/DSC3012-HDR.webp?id=10156)&#8221; 3=&#8221;!important;background-position:&#8221; [&hellip;]<\/p>\n","protected":false},"author":3,"featured_media":0,"parent":0,"menu_order":0,"comment_status":"closed","ping_status":"closed","template":"","meta":{"footnotes":""},"class_list":["post-11118","page","type-page","status-publish","hentry"],"yoast_head":"<!-- This site is optimized with the Yoast SEO plugin v27.3 - https:\/\/yoast.com\/product\/yoast-seo-wordpress\/ -->\n<title>Eventos - H\u00f4tel La Zoologie Bordeaux<\/title>\n<meta name=\"robots\" content=\"index, follow, max-snippet:-1, max-image-preview:large, max-video-preview:-1\" \/>\n<link rel=\"canonical\" href=\"https:\/\/www.hotelzoologie.com\/es\/eventos\/\" \/>\n<meta property=\"og:locale\" content=\"es_ES\" \/>\n<meta property=\"og:type\" content=\"article\" \/>\n<meta property=\"og:title\" content=\"Eventos - H\u00f4tel La Zoologie Bordeaux\" \/>\n<meta property=\"og:description\" content=\"[vc_row][vc_column][vc_column_text] [\/vc_column_text][\/vc_column][\/vc_row][vc_row css_animation=&#8221;fadeIn&#8221; css=&#8221;.vc_custom_1753972822168{background-color: #aa3d31 !important;}&#8221;][vc_column][vc_empty_space height=&#8221;40&#8243;][vc_custom_heading text=&#8221;Trabajar y Celebrar en La Zoologie&#8221; font_container=&#8221;tag:h1|font_size:34|text_align:center|color:%23ffffff&#8221; google_fonts=&#8221;font_family:Tenor%20Sans%3Aregular|font_style:400%20regular%3A400%3Anormal&#8221;][vc_empty_space height=&#8221;20&#8243;][vc_separator color=&#8221;chino&#8221; el_width=&#8221;30&#8243;][\/vc_column][\/vc_row][vc_row css_animation=&#8221;fadeIn&#8221;][vc_column 0=&#8221;css=&#8220;.vc_custom_1775642968967{background-image:&#8221; 1=&#8221;&#8221; 2=&#8221;data-ved=&#8220;0CAAQ_4QMahgKEwiIs8PVn96TAxUAAAAAHQAAAAAQggI&#8220;&gt;https:\/\/www.hotelzoologie.com\/wp-content\/uploads\/2025\/09\/Diner-Vignerons-2.webp?id=10017)&#8221; 3=&#8221;!important;background-position:&#8221; 4=&#8221;center&#8221; 5=&#8221;!important;background-repeat:&#8221; 6=&#8221;no-repeat&#8221; 7=&#8221;!important;background-size:&#8221; 8=&#8221;cover&#8221; 9=&#8221;!important;}&#8220;&#8221; width=&#8221;1\/2&#8243; class=&#8221;ng-star-inserted&#8221; href=&#8221;https:\/\/www.hotelzoologie.com\/wp-content\/uploads\/2025\/09\/Diner-Vignerons-2.webp?id=10017&#8243; target=&#8221;_blank&#8221; rel=&#8221;noopener&#8221; data-hveid=&#8221;0&#8243; css=&#8221;.vc_custom_1775654499391{background-image: url(https:\/\/www.hotelzoologie.com\/wp-content\/uploads\/2026\/04\/Rooftop-Zoologie.webp?id=11060) !important;background-position: center !important;background-repeat: no-repeat !important;background-size: cover !important;}&#8221;][vc_empty_space height=&#8221;100&#8243;][vc_custom_heading text=&#8221;CELEBRAR&#8221; font_container=&#8221;tag:p|font_size:30|text_align:center|color:%23ffffff&#8221; link=&#8221;url:%20https%3A%2F%2Fwww.hotelzoologie.com%2Fes%2Feventos-privados%2F|||&#8221;][vc_empty_space height=&#8221;10&#8243;][vc_separator el_width=&#8221;30&#8243;][vc_empty_space height=&#8221;100&#8243;][\/vc_column][vc_column 0=&#8221;css=&#8220;.vc_custom_1775642988510{background-image:&#8221; 1=&#8221;&#8221; 2=&#8221;data-ved=&#8220;0CAAQ_4QMahgKEwiIs8PVn96TAxUAAAAAHQAAAAAQgwI&#8220;&gt;https:\/\/www.hotelzoologie.com\/wp-content\/uploads\/2025\/10\/DSC3012-HDR.webp?id=10156)&#8221; 3=&#8221;!important;background-position:&#8221; [&hellip;]\" \/>\n<meta property=\"og:url\" content=\"https:\/\/www.hotelzoologie.com\/es\/eventos\/\" \/>\n<meta property=\"og:site_name\" content=\"H\u00f4tel La Zoologie Bordeaux\" \/>\n<meta property=\"article:modified_time\" content=\"2026-04-08T13:22:18+00:00\" \/>\n<meta name=\"twitter:card\" content=\"summary_large_image\" \/>\n<meta name=\"twitter:label1\" content=\"Tiempo de lectura\" \/>\n\t<meta name=\"twitter:data1\" content=\"2 minutos\" \/>\n<!-- \/ Yoast SEO plugin. -->","yoast_head_json":{"title":"Eventos - H\u00f4tel La Zoologie Bordeaux","robots":{"index":"index","follow":"follow","max-snippet":"max-snippet:-1","max-image-preview":"max-image-preview:large","max-video-preview":"max-video-preview:-1"},"canonical":"https:\/\/www.hotelzoologie.com\/es\/eventos\/","og_locale":"es_ES","og_type":"article","og_title":"Eventos - H\u00f4tel La Zoologie Bordeaux","og_description":"[vc_row][vc_column][vc_column_text] [\/vc_column_text][\/vc_column][\/vc_row][vc_row css_animation=&#8221;fadeIn&#8221; css=&#8221;.vc_custom_1753972822168{background-color: #aa3d31 !important;}&#8221;][vc_column][vc_empty_space height=&#8221;40&#8243;][vc_custom_heading text=&#8221;Trabajar y Celebrar en La Zoologie&#8221; font_container=&#8221;tag:h1|font_size:34|text_align:center|color:%23ffffff&#8221; google_fonts=&#8221;font_family:Tenor%20Sans%3Aregular|font_style:400%20regular%3A400%3Anormal&#8221;][vc_empty_space height=&#8221;20&#8243;][vc_separator color=&#8221;chino&#8221; el_width=&#8221;30&#8243;][\/vc_column][\/vc_row][vc_row css_animation=&#8221;fadeIn&#8221;][vc_column 0=&#8221;css=&#8220;.vc_custom_1775642968967{background-image:&#8221; 1=&#8221;&#8221; 2=&#8221;data-ved=&#8220;0CAAQ_4QMahgKEwiIs8PVn96TAxUAAAAAHQAAAAAQggI&#8220;>https:\/\/www.hotelzoologie.com\/wp-content\/uploads\/2025\/09\/Diner-Vignerons-2.webp?id=10017)&#8221; 3=&#8221;!important;background-position:&#8221; 4=&#8221;center&#8221; 5=&#8221;!important;background-repeat:&#8221; 6=&#8221;no-repeat&#8221; 7=&#8221;!important;background-size:&#8221; 8=&#8221;cover&#8221; 9=&#8221;!important;}&#8220;&#8221; width=&#8221;1\/2&#8243; class=&#8221;ng-star-inserted&#8221; href=&#8221;https:\/\/www.hotelzoologie.com\/wp-content\/uploads\/2025\/09\/Diner-Vignerons-2.webp?id=10017&#8243; target=&#8221;_blank&#8221; rel=&#8221;noopener&#8221; data-hveid=&#8221;0&#8243; css=&#8221;.vc_custom_1775654499391{background-image: url(https:\/\/www.hotelzoologie.com\/wp-content\/uploads\/2026\/04\/Rooftop-Zoologie.webp?id=11060) !important;background-position: center !important;background-repeat: no-repeat !important;background-size: cover !important;}&#8221;][vc_empty_space height=&#8221;100&#8243;][vc_custom_heading text=&#8221;CELEBRAR&#8221; font_container=&#8221;tag:p|font_size:30|text_align:center|color:%23ffffff&#8221; link=&#8221;url:%20https%3A%2F%2Fwww.hotelzoologie.com%2Fes%2Feventos-privados%2F|||&#8221;][vc_empty_space height=&#8221;10&#8243;][vc_separator el_width=&#8221;30&#8243;][vc_empty_space height=&#8221;100&#8243;][\/vc_column][vc_column 0=&#8221;css=&#8220;.vc_custom_1775642988510{background-image:&#8221; 1=&#8221;&#8221; 2=&#8221;data-ved=&#8220;0CAAQ_4QMahgKEwiIs8PVn96TAxUAAAAAHQAAAAAQgwI&#8220;>https:\/\/www.hotelzoologie.com\/wp-content\/uploads\/2025\/10\/DSC3012-HDR.webp?id=10156)&#8221; 3=&#8221;!important;background-position:&#8221; [&hellip;]","og_url":"https:\/\/www.hotelzoologie.com\/es\/eventos\/","og_site_name":"H\u00f4tel La Zoologie Bordeaux","article_modified_time":"2026-04-08T13:22:18+00:00","twitter_card":"summary_large_image","twitter_misc":{"Tiempo de lectura":"2 minutos"},"schema":{"@context":"https:\/\/schema.org","@graph":[{"@type":"WebPage","@id":"https:\/\/www.hotelzoologie.com\/es\/eventos\/","url":"https:\/\/www.hotelzoologie.com\/es\/eventos\/","name":"Eventos - H\u00f4tel La Zoologie Bordeaux","isPartOf":{"@id":"https:\/\/www.hotelzoologie.com\/es\/#website"},"datePublished":"2026-04-08T12:56:37+00:00","dateModified":"2026-04-08T13:22:18+00:00","breadcrumb":{"@id":"https:\/\/www.hotelzoologie.com\/es\/eventos\/#breadcrumb"},"inLanguage":"es","potentialAction":[{"@type":"ReadAction","target":["https:\/\/www.hotelzoologie.com\/es\/eventos\/"]}]},{"@type":"BreadcrumbList","@id":"https:\/\/www.hotelzoologie.com\/es\/eventos\/#breadcrumb","itemListElement":[{"@type":"ListItem","position":1,"name":"Home","item":"https:\/\/www.hotelzoologie.com\/es\/"},{"@type":"ListItem","position":2,"name":"Eventos"}]},{"@type":"WebSite","@id":"https:\/\/www.hotelzoologie.com\/es\/#website","url":"https:\/\/www.hotelzoologie.com\/es\/","name":"H\u00f4tel La Zoologie Bordeaux","description":"","publisher":{"@id":"https:\/\/www.hotelzoologie.com\/es\/#organization"},"potentialAction":[{"@type":"SearchAction","target":{"@type":"EntryPoint","urlTemplate":"https:\/\/www.hotelzoologie.com\/es\/?s={search_term_string}"},"query-input":{"@type":"PropertyValueSpecification","valueRequired":true,"valueName":"search_term_string"}}],"inLanguage":"es"},{"@type":"Organization","@id":"https:\/\/www.hotelzoologie.com\/es\/#organization","name":"H\u00f4tel La Zoologie Bordeaux","url":"https:\/\/www.hotelzoologie.com\/es\/","logo":{"@type":"ImageObject","inLanguage":"es","@id":"https:\/\/www.hotelzoologie.com\/es\/#\/schema\/logo\/image\/","url":"https:\/\/www.hotelzoologie.com\/wp-content\/uploads\/2020\/09\/Logo-Zoologie.jpg","contentUrl":"https:\/\/www.hotelzoologie.com\/wp-content\/uploads\/2020\/09\/Logo-Zoologie.jpg","width":500,"height":70,"caption":"H\u00f4tel La Zoologie Bordeaux"},"image":{"@id":"https:\/\/www.hotelzoologie.com\/es\/#\/schema\/logo\/image\/"}}]}},"_links":{"self":[{"href":"https:\/\/www.hotelzoologie.com\/es\/wp-json\/wp\/v2\/pages\/11118","targetHints":{"allow":["GET"]}}],"collection":[{"href":"https:\/\/www.hotelzoologie.com\/es\/wp-json\/wp\/v2\/pages"}],"about":[{"href":"https:\/\/www.hotelzoologie.com\/es\/wp-json\/wp\/v2\/types\/page"}],"author":[{"embeddable":true,"href":"https:\/\/www.hotelzoologie.com\/es\/wp-json\/wp\/v2\/users\/3"}],"replies":[{"embeddable":true,"href":"https:\/\/www.hotelzoologie.com\/es\/wp-json\/wp\/v2\/comments?post=11118"}],"version-history":[{"count":5,"href":"https:\/\/www.hotelzoologie.com\/es\/wp-json\/wp\/v2\/pages\/11118\/revisions"}],"predecessor-version":[{"id":11155,"href":"https:\/\/www.hotelzoologie.com\/es\/wp-json\/wp\/v2\/pages\/11118\/revisions\/11155"}],"wp:attachment":[{"href":"https:\/\/www.hotelzoologie.com\/es\/wp-json\/wp\/v2\/media?parent=11118"}],"curies":[{"name":"wp","href":"https:\/\/api.w.org\/{rel}","templated":true}]}}