{"id":5348,"date":"2023-11-28T10:32:20","date_gmt":"2023-11-28T10:32:20","guid":{"rendered":"https:\/\/www.hotelzoologie.com\/?page_id=5348"},"modified":"2023-11-28T16:50:14","modified_gmt":"2023-11-28T16:50:14","slug":"habitaciones-insolitos-en-burdeos","status":"publish","type":"page","link":"https:\/\/www.hotelzoologie.com\/es\/habitaciones-insolitos-en-burdeos\/","title":{"rendered":"Nuestras habitaciones ins\u00f3litas en Burdeos"},"content":{"rendered":"<p>[vc_row][vc_column][vc_column_text css=&#8221;.vc_custom_1701167563274{margin-bottom: 100px !important;}&#8221;]<\/p>\n<p style=\"text-align: center;\">Con su rico e inspirador patrimonio, Burdeos es una visita obligada para los amantes de la cultura y la belleza arquitect\u00f3nica. Fiel a este ideal, el hotel de lujo de 4 estrellas La Zoologie ofrece una experiencia aut\u00e9ntica y sorprendente en el coraz\u00f3n del barrio de la estaci\u00f3n, para pasar una noche en una burbuja de lo inesperado. Disfrute de una estancia inolvidable en Nueva Aquitania en una habitaci\u00f3n ins\u00f3lita en Burdeos.<\/p>\n<p>[\/vc_column_text]<div class=\"hbf half-over-slider\">\n  <div class=\"inner\">\n      <!-- Search Form -->\n      <form id=\"search-form\" class=\"search-form\" action=\"https:\/\/direct-book.com\/properties\/hotellazoologiedirect?locale=fr&items[0][adults]=2&items[0][children]=0&items[0][infants]=0&currency=EUR&checkInDate=2024-07-26&checkOutDate=2024-07-27&trackPage=yes\" method=\"get\" target=\"_blank\">\n        <div class=\"row\">\n        <!-- Custom Parameters -->\n        \n<input type=\"hidden\" name=\"\" value=\"\" >\n<input type=\"hidden\" name=\"locale\" value=\"es\" >\n        <!-- Check-In\/Out-->\n        <div class=\"col-md-4\">\n        \r\n<label for=\"eagle_booking_datepicker\">Check In\/Out<\/label>\r\n<input id=\"eagle_booking_datepicker\" type=\"text\" class=\"form-control eagle-booking-datepicker\" placeholder=\"Check In &nbsp;&nbsp;\u2192&nbsp;&nbsp; Check Out\" value=\"\" autocomplete=\"off\" readonly>\r\n<input id=\"eagle_booking_checkin\" type=\"hidden\" name=\"check_in_date\">\r\n<input id=\"eagle_booking_checkout\" type=\"hidden\" name=\"check_out_date\">\r\n\r\n        <\/div>\n        <!-- Guests -->\n        <div class=\"col-md-4\">\n        \n\n<label for=\"eagle_booking_guests\">Guests<\/label>\n<div class=\"eb-guestspicker\">\n\n  <div class=\"form-control guestspicker\">\n    Guests <span class=\"gueststotal\"><\/span>\n  <\/div>\n\n  <div class=\"eb-guestspicker-content\">\n    <!-- Adults -->\n    <div class=\"guests-buttons\">\n      <div class=\"description\">\n        <label>Adults<\/label>\n                  <div class=\"ages\">Ages 18+ <\/div>\n              <\/div>\n      <div class=\"guests-button\">\n        <div class=\"minus\"><\/div>\n        <input type=\"text\" id=\"eagle_booking_adults\" name=\"number_adults\" class=\"booking-guests\" value=\"0\" min=\"1\" max=\"3\"4\">\n        <div class=\"plus\"><\/div>\n      <\/div>\n    <\/div>\n    <!-- Children -->\n    <div class=\"guests-buttons\">\n      <div class=\"description\">\n        <label>Children<\/label>\n                <div class=\"ages\">Ages 4 - 18<\/div>\n              <\/div>\n      <div class=\"guests-button\">\n        <div class=\"minus\"><\/div>\n        <input type=\"text\" id =\"eagle_booking_children\" name=\"number_children\" class=\"booking-guests\" value=\"0\" min=\"0\" max=\"2\"\"4\">\n        <div class=\"plus\"><\/div>\n      <\/div>\n    <\/div>\n\n    <!-- Infants -->\n    <!-- <div class=\"guests-buttons\">\n      <div class=\"description\">\n        <label>Infants<\/label>\n                <div class=\"ages\">Ages 4 - 18<\/div>\n              <\/div>\n      <div class=\"guests-button\">\n        <div class=\"minus\"><\/div>\n        <input type=\"text\" id =\"eagle_booking_children\" name=\"number_children\" class=\"booking-guests\" value=\"0\" min=\"0\" max=\"4\">\n        <div class=\"plus\"><\/div>\n      <\/div>\n    <\/div> -->\n\n  <\/div>\n<\/div>\n        <\/div>\n        <!-- Buttom -->\n        <div class=\"col-md-4\">\n        <button id=\"eb_search_form\" class=\"button eb-btn\" type=\"submit\">\n            <span class=\"eb-btn-text\">Check Availability<\/span>\n          <\/button>\n        <\/div>\n      <\/div>\n    <\/form>\n  <\/div>\n<\/div>\n[vc_row_inner][vc_column_inner width=&#8221;1\/2&#8243;][vc_single_image image=&#8221;5697&#8243; img_size=&#8221;medium&#8221; alignment=&#8221;center&#8221;]\r\n        \r\n        <style>\r\n\t\t\t\t#btn-container-qMkKZ {\r\n\t\t\t\t\tfont-size: 15px;\r\n\t\t\t\t\tfont-weight: bold;\r\n\t\t\t\t}\r\n        #btn-qMkKZ {\r\n        \tbackground: #000000;\r\n\t\t\t\t\tborder-style: solid;\r\n        \tborder-color: #000000;\r\n\t\t\t\t\tborder-width: 2px;\r\n        \tcolor: #ffffff;\r\n\t\t\t\t\tpadding: 10px 20px;\r\n\t\t\t\t\tborder-radius: 2px;\r\n\t\t\t\t\tfont-size: 15px;\r\n\t\t\t\t\tline-height: 15px;\r\n\t\t\t\t\t\t\t\t\t\t\t\t\t\t\tfont-weight: bold;\r\n        }\r\n\r\n\t\t\t\t#btn-qMkKZ:hover {\r\n\t\t\t\t\tbackground: #ffffff;\r\n\t\t\t\t\tborder-color: #0a0a0a;\r\n\t\t\t\t\tcolor: #0a0a0a;\r\n\t\t\t\t\t\t\t\t\t\t\t\t\t\t\t\r\n\t\t\t\t}\r\n\r\n\t\t    #btn-qMkKZ i {\r\n\t\t\t\t\tright: 14px;\r\n\t\t\t\t\tmargin-top: 0;\r\n\t\t\t\t\tvertical-align: middle;\r\n\t\t\t\t\tborder-radius: 50%;\r\n\t\t\t\t\tline-height: 20px;\r\n\t\t\t\t\theight: 20px;\r\n\t\t\t\t\twidth: 20px;\r\n\t\t\t\t\tbackground: #1dc1f8;\r\n\t\t\t\t\tmargin-left: 8px;\r\n\t\t\t\t\tmargin-right: 0;\r\n\t\t\t\t\tcolor: #ffffff;\r\n\t\t\t\t\tfont-size: 8px;\r\n\t\t\t\t\ttext-align: center;\r\n\t\t\t\t}\r\n\r\n\t\t\t\t #btn-qMkKZ:hover i {\r\n\t\t\t\t \tbackground: #ffffff;\r\n\t\t\t\t\tcolor: #1dc1f8;\r\n\t\t\t\t }\r\n\r\n        <\/style>\r\n\r\n\t\t<!-- BUTTON -->\r\n        <div id=\"btn-container-qMkKZ\" class=\"text-center\">\r\n\t\t\t\r\n\t\t\t\t\t<a href=\"\/nos-chambres-par-niveau-de-confort\/\" id=\"btn-qMkKZ\" class=\"btn \" target=\"_self\">\r\n\t\t\t\t\t\tNuestras habitaciones por confort\t\t\t\t\t\t\t\t\t\t\t<\/a>\r\n\t\t\t\t\t        <\/div>\r\n\r\n        [\/vc_column_inner][vc_column_inner width=&#8221;1\/2&#8243;][vc_single_image image=&#8221;5464&#8243; img_size=&#8221;medium&#8221; alignment=&#8221;center&#8221;]\r\n        \r\n        <style>\r\n\t\t\t\t#btn-container-HHUbD {\r\n\t\t\t\t\tfont-size: 15px;\r\n\t\t\t\t\tfont-weight: bold;\r\n\t\t\t\t}\r\n        #btn-HHUbD {\r\n        \tbackground: #000000;\r\n\t\t\t\t\tborder-style: solid;\r\n        \tborder-color: #000000;\r\n\t\t\t\t\tborder-width: 2px;\r\n        \tcolor: #ffffff;\r\n\t\t\t\t\tpadding: 10px 20px;\r\n\t\t\t\t\tborder-radius: 2px;\r\n\t\t\t\t\tfont-size: 15px;\r\n\t\t\t\t\tline-height: 15px;\r\n\t\t\t\t\t\t\t\t\t\t\t\t\t\t\tfont-weight: bold;\r\n        }\r\n\r\n\t\t\t\t#btn-HHUbD:hover {\r\n\t\t\t\t\tbackground: #ffffff;\r\n\t\t\t\t\tborder-color: #0a0a0a;\r\n\t\t\t\t\tcolor: #0a0a0a;\r\n\t\t\t\t\t\t\t\t\t\t\t\t\t\t\t\r\n\t\t\t\t}\r\n\r\n\t\t    #btn-HHUbD i {\r\n\t\t\t\t\tright: 14px;\r\n\t\t\t\t\tmargin-top: 0;\r\n\t\t\t\t\tvertical-align: middle;\r\n\t\t\t\t\tborder-radius: 50%;\r\n\t\t\t\t\tline-height: 20px;\r\n\t\t\t\t\theight: 20px;\r\n\t\t\t\t\twidth: 20px;\r\n\t\t\t\t\tbackground: #1dc1f8;\r\n\t\t\t\t\tmargin-left: 8px;\r\n\t\t\t\t\tmargin-right: 0;\r\n\t\t\t\t\tcolor: #ffffff;\r\n\t\t\t\t\tfont-size: 8px;\r\n\t\t\t\t\ttext-align: center;\r\n\t\t\t\t}\r\n\r\n\t\t\t\t #btn-HHUbD:hover i {\r\n\t\t\t\t \tbackground: #ffffff;\r\n\t\t\t\t\tcolor: #1dc1f8;\r\n\t\t\t\t }\r\n\r\n        <\/style>\r\n\r\n\t\t<!-- BUTTON -->\r\n        <div id=\"btn-container-HHUbD\" class=\"text-center\">\r\n\t\t\t\r\n\t\t\t\t\t<a href=\"\/nos-chambres-par-ambiance\/\" id=\"btn-HHUbD\" class=\"btn \" target=\"_self\">\r\n\t\t\t\t\t\tNuestras habitaciones por ambiente\t\t\t\t\t\t\t\t\t\t\t<\/a>\r\n\t\t\t\t\t        <\/div>\r\n\r\n        [\/vc_column_inner][\/vc_row_inner][\/vc_column][\/vc_row][vc_row css=&#8221;.vc_custom_1683729818894{margin-top: 50px !important;}&#8221;][vc_column][vc_column_text]<\/p>\n<h2 style=\"text-align: center;\">\u00bfBusca algo fuera de lo com\u00fan? Descubra el Hotel La Zoologie de Burdeos<\/h2>\n<p style=\"text-align: center;\">Imbuido de la curiosidad cient\u00edfica de su \u00e9poca, el edificio que ocupa el H\u00f4tel La Zoologie es un espl\u00e9ndido ejemplo de arquitectura universitaria de principios del siglo XX (1900-1903). Restituido a su antiguo esplendor tras una completa renovaci\u00f3n, cuenta ahora con dos alas adicionales: el ala de Bot\u00e1nica y el ala de Geolog\u00eda, en un gui\u00f1o a la antigua vida del edificio.<\/p>\n<p style=\"text-align: center;\">El Hotel La Zoologie dispone de suntuosas instalaciones y 40 habitaciones ins\u00f3litas en Burdeos.<\/p>\n<p style=\"text-align: center;\">Descubra nuestro <a href=\"https:\/\/www.hotelzoologie.com\/es\/\">hotel de lujo en Burdeos<\/a>.<\/p>\n<div id=\"gtx-trans\" style=\"position: absolute; left: 432px; top: 357.625px;\">\n<div class=\"gtx-trans-icon\"><\/div>\n<\/div>\n<p>[\/vc_column_text][\/vc_column][\/vc_row][vc_row][vc_column][vc_single_image image=&#8221;5792&#8243; img_size=&#8221;large&#8221; alignment=&#8221;center&#8221;][vc_column_text css=&#8221;.vc_custom_1701167721308{margin-top: 100px !important;margin-bottom: 50px !important;}&#8221;]<\/p>\n<h2 style=\"text-align: center;\">Habitaciones ins\u00f3litas en Burdeos, para noches inspiradoras y \u00fanicas<\/h2>\n<p style=\"text-align: center;\">Tanto si busca una <strong>habitaci\u00f3n rom\u00e1ntica y original en Burdeos<\/strong> como una estancia original e inolvidable, La Zoologie satisfar\u00e1 su deseo de evadirse. El alojamiento ideal para explorar la ciudad en pareja o en familia.<\/p>\n<p style=\"text-align: center;\">En un viaje intelectual por un lugar cargado de historia, cada habitaci\u00f3n tiene su propia alma, animada por una decoraci\u00f3n personalizada. Nuestro hotel perpet\u00faa el esp\u00edritu del coleccionismo en forma de mobiliario \u00fanico basado en el principio de los encargos art\u00edsticos. Materiales nobles y duraderos, seleccionados con sumo cuidado, sirven de tel\u00f3n de fondo a obras de arte originales que exploran el tema de las ciencias naturales y las expediciones cient\u00edficas al coraz\u00f3n de tierras lejanas.<\/p>\n<p style=\"text-align: center;\">Cada ala de nuestro hotel ofrece una atm\u00f3sfera \u00fanica y misteriosa para una <strong>escapada rom\u00e1ntica<\/strong>, una pernoctaci\u00f3n ins\u00f3lita o una experiencia familiar en la regi\u00f3n de Nouvelle Aquitaine.<\/p>\n<p style=\"text-align: center;\">Las<strong> 24 habitaciones del ala de Zoolog\u00eda<\/strong> ocupan la parte <strong>hist\u00f3rica<\/strong> del edificio y han conservado sus paredes de piedra local y sus altas ventanas francesas, tapizadas con cortinas que evocan el reino animal. Los cuartos de ba\u00f1o, que parecen despachos de investigadores, y los bancos de piedra caliza ool\u00edtica forman un contraste ins\u00f3lito con el mobiliario de dise\u00f1o decididamente contempor\u00e1neo.<\/p>\n<p style=\"text-align: center;\">Las <strong>4 habitaciones Botanique<\/strong> dan al <strong>jard\u00edn<\/strong>, que parece un bosque ex\u00f3tico, o al antiguo edificio Sant\u00e9 Navale, m\u00e1s all\u00e1 de una calle peatonal. Dise\u00f1adas para ofrecerle una noche en una burbuja de inspiraci\u00f3n vegetal, cuentan con paredes panor\u00e1micas ANANBO fabricadas en la regi\u00f3n de Burdeos. Tome aire: los altos techos crean un matrimonio perfecto con el suelo de bamb\u00fa.<\/p>\n<p style=\"text-align: center;\">Por \u00faltimo, <strong>las 12 habitaciones de La G\u00e9ologie<\/strong> son un homenaje a Le <strong>Corbusier<\/strong> y extraen su atm\u00f3sfera creativa de un original entorno africano, donde el hormig\u00f3n se mezcla con la cera tradicional. Un detalle ins\u00f3lito: un cuarto de ba\u00f1o de arcilla que combina confort y naturaleza.<\/p>\n<div id=\"gtx-trans\" style=\"position: absolute; left: 437px; top: 133.625px;\">\n<div class=\"gtx-trans-icon\"><\/div>\n<\/div>\n<p>[\/vc_column_text][\/vc_column][\/vc_row][vc_row][vc_column][vc_column_text]<\/p>\n<h2 style=\"text-align: center;\">Servicios de lujo para una estancia inolvidable<\/h2>\n<p style=\"text-align: center;\">Adem\u00e1s de su magn\u00edfica azotea desde la que podr\u00e1 admirar la ciudad, su bar, su lujoso Spa (\u00bfha probado el jacuzzi de nuestro Spa?), su sala de fitness, su terraza y su jard\u00edn, el hotel La Zoologie es famoso por sus experiencias culinarias y su at\u00edpico restaurante.<\/p>\n<p style=\"text-align: center;\">El desayuno del hotel es una forma maravillosa de empezar el d\u00eda tras una noche en esta incre\u00edble burbuja.<\/p>\n<p style=\"text-align: center;\">Nuestro at\u00edpico restaurante en Burdeos le da la bienvenida para el almuerzo y la cena. Una experiencia culinaria \u00fanica en Nueva Aquitania.<\/p>\n<p style=\"text-align: center;\">O quiz\u00e1s prefiera descubrir el concepto Banksia en Burdeos (16 cubiertos + terraza), la bodega de comida gourmet especiada de inspiraci\u00f3n mediterr\u00e1nea situada en el ala Botanique. Un almuerzo creativo que no olvidar\u00e1.<\/p>\n<p>[\/vc_column_text][\/vc_column][\/vc_row]<\/p>\n","protected":false},"excerpt":{"rendered":"<p>[vc_row][vc_column][vc_column_text css=&#8221;.vc_custom_1701167563274{margin-bottom: 100px !important;}&#8221;] Con su rico e inspirador patrimonio, Burdeos es una visita obligada para los amantes de la cultura y la belleza arquitect\u00f3nica. Fiel a este ideal, el hotel de lujo de 4 estrellas La Zoologie ofrece una experiencia aut\u00e9ntica y sorprendente en el coraz\u00f3n del barrio de la estaci\u00f3n, para pasar una [&hellip;]<\/p>\n","protected":false},"author":1,"featured_media":0,"parent":0,"menu_order":0,"comment_status":"closed","ping_status":"closed","template":"","meta":{"footnotes":""},"class_list":["post-5348","page","type-page","status-publish","hentry"],"yoast_head":"<!-- This site is optimized with the Yoast SEO plugin v27.5 - https:\/\/yoast.com\/product\/yoast-seo-wordpress\/ -->\n<title>Alojamiento y habitaciones ins\u00f3litos en Burdeos - H\u00f4tel la Zoologie<\/title>\n<meta name=\"description\" content=\"\u00bfLe gustar\u00eda pasar una noche en una de nuestras ins\u00f3litas habitaciones de Burdeos? Descubra el magn\u00edfico hotel de 4 estrellas La Zoologie, en el barrio de la estaci\u00f3n.\" \/>\n<meta name=\"robots\" content=\"index, follow, max-snippet:-1, max-image-preview:large, max-video-preview:-1\" \/>\n<link rel=\"canonical\" href=\"https:\/\/www.hotelzoologie.com\/es\/habitaciones-insolitos-en-burdeos\/\" \/>\n<meta property=\"og:locale\" content=\"es_ES\" \/>\n<meta property=\"og:type\" content=\"article\" \/>\n<meta property=\"og:title\" content=\"Alojamiento y habitaciones ins\u00f3litos en Burdeos - H\u00f4tel la Zoologie\" \/>\n<meta property=\"og:description\" content=\"\u00bfLe gustar\u00eda pasar una noche en una de nuestras ins\u00f3litas habitaciones de Burdeos? Descubra el magn\u00edfico hotel de 4 estrellas La Zoologie, en el barrio de la estaci\u00f3n.\" \/>\n<meta property=\"og:url\" content=\"https:\/\/www.hotelzoologie.com\/es\/habitaciones-insolitos-en-burdeos\/\" \/>\n<meta property=\"og:site_name\" content=\"H\u00f4tel La Zoologie Bordeaux\" \/>\n<meta property=\"article:modified_time\" content=\"2023-11-28T16:50:14+00:00\" \/>\n<meta name=\"twitter:card\" content=\"summary_large_image\" \/>\n<meta name=\"twitter:label1\" content=\"Tiempo de lectura\" \/>\n\t<meta name=\"twitter:data1\" content=\"4 minutos\" \/>\n<!-- \/ Yoast SEO plugin. -->","yoast_head_json":{"title":"Alojamiento y habitaciones ins\u00f3litos en Burdeos - H\u00f4tel la Zoologie","description":"\u00bfLe gustar\u00eda pasar una noche en una de nuestras ins\u00f3litas habitaciones de Burdeos? Descubra el magn\u00edfico hotel de 4 estrellas La Zoologie, en el barrio de la estaci\u00f3n.","robots":{"index":"index","follow":"follow","max-snippet":"max-snippet:-1","max-image-preview":"max-image-preview:large","max-video-preview":"max-video-preview:-1"},"canonical":"https:\/\/www.hotelzoologie.com\/es\/habitaciones-insolitos-en-burdeos\/","og_locale":"es_ES","og_type":"article","og_title":"Alojamiento y habitaciones ins\u00f3litos en Burdeos - H\u00f4tel la Zoologie","og_description":"\u00bfLe gustar\u00eda pasar una noche en una de nuestras ins\u00f3litas habitaciones de Burdeos? Descubra el magn\u00edfico hotel de 4 estrellas La Zoologie, en el barrio de la estaci\u00f3n.","og_url":"https:\/\/www.hotelzoologie.com\/es\/habitaciones-insolitos-en-burdeos\/","og_site_name":"H\u00f4tel La Zoologie Bordeaux","article_modified_time":"2023-11-28T16:50:14+00:00","twitter_card":"summary_large_image","twitter_misc":{"Tiempo de lectura":"4 minutos"},"schema":{"@context":"https:\/\/schema.org","@graph":[{"@type":"WebPage","@id":"https:\/\/www.hotelzoologie.com\/es\/habitaciones-insolitos-en-burdeos\/","url":"https:\/\/www.hotelzoologie.com\/es\/habitaciones-insolitos-en-burdeos\/","name":"Alojamiento y habitaciones ins\u00f3litos en Burdeos - H\u00f4tel la Zoologie","isPartOf":{"@id":"https:\/\/www.hotelzoologie.com\/es\/#website"},"datePublished":"2023-11-28T10:32:20+00:00","dateModified":"2023-11-28T16:50:14+00:00","description":"\u00bfLe gustar\u00eda pasar una noche en una de nuestras ins\u00f3litas habitaciones de Burdeos? Descubra el magn\u00edfico hotel de 4 estrellas La Zoologie, en el barrio de la estaci\u00f3n.","breadcrumb":{"@id":"https:\/\/www.hotelzoologie.com\/es\/habitaciones-insolitos-en-burdeos\/#breadcrumb"},"inLanguage":"es","potentialAction":[{"@type":"ReadAction","target":["https:\/\/www.hotelzoologie.com\/es\/habitaciones-insolitos-en-burdeos\/"]}]},{"@type":"BreadcrumbList","@id":"https:\/\/www.hotelzoologie.com\/es\/habitaciones-insolitos-en-burdeos\/#breadcrumb","itemListElement":[{"@type":"ListItem","position":1,"name":"Home","item":"https:\/\/www.hotelzoologie.com\/es\/"},{"@type":"ListItem","position":2,"name":"Nuestras habitaciones ins\u00f3litas en Burdeos"}]},{"@type":"WebSite","@id":"https:\/\/www.hotelzoologie.com\/es\/#website","url":"https:\/\/www.hotelzoologie.com\/es\/","name":"H\u00f4tel La Zoologie Bordeaux","description":"","publisher":{"@id":"https:\/\/www.hotelzoologie.com\/es\/#organization"},"potentialAction":[{"@type":"SearchAction","target":{"@type":"EntryPoint","urlTemplate":"https:\/\/www.hotelzoologie.com\/es\/?s={search_term_string}"},"query-input":{"@type":"PropertyValueSpecification","valueRequired":true,"valueName":"search_term_string"}}],"inLanguage":"es"},{"@type":"Organization","@id":"https:\/\/www.hotelzoologie.com\/es\/#organization","name":"H\u00f4tel La Zoologie Bordeaux","url":"https:\/\/www.hotelzoologie.com\/es\/","logo":{"@type":"ImageObject","inLanguage":"es","@id":"https:\/\/www.hotelzoologie.com\/es\/#\/schema\/logo\/image\/","url":"https:\/\/www.hotelzoologie.com\/wp-content\/uploads\/2020\/09\/Logo-Zoologie.jpg","contentUrl":"https:\/\/www.hotelzoologie.com\/wp-content\/uploads\/2020\/09\/Logo-Zoologie.jpg","width":500,"height":70,"caption":"H\u00f4tel La Zoologie Bordeaux"},"image":{"@id":"https:\/\/www.hotelzoologie.com\/es\/#\/schema\/logo\/image\/"}}]}},"_links":{"self":[{"href":"https:\/\/www.hotelzoologie.com\/es\/wp-json\/wp\/v2\/pages\/5348","targetHints":{"allow":["GET"]}}],"collection":[{"href":"https:\/\/www.hotelzoologie.com\/es\/wp-json\/wp\/v2\/pages"}],"about":[{"href":"https:\/\/www.hotelzoologie.com\/es\/wp-json\/wp\/v2\/types\/page"}],"author":[{"embeddable":true,"href":"https:\/\/www.hotelzoologie.com\/es\/wp-json\/wp\/v2\/users\/1"}],"replies":[{"embeddable":true,"href":"https:\/\/www.hotelzoologie.com\/es\/wp-json\/wp\/v2\/comments?post=5348"}],"version-history":[{"count":5,"href":"https:\/\/www.hotelzoologie.com\/es\/wp-json\/wp\/v2\/pages\/5348\/revisions"}],"predecessor-version":[{"id":5901,"href":"https:\/\/www.hotelzoologie.com\/es\/wp-json\/wp\/v2\/pages\/5348\/revisions\/5901"}],"wp:attachment":[{"href":"https:\/\/www.hotelzoologie.com\/es\/wp-json\/wp\/v2\/media?parent=5348"}],"curies":[{"name":"wp","href":"https:\/\/api.w.org\/{rel}","templated":true}]}}