{"id":5898,"date":"2018-02-17T13:08:27","date_gmt":"2018-02-17T13:08:27","guid":{"rendered":"https:\/\/www.hotelzoologie.com\/contact\/"},"modified":"2025-01-16T10:44:31","modified_gmt":"2025-01-16T10:44:31","slug":"contacto","status":"publish","type":"page","link":"https:\/\/www.hotelzoologie.com\/es\/contacto\/","title":{"rendered":"Contacto"},"content":{"rendered":"<p>[vc_row full_width=&#8221;stretch_row&#8221; parallax=&#8221;content-moving-fade&#8221; parallax_image=&#8221;7356&#8243; parallax_speed_bg=&#8221;2.5&#8243; css_animation=&#8221;fadeIn&#8221;][vc_column][vc_empty_space height=&#8221;450&#8243;][\/vc_column][\/vc_row][vc_row][vc_column][vc_empty_space height=&#8221;60&#8243;][\/vc_column][\/vc_row][vc_row][vc_column width=&#8221;1\/2&#8243;][vc_custom_heading text=&#8221;Cont\u00e1ctenos&#8221; font_container=&#8221;tag:h2|font_size:34|text_align:center|color:%23af4e34&#8243; google_fonts=&#8221;font_family:Tenor%20Sans%3Aregular|font_style:400%20regular%3A400%3Anormal&#8221; css_animation=&#8221;none&#8221;][vc_separator color=&#8221;chino&#8221; border_width=&#8221;2&#8243; el_width=&#8221;30&#8243; css_animation=&#8221;none&#8221; css=&#8221;.vc_custom_1731596607500{margin-top: 24px !important;}&#8221;][vc_custom_heading text=&#8221;El Hotel&#8221; font_container=&#8221;tag:h3|font_size:25|text_align:center|color:%235d2c11&#8243; google_fonts=&#8221;font_family:Tenor%20Sans%3Aregular|font_style:400%20regular%3A400%3Anormal&#8221; css_animation=&#8221;none&#8221;][vc_column_text css_animation=&#8221;none&#8221;]<\/p>\n<p style=\"text-align: center;\">+33 (0)5 33 06 99 17<\/p>\n<p style=\"text-align: center;\">contact@hotelzoologie.com<\/p>\n<p>[\/vc_column_text][vc_custom_heading text=&#8221;El Spa&#8221; font_container=&#8221;tag:h3|font_size:25|text_align:center|color:%235d2c11&#8243; google_fonts=&#8221;font_family:Tenor%20Sans%3Aregular|font_style:400%20regular%3A400%3Anormal&#8221; css_animation=&#8221;none&#8221;][vc_column_text css_animation=&#8221;none&#8221;]<\/p>\n<p class=\"cvGsUA direction-ltr align-center para-style-body\" style=\"text-align: center;\"><span class=\"OYPEnA font-feature-liga-off font-feature-clig-off font-feature-calt-off text-decoration-none text-strikethrough-none\">+33 (0)7 65 28 53 04<\/span><\/p>\n<p class=\"cvGsUA direction-ltr align-center para-style-body\" style=\"text-align: center;\"><span class=\"OYPEnA font-feature-liga-off font-feature-clig-off font-feature-calt-off text-decoration-none text-strikethrough-none\">spa@hotelzoologie.com<\/span><\/p>\n<p>[\/vc_column_text][vc_custom_heading text=&#8221;Eventos&#8221; font_container=&#8221;tag:h3|font_size:25|text_align:center|color:%235d2c11&#8243; google_fonts=&#8221;font_family:Tenor%20Sans%3Aregular|font_style:400%20regular%3A400%3Anormal&#8221; css_animation=&#8221;none&#8221;][vc_column_text css_animation=&#8221;none&#8221;]<\/p>\n<p class=\"cvGsUA direction-ltr align-center para-style-body\" style=\"text-align: center;\"><span class=\"OYPEnA font-feature-liga-off font-feature-clig-off font-feature-calt-off text-decoration-none text-strikethrough-none\">+33 (0)5 33 06 99 17<\/span><\/p>\n<p class=\"cvGsUA direction-ltr align-center para-style-body\" style=\"text-align: center;\"><span class=\"OYPEnA font-feature-liga-off font-feature-clig-off font-feature-calt-off text-decoration-none text-strikethrough-none\">commercial@hotelzoologie.com<\/span><\/p>\n<p>[\/vc_column_text][\/vc_column][vc_column width=&#8221;1\/2&#8243;][vc_single_image image=&#8221;7412&#8243; img_size=&#8221;full&#8221; alignment=&#8221;center&#8221; css_animation=&#8221;none&#8221; css=&#8221;.vc_custom_1734623288002{margin-top: 10px !important;}&#8221; el_class=&#8221;custom-image-1&#8243;][\/vc_column][\/vc_row][vc_row][vc_column][vc_empty_space height=&#8221;60&#8243;][\/vc_column][\/vc_row][vc_row][vc_column][vc_custom_heading text=&#8221;C\u00f3mo llegar al hotel&#8221; font_container=&#8221;tag:h2|font_size:34|text_align:center|color:%23af4e34&#8243; google_fonts=&#8221;font_family:Tenor%20Sans%3Aregular|font_style:400%20regular%3A400%3Anormal&#8221; css_animation=&#8221;none&#8221;][vc_separator color=&#8221;chino&#8221; border_width=&#8221;2&#8243; el_width=&#8221;30&#8243; css_animation=&#8221;none&#8221; css=&#8221;.vc_custom_1731596607500{margin-top: 24px !important;}&#8221;][\/vc_column][\/vc_row][vc_row][vc_column width=&#8221;1\/2&#8243;][vc_custom_heading text=&#8221;En coche&#8221; font_container=&#8221;tag:h3|font_size:25|text_align:center|color:%235d2c11&#8243; google_fonts=&#8221;font_family:Tenor%20Sans%3Aregular|font_style:400%20regular%3A400%3Anormal&#8221; css_animation=&#8221;none&#8221;][vc_column_text css_animation=&#8221;none&#8221; css=&#8221;.vc_custom_1734707160537{margin-right: 20px !important;margin-left: 20px !important;}&#8221;]<\/p>\n<p style=\"text-align: left;\">El hotel La Zoologie no dispone de aparcamiento. Utilice el Parking Meunier Gare Saint Jean, a 100 m del hotel.<\/p>\n<p>[\/vc_column_text][vc_custom_heading text=&#8221;En tren&#8221; font_container=&#8221;tag:h3|font_size:25|text_align:center|color:%235d2c11&#8243; google_fonts=&#8221;font_family:Tenor%20Sans%3Aregular|font_style:400%20regular%3A400%3Anormal&#8221; css_animation=&#8221;none&#8221;][vc_column_text css_animation=&#8221;none&#8221; css=&#8221;.vc_custom_1734707198413{margin-right: 20px !important;margin-left: 20px !important;}&#8221;]<\/p>\n<p class=\"cvGsUA direction-ltr align-justify para-style-body\">Estamos situados a 600 m de la Gare Saint Jean.<\/p>\n<ul>\n<li class=\"cvGsUA direction-ltr align-justify para-style-body\"><span class=\"OYPEnA font-feature-liga-off font-feature-clig-off font-feature-calt-off text-decoration-none text-strikethrough-none\">8 min de pie<\/span><\/li>\n<li><span class=\"OYPEnA font-feature-liga-off font-feature-clig-off font-feature-calt-off text-decoration-none text-strikethrough-none\">5 min en autob\u00fas &#8211; L\u00ednea G direcci\u00f3n ST MEDARD Issac \/ ST AUBIN Villepreux &#8211; Parada Lyc\u00e9e Gustave Eiffel &#8211; 1,80 euros<\/span><\/li>\n<li><span class=\"OYPEnA font-feature-liga-off font-feature-clig-off font-feature-calt-off text-decoration-none text-strikethrough-none\">3 min <\/span>en taxi &#8211; Entre 12 y 20 euros<\/li>\n<\/ul>\n<p>[\/vc_column_text][\/vc_column][vc_column width=&#8221;1\/2&#8243;][vc_custom_heading text=&#8221;En bicicleta&#8221; font_container=&#8221;tag:h3|font_size:25|text_align:center|color:%235d2c11&#8243; google_fonts=&#8221;font_family:Tenor%20Sans%3Aregular|font_style:400%20regular%3A400%3Anormal&#8221; css_animation=&#8221;none&#8221;][vc_column_text css_animation=&#8221;none&#8221; css=&#8221;.vc_custom_1734707173191{margin-right: 20px !important;margin-left: 20px !important;}&#8221;]<\/p>\n<p style=\"text-align: left;\">Disponemos de un garaje para guardar sus bicicletas durante su estancia. Especif\u00edquelo al hacer la reserva.<\/p>\n<p>[\/vc_column_text][vc_custom_heading text=&#8221;En avi\u00f3n&#8221; font_container=&#8221;tag:h3|font_size:25|text_align:center|color:%235d2c11&#8243; google_fonts=&#8221;font_family:Tenor%20Sans%3Aregular|font_style:400%20regular%3A400%3Anormal&#8221; css_animation=&#8221;none&#8221; css=&#8221;.vc_custom_1734707179991{margin-top: 0px !important;}&#8221;][vc_column_text css_animation=&#8221;none&#8221; css=&#8221;.vc_custom_1734707185697{margin-top: 0px !important;margin-right: 20px !important;margin-left: 20px !important;}&#8221;]Del aeropuerto<\/p>\n<ul>\n<li>Entre 30 &#8211; 45min en taxi &#8211; Aproximadamente 60 euros<\/li>\n<li>Entre 45min &#8211; 1h en transporte p\u00fablico\n<ul>\n<li>Lanzadera directa del aeropuerto a la estaci\u00f3n de tren &#8211; 8 euros<\/li>\n<li>Tranv\u00eda A y C &#8211; parada Sainte-Croix &#8211; 1,80<\/li>\n<li style=\"list-style-type: none;\"><\/li>\n<\/ul>\n<\/li>\n<\/ul>\n<p>[\/vc_column_text][\/vc_column][\/vc_row][vc_row][vc_column offset=&#8221;vc_hidden-xs&#8221;][vc_empty_space height=&#8221;60&#8243;][\/vc_column][\/vc_row][vc_row][vc_column width=&#8221;1\/4&#8243; offset=&#8221;vc_hidden-md vc_hidden-sm vc_hidden-xs&#8221;][vc_single_image image=&#8221;7428&#8243; img_size=&#8221;full&#8221; alignment=&#8221;center&#8221; css_animation=&#8221;fadeIn&#8221; el_class=&#8221;custom-image-2&#8243;][vc_single_image image=&#8221;7398&#8243; img_size=&#8221;full&#8221; css_animation=&#8221;fadeIn&#8221; el_class=&#8221;custom-image-3&#8243;][\/vc_column][vc_column width=&#8221;1\/4&#8243; offset=&#8221;vc_hidden-md vc_hidden-sm vc_hidden-xs&#8221;][vc_single_image image=&#8221;7899&#8243; img_size=&#8221;full&#8221; alignment=&#8221;center&#8221; css_animation=&#8221;fadeIn&#8221; el_class=&#8221;custom-image-3&#8243;][vc_single_image image=&#8221;7896&#8243; img_size=&#8221;full&#8221; alignment=&#8221;center&#8221; css_animation=&#8221;fadeIn&#8221; el_class=&#8221;custom-image-2&#8243;][\/vc_column][vc_column width=&#8221;1\/4&#8243; offset=&#8221;vc_hidden-md vc_hidden-sm vc_hidden-xs&#8221;][vc_single_image image=&#8221;7379&#8243; img_size=&#8221;full&#8221; alignment=&#8221;center&#8221; css_animation=&#8221;fadeIn&#8221; el_class=&#8221;custom-image-4&#8243;][vc_single_image image=&#8221;7905&#8243; img_size=&#8221;full&#8221; alignment=&#8221;center&#8221; css_animation=&#8221;fadeIn&#8221; el_class=&#8221;custom-image-5&#8243;][\/vc_column][vc_column width=&#8221;1\/4&#8243; offset=&#8221;vc_hidden-md vc_hidden-sm vc_hidden-xs&#8221;][vc_single_image image=&#8221;7908&#8243; img_size=&#8221;full&#8221; alignment=&#8221;center&#8221; css_animation=&#8221;fadeIn&#8221; el_class=&#8221;custom-image-2&#8243;][vc_single_image image=&#8221;7420&#8243; img_size=&#8221;full&#8221; alignment=&#8221;center&#8221; css_animation=&#8221;fadeIn&#8221; el_class=&#8221;custom-image-3&#8243;][\/vc_column][\/vc_row][vc_row][vc_column offset=&#8221;vc_hidden-lg vc_hidden-xs&#8221;][vc_media_grid element_width=&#8221;3&#8243; gap=&#8221;20&#8243; grid_id=&#8221;vc_gid:1735494071491-b5ab5af8e9c4e228e38a85209f1a7c60-0&#8243; include=&#8221;7398,7420,7428,7905,7379,7896,7899,7908&#8243;][\/vc_column][\/vc_row][vc_row][vc_column offset=&#8221;vc_hidden-lg vc_hidden-md vc_hidden-sm&#8221;][vc_media_grid style=&#8221;pagination&#8221; items_per_page=&#8221;1&#8243; arrows_design=&#8221;vc_arrow-icon-arrow_01_left&#8221; arrows_color=&#8221;grey&#8221; paging_design=&#8221;none&#8221; loop=&#8221;yes&#8221; autoplay=&#8221;3&#8243; initial_loading_animation=&#8221;none&#8221; grid_id=&#8221;vc_gid:1735494071507-56fd3d8b62e079478e428ea7ff7ff245-3&#8243; include=&#8221;7398,7420,7428,7379,7896,7899,7905,7908&#8243;][\/vc_column][\/vc_row][vc_row content_placement=&#8221;middle&#8221;][vc_column][vc_empty_space height=&#8221;70&#8243;][vc_gmaps link=&#8221;#E-8_JTNDaWZyYW1lJTIwc3JjJTNEJTIyaHR0cHMlM0ElMkYlMkZ3d3cuZ29vZ2xlLmNvbSUyRm1hcHMlMkZlbWJlZCUzRnBiJTNEJTIxMW0xOCUyMTFtMTIlMjExbTMlMjExZDI4MjkuNjYyMzc4MTA3NTk3MyUyMTJkLTAuNTY0NzI1OTgzOTg3NzgwNiUyMTNkNDQuODI4NDQyMzc5MDk4NTYlMjEybTMlMjExZjAlMjEyZjAlMjEzZjAlMjEzbTIlMjExaTEwMjQlMjEyaTc2OCUyMTRmMTMuMSUyMTNtMyUyMTFtMiUyMTFzMHhkNTUyNjRhZGMzMDIzMWQlMjUzQTB4ZjIyYTRhYmE3MDFjZDhkYyUyMTJzMTUxJTI1MjBDb3VycyUyNTIwZGUlMjUyMGxhJTI1MjBNYXJuZSUyNTJDJTI1MjAzMzgwMCUyNTIwQm9yZGVhdXglMjE1ZTAlMjEzbTIlMjExc2ZyJTIxMnNmciUyMTR2MTYyMjYyMDM4ODU1MSUyMTVtMiUyMTFzZnIlMjEyc2ZyJTIyJTIwd2lkdGglM0QlMjI2MDAlMjIlMjBoZWlnaHQlM0QlMjI0NTAlMjIlMjBzdHlsZSUzRCUyMmJvcmRlciUzQTAlM0IlMjIlMjBhbGxvd2Z1bGxzY3JlZW4lM0QlMjIlMjIlMjBsb2FkaW5nJTNEJTIybGF6eSUyMiUzRSUzQyUyRmlmcmFtZSUzRQ==&#8221;][vc_empty_space height=&#8221;60&#8243;][\/vc_column][\/vc_row]<\/p>\n","protected":false},"excerpt":{"rendered":"<p>[vc_row full_width=&#8221;stretch_row&#8221; parallax=&#8221;content-moving-fade&#8221; parallax_image=&#8221;7356&#8243; parallax_speed_bg=&#8221;2.5&#8243; css_animation=&#8221;fadeIn&#8221;][vc_column][vc_empty_space height=&#8221;450&#8243;][\/vc_column][\/vc_row][vc_row][vc_column][vc_empty_space height=&#8221;60&#8243;][\/vc_column][\/vc_row][vc_row][vc_column width=&#8221;1\/2&#8243;][vc_custom_heading text=&#8221;Cont\u00e1ctenos&#8221; font_container=&#8221;tag:h2|font_size:34|text_align:center|color:%23af4e34&#8243; google_fonts=&#8221;font_family:Tenor%20Sans%3Aregular|font_style:400%20regular%3A400%3Anormal&#8221; css_animation=&#8221;none&#8221;][vc_separator color=&#8221;chino&#8221; border_width=&#8221;2&#8243; el_width=&#8221;30&#8243; css_animation=&#8221;none&#8221; css=&#8221;.vc_custom_1731596607500{margin-top: 24px !important;}&#8221;][vc_custom_heading text=&#8221;El Hotel&#8221; font_container=&#8221;tag:h3|font_size:25|text_align:center|color:%235d2c11&#8243; google_fonts=&#8221;font_family:Tenor%20Sans%3Aregular|font_style:400%20regular%3A400%3Anormal&#8221; css_animation=&#8221;none&#8221;][vc_column_text css_animation=&#8221;none&#8221;] +33 (0)5 33 06 99 17 contact@hotelzoologie.com [\/vc_column_text][vc_custom_heading text=&#8221;El Spa&#8221; font_container=&#8221;tag:h3|font_size:25|text_align:center|color:%235d2c11&#8243; google_fonts=&#8221;font_family:Tenor%20Sans%3Aregular|font_style:400%20regular%3A400%3Anormal&#8221; css_animation=&#8221;none&#8221;][vc_column_text css_animation=&#8221;none&#8221;] +33 (0)7 65 28 53 04 spa@hotelzoologie.com [\/vc_column_text][vc_custom_heading text=&#8221;Eventos&#8221; font_container=&#8221;tag:h3|font_size:25|text_align:center|color:%235d2c11&#8243; google_fonts=&#8221;font_family:Tenor%20Sans%3Aregular|font_style:400%20regular%3A400%3Anormal&#8221; css_animation=&#8221;none&#8221;][vc_column_text css_animation=&#8221;none&#8221;] +33 (0)5 [&hellip;]<\/p>\n","protected":false},"author":1,"featured_media":0,"parent":0,"menu_order":0,"comment_status":"closed","ping_status":"closed","template":"","meta":{"footnotes":""},"class_list":["post-5898","page","type-page","status-publish","hentry"],"yoast_head":"<!-- This site is optimized with the Yoast SEO plugin v27.4 - https:\/\/yoast.com\/product\/yoast-seo-wordpress\/ -->\n<title>Contacto - H\u00f4tel La Zoologie Bordeaux<\/title>\n<meta name=\"description\" content=\"Mapa de acceso al hotel de lujo La Zoologie en el centro de Burdeos. P\u00f3ngase en contacto con nuestro equipo para su pr\u00f3xima reserva.\" \/>\n<meta name=\"robots\" content=\"index, follow, max-snippet:-1, max-image-preview:large, max-video-preview:-1\" \/>\n<link rel=\"canonical\" href=\"https:\/\/www.hotelzoologie.com\/es\/contacto\/\" \/>\n<meta property=\"og:locale\" content=\"es_ES\" \/>\n<meta property=\"og:type\" content=\"article\" \/>\n<meta property=\"og:title\" content=\"Contacto - H\u00f4tel La Zoologie Bordeaux\" \/>\n<meta property=\"og:description\" content=\"Mapa de acceso al hotel de lujo La Zoologie en el centro de Burdeos. P\u00f3ngase en contacto con nuestro equipo para su pr\u00f3xima reserva.\" \/>\n<meta property=\"og:url\" content=\"https:\/\/www.hotelzoologie.com\/es\/contacto\/\" \/>\n<meta property=\"og:site_name\" content=\"H\u00f4tel La Zoologie Bordeaux\" \/>\n<meta property=\"article:modified_time\" content=\"2025-01-16T10:44:31+00:00\" \/>\n<meta name=\"twitter:card\" content=\"summary_large_image\" \/>\n<meta name=\"twitter:label1\" content=\"Tiempo de lectura\" \/>\n\t<meta name=\"twitter:data1\" content=\"4 minutos\" \/>\n<!-- \/ Yoast SEO plugin. -->","yoast_head_json":{"title":"Contacto - H\u00f4tel La Zoologie Bordeaux","description":"Mapa de acceso al hotel de lujo La Zoologie en el centro de Burdeos. P\u00f3ngase en contacto con nuestro equipo para su pr\u00f3xima reserva.","robots":{"index":"index","follow":"follow","max-snippet":"max-snippet:-1","max-image-preview":"max-image-preview:large","max-video-preview":"max-video-preview:-1"},"canonical":"https:\/\/www.hotelzoologie.com\/es\/contacto\/","og_locale":"es_ES","og_type":"article","og_title":"Contacto - H\u00f4tel La Zoologie Bordeaux","og_description":"Mapa de acceso al hotel de lujo La Zoologie en el centro de Burdeos. P\u00f3ngase en contacto con nuestro equipo para su pr\u00f3xima reserva.","og_url":"https:\/\/www.hotelzoologie.com\/es\/contacto\/","og_site_name":"H\u00f4tel La Zoologie Bordeaux","article_modified_time":"2025-01-16T10:44:31+00:00","twitter_card":"summary_large_image","twitter_misc":{"Tiempo de lectura":"4 minutos"},"schema":{"@context":"https:\/\/schema.org","@graph":[{"@type":"WebPage","@id":"https:\/\/www.hotelzoologie.com\/es\/contacto\/","url":"https:\/\/www.hotelzoologie.com\/es\/contacto\/","name":"Contacto - H\u00f4tel La Zoologie Bordeaux","isPartOf":{"@id":"https:\/\/www.hotelzoologie.com\/es\/#website"},"datePublished":"2018-02-17T13:08:27+00:00","dateModified":"2025-01-16T10:44:31+00:00","description":"Mapa de acceso al hotel de lujo La Zoologie en el centro de Burdeos. P\u00f3ngase en contacto con nuestro equipo para su pr\u00f3xima reserva.","breadcrumb":{"@id":"https:\/\/www.hotelzoologie.com\/es\/contacto\/#breadcrumb"},"inLanguage":"es","potentialAction":[{"@type":"ReadAction","target":["https:\/\/www.hotelzoologie.com\/es\/contacto\/"]}]},{"@type":"BreadcrumbList","@id":"https:\/\/www.hotelzoologie.com\/es\/contacto\/#breadcrumb","itemListElement":[{"@type":"ListItem","position":1,"name":"Home","item":"https:\/\/www.hotelzoologie.com\/es\/"},{"@type":"ListItem","position":2,"name":"Contacto"}]},{"@type":"WebSite","@id":"https:\/\/www.hotelzoologie.com\/es\/#website","url":"https:\/\/www.hotelzoologie.com\/es\/","name":"H\u00f4tel La Zoologie Bordeaux","description":"","publisher":{"@id":"https:\/\/www.hotelzoologie.com\/es\/#organization"},"potentialAction":[{"@type":"SearchAction","target":{"@type":"EntryPoint","urlTemplate":"https:\/\/www.hotelzoologie.com\/es\/?s={search_term_string}"},"query-input":{"@type":"PropertyValueSpecification","valueRequired":true,"valueName":"search_term_string"}}],"inLanguage":"es"},{"@type":"Organization","@id":"https:\/\/www.hotelzoologie.com\/es\/#organization","name":"H\u00f4tel La Zoologie Bordeaux","url":"https:\/\/www.hotelzoologie.com\/es\/","logo":{"@type":"ImageObject","inLanguage":"es","@id":"https:\/\/www.hotelzoologie.com\/es\/#\/schema\/logo\/image\/","url":"https:\/\/www.hotelzoologie.com\/wp-content\/uploads\/2020\/09\/Logo-Zoologie.jpg","contentUrl":"https:\/\/www.hotelzoologie.com\/wp-content\/uploads\/2020\/09\/Logo-Zoologie.jpg","width":500,"height":70,"caption":"H\u00f4tel La Zoologie Bordeaux"},"image":{"@id":"https:\/\/www.hotelzoologie.com\/es\/#\/schema\/logo\/image\/"}}]}},"_links":{"self":[{"href":"https:\/\/www.hotelzoologie.com\/es\/wp-json\/wp\/v2\/pages\/5898","targetHints":{"allow":["GET"]}}],"collection":[{"href":"https:\/\/www.hotelzoologie.com\/es\/wp-json\/wp\/v2\/pages"}],"about":[{"href":"https:\/\/www.hotelzoologie.com\/es\/wp-json\/wp\/v2\/types\/page"}],"author":[{"embeddable":true,"href":"https:\/\/www.hotelzoologie.com\/es\/wp-json\/wp\/v2\/users\/1"}],"replies":[{"embeddable":true,"href":"https:\/\/www.hotelzoologie.com\/es\/wp-json\/wp\/v2\/comments?post=5898"}],"version-history":[{"count":34,"href":"https:\/\/www.hotelzoologie.com\/es\/wp-json\/wp\/v2\/pages\/5898\/revisions"}],"predecessor-version":[{"id":8048,"href":"https:\/\/www.hotelzoologie.com\/es\/wp-json\/wp\/v2\/pages\/5898\/revisions\/8048"}],"wp:attachment":[{"href":"https:\/\/www.hotelzoologie.com\/es\/wp-json\/wp\/v2\/media?parent=5898"}],"curies":[{"name":"wp","href":"https:\/\/api.w.org\/{rel}","templated":true}]}}