{"id":5994,"date":"2020-09-01T14:11:33","date_gmt":"2020-09-01T14:11:33","guid":{"rendered":"https:\/\/www.hotelzoologie.com\/bordeaux\/"},"modified":"2023-11-29T13:49:24","modified_gmt":"2023-11-29T13:49:24","slug":"burdeos","status":"publish","type":"page","link":"https:\/\/www.hotelzoologie.com\/es\/burdeos\/","title":{"rendered":"Qu\u00e9 hacer en Burdeos"},"content":{"rendered":"<p>[vc_row full_width=&#8221;stretch_row&#8221;][vc_column][rev_slider_vc alias=&#8221;que-faire-a-bordeaux-ES&#8221; el_class=&#8221;gradient-overlay-slider&#8221;][vc_empty_space height=&#8221;100&#8243;][\/vc_column][\/vc_row][vc_row][vc_column][vc_empty_space height=&#8221;20&#8243;]\t\t\t<div\r\n\t\t\t\tclass=\"main_title  text-center  \">\r\n\t\t\t\t<h2 class=\"title\">Descubra Burdeos durante su estancia<\/h2>\r\n\t\t\t\t\t\t\t<\/div>\r\n\t\t[vc_column_text]<\/p>\n<p style=\"text-align: center;\">Burdeos no es s\u00f3lo una ciudad sublime y bellamente conservada: es tambi\u00e9n un din\u00e1mico centro regional con una amplia oferta de actividades para todos los gustos.<\/p>\n<p style=\"text-align: center;\">Aqu\u00ed tiene algunas ideas de qu\u00e9 hacer cuando salga de su hotel boutique de lujo en Burdeos:<\/p>\n<p style=\"text-align: center;\">&#8211; No abandone la regi\u00f3n sin aventurarse en los vi\u00f1edos bordeleses. D\u00e9 un paseo por el campo y descubra lo que ha sido el latido de la ciudad durante siglos: el vino. Hay excursiones disponibles directamente desde el hotel. Si est\u00e1 interesado, no dude en pedir informaci\u00f3n en la recepci\u00f3n del hotel.<\/p>\n<p style=\"text-align: center;\">&#8211; Puede que Burdeos a\u00fan no haya desarrollado sus riberas para estar tan cerca del agua como Lyon o Par\u00eds, pero no por ello deja de ser una ciudad de agua, atravesada de norte a sur por el Garona. Realice un crucero fluvial y descubra la ciudad y sus alrededores desde otro \u00e1ngulo. Incluso podr\u00e1 comer y cenar en el agua.<\/p>\n<p style=\"text-align: center;\">&#8211; Por \u00faltimo, como ciudad vin\u00edcola, Burdeos es tambi\u00e9n un importante centro gastron\u00f3mico: entre dos cannel\u00e9s, descubra los sabores de la regi\u00f3n en los distintos mercados de la ciudad: el de Chartrons, el de Capucins y el de Halles de Bacalan.<\/p>\n<p style=\"text-align: center;\">\n<p style=\"text-align: center;\">\nNo dude en preguntar en nuestro hotel por todas estas actividades y muchas m\u00e1s.<\/p>\n<p>[\/vc_column_text]\t\t\t<div\r\n\t\t\t\tclass=\"main_title  text-center  \">\r\n\t\t\t\t<h2 class=\"title\">Lugares que visitar en Burdeos y alrededores<\/h2>\r\n\t\t\t\t\t\t\t<\/div>\r\n\t\t[\/vc_column][\/vc_row][vc_row][vc_column][vc_empty_space height=&#8221;20&#8243;][vc_column_text]<\/p>\n<h3 style=\"text-align: center;\">Plaza de la Bolsa<\/h3>\n<p style=\"text-align: center;\">La <strong>plaza de la Bolsa<\/strong> es uno de los lugares m\u00e1s emblem\u00e1ticos de Burdeos. En ella se encuentra el Palacio de la Bolsa, antigua residencia de los comerciantes bordeleses. La plaza est\u00e1 rodeada de numerosas casas burguesas del siglo XVIII, testimonio de la prosperidad pasada de la ciudad. Hoy en d\u00eda, es un lugar muy frecuentado tanto por turistas como por bordeleses.<\/p>\n<p style=\"text-align: center;\">\n<h3 style=\"text-align: center;\">\nLa Ciudad del Vino<\/h3>\n<p style=\"text-align: center;\">La <strong>Cit\u00e9 du Vin<\/strong> es un museo de Burdeos dedicado a la historia, la cultura y la producci\u00f3n del vino. Se encuentra en el barrio de Chartrons, a orillas del Garona.<\/p>\n<p style=\"text-align: center;\">La entrada al museo es gratuita para los menores de 18 a\u00f1os, y hay descuento para estudiantes. Tambi\u00e9n hay tarifas especiales para grupos.<\/p>\n<p style=\"text-align: center;\">El museo ofrece un recorrido audiovisual por la historia del vino en el mundo. Tambi\u00e9n se pueden degustar vinos en la bodega y participar en talleres enol\u00f3gicos.<\/p>\n<h3 style=\"text-align: center;\">Bas\u00edlica de Saint-Michel<\/h3>\n<p style=\"text-align: center;\">La<strong> Bas\u00edlica Saint-Michel<\/strong> es una iglesia g\u00f3tica situada en el barrio de Saint-Michel de Burdeos. Fue construida en el siglo XIV sobre las ruinas de una antigua iglesia rom\u00e1nica. La bas\u00edlica es conocida por su impresionante interior y sus magn\u00edficas vidrieras.<\/p>\n<h3 style=\"text-align: center;\">Catedral Saint-Andr\u00e9<\/h3>\n<p style=\"text-align: center;\"><strong>La catedral Saint-Andr\u00e9 de Burdeos<\/strong> es una catedral g\u00f3tica situada en el centro hist\u00f3rico de la ciudad. Considerada una de las catedrales m\u00e1s bellas de Francia, fue declarada Patrimonio de la Humanidad por la UNESCO en 1998. La catedral alberga tambi\u00e9n la Tumba del Duque de Alba, uno de los monumentos m\u00e1s visitados de Burdeos.<\/p>\n<p style=\"text-align: center;\">\n<h3 style=\"text-align: center;\">\nPuerta Cailhau<\/h3>\n<p style=\"text-align: center;\">La Puerta Cailhau es una puerta fortificada situada en el centro hist\u00f3rico de Burdeos. Construida en el siglo XV, est\u00e1 considerada una de las puertas m\u00e1s bellas de la ciudad.<\/p>\n<p style=\"text-align: center;\">\n<p style=\"text-align: center;\">\nGrosse Cloche<\/p>\n<p style=\"text-align: center;\">Cuando se piensa en Burdeos, a menudo se piensa en una ciudad chic y elegante. Pero esta ciudad tiene mucho m\u00e1s que ofrecer. Entre los numerosos lugares y monumentos que puede visitar, la Grosse Cloche es sin duda una visita obligada. Esta atalaya del siglo XIV, situada en pleno casco antiguo, se ha convertido en un s\u00edmbolo de la ciudad de Burdeos. Desde lo alto, se disfruta de una magn\u00edfica vista del centro de la ciudad.<\/p>\n<p style=\"text-align: center;\">\n<h3 style=\"text-align: center;\">\nPlaza de la Comedia<\/h3>\n<p style=\"text-align: center;\">La plaza de la Com\u00e9die es el coraz\u00f3n hist\u00f3rico de Burdeos. Aqu\u00ed es donde acuden los turistas para hacer fotos y admirar la arquitectura. La plaza est\u00e1 rodeada de numerosos restaurantes, caf\u00e9s y bares, por lo que es un lugar ideal para relajarse y disfrutar de la ciudad.<\/p>\n<p style=\"text-align: center;\">\n<h3 style=\"text-align: center;\">Bassin des Lumi\u00e8res<\/h3>\n<p style=\"text-align: center;\">El <strong>Bassin des Lumi\u00e8res<\/strong> es un magn\u00edfico lugar que visitar en Burdeos. El edificio en s\u00ed merece una visita. Es una antigua base de submarinos construida por los alemanes durante la Segunda Guerra Mundial. En lugar de destruir este bloque de hormig\u00f3n armado, hoy encontramos exposiciones innovadoras y originales. Llamada la Cuenca de las Luces por su arquitectura y su ubicaci\u00f3n sobre el agua, venga a disfrutar de sus magn\u00edficas exposiciones.<\/p>\n<p style=\"text-align: center;\">\n<h3 style=\"text-align: center;\">\nJard\u00edn P\u00fablico<\/h3>\n<p style=\"text-align: center;\">El <strong>Jardin Public<\/strong> de Burdeos es un magn\u00edfico jard\u00edn en pleno centro de la ciudad. Es un lugar estupendo para relajarse y admirar la ciudad a su alrededor. Hay una gran variedad de plantas y flores, as\u00ed como fuentes y esculturas. El jard\u00edn abre todos los d\u00edas de 8 a 20 h.<\/p>\n<p style=\"text-align: center;\">\n<h3 style=\"text-align: center;\">\nPlaza de los Quinconces<\/h3>\n<p style=\"text-align: center;\">La <strong>plaza des Quinconces<\/strong> es el mayor espacio verde de Burdeos. Ocupa 30 hect\u00e1reas y acoge cada a\u00f1o las tradicionales ferias de verano e invierno. Es un lugar muy agradable para pasear, con una fuente monumental y varios monumentos conmemorativos.<\/p>\n<p style=\"text-align: center;\">\n<p style=\"text-align: center;\">\nEspacio Darwin<\/p>\n<p style=\"text-align: center;\">Cambie de orilla para descubrir el <strong>Espace Darwin<\/strong>. Este espacio est\u00e1 dedicado al medio ambiente y a proyectos innovadores. Es un espacio din\u00e1mico donde nunca hay un momento aburrido. Con su skatepark, restaurantes, bar, espect\u00e1culos, food-truck y tiendas, Darwin es una miniciudad en la ciudad de Burdeos. Es una visita obligada que crece cada a\u00f1o.<\/p>\n<div id=\"gtx-trans\" style=\"position: absolute; left: 250px; top: 2416.03px;\">\n<div class=\"gtx-trans-icon\"><\/div>\n<\/div>\n<p>[\/vc_column_text][\/vc_column][\/vc_row]<\/p>\n","protected":false},"excerpt":{"rendered":"<p>[vc_row full_width=&#8221;stretch_row&#8221;][vc_column][rev_slider_vc alias=&#8221;que-faire-a-bordeaux-ES&#8221; el_class=&#8221;gradient-overlay-slider&#8221;][vc_empty_space height=&#8221;100&#8243;][\/vc_column][\/vc_row][vc_row][vc_column][vc_empty_space height=&#8221;20&#8243;][vc_column_text] Burdeos no es s\u00f3lo una ciudad sublime y bellamente conservada: es tambi\u00e9n un din\u00e1mico centro regional con una amplia oferta de actividades para todos los gustos. Aqu\u00ed tiene algunas ideas de qu\u00e9 hacer cuando salga de su hotel boutique de lujo en Burdeos: &#8211; No abandone la regi\u00f3n sin [&hellip;]<\/p>\n","protected":false},"author":1,"featured_media":0,"parent":0,"menu_order":0,"comment_status":"closed","ping_status":"closed","template":"","meta":{"footnotes":""},"class_list":["post-5994","page","type-page","status-publish","hentry"],"yoast_head":"<!-- This site is optimized with the Yoast SEO plugin v27.5 - https:\/\/yoast.com\/product\/yoast-seo-wordpress\/ -->\n<title>Qu\u00e9 hacer en Burdeos - Hotel de lujo La Zoologie Burdeos<\/title>\n<meta name=\"description\" content=\"Descubra la ciudad de Burdeos con el hotel de lujo La Zoologie. Todas las cosas que hacer y lugares que visitar en este art\u00edculo.\" \/>\n<meta name=\"robots\" content=\"index, follow, max-snippet:-1, max-image-preview:large, max-video-preview:-1\" \/>\n<link rel=\"canonical\" href=\"https:\/\/www.hotelzoologie.com\/es\/burdeos\/\" \/>\n<meta property=\"og:locale\" content=\"es_ES\" \/>\n<meta property=\"og:type\" content=\"article\" \/>\n<meta property=\"og:title\" content=\"Qu\u00e9 hacer en Burdeos - Hotel de lujo La Zoologie Burdeos\" \/>\n<meta property=\"og:description\" content=\"Descubra la ciudad de Burdeos con el hotel de lujo La Zoologie. Todas las cosas que hacer y lugares que visitar en este art\u00edculo.\" \/>\n<meta property=\"og:url\" content=\"https:\/\/www.hotelzoologie.com\/es\/burdeos\/\" \/>\n<meta property=\"og:site_name\" content=\"H\u00f4tel La Zoologie Bordeaux\" \/>\n<meta property=\"article:modified_time\" content=\"2023-11-29T13:49:24+00:00\" \/>\n<meta name=\"twitter:card\" content=\"summary_large_image\" \/>\n<meta name=\"twitter:label1\" content=\"Tiempo de lectura\" \/>\n\t<meta name=\"twitter:data1\" content=\"6 minutos\" \/>\n<!-- \/ Yoast SEO plugin. -->","yoast_head_json":{"title":"Qu\u00e9 hacer en Burdeos - Hotel de lujo La Zoologie Burdeos","description":"Descubra la ciudad de Burdeos con el hotel de lujo La Zoologie. Todas las cosas que hacer y lugares que visitar en este art\u00edculo.","robots":{"index":"index","follow":"follow","max-snippet":"max-snippet:-1","max-image-preview":"max-image-preview:large","max-video-preview":"max-video-preview:-1"},"canonical":"https:\/\/www.hotelzoologie.com\/es\/burdeos\/","og_locale":"es_ES","og_type":"article","og_title":"Qu\u00e9 hacer en Burdeos - Hotel de lujo La Zoologie Burdeos","og_description":"Descubra la ciudad de Burdeos con el hotel de lujo La Zoologie. Todas las cosas que hacer y lugares que visitar en este art\u00edculo.","og_url":"https:\/\/www.hotelzoologie.com\/es\/burdeos\/","og_site_name":"H\u00f4tel La Zoologie Bordeaux","article_modified_time":"2023-11-29T13:49:24+00:00","twitter_card":"summary_large_image","twitter_misc":{"Tiempo de lectura":"6 minutos"},"schema":{"@context":"https:\/\/schema.org","@graph":[{"@type":"WebPage","@id":"https:\/\/www.hotelzoologie.com\/es\/burdeos\/","url":"https:\/\/www.hotelzoologie.com\/es\/burdeos\/","name":"Qu\u00e9 hacer en Burdeos - Hotel de lujo La Zoologie Burdeos","isPartOf":{"@id":"https:\/\/www.hotelzoologie.com\/es\/#website"},"datePublished":"2020-09-01T14:11:33+00:00","dateModified":"2023-11-29T13:49:24+00:00","description":"Descubra la ciudad de Burdeos con el hotel de lujo La Zoologie. Todas las cosas que hacer y lugares que visitar en este art\u00edculo.","breadcrumb":{"@id":"https:\/\/www.hotelzoologie.com\/es\/burdeos\/#breadcrumb"},"inLanguage":"es","potentialAction":[{"@type":"ReadAction","target":["https:\/\/www.hotelzoologie.com\/es\/burdeos\/"]}]},{"@type":"BreadcrumbList","@id":"https:\/\/www.hotelzoologie.com\/es\/burdeos\/#breadcrumb","itemListElement":[{"@type":"ListItem","position":1,"name":"Home","item":"https:\/\/www.hotelzoologie.com\/es\/"},{"@type":"ListItem","position":2,"name":"Qu\u00e9 hacer en Burdeos"}]},{"@type":"WebSite","@id":"https:\/\/www.hotelzoologie.com\/es\/#website","url":"https:\/\/www.hotelzoologie.com\/es\/","name":"H\u00f4tel La Zoologie Bordeaux","description":"","publisher":{"@id":"https:\/\/www.hotelzoologie.com\/es\/#organization"},"potentialAction":[{"@type":"SearchAction","target":{"@type":"EntryPoint","urlTemplate":"https:\/\/www.hotelzoologie.com\/es\/?s={search_term_string}"},"query-input":{"@type":"PropertyValueSpecification","valueRequired":true,"valueName":"search_term_string"}}],"inLanguage":"es"},{"@type":"Organization","@id":"https:\/\/www.hotelzoologie.com\/es\/#organization","name":"H\u00f4tel La Zoologie Bordeaux","url":"https:\/\/www.hotelzoologie.com\/es\/","logo":{"@type":"ImageObject","inLanguage":"es","@id":"https:\/\/www.hotelzoologie.com\/es\/#\/schema\/logo\/image\/","url":"https:\/\/www.hotelzoologie.com\/wp-content\/uploads\/2020\/09\/Logo-Zoologie.jpg","contentUrl":"https:\/\/www.hotelzoologie.com\/wp-content\/uploads\/2020\/09\/Logo-Zoologie.jpg","width":500,"height":70,"caption":"H\u00f4tel La Zoologie Bordeaux"},"image":{"@id":"https:\/\/www.hotelzoologie.com\/es\/#\/schema\/logo\/image\/"}}]}},"_links":{"self":[{"href":"https:\/\/www.hotelzoologie.com\/es\/wp-json\/wp\/v2\/pages\/5994","targetHints":{"allow":["GET"]}}],"collection":[{"href":"https:\/\/www.hotelzoologie.com\/es\/wp-json\/wp\/v2\/pages"}],"about":[{"href":"https:\/\/www.hotelzoologie.com\/es\/wp-json\/wp\/v2\/types\/page"}],"author":[{"embeddable":true,"href":"https:\/\/www.hotelzoologie.com\/es\/wp-json\/wp\/v2\/users\/1"}],"replies":[{"embeddable":true,"href":"https:\/\/www.hotelzoologie.com\/es\/wp-json\/wp\/v2\/comments?post=5994"}],"version-history":[{"count":3,"href":"https:\/\/www.hotelzoologie.com\/es\/wp-json\/wp\/v2\/pages\/5994\/revisions"}],"predecessor-version":[{"id":5997,"href":"https:\/\/www.hotelzoologie.com\/es\/wp-json\/wp\/v2\/pages\/5994\/revisions\/5997"}],"wp:attachment":[{"href":"https:\/\/www.hotelzoologie.com\/es\/wp-json\/wp\/v2\/media?parent=5994"}],"curies":[{"name":"wp","href":"https:\/\/api.w.org\/{rel}","templated":true}]}}