{"id":10620,"date":"2026-01-21T13:20:59","date_gmt":"2026-01-21T13:20:59","guid":{"rendered":"https:\/\/www.hotelzoologie.com\/?page_id=10620"},"modified":"2026-01-21T16:49:24","modified_gmt":"2026-01-21T16:49:24","slug":"la-conciergerie-hotel-zoologie","status":"publish","type":"page","link":"https:\/\/www.hotelzoologie.com\/fr\/la-conciergerie-hotel-zoologie\/","title":{"rendered":"La Conciergerie"},"content":{"rendered":"<p>[vc_row full_width=&#8221;stretch_row_content&#8221; full_height=&#8221;yes&#8221; columns_placement=&#8221;stretch&#8221; content_placement=&#8221;middle&#8221; parallax=&#8221;content-moving&#8221; parallax_speed_bg=&#8221;2&#8243; css_animation=&#8221;fadeIn&#8221; css=&#8221;.vc_custom_1769012501767{background-image: url(https:\/\/www.hotelzoologie.com\/wp-content\/uploads\/2022\/08\/chambre-Aile-de-la-Geologie_terasse.jpg?id=4655) !important;}&#8221;][vc_column][vc_custom_heading text=&#8221;La Conciergerie&#8221; font_container=&#8221;tag:h1|font_size:55|text_align:center|color:%23ffffff|line_height:1.5&#8243; google_fonts=&#8221;font_family:Anton%3Aregular|font_style:400%20regular%3A400%3Anormal&#8221;][vc_empty_space height=&#8221;25&#8243;][vc_custom_heading text=&#8221;Pr\u00e9parez votre s\u00e9jour en toute s\u00e9r\u00e9nit\u00e9&#8221; font_container=&#8221;tag:h2|font_size:40|text_align:center|color:%23ffffff|line_height:1.5&#8243; google_fonts=&#8221;font_family:Anton%3Aregular|font_style:400%20regular%3A400%3Anormal&#8221;][vc_empty_space height=&#8221;15&#8243;]\r\n        \r\n        <style>\r\n\t\t\t\t#btn-container-ISVpi {\r\n\t\t\t\t\tfont-size: 15px;\r\n\t\t\t\t\tfont-weight: bold;\r\n\t\t\t\t}\r\n        #btn-ISVpi {\r\n        \tbackground: #af4e34;\r\n\t\t\t\t\tborder-style: solid;\r\n        \tborder-color: #af4e34;\r\n\t\t\t\t\tborder-width: 2px;\r\n        \tcolor: #ffffff;\r\n\t\t\t\t\tpadding: 10px 20px;\r\n\t\t\t\t\tborder-radius: 8px;\r\n\t\t\t\t\tfont-size: 15px;\r\n\t\t\t\t\tline-height: 15px;\r\n\t\t\t\t\t\t\t\t\t\t\t\t\t\t\tfont-weight: bold;\r\n        }\r\n\r\n\t\t\t\t#btn-ISVpi:hover {\r\n\t\t\t\t\tbackground: #af4e34;\r\n\t\t\t\t\tborder-color: #af4e34;\r\n\t\t\t\t\tcolor: #ffffff;\r\n\t\t\t\t\t\t\t\t\t\t\t\t\t\t\t\r\n\t\t\t\t}\r\n\r\n\t\t    #btn-ISVpi i {\r\n\t\t\t\t\tright: 14px;\r\n\t\t\t\t\tmargin-top: 0;\r\n\t\t\t\t\tvertical-align: middle;\r\n\t\t\t\t\tborder-radius: 50%;\r\n\t\t\t\t\tline-height: 20px;\r\n\t\t\t\t\theight: 20px;\r\n\t\t\t\t\twidth: 20px;\r\n\t\t\t\t\tbackground: #1dc1f8;\r\n\t\t\t\t\tmargin-left: 8px;\r\n\t\t\t\t\tmargin-right: 0;\r\n\t\t\t\t\tcolor: #ffffff;\r\n\t\t\t\t\tfont-size: 8px;\r\n\t\t\t\t\ttext-align: center;\r\n\t\t\t\t}\r\n\r\n\t\t\t\t #btn-ISVpi:hover i {\r\n\t\t\t\t \tbackground: #ffffff;\r\n\t\t\t\t\tcolor: #1dc1f8;\r\n\t\t\t\t }\r\n\r\n        <\/style>\r\n\r\n\t\t<!-- BUTTON -->\r\n        <div id=\"btn-container-ISVpi\" class=\"text-center\">\r\n\t\t\t\r\n\t\t\t\t\t<a href=\"tel:0533069917\" id=\"btn-ISVpi\" class=\"btn \" target=\"_self\">\r\n\t\t\t\t\t\tContactez nous !\t\t\t\t\t\t\t\t\t\t\t<\/a>\r\n\t\t\t\t\t        <\/div>\r\n\r\n        [\/vc_column][\/vc_row][vc_row][vc_column][vc_empty_space][vc_empty_space][\/vc_column][\/vc_row][vc_row][vc_column width=&#8221;1\/2&#8243;][vc_empty_space height=&#8221;75&#8243;][vc_custom_heading text=&#8221;Un service de conciergerie pens\u00e9 pour sublimer votre s\u00e9jour&#8221; font_container=&#8221;tag:h2|font_size:30|text_align:center|color:%23af4e34&#8243; google_fonts=&#8221;font_family:Tenor%20Sans%3Aregular|font_style:400%20regular%3A400%3Anormal&#8221;][vc_separator color=&#8221;chino&#8221; border_width=&#8221;2&#8243; el_width=&#8221;30&#8243; css=&#8221;.vc_custom_1769005905576{margin-top: 24px !important;}&#8221;][vc_column_text]\u00c0 l\u2019H\u00f4tel La Zoologie, la conciergerie occupe une place centrale dans l\u2019exp\u00e9rience que nous souhaitons offrir \u00e0 nos clients. Pens\u00e9e comme un v\u00e9ritable service d\u2019accompagnement, elle vous permet de d\u00e9couvrir Bordeaux de mani\u00e8re fluide, personnalis\u00e9e et authentique, tout en b\u00e9n\u00e9ficiant d\u2019un confort absolu. Notre \u00e9quipe met son expertise locale et sa disponibilit\u00e9 au service de votre s\u00e9jour afin d\u2019anticiper vos attentes et de r\u00e9pondre \u00e0 vos envies, qu\u2019elles soient culturelles, gastronomiques ou li\u00e9es \u00e0 la d\u00e9tente. Chaque voyageur est unique, c\u2019est pourquoi notre conciergerie \u00e0 Bordeaux s\u2019adapte \u00e0 votre rythme, \u00e0 la dur\u00e9e de votre s\u00e9jour et \u00e0 vos centres d\u2019int\u00e9r\u00eat, qu\u2019il s\u2019agisse d\u2019un week-end d\u2019\u00e9vasion, d\u2019un s\u00e9jour romantique ou d\u2019un d\u00e9placement professionnel. Gr\u00e2ce \u00e0 une connaissance approfondie de la ville, de ses quartiers et de ses meilleures adresses, nous vous proposons bien plus que des recommandations : nous vous offrons une v\u00e9ritable immersion bordelaise, o\u00f9 chaque d\u00e9tail est pens\u00e9 pour rendre votre exp\u00e9rience simple, agr\u00e9able et m\u00e9morable, avant m\u00eame votre arriv\u00e9e \u00e0 l\u2019H\u00f4tel La Zoologie.[\/vc_column_text][\/vc_column][vc_column width=&#8221;1\/2&#8243;][vc_single_image image=&#8221;10678&#8243; img_size=&#8221;full&#8221; alignment=&#8221;center&#8221;][\/vc_column][\/vc_row][vc_row][vc_column width=&#8221;1\/2&#8243;][vc_single_image image=&#8221;10682&#8243; img_size=&#8221;large&#8221; alignment=&#8221;center&#8221;][\/vc_column][vc_column width=&#8221;1\/2&#8243;][vc_empty_space height=&#8221;85&#8243;][vc_custom_heading text=&#8221;D\u00e9couvrir Bordeaux gr\u00e2ce \u00e0 nos services et recommandations locales&#8221; font_container=&#8221;tag:h2|font_size:30|text_align:center|color:%23af4e34&#8243; google_fonts=&#8221;font_family:Tenor%20Sans%3Aregular|font_style:400%20regular%3A400%3Anormal&#8221;][vc_separator color=&#8221;chino&#8221; border_width=&#8221;2&#8243; el_width=&#8221;30&#8243; css=&#8221;.vc_custom_1769006022000{margin-top: 24px !important;}&#8221;][vc_empty_space][vc_column_text]Pour faciliter vos demandes, nous mettons \u00e0 votre disposition un <strong data-start=\"974\" data-end=\"999\">num\u00e9ro WhatsApp d\u00e9di\u00e9, +33 (0)<span data-olk-copy-source=\"MessageBody\">7 57 43 21 38<\/span><\/strong>, permettant une communication rapide et directe avec notre \u00e9quipe. Que vous souhaitiez r\u00e9server une activit\u00e9, organiser un transfert ou simplement obtenir nos recommandations locales, nous sommes l\u00e0 pour vous accompagner \u00e0 chaque \u00e9tape de votre s\u00e9jour.<\/p>\n<p>&nbsp;<\/p>\n<p>Notre conciergerie propose \u00e9galement des services exclusifs pour enrichir votre visite. Vous pouvez acheter vos <strong data-start=\"1368\" data-end=\"1390\">city pass Bordeaux<\/strong> directement \u00e0 l\u2019h\u00f4tel et profiter des sites incontournables de la ville sans perdre de temps. Pour les amateurs de gastronomie, nous mettons \u00e0 votre disposition une <strong data-start=\"1556\" data-end=\"1572\">carte Mapstr<\/strong> recensant notre s\u00e9lection des meilleurs restaurants et caf\u00e9s autour de l\u2019h\u00f4tel, afin que vous puissiez explorer Bordeaux comme un v\u00e9ritable local.[\/vc_column_text][vc_raw_html]JTNDZGl2JTIwc3R5bGUlM0QlMjJ0ZXh0LWFsaWduJTNBJTIwY2VudGVyJTNCJTIwbWFyZ2luJTNBJTIwMzBweCUyMDAlM0IlMjIlM0UlMEElMjAlMjAlMjAlMjAlM0NhJTIwaHJlZiUzRCUyMmh0dHBzJTNBJTJGJTJGd2EubWUlMkYzMzc1NzQzMjEzOCUzRnRleHQlM0RCb25qb3VyJTI1MjBqZSUyNTIwc291aGFpdGUlMjUyMGNvbnRhY3RlciUyNTIwbGElMjUyMGNvbmNpZXJnZXJpZSUyMiUwQSUyMCUyMCUyMCUyMCUyMCUyMCUyMHRhcmdldCUzRCUyMl9ibGFuayUyMiUwQSUyMCUyMCUyMCUyMCUyMCUyMCUyMHJlbCUzRCUyMm5vb3BlbmVyJTIyJTBBJTIwJTIwJTIwJTIwJTIwJTIwJTIwc3R5bGUlM0QlMjIlMEElMjAlMjAlMjAlMjAlMjAlMjAlMjAlMjAlMjAlMjAlMjBkaXNwbGF5JTNBJTIwaW5saW5lLWJsb2NrJTNCJTBBJTIwJTIwJTIwJTIwJTIwJTIwJTIwJTIwJTIwJTIwJTIwYmFja2dyb3VuZC1jb2xvciUzQSUyMCUyM2FmNGUzNCUzQiUwQSUyMCUyMCUyMCUyMCUyMCUyMCUyMCUyMCUyMCUyMCUyMGNvbG9yJTNBJTIwJTIzZmZmZmZmJTNCJTBBJTIwJTIwJTIwJTIwJTIwJTIwJTIwJTIwJTIwJTIwJTIwdGV4dC1kZWNvcmF0aW9uJTNBJTIwbm9uZSUzQiUwQSUyMCUyMCUyMCUyMCUyMCUyMCUyMCUyMCUyMCUyMCUyMGZvbnQtc2l6ZSUzQSUyMDE2cHglM0IlMEElMjAlMjAlMjAlMjAlMjAlMjAlMjAlMjAlMjAlMjAlMjBmb250LXdlaWdodCUzQSUyMDYwMCUzQiUwQSUyMCUyMCUyMCUyMCUyMCUyMCUyMCUyMCUyMCUyMCUyMHRleHQtdHJhbnNmb3JtJTNBJTIwdXBwZXJjYXNlJTNCJTBBJTIwJTIwJTIwJTIwJTIwJTIwJTIwJTIwJTIwJTIwJTIwcGFkZGluZyUzQSUyMDEycHglMjAxNXB4JTNCJTBBJTIwJTIwJTIwJTIwJTIwJTIwJTIwJTIwJTIwJTIwJTIwYm9yZGVyLXJhZGl1cyUzQSUyMDhweCUzQiUwQSUyMCUyMCUyMCUyMCUyMCUyMCUyMCUyMCUyMCUyMCUyMGZvbnQtZmFtaWx5JTNBJTIwJTI3TW9udHNlcnJhdCUyNyUyQyUyMHNhbnMtc2VyaWYlM0IlMEElMjAlMjAlMjAlMjAlMjAlMjAlMjAlMjAlMjAlMjAlMjB0cmFuc2l0aW9uJTNBJTIwYmFja2dyb3VuZC1jb2xvciUyMDAuM3MlMjBlYXNlJTJDJTIwdHJhbnNmb3JtJTIwMC4ycyUyMGVhc2UlM0IlMEElMjAlMjAlMjAlMjAlMjAlMjAlMjAlMjIlMEElMjAlMjAlMjAlMjAlMjAlMjAlMjBvbm1vdXNlb3ZlciUzRCUyMnRoaXMuc3R5bGUuYmFja2dyb3VuZENvbG9yJTNEJTI3JTIzOTQzZjI5JTI3JTNCJTIwdGhpcy5zdHlsZS50cmFuc2Zvcm0lM0QlMjdzY2FsZSUyODEuMDMlMjklMjclM0IlMjIlMEElMjAlMjAlMjAlMjAlMjAlMjAlMjBvbm1vdXNlb3V0JTNEJTIydGhpcy5zdHlsZS5iYWNrZ3JvdW5kQ29sb3IlM0QlMjclMjNhZjRlMzQlMjclM0IlMjB0aGlzLnN0eWxlLnRyYW5zZm9ybSUzRCUyN3NjYWxlJTI4MSUyOSUyNyUzQiUyMiUwQSUyMCUyMCUyMCUyMCUzRSUwQSUyMCUyMCUyMCUyMCUyMCUyMCUyMCUyMENPTlRBQ1RFUiUyMExBJTIwQ09OQ0lFUkdFUklFJTBBJTIwJTIwJTIwJTIwJTNDJTJGYSUzRSUwQSUzQyUyRmRpdiUzRSUwQQ==[\/vc_raw_html][\/vc_column][\/vc_row][vc_row][vc_column width=&#8221;1\/2&#8243;][vc_empty_space height=&#8221;80&#8243;][vc_custom_heading text=&#8221;Transferts, wine tours et exp\u00e9riences personnalis\u00e9es&#8221; font_container=&#8221;tag:h2|text_align:center|color:%23af4e34&#8243; google_fonts=&#8221;font_family:Tenor%20Sans%3Aregular|font_style:400%20regular%3A400%3Anormal&#8221;][vc_separator color=&#8221;chino&#8221; border_width=&#8221;2&#8243; el_width=&#8221;30&#8243; css=&#8221;.vc_custom_1769006103779{margin-top: 24px !important;}&#8221;][vc_column_text]<\/p>\n<p data-start=\"1723\" data-end=\"2288\">Nous avons \u00e9galement \u00e9tabli des partenariats avec des taxis et des services de navette pour assurer vos transferts depuis l\u2019a\u00e9roport ou vos d\u00e9placements dans Bordeaux, de mani\u00e8re simple et confortable. Pour les passionn\u00e9s de vin, notre conciergerie peut organiser des <strong data-start=\"1991\" data-end=\"2019\">wine tours personnalis\u00e9s<\/strong> dans les vignobles bordelais, incluant d\u00e9gustations et visites guid\u00e9es. Enfin, nous vous conseillons sur toutes les activit\u00e9s locales, qu\u2019il s\u2019agisse de balades culturelles, de visites de mus\u00e9es ou d\u2019\u00e9v\u00e9nements incontournables, afin de cr\u00e9er un s\u00e9jour \u00e0 votre image.<\/p>\n<p data-start=\"2290\" data-end=\"2783\">Choisir notre conciergerie \u00e0 l\u2019H\u00f4tel La Zoologie, c\u2019est opter pour un service sur-mesure qui facilite votre s\u00e9jour et vous permet de profiter pleinement de Bordeaux. Notre \u00e9quipe s\u2019engage \u00e0 anticiper vos besoins, \u00e0 vous offrir des recommandations personnalis\u00e9es et \u00e0 vous faire d\u00e9couvrir la ville sous son meilleur jour. Pour un s\u00e9jour sans stress et riche en d\u00e9couvertes, contactez-nous d\u00e8s maintenant sur WhatsApp et laissez notre conciergerie organiser votre exp\u00e9rience id\u00e9ale \u00e0 Bordeaux.<\/p>\n<p>[\/vc_column_text]\r\n        \r\n        <style>\r\n\t\t\t\t#btn-container-y2UzK {\r\n\t\t\t\t\tfont-size: 15px;\r\n\t\t\t\t\tfont-weight: bold;\r\n\t\t\t\t}\r\n        #btn-y2UzK {\r\n        \tbackground: #af4e34;\r\n\t\t\t\t\tborder-style: solid;\r\n        \tborder-color: #af4e34;\r\n\t\t\t\t\tborder-width: 2px;\r\n        \tcolor: #ffffff;\r\n\t\t\t\t\tpadding: 10px 20px;\r\n\t\t\t\t\tborder-radius: 8px;\r\n\t\t\t\t\tfont-size: 15px;\r\n\t\t\t\t\tline-height: 15px;\r\n\t\t\t\t\t\t\t\t\t\t\t\t\t\t\tfont-weight: bold;\r\n        }\r\n\r\n\t\t\t\t#btn-y2UzK:hover {\r\n\t\t\t\t\tbackground: #af4e34;\r\n\t\t\t\t\tborder-color: #af4e34;\r\n\t\t\t\t\tcolor: #ffffff;\r\n\t\t\t\t\t\t\t\t\t\t\t\t\t\t\t\r\n\t\t\t\t}\r\n\r\n\t\t    #btn-y2UzK i {\r\n\t\t\t\t\tright: 14px;\r\n\t\t\t\t\tmargin-top: 0;\r\n\t\t\t\t\tvertical-align: middle;\r\n\t\t\t\t\tborder-radius: 50%;\r\n\t\t\t\t\tline-height: 20px;\r\n\t\t\t\t\theight: 20px;\r\n\t\t\t\t\twidth: 20px;\r\n\t\t\t\t\tbackground: #1dc1f8;\r\n\t\t\t\t\tmargin-left: 8px;\r\n\t\t\t\t\tmargin-right: 0;\r\n\t\t\t\t\tcolor: #ffffff;\r\n\t\t\t\t\tfont-size: 8px;\r\n\t\t\t\t\ttext-align: center;\r\n\t\t\t\t}\r\n\r\n\t\t\t\t #btn-y2UzK:hover i {\r\n\t\t\t\t \tbackground: #ffffff;\r\n\t\t\t\t\tcolor: #1dc1f8;\r\n\t\t\t\t }\r\n\r\n        <\/style>\r\n\r\n\t\t<!-- BUTTON -->\r\n        <div id=\"btn-container-y2UzK\" class=\"text-center\">\r\n\t\t\t\r\n\t\t\t\t\t<a href=\"mailto:contact@hotelzoologie.com\" id=\"btn-y2UzK\" class=\"btn \" target=\"_self\">\r\n\t\t\t\t\t\tEn savoir plus !\t\t\t\t\t\t\t\t\t\t\t<\/a>\r\n\t\t\t\t\t        <\/div>\r\n\r\n        [\/vc_column][vc_column width=&#8221;1\/2&#8243;][vc_single_image image=&#8221;10711&#8243; img_size=&#8221;full&#8221; alignment=&#8221;center&#8221;][\/vc_column][\/vc_row]<\/p>\n","protected":false},"excerpt":{"rendered":"<p>[vc_row full_width=&#8221;stretch_row_content&#8221; full_height=&#8221;yes&#8221; columns_placement=&#8221;stretch&#8221; content_placement=&#8221;middle&#8221; parallax=&#8221;content-moving&#8221; parallax_speed_bg=&#8221;2&#8243; css_animation=&#8221;fadeIn&#8221; css=&#8221;.vc_custom_1769012501767{background-image: url(https:\/\/www.hotelzoologie.com\/wp-content\/uploads\/2022\/08\/chambre-Aile-de-la-Geologie_terasse.jpg?id=4655) !important;}&#8221;][vc_column][vc_custom_heading text=&#8221;La Conciergerie&#8221; font_container=&#8221;tag:h1|font_size:55|text_align:center|color:%23ffffff|line_height:1.5&#8243; google_fonts=&#8221;font_family:Anton%3Aregular|font_style:400%20regular%3A400%3Anormal&#8221;][vc_empty_space height=&#8221;25&#8243;][vc_custom_heading text=&#8221;Pr\u00e9parez votre s\u00e9jour en toute s\u00e9r\u00e9nit\u00e9&#8221; font_container=&#8221;tag:h2|font_size:40|text_align:center|color:%23ffffff|line_height:1.5&#8243; google_fonts=&#8221;font_family:Anton%3Aregular|font_style:400%20regular%3A400%3Anormal&#8221;][vc_empty_space height=&#8221;15&#8243;][\/vc_column][\/vc_row][vc_row][vc_column][vc_empty_space][vc_empty_space][\/vc_column][\/vc_row][vc_row][vc_column width=&#8221;1\/2&#8243;][vc_empty_space height=&#8221;75&#8243;][vc_custom_heading text=&#8221;Un service de conciergerie pens\u00e9 pour sublimer votre s\u00e9jour&#8221; font_container=&#8221;tag:h2|font_size:30|text_align:center|color:%23af4e34&#8243; google_fonts=&#8221;font_family:Tenor%20Sans%3Aregular|font_style:400%20regular%3A400%3Anormal&#8221;][vc_separator color=&#8221;chino&#8221; border_width=&#8221;2&#8243; el_width=&#8221;30&#8243; css=&#8221;.vc_custom_1769005905576{margin-top: 24px !important;}&#8221;][vc_column_text]\u00c0 l\u2019H\u00f4tel La Zoologie, la conciergerie occupe une place centrale dans l\u2019exp\u00e9rience [&hellip;]<\/p>\n","protected":false},"author":3,"featured_media":0,"parent":0,"menu_order":0,"comment_status":"closed","ping_status":"closed","template":"","meta":{"footnotes":""},"class_list":["post-10620","page","type-page","status-publish","hentry"],"yoast_head":"<!-- This site is optimized with the Yoast SEO plugin v27.4 - https:\/\/yoast.com\/product\/yoast-seo-wordpress\/ -->\n<title>La Conciergerie - H\u00f4tel La Zoologie Bordeaux<\/title>\n<meta name=\"description\" content=\"Conciergerie \u00e0 Bordeaux \u2013 H\u00f4tel La Zoologie : service sur-mesure pour un s\u00e9jour d\u2019exception au c\u0153ur de la ville.\" \/>\n<meta name=\"robots\" content=\"index, follow, max-snippet:-1, max-image-preview:large, max-video-preview:-1\" \/>\n<link rel=\"canonical\" href=\"https:\/\/www.hotelzoologie.com\/fr\/la-conciergerie-hotel-zoologie\/\" \/>\n<meta property=\"og:locale\" content=\"fr_FR\" \/>\n<meta property=\"og:type\" content=\"article\" \/>\n<meta property=\"og:title\" content=\"La Conciergerie - H\u00f4tel La Zoologie Bordeaux\" \/>\n<meta property=\"og:description\" content=\"Conciergerie \u00e0 Bordeaux \u2013 H\u00f4tel La Zoologie : service sur-mesure pour un s\u00e9jour d\u2019exception au c\u0153ur de la ville.\" \/>\n<meta property=\"og:url\" content=\"https:\/\/www.hotelzoologie.com\/fr\/la-conciergerie-hotel-zoologie\/\" \/>\n<meta property=\"og:site_name\" content=\"H\u00f4tel La Zoologie Bordeaux\" \/>\n<meta property=\"article:modified_time\" content=\"2026-01-21T16:49:24+00:00\" \/>\n<meta name=\"twitter:card\" content=\"summary_large_image\" \/>\n<meta name=\"twitter:label1\" content=\"Dur\u00e9e de lecture estim\u00e9e\" \/>\n\t<meta name=\"twitter:data1\" content=\"3 minutes\" \/>\n<!-- \/ Yoast SEO plugin. -->","yoast_head_json":{"title":"La Conciergerie - H\u00f4tel La Zoologie Bordeaux","description":"Conciergerie \u00e0 Bordeaux \u2013 H\u00f4tel La Zoologie : service sur-mesure pour un s\u00e9jour d\u2019exception au c\u0153ur de la ville.","robots":{"index":"index","follow":"follow","max-snippet":"max-snippet:-1","max-image-preview":"max-image-preview:large","max-video-preview":"max-video-preview:-1"},"canonical":"https:\/\/www.hotelzoologie.com\/fr\/la-conciergerie-hotel-zoologie\/","og_locale":"fr_FR","og_type":"article","og_title":"La Conciergerie - H\u00f4tel La Zoologie Bordeaux","og_description":"Conciergerie \u00e0 Bordeaux \u2013 H\u00f4tel La Zoologie : service sur-mesure pour un s\u00e9jour d\u2019exception au c\u0153ur de la ville.","og_url":"https:\/\/www.hotelzoologie.com\/fr\/la-conciergerie-hotel-zoologie\/","og_site_name":"H\u00f4tel La Zoologie Bordeaux","article_modified_time":"2026-01-21T16:49:24+00:00","twitter_card":"summary_large_image","twitter_misc":{"Dur\u00e9e de lecture estim\u00e9e":"3 minutes"},"schema":{"@context":"https:\/\/schema.org","@graph":[{"@type":"WebPage","@id":"https:\/\/www.hotelzoologie.com\/fr\/la-conciergerie-hotel-zoologie\/","url":"https:\/\/www.hotelzoologie.com\/fr\/la-conciergerie-hotel-zoologie\/","name":"La Conciergerie - H\u00f4tel La Zoologie Bordeaux","isPartOf":{"@id":"https:\/\/www.hotelzoologie.com\/fr\/#website"},"datePublished":"2026-01-21T13:20:59+00:00","dateModified":"2026-01-21T16:49:24+00:00","description":"Conciergerie \u00e0 Bordeaux \u2013 H\u00f4tel La Zoologie : service sur-mesure pour un s\u00e9jour d\u2019exception au c\u0153ur de la ville.","breadcrumb":{"@id":"https:\/\/www.hotelzoologie.com\/fr\/la-conciergerie-hotel-zoologie\/#breadcrumb"},"inLanguage":"fr-FR","potentialAction":[{"@type":"ReadAction","target":["https:\/\/www.hotelzoologie.com\/fr\/la-conciergerie-hotel-zoologie\/"]}]},{"@type":"BreadcrumbList","@id":"https:\/\/www.hotelzoologie.com\/fr\/la-conciergerie-hotel-zoologie\/#breadcrumb","itemListElement":[{"@type":"ListItem","position":1,"name":"Home","item":"https:\/\/www.hotelzoologie.com\/fr\/"},{"@type":"ListItem","position":2,"name":"La Conciergerie"}]},{"@type":"WebSite","@id":"https:\/\/www.hotelzoologie.com\/fr\/#website","url":"https:\/\/www.hotelzoologie.com\/fr\/","name":"H\u00f4tel La Zoologie Bordeaux","description":"","publisher":{"@id":"https:\/\/www.hotelzoologie.com\/fr\/#organization"},"potentialAction":[{"@type":"SearchAction","target":{"@type":"EntryPoint","urlTemplate":"https:\/\/www.hotelzoologie.com\/fr\/?s={search_term_string}"},"query-input":{"@type":"PropertyValueSpecification","valueRequired":true,"valueName":"search_term_string"}}],"inLanguage":"fr-FR"},{"@type":"Organization","@id":"https:\/\/www.hotelzoologie.com\/fr\/#organization","name":"H\u00f4tel La Zoologie Bordeaux","url":"https:\/\/www.hotelzoologie.com\/fr\/","logo":{"@type":"ImageObject","inLanguage":"fr-FR","@id":"https:\/\/www.hotelzoologie.com\/fr\/#\/schema\/logo\/image\/","url":"https:\/\/www.hotelzoologie.com\/wp-content\/uploads\/2020\/09\/Logo-Zoologie.jpg","contentUrl":"https:\/\/www.hotelzoologie.com\/wp-content\/uploads\/2020\/09\/Logo-Zoologie.jpg","width":500,"height":70,"caption":"H\u00f4tel La Zoologie Bordeaux"},"image":{"@id":"https:\/\/www.hotelzoologie.com\/fr\/#\/schema\/logo\/image\/"}}]}},"_links":{"self":[{"href":"https:\/\/www.hotelzoologie.com\/fr\/wp-json\/wp\/v2\/pages\/10620","targetHints":{"allow":["GET"]}}],"collection":[{"href":"https:\/\/www.hotelzoologie.com\/fr\/wp-json\/wp\/v2\/pages"}],"about":[{"href":"https:\/\/www.hotelzoologie.com\/fr\/wp-json\/wp\/v2\/types\/page"}],"author":[{"embeddable":true,"href":"https:\/\/www.hotelzoologie.com\/fr\/wp-json\/wp\/v2\/users\/3"}],"replies":[{"embeddable":true,"href":"https:\/\/www.hotelzoologie.com\/fr\/wp-json\/wp\/v2\/comments?post=10620"}],"version-history":[{"count":21,"href":"https:\/\/www.hotelzoologie.com\/fr\/wp-json\/wp\/v2\/pages\/10620\/revisions"}],"predecessor-version":[{"id":10731,"href":"https:\/\/www.hotelzoologie.com\/fr\/wp-json\/wp\/v2\/pages\/10620\/revisions\/10731"}],"wp:attachment":[{"href":"https:\/\/www.hotelzoologie.com\/fr\/wp-json\/wp\/v2\/media?parent=10620"}],"curies":[{"name":"wp","href":"https:\/\/api.w.org\/{rel}","templated":true}]}}