{"id":11028,"date":"2026-04-08T09:34:13","date_gmt":"2026-04-08T09:34:13","guid":{"rendered":"https:\/\/www.hotelzoologie.com\/?page_id=11028"},"modified":"2026-04-08T13:14:06","modified_gmt":"2026-04-08T13:14:06","slug":"evenements-prives","status":"publish","type":"page","link":"https:\/\/www.hotelzoologie.com\/fr\/evenements-prives\/","title":{"rendered":"C\u00e9l\u00e9brer"},"content":{"rendered":"<p>[vc_row full_width=&#8221;stretch_row&#8221; full_height=&#8221;yes&#8221; parallax=&#8221;content-moving-fade&#8221; parallax_image=&#8221;11057&#8243; parallax_speed_bg=&#8221;1.8&#8243; css_animation=&#8221;fadeIn&#8221;][vc_column][vc_custom_heading text=&#8221;Ev\u00e9nements priv\u00e9s \u00e0 Bordeaux&#8221; font_container=&#8221;tag:h1|font_size:55|text_align:center|color:%23ffffff|line_height:1.5&#8243; google_fonts=&#8221;font_family:Anton%3Aregular|font_style:400%20regular%3A400%3Anormal&#8221;][vc_empty_space]\r\n        \r\n        <style>\r\n\t\t\t\t#btn-container-kXSbW {\r\n\t\t\t\t\tfont-size: 15px;\r\n\t\t\t\t\tfont-weight: bold;\r\n\t\t\t\t}\r\n        #btn-kXSbW {\r\n        \tbackground: #af4e34;\r\n\t\t\t\t\tborder-style: solid;\r\n        \tborder-color: #af4e34;\r\n\t\t\t\t\tborder-width: 2px;\r\n        \tcolor: #ffffff;\r\n\t\t\t\t\tpadding: 10px 20px;\r\n\t\t\t\t\tborder-radius: 8px;\r\n\t\t\t\t\tfont-size: 15px;\r\n\t\t\t\t\tline-height: 15px;\r\n\t\t\t\t\t\t\t\t\t\t\t\t\t\t\tfont-weight: bold;\r\n        }\r\n\r\n\t\t\t\t#btn-kXSbW:hover {\r\n\t\t\t\t\tbackground: #af4e34;\r\n\t\t\t\t\tborder-color: #af4e34;\r\n\t\t\t\t\tcolor: #ffffff;\r\n\t\t\t\t\t\t\t\t\t\t\t\t\t\t\t\r\n\t\t\t\t}\r\n\r\n\t\t    #btn-kXSbW i {\r\n\t\t\t\t\tright: 14px;\r\n\t\t\t\t\tmargin-top: 0;\r\n\t\t\t\t\tvertical-align: middle;\r\n\t\t\t\t\tborder-radius: 50%;\r\n\t\t\t\t\tline-height: 20px;\r\n\t\t\t\t\theight: 20px;\r\n\t\t\t\t\twidth: 20px;\r\n\t\t\t\t\tbackground: #1dc1f8;\r\n\t\t\t\t\tmargin-left: 8px;\r\n\t\t\t\t\tmargin-right: 0;\r\n\t\t\t\t\tcolor: #ffffff;\r\n\t\t\t\t\tfont-size: 8px;\r\n\t\t\t\t\ttext-align: center;\r\n\t\t\t\t}\r\n\r\n\t\t\t\t #btn-kXSbW:hover i {\r\n\t\t\t\t \tbackground: #ffffff;\r\n\t\t\t\t\tcolor: #1dc1f8;\r\n\t\t\t\t }\r\n\r\n        <\/style>\r\n\r\n\t\t<!-- BUTTON -->\r\n        <div id=\"btn-container-kXSbW\" class=\"text-center\">\r\n\t\t\t\r\n\t\t\t\t\t<a href=\"mailto:commercial@hotelzoologie.com\" id=\"btn-kXSbW\" class=\"btn \" target=\"_blank\">\r\n\t\t\t\t\t\tContactez nous !\t\t\t\t\t\t\t\t\t\t\t<\/a>\r\n\t\t\t\t\t        <\/div>\r\n\r\n        [\/vc_column][\/vc_row][vc_row css_animation=&#8221;fadeIn&#8221;][vc_column][vc_empty_space height=&#8221;60&#8243;][vc_custom_heading text=&#8221;Un lieu unique se retrouver \u00e0 Bordeaux&#8221; font_container=&#8221;tag:h2|font_size:34|text_align:center|color:%23af4e34&#8243; google_fonts=&#8221;font_family:Tenor%20Sans%3Aregular|font_style:400%20regular%3A400%3Anormal&#8221; css_animation=&#8221;none&#8221; css=&#8221;.vc_custom_1775646602099{margin-bottom: 30px !important;}&#8221;][vc_separator color=&#8221;chino&#8221; border_width=&#8221;2&#8243; el_width=&#8221;30&#8243;][vc_column_text]<\/p>\n<p style=\"text-align: center;\">C\u00e9l\u00e9brer un \u00e9v\u00e9nement priv\u00e9 \u00e0 Bordeaux devient une exp\u00e9rience unique \u00e0 l\u2019<strong>H\u00f4tel La Zoologie<\/strong>. Id\u00e9alement situ\u00e9 entre la gare Saint-Jean et le centre historique, notre \u00e9tablissement marie patrimoine, <strong>design contemporain et art de recevoir<\/strong>. Bien plus qu\u2019un simple lieu, nous offrons \u00e0 vos invit\u00e9s un cadre raffin\u00e9 et chaleureux, o\u00f9 chaque d\u00e9tail est pens\u00e9 pour cr\u00e9er des <strong>moments m\u00e9morables<\/strong> et une ambiance inoubliable.<\/p>\n<p>[\/vc_column_text][vc_custom_heading text=&#8221;Un cadre qui inspire et rassemble&#8221; font_container=&#8221;tag:h3|font_size:25|text_align:center|color:%235d2c11&#8243; google_fonts=&#8221;font_family:Tenor%20Sans%3Aregular|font_style:400%20regular%3A400%3Anormal&#8221; css_animation=&#8221;none&#8221; css=&#8221;.vc_custom_1758118632325{margin-bottom: 20px !important;}&#8221;][vc_column_text]<\/p>\n<p style=\"text-align: center;\">V\u00e9ritable maison de caract\u00e8re, l\u2019H\u00f4tel La Zoologie met \u00e0 disposition des<strong> espaces privatisables\u00a0\u00e0 Bordeaux<\/strong>\u00a0baign\u00e9es de lumi\u00e8re naturelle et ouvertes sur le jardin ou sur La Sente, offrant une atmosph\u00e8re apaisante au c\u0153ur de la ville.<\/p>\n<p>[\/vc_column_text]\r\n        \r\n        <style>\r\n\t\t\t\t#btn-container-KAga6 {\r\n\t\t\t\t\tfont-size: 15px;\r\n\t\t\t\t\tfont-weight: bold;\r\n\t\t\t\t}\r\n        #btn-KAga6 {\r\n        \tbackground: #af4e34;\r\n\t\t\t\t\tborder-style: solid;\r\n        \tborder-color: #af4e34;\r\n\t\t\t\t\tborder-width: 2px;\r\n        \tcolor: #ffffff;\r\n\t\t\t\t\tpadding: 10px 20px;\r\n\t\t\t\t\tborder-radius: 8px;\r\n\t\t\t\t\tfont-size: 15px;\r\n\t\t\t\t\tline-height: 15px;\r\n\t\t\t\t\t\t\t\t\t\t\t\t\t\t\tfont-weight: bold;\r\n        }\r\n\r\n\t\t\t\t#btn-KAga6:hover {\r\n\t\t\t\t\tbackground: #af4e34;\r\n\t\t\t\t\tborder-color: #af4e34;\r\n\t\t\t\t\tcolor: #ffffff;\r\n\t\t\t\t\t\t\t\t\t\t\t\t\t\t\t\r\n\t\t\t\t}\r\n\r\n\t\t    #btn-KAga6 i {\r\n\t\t\t\t\tright: 14px;\r\n\t\t\t\t\tmargin-top: 0;\r\n\t\t\t\t\tvertical-align: middle;\r\n\t\t\t\t\tborder-radius: 50%;\r\n\t\t\t\t\tline-height: 20px;\r\n\t\t\t\t\theight: 20px;\r\n\t\t\t\t\twidth: 20px;\r\n\t\t\t\t\tbackground: #1dc1f8;\r\n\t\t\t\t\tmargin-left: 8px;\r\n\t\t\t\t\tmargin-right: 0;\r\n\t\t\t\t\tcolor: #ffffff;\r\n\t\t\t\t\tfont-size: 8px;\r\n\t\t\t\t\ttext-align: center;\r\n\t\t\t\t}\r\n\r\n\t\t\t\t #btn-KAga6:hover i {\r\n\t\t\t\t \tbackground: #ffffff;\r\n\t\t\t\t\tcolor: #1dc1f8;\r\n\t\t\t\t }\r\n\r\n        <\/style>\r\n\r\n\t\t<!-- BUTTON -->\r\n        <div id=\"btn-container-KAga6\" class=\"text-center\">\r\n\t\t\t\r\n\t\t\t\t\t<a href=\"https:\/\/www.hotelzoologie.com\/wp-content\/uploads\/2025\/12\/2025-Plaquette-Groupes-seminaires-FREN_compressed.pdf\" id=\"btn-KAga6\" class=\"btn \" target=\"_blank\">\r\n\t\t\t\t\t\tConsulter la brochure\t\t\t\t\t\t\t\t\t\t\t<\/a>\r\n\t\t\t\t\t        <\/div>\r\n\r\n        [vc_empty_space height=&#8221;80&#8243;][\/vc_column][\/vc_row][vc_row full_width=&#8221;stretch_row&#8221; css_animation=&#8221;fadeIn&#8221; css=&#8221;.vc_custom_1758372675423{background-color: #ddd2c7 !important;}&#8221;][vc_column width=&#8221;1\/3&#8243; offset=&#8221;vc_col-lg-offset-0&#8243;][vc_empty_space height=&#8221;25&#8243;][vc_custom_heading text=&#8221;Rooftop &#8211; jusqu&#8217;\u00e0 40 personnes&#8221; font_container=&#8221;tag:p|font_size:20|text_align:center|color:%235d2c11&#8243; google_fonts=&#8221;font_family:Josefin%20Sans%3A100%2C100italic%2C300%2C300italic%2Cregular%2Citalic%2C600%2C600italic%2C700%2C700italic|font_style:600%20bold%20regular%3A600%3Anormal&#8221; css=&#8221;.vc_custom_1775646774043{margin-bottom: 20px !important;}&#8221;][vc_separator color=&#8221;custom&#8221; el_width=&#8221;50&#8243; accent_color=&#8221;#5d2c11&#8243;][vc_column_text css=&#8221;.vc_custom_1775646914182{margin-top: 2px !important;}&#8221;]<\/p>\n<p style=\"text-align: center;\">Offrez \u00e0 vos invit\u00e9s un moment d\u2019exception sur notre rooftop privatif. Lumineux et ouvert sur une terrasse surplombant notre jardin exotique, cet espace unique se pr\u00eate parfaitement aux c\u00e9l\u00e9brations, cocktails ou d\u00eeners intimistes, dans une ambiance \u00e9l\u00e9gante et d\u00e9paysante.<\/p>\n<p>[\/vc_column_text][vc_media_grid element_width=&#8221;12&#8243; grid_id=&#8221;vc_gid:1775648805694-32a5210568922eb489aef4f740ca6d22-8&#8243; include=&#8221;9309&#8243; css=&#8221;.vc_custom_1775646868191{margin-top: 10px !important;}&#8221;][\/vc_column][vc_column width=&#8221;1\/3&#8243;][vc_empty_space height=&#8221;25&#8243;][vc_custom_heading text=&#8221;Restaurant &#8211; jusqu&#8217;\u00e0 50 personnes&#8221; font_container=&#8221;tag:p|font_size:20|text_align:center|color:%235d2c11&#8243; google_fonts=&#8221;font_family:Josefin%20Sans%3A100%2C100italic%2C300%2C300italic%2Cregular%2Citalic%2C600%2C600italic%2C700%2C700italic|font_style:600%20bold%20regular%3A600%3Anormal&#8221; css=&#8221;.vc_custom_1775646787439{margin-bottom: 20px !important;}&#8221;][vc_separator color=&#8221;custom&#8221; el_width=&#8221;50&#8243; accent_color=&#8221;#5d2c11&#8243;][vc_column_text]<\/p>\n<p style=\"text-align: center;\">Faites de votre \u00e9v\u00e9nement un moment unique en privatisant notre restaurant bistronomique. Intime et chaleureux, il offre un cadre \u00e9l\u00e9gant o\u00f9 chaque d\u00e9tail est pens\u00e9 pour sublimer vos c\u00e9l\u00e9brations, d\u00eeners ou r\u00e9ceptions, tout en offrant \u00e0 vos invit\u00e9s une exp\u00e9rience culinaire raffin\u00e9e et conviviale.<\/p>\n<p>[\/vc_column_text][vc_media_grid element_width=&#8221;12&#8243; grid_id=&#8221;vc_gid:1775648805730-fceb052a5fd202d1b3b77c8073100cef-4&#8243; include=&#8221;10004&#8243; css=&#8221;.vc_custom_1775646851152{margin-top: 10px !important;}&#8221;][\/vc_column][vc_column width=&#8221;1\/3&#8243;][vc_empty_space height=&#8221;25&#8243;][vc_custom_heading text=&#8221;Bar &#8211; jsuqu&#8217;\u00e0 45 personnes&#8221; font_container=&#8221;tag:p|font_size:20|text_align:center|color:%235d2c11&#8243; google_fonts=&#8221;font_family:Josefin%20Sans%3A100%2C100italic%2C300%2C300italic%2Cregular%2Citalic%2C600%2C600italic%2C700%2C700italic|font_style:600%20bold%20regular%3A600%3Anormal&#8221; css=&#8221;.vc_custom_1775648614674{margin-bottom: 20px !important;}&#8221;][vc_separator color=&#8221;custom&#8221; el_width=&#8221;50&#8243; accent_color=&#8221;#5d2c11&#8243;][vc_column_text]<\/p>\n<p style=\"text-align: center;\">D\u00e9couvrez notre bar privatif, un espace \u00e9l\u00e9gant et convivial, parfait pour vos \u00e9v\u00e9nements priv\u00e9s. Que ce soit pour un cocktail entre amis, une soir\u00e9e festive ou un moment intimiste, le bar offre une ambiance chaleureuse et raffin\u00e9e, o\u00f9 chaque d\u00e9tail est pens\u00e9 pour cr\u00e9er des instants m\u00e9morables.<\/p>\n<p>[\/vc_column_text][vc_media_grid element_width=&#8221;12&#8243; grid_id=&#8221;vc_gid:1775648805767-fda620e95316ac07b84705afbf997872-6&#8243; include=&#8221;4568&#8243; css=&#8221;.vc_custom_1775648689619{margin-top: 10px !important;}&#8221;][\/vc_column][\/vc_row][vc_row css_animation=&#8221;fadeIn&#8221;][vc_column width=&#8221;2\/3&#8243;][vc_empty_space height=&#8221;30&#8243;][vc_custom_heading text=&#8221;Des prestations sur mesure pour vos s\u00e9minaires \u00e0 Bordeaux&#8221; font_container=&#8221;tag:h3|font_size:25|text_align:center|color:%235d2c11&#8243; google_fonts=&#8221;font_family:Tenor%20Sans%3Aregular|font_style:400%20regular%3A400%3Anormal&#8221; css_animation=&#8221;none&#8221; css=&#8221;.vc_custom_1758118407181{margin-bottom: 20px !important;}&#8221;][vc_empty_space height=&#8221;30&#8243;][vc_column_text]<\/p>\n<p data-start=\"136\" data-end=\"285\">Parce qu\u2019un \u00e9v\u00e9nement priv\u00e9 r\u00e9ussi se vit dans la convivialit\u00e9 et le partage, nous vous proposons une exp\u00e9rience culinaire pens\u00e9e pour vos envies :<\/p>\n<ul data-start=\"287\" data-end=\"820\">\n<li data-section-id=\"6p0s2e\" data-start=\"287\" data-end=\"398\"><strong data-start=\"89\" data-end=\"116\">Soir\u00e9e sur le rooftop :<\/strong> cocktails raffin\u00e9s et bouch\u00e9es gourmandes dans une ambiance chaleureuse, pour un moment unique et convivial au sommet de La Zoologie.<\/li>\n<li data-section-id=\"6p0s2e\" data-start=\"287\" data-end=\"398\"><strong data-start=\"830\" data-end=\"848\">Brunchs priv\u00e9s<\/strong> : buffet g\u00e9n\u00e9reux et gourmand, id\u00e9al pour des c\u00e9l\u00e9brations en journ\u00e9e, \u00e0 partager entre amis ou en famille dans un cadre chaleureux.<\/li>\n<li data-section-id=\"noxkok\" data-start=\"550\" data-end=\"680\"><strong data-start=\"552\" data-end=\"582\">D\u00eeners et repas sur-mesure<\/strong> : dans notre restaurant bistronomique, savourez une cuisine raffin\u00e9e adapt\u00e9e \u00e0 votre \u00e9v\u00e9nement.<\/li>\n<li data-section-id=\"bbmuub\" data-start=\"681\" data-end=\"820\"><strong data-start=\"683\" data-end=\"724\">Cocktails d\u00e9jeunatoires ou d\u00eenatoires<\/strong> : raffin\u00e9s et conviviaux, ils prolongent les \u00e9changes dans une ambiance \u00e9l\u00e9gante et d\u00e9tendue.<\/li>\n<\/ul>\n<p data-start=\"822\" data-end=\"928\">Pour rendre vos \u00e9v\u00e9nements encore plus m\u00e9morables, nous proposons \u00e9galement des exp\u00e9riences exclusives :<\/p>\n<ul data-start=\"929\" data-end=\"1213\">\n<li data-section-id=\"mds000\" data-start=\"1003\" data-end=\"1112\"><strong data-start=\"1005\" data-end=\"1030\">Masterclass cocktails<\/strong>, anim\u00e9es par nos experts, pour \u00e9veiller vos papilles et surprendre vos invit\u00e9s.<\/li>\n<li data-section-id=\"1axanmz\" data-start=\"1113\" data-end=\"1213\"><strong data-start=\"1115\" data-end=\"1139\">Ateliers \u0153nologiques<\/strong>, pour d\u00e9couvrir les tr\u00e9sors viticoles de Bordeaux dans un cadre unique.<\/li>\n<\/ul>\n<p>[\/vc_column_text][\/vc_column][vc_column width=&#8221;1\/3&#8243;][vc_empty_space height=&#8221;50&#8243;][vc_single_image image=&#8221;9218&#8243; img_size=&#8221;medium&#8221; alignment=&#8221;center&#8221;][\/vc_column][\/vc_row][vc_row css_animation=&#8221;fadeIn&#8221;][vc_column width=&#8221;1\/3&#8243;][vc_empty_space height=&#8221;30&#8243;][vc_single_image image=&#8221;10783&#8243; img_size=&#8221;medium&#8221; alignment=&#8221;center&#8221;][\/vc_column][vc_column width=&#8221;2\/3&#8243;][vc_empty_space height=&#8221;30&#8243;][vc_custom_heading text=&#8221;Pour prolonger le moment&#8230;&#8221; font_container=&#8221;tag:h3|font_size:25|text_align:center|color:%235d2c11&#8243; google_fonts=&#8221;font_family:Tenor%20Sans%3Aregular|font_style:400%20regular%3A400%3Anormal&#8221; css_animation=&#8221;none&#8221; css=&#8221;.vc_custom_1775647309834{margin-bottom: 20px !important;}&#8221;][vc_empty_space height=&#8221;30&#8243;][vc_column_text]<\/p>\n<p data-start=\"197\" data-end=\"714\">Apr\u00e8s vos \u00e9v\u00e9nements priv\u00e9s ou vos c\u00e9l\u00e9brations, prolongez l\u2019exp\u00e9rience en s\u00e9journant dans nos chambres \u00e9l\u00e9gantes et raffin\u00e9es. Chaque espace a \u00e9t\u00e9 con\u00e7u pour allier confort, design contemporain et atmosph\u00e8re chaleureuse, offrant un v\u00e9ritable cocon o\u00f9 se d\u00e9tendre et se ressourcer. Que ce soit pour un moment de calme apr\u00e8s une r\u00e9ception anim\u00e9e ou pour profiter d\u2019une escapade en toute intimit\u00e9, nos chambres permettent \u00e0 vos invit\u00e9s de prolonger l\u2019instant et de vivre pleinement l\u2019exp\u00e9rience unique de La Zoologie.<\/p>\n<p data-start=\"716\" data-end=\"1302\">Pour enrichir votre s\u00e9jour, notre conciergerie se tient \u00e0 votre disposition pour cr\u00e9er des exp\u00e9riences sur-mesure et vous faire d\u00e9couvrir Bordeaux et ses alentours. Entre visites guid\u00e9es du centre historique, excursions dans les vignobles environnants ou suggestions de balades insolites, nous vous accompagnons pour transformer chaque sortie en un moment m\u00e9morable. Ainsi, vos invit\u00e9s profitent non seulement d\u2019un h\u00e9bergement confortable et raffin\u00e9, mais aussi de d\u00e9couvertes authentiques et personnalis\u00e9es, qui prolongent la magie de votre \u00e9v\u00e9nement au c\u0153ur de la r\u00e9gion bordelaise.<\/p>\n<p>[\/vc_column_text]\r\n        \r\n        <style>\r\n\t\t\t\t#btn-container-ZJfKi {\r\n\t\t\t\t\tfont-size: 15px;\r\n\t\t\t\t\tfont-weight: bold;\r\n\t\t\t\t}\r\n        #btn-ZJfKi {\r\n        \tbackground: #af4e34;\r\n\t\t\t\t\tborder-style: solid;\r\n        \tborder-color: #af4e34;\r\n\t\t\t\t\tborder-width: 2px;\r\n        \tcolor: #ffffff;\r\n\t\t\t\t\tpadding: 10px 20px;\r\n\t\t\t\t\tborder-radius: 8px;\r\n\t\t\t\t\tfont-size: 15px;\r\n\t\t\t\t\tline-height: 15px;\r\n\t\t\t\t\t\t\t\t\t\t\t\t\t\t\tfont-weight: bold;\r\n        }\r\n\r\n\t\t\t\t#btn-ZJfKi:hover {\r\n\t\t\t\t\tbackground: #af4e34;\r\n\t\t\t\t\tborder-color: #af4e34;\r\n\t\t\t\t\tcolor: #ffffff;\r\n\t\t\t\t\t\t\t\t\t\t\t\t\t\t\t\r\n\t\t\t\t}\r\n\r\n\t\t    #btn-ZJfKi i {\r\n\t\t\t\t\tright: 14px;\r\n\t\t\t\t\tmargin-top: 0;\r\n\t\t\t\t\tvertical-align: middle;\r\n\t\t\t\t\tborder-radius: 50%;\r\n\t\t\t\t\tline-height: 20px;\r\n\t\t\t\t\theight: 20px;\r\n\t\t\t\t\twidth: 20px;\r\n\t\t\t\t\tbackground: #1dc1f8;\r\n\t\t\t\t\tmargin-left: 8px;\r\n\t\t\t\t\tmargin-right: 0;\r\n\t\t\t\t\tcolor: #ffffff;\r\n\t\t\t\t\tfont-size: 8px;\r\n\t\t\t\t\ttext-align: center;\r\n\t\t\t\t}\r\n\r\n\t\t\t\t #btn-ZJfKi:hover i {\r\n\t\t\t\t \tbackground: #ffffff;\r\n\t\t\t\t\tcolor: #1dc1f8;\r\n\t\t\t\t }\r\n\r\n        <\/style>\r\n\r\n\t\t<!-- BUTTON -->\r\n        <div id=\"btn-container-ZJfKi\" class=\"text-center\">\r\n\t\t\t\r\n\t\t\t\t\t<a href=\"mailto:commercial@hotelzoologie.com\" id=\"btn-ZJfKi\" class=\"btn \" target=\"_blank\">\r\n\t\t\t\t\t\tContactez nous !\t\t\t\t\t\t\t\t\t\t\t<\/a>\r\n\t\t\t\t\t        <\/div>\r\n\r\n        [\/vc_column][\/vc_row][vc_row][vc_column][vc_empty_space][\/vc_column][\/vc_row]<\/p>\n","protected":false},"excerpt":{"rendered":"<p>[vc_row full_width=&#8221;stretch_row&#8221; full_height=&#8221;yes&#8221; parallax=&#8221;content-moving-fade&#8221; parallax_image=&#8221;11057&#8243; parallax_speed_bg=&#8221;1.8&#8243; css_animation=&#8221;fadeIn&#8221;][vc_column][vc_custom_heading text=&#8221;Ev\u00e9nements priv\u00e9s \u00e0 Bordeaux&#8221; font_container=&#8221;tag:h1|font_size:55|text_align:center|color:%23ffffff|line_height:1.5&#8243; google_fonts=&#8221;font_family:Anton%3Aregular|font_style:400%20regular%3A400%3Anormal&#8221;][vc_empty_space][\/vc_column][\/vc_row][vc_row css_animation=&#8221;fadeIn&#8221;][vc_column][vc_empty_space height=&#8221;60&#8243;][vc_custom_heading text=&#8221;Un lieu unique se retrouver \u00e0 Bordeaux&#8221; font_container=&#8221;tag:h2|font_size:34|text_align:center|color:%23af4e34&#8243; google_fonts=&#8221;font_family:Tenor%20Sans%3Aregular|font_style:400%20regular%3A400%3Anormal&#8221; css_animation=&#8221;none&#8221; css=&#8221;.vc_custom_1775646602099{margin-bottom: 30px !important;}&#8221;][vc_separator color=&#8221;chino&#8221; border_width=&#8221;2&#8243; el_width=&#8221;30&#8243;][vc_column_text] C\u00e9l\u00e9brer un \u00e9v\u00e9nement priv\u00e9 \u00e0 Bordeaux devient une exp\u00e9rience unique \u00e0 l\u2019H\u00f4tel La Zoologie. Id\u00e9alement situ\u00e9 entre la gare Saint-Jean et le centre historique, [&hellip;]<\/p>\n","protected":false},"author":3,"featured_media":0,"parent":0,"menu_order":0,"comment_status":"closed","ping_status":"closed","template":"","meta":{"footnotes":""},"class_list":["post-11028","page","type-page","status-publish","hentry"],"yoast_head":"<!-- This site is optimized with the Yoast SEO plugin v27.3 - https:\/\/yoast.com\/product\/yoast-seo-wordpress\/ -->\n<title>C\u00e9l\u00e9brer - H\u00f4tel La Zoologie Bordeaux<\/title>\n<meta name=\"robots\" content=\"index, follow, max-snippet:-1, max-image-preview:large, max-video-preview:-1\" \/>\n<link rel=\"canonical\" href=\"https:\/\/www.hotelzoologie.com\/fr\/evenements-prives\/\" \/>\n<meta property=\"og:locale\" content=\"fr_FR\" \/>\n<meta property=\"og:type\" content=\"article\" \/>\n<meta property=\"og:title\" content=\"C\u00e9l\u00e9brer - H\u00f4tel La Zoologie Bordeaux\" \/>\n<meta property=\"og:description\" content=\"[vc_row full_width=&#8221;stretch_row&#8221; full_height=&#8221;yes&#8221; parallax=&#8221;content-moving-fade&#8221; parallax_image=&#8221;11057&#8243; parallax_speed_bg=&#8221;1.8&#8243; css_animation=&#8221;fadeIn&#8221;][vc_column][vc_custom_heading text=&#8221;Ev\u00e9nements priv\u00e9s \u00e0 Bordeaux&#8221; font_container=&#8221;tag:h1|font_size:55|text_align:center|color:%23ffffff|line_height:1.5&#8243; google_fonts=&#8221;font_family:Anton%3Aregular|font_style:400%20regular%3A400%3Anormal&#8221;][vc_empty_space][\/vc_column][\/vc_row][vc_row css_animation=&#8221;fadeIn&#8221;][vc_column][vc_empty_space height=&#8221;60&#8243;][vc_custom_heading text=&#8221;Un lieu unique se retrouver \u00e0 Bordeaux&#8221; font_container=&#8221;tag:h2|font_size:34|text_align:center|color:%23af4e34&#8243; google_fonts=&#8221;font_family:Tenor%20Sans%3Aregular|font_style:400%20regular%3A400%3Anormal&#8221; css_animation=&#8221;none&#8221; css=&#8221;.vc_custom_1775646602099{margin-bottom: 30px !important;}&#8221;][vc_separator color=&#8221;chino&#8221; border_width=&#8221;2&#8243; el_width=&#8221;30&#8243;][vc_column_text] C\u00e9l\u00e9brer un \u00e9v\u00e9nement priv\u00e9 \u00e0 Bordeaux devient une exp\u00e9rience unique \u00e0 l\u2019H\u00f4tel La Zoologie. Id\u00e9alement situ\u00e9 entre la gare Saint-Jean et le centre historique, [&hellip;]\" \/>\n<meta property=\"og:url\" content=\"https:\/\/www.hotelzoologie.com\/fr\/evenements-prives\/\" \/>\n<meta property=\"og:site_name\" content=\"H\u00f4tel La Zoologie Bordeaux\" \/>\n<meta property=\"article:modified_time\" content=\"2026-04-08T13:14:06+00:00\" \/>\n<meta name=\"twitter:card\" content=\"summary_large_image\" \/>\n<meta name=\"twitter:label1\" content=\"Dur\u00e9e de lecture estim\u00e9e\" \/>\n\t<meta name=\"twitter:data1\" content=\"4 minutes\" \/>\n<!-- \/ Yoast SEO plugin. -->","yoast_head_json":{"title":"C\u00e9l\u00e9brer - H\u00f4tel La Zoologie Bordeaux","robots":{"index":"index","follow":"follow","max-snippet":"max-snippet:-1","max-image-preview":"max-image-preview:large","max-video-preview":"max-video-preview:-1"},"canonical":"https:\/\/www.hotelzoologie.com\/fr\/evenements-prives\/","og_locale":"fr_FR","og_type":"article","og_title":"C\u00e9l\u00e9brer - H\u00f4tel La Zoologie Bordeaux","og_description":"[vc_row full_width=&#8221;stretch_row&#8221; full_height=&#8221;yes&#8221; parallax=&#8221;content-moving-fade&#8221; parallax_image=&#8221;11057&#8243; parallax_speed_bg=&#8221;1.8&#8243; css_animation=&#8221;fadeIn&#8221;][vc_column][vc_custom_heading text=&#8221;Ev\u00e9nements priv\u00e9s \u00e0 Bordeaux&#8221; font_container=&#8221;tag:h1|font_size:55|text_align:center|color:%23ffffff|line_height:1.5&#8243; google_fonts=&#8221;font_family:Anton%3Aregular|font_style:400%20regular%3A400%3Anormal&#8221;][vc_empty_space][\/vc_column][\/vc_row][vc_row css_animation=&#8221;fadeIn&#8221;][vc_column][vc_empty_space height=&#8221;60&#8243;][vc_custom_heading text=&#8221;Un lieu unique se retrouver \u00e0 Bordeaux&#8221; font_container=&#8221;tag:h2|font_size:34|text_align:center|color:%23af4e34&#8243; google_fonts=&#8221;font_family:Tenor%20Sans%3Aregular|font_style:400%20regular%3A400%3Anormal&#8221; css_animation=&#8221;none&#8221; css=&#8221;.vc_custom_1775646602099{margin-bottom: 30px !important;}&#8221;][vc_separator color=&#8221;chino&#8221; border_width=&#8221;2&#8243; el_width=&#8221;30&#8243;][vc_column_text] C\u00e9l\u00e9brer un \u00e9v\u00e9nement priv\u00e9 \u00e0 Bordeaux devient une exp\u00e9rience unique \u00e0 l\u2019H\u00f4tel La Zoologie. Id\u00e9alement situ\u00e9 entre la gare Saint-Jean et le centre historique, [&hellip;]","og_url":"https:\/\/www.hotelzoologie.com\/fr\/evenements-prives\/","og_site_name":"H\u00f4tel La Zoologie Bordeaux","article_modified_time":"2026-04-08T13:14:06+00:00","twitter_card":"summary_large_image","twitter_misc":{"Dur\u00e9e de lecture estim\u00e9e":"4 minutes"},"schema":{"@context":"https:\/\/schema.org","@graph":[{"@type":"WebPage","@id":"https:\/\/www.hotelzoologie.com\/fr\/evenements-prives\/","url":"https:\/\/www.hotelzoologie.com\/fr\/evenements-prives\/","name":"C\u00e9l\u00e9brer - H\u00f4tel La Zoologie Bordeaux","isPartOf":{"@id":"https:\/\/www.hotelzoologie.com\/fr\/#website"},"datePublished":"2026-04-08T09:34:13+00:00","dateModified":"2026-04-08T13:14:06+00:00","breadcrumb":{"@id":"https:\/\/www.hotelzoologie.com\/fr\/evenements-prives\/#breadcrumb"},"inLanguage":"fr-FR","potentialAction":[{"@type":"ReadAction","target":["https:\/\/www.hotelzoologie.com\/fr\/evenements-prives\/"]}]},{"@type":"BreadcrumbList","@id":"https:\/\/www.hotelzoologie.com\/fr\/evenements-prives\/#breadcrumb","itemListElement":[{"@type":"ListItem","position":1,"name":"Home","item":"https:\/\/www.hotelzoologie.com\/fr\/"},{"@type":"ListItem","position":2,"name":"C\u00e9l\u00e9brer"}]},{"@type":"WebSite","@id":"https:\/\/www.hotelzoologie.com\/fr\/#website","url":"https:\/\/www.hotelzoologie.com\/fr\/","name":"H\u00f4tel La Zoologie Bordeaux","description":"","publisher":{"@id":"https:\/\/www.hotelzoologie.com\/fr\/#organization"},"potentialAction":[{"@type":"SearchAction","target":{"@type":"EntryPoint","urlTemplate":"https:\/\/www.hotelzoologie.com\/fr\/?s={search_term_string}"},"query-input":{"@type":"PropertyValueSpecification","valueRequired":true,"valueName":"search_term_string"}}],"inLanguage":"fr-FR"},{"@type":"Organization","@id":"https:\/\/www.hotelzoologie.com\/fr\/#organization","name":"H\u00f4tel La Zoologie Bordeaux","url":"https:\/\/www.hotelzoologie.com\/fr\/","logo":{"@type":"ImageObject","inLanguage":"fr-FR","@id":"https:\/\/www.hotelzoologie.com\/fr\/#\/schema\/logo\/image\/","url":"https:\/\/www.hotelzoologie.com\/wp-content\/uploads\/2020\/09\/Logo-Zoologie.jpg","contentUrl":"https:\/\/www.hotelzoologie.com\/wp-content\/uploads\/2020\/09\/Logo-Zoologie.jpg","width":500,"height":70,"caption":"H\u00f4tel La Zoologie Bordeaux"},"image":{"@id":"https:\/\/www.hotelzoologie.com\/fr\/#\/schema\/logo\/image\/"}}]}},"_links":{"self":[{"href":"https:\/\/www.hotelzoologie.com\/fr\/wp-json\/wp\/v2\/pages\/11028","targetHints":{"allow":["GET"]}}],"collection":[{"href":"https:\/\/www.hotelzoologie.com\/fr\/wp-json\/wp\/v2\/pages"}],"about":[{"href":"https:\/\/www.hotelzoologie.com\/fr\/wp-json\/wp\/v2\/types\/page"}],"author":[{"embeddable":true,"href":"https:\/\/www.hotelzoologie.com\/fr\/wp-json\/wp\/v2\/users\/3"}],"replies":[{"embeddable":true,"href":"https:\/\/www.hotelzoologie.com\/fr\/wp-json\/wp\/v2\/comments?post=11028"}],"version-history":[{"count":15,"href":"https:\/\/www.hotelzoologie.com\/fr\/wp-json\/wp\/v2\/pages\/11028\/revisions"}],"predecessor-version":[{"id":11150,"href":"https:\/\/www.hotelzoologie.com\/fr\/wp-json\/wp\/v2\/pages\/11028\/revisions\/11150"}],"wp:attachment":[{"href":"https:\/\/www.hotelzoologie.com\/fr\/wp-json\/wp\/v2\/media?parent=11028"}],"curies":[{"name":"wp","href":"https:\/\/api.w.org\/{rel}","templated":true}]}}