{"id":11032,"date":"2026-04-08T09:36:24","date_gmt":"2026-04-08T09:36:24","guid":{"rendered":"https:\/\/www.hotelzoologie.com\/?page_id=11032"},"modified":"2026-04-08T13:15:00","modified_gmt":"2026-04-08T13:15:00","slug":"groupes-et-evenements","status":"publish","type":"page","link":"https:\/\/www.hotelzoologie.com\/fr\/groupes-et-evenements\/","title":{"rendered":"\u00c9v\u00e9nements"},"content":{"rendered":"<p>[vc_row css_animation=&#8221;fadeIn&#8221; css=&#8221;.vc_custom_1753972822168{background-color: #aa3d31 !important;}&#8221;][vc_column][vc_empty_space height=&#8221;40&#8243;][vc_custom_heading text=&#8221;Travailler et C\u00e9l\u00e9brer \u00e0 La Zoologie&#8221; font_container=&#8221;tag:h1|font_size:34|text_align:center|color:%23ffffff&#8221; google_fonts=&#8221;font_family:Tenor%20Sans%3Aregular|font_style:400%20regular%3A400%3Anormal&#8221;][vc_empty_space height=&#8221;20&#8243;][vc_separator color=&#8221;chino&#8221; el_width=&#8221;30&#8243;][\/vc_column][\/vc_row][vc_row css_animation=&#8221;fadeIn&#8221;][vc_column width=&#8221;1\/2&#8243; css=&#8221;.vc_custom_1775642968967{background-image: url(https:\/\/www.hotelzoologie.com\/wp-content\/uploads\/2025\/09\/Diner-Vignerons-2.webp?id=10017) !important;background-position: center !important;background-repeat: no-repeat !important;background-size: cover !important;}&#8221;][vc_empty_space height=&#8221;100&#8243;][vc_custom_heading text=&#8221;CELEBRER&#8221; font_container=&#8221;tag:p|font_size:30|text_align:center|color:%23ffffff&#8221; link=&#8221;url:%20https%3A%2F%2Fwww.hotelzoologie.com%2Ffr%2Fevenements-prives%2F|||&#8221;][vc_empty_space height=&#8221;10&#8243;][vc_separator el_width=&#8221;30&#8243;][vc_empty_space height=&#8221;100&#8243;][\/vc_column][vc_column width=&#8221;1\/2&#8243; css=&#8221;.vc_custom_1775642988510{background-image: url(https:\/\/www.hotelzoologie.com\/wp-content\/uploads\/2025\/10\/DSC3012-HDR.webp?id=10156) !important;background-position: center !important;background-repeat: no-repeat !important;background-size: cover !important;}&#8221;][vc_empty_space height=&#8221;100&#8243;][vc_custom_heading text=&#8221;TRAVAILLER&#8221; font_container=&#8221;tag:p|font_size:30|text_align:center|color:%23ffffff&#8221; link=&#8221;url:%20https%3A%2F%2Fwww.hotelzoologie.com%2Ffr%2Fseminaire-bordeaux%2F|||&#8221;][vc_empty_space height=&#8221;10&#8243;][vc_separator el_width=&#8221;30&#8243;][vc_empty_space height=&#8221;100&#8243;][\/vc_column][\/vc_row][vc_row css_animation=&#8221;fadeIn&#8221;][vc_column][vc_empty_space height=&#8221;10&#8243;][vc_column_text]<\/p>\n<p style=\"text-align: center;\"><strong>Bienvenue \u00e0 La Zoologie, un lieu d\u2019exception au c\u0153ur de Bordeaux. Plus qu\u2019un espace, nous vous offrons une exp\u00e9rience compl\u00e8te alliant \u00e9l\u00e9gance, convivialit\u00e9 et gastronomie. D\u00e9couvrez nos solutions sur-mesure pour vos \u00e9v\u00e9nements priv\u00e9s et s\u00e9minaires, pens\u00e9es pour marquer chaque moment.<\/strong><\/p>\n<p>[\/vc_column_text][vc_separator color=&#8221;chino&#8221; border_width=&#8221;2&#8243; el_width=&#8221;50&#8243;][vc_row_inner][vc_column_inner width=&#8221;1\/3&#8243; css=&#8221;.vc_custom_1753972768958{border-radius: 1px !important;}&#8221;][vc_custom_heading text=&#8221;R\u00e9unions &amp; S\u00e9minaires&#8221; font_container=&#8221;tag:h2|font_size:25|text_align:center|color:%23aa3d31&#8243; google_fonts=&#8221;font_family:Tenor%20Sans%3Aregular|font_style:400%20regular%3A400%3Anormal&#8221; css=&#8221;.vc_custom_1775642528062{margin-bottom: 10px !important;}&#8221;][vc_empty_space height=&#8221;10&#8243;][vc_column_text]<\/p>\n<p data-start=\"150\" data-end=\"495\">\u00c0 La Zoologie, vos s\u00e9minaires et r\u00e9unions prennent une dimension unique. Nos espaces modulables et lumineux, \u00e9quip\u00e9s de tout le n\u00e9cessaire technique, cr\u00e9ent un cadre propice \u00e0 la concentration et \u00e0 la cr\u00e9ativit\u00e9. Offrez \u00e0 vos \u00e9quipes une exp\u00e9rience professionnelle m\u00ealant confort, inspiration et moments de d\u00e9tente.<\/p>\n<p data-start=\"497\" data-end=\"810\">[\/vc_column_text][\/vc_column_inner][vc_column_inner width=&#8221;1\/3&#8243;][vc_custom_heading text=&#8221;\u00c9v\u00e9nements Priv\u00e9s&#8221; font_container=&#8221;tag:h2|font_size:25|text_align:center|color:%23aa3d31&#8243; google_fonts=&#8221;font_family:Tenor%20Sans%3Aregular|font_style:400%20regular%3A400%3Anormal&#8221; css=&#8221;.vc_custom_1775642521014{margin-bottom: 10px !important;}&#8221;][vc_empty_space height=&#8221;10&#8243;][vc_column_text]<\/p>\n<p data-start=\"497\" data-end=\"810\">C\u00e9l\u00e9brez vos instants pr\u00e9cieux dans un lieu hors du commun. Anniversaires, cocktails ou soir\u00e9es intimistes, chaque \u00e9v\u00e9nement est pens\u00e9 sur-mesure pour refl\u00e9ter votre style et \u00e9merveiller vos invit\u00e9s. \u00c0 La Zoologie, convivialit\u00e9 et \u00e9l\u00e9gance se rencontrent pour des souvenirs inoubliables.<\/p>\n<p data-start=\"812\" data-end=\"1129\">[\/vc_column_text][\/vc_column_inner][vc_column_inner width=&#8221;1\/3&#8243; css=&#8221;.vc_custom_1753972781677{border-radius: 1px !important;}&#8221;][vc_custom_heading text=&#8221;Exp\u00e9riences Gastronomiques&#8221; font_container=&#8221;tag:h2|font_size:25|text_align:center|color:%23aa3d31&#8243; google_fonts=&#8221;font_family:Tenor%20Sans%3Aregular|font_style:400%20regular%3A400%3Anormal&#8221; css=&#8221;.vc_custom_1775642533499{margin-bottom: 10px !important;}&#8221;][vc_empty_space height=&#8221;10&#8243;][vc_column_text]<\/p>\n<p data-start=\"812\" data-end=\"1129\">La gastronomie est au c\u0153ur de nos exp\u00e9riences. Du buffet raffin\u00e9 aux menus personnalis\u00e9s, nos propositions culinaires mettent en valeur des saveurs authentiques et surprenantes. Laissez nos chefs sublimer vos \u00e9v\u00e9nements et offrir \u00e0 vos convives une v\u00e9ritable exp\u00e9rience sensorielle.<\/p>\n<p>[\/vc_column_text][\/vc_column_inner][\/vc_row_inner][\/vc_column][\/vc_row][vc_row][vc_column][vc_empty_space height=&#8221;10&#8243;][vc_separator color=&#8221;chino&#8221; border_width=&#8221;2&#8243; el_width=&#8221;50&#8243;][vc_custom_heading text=&#8221;Des Questions ?&#8221; font_container=&#8221;tag:h2|font_size:25|text_align:center|color:%23aa3d31&#8243; google_fonts=&#8221;font_family:Tenor%20Sans%3Aregular|font_style:400%20regular%3A400%3Anormal&#8221; css=&#8221;.vc_custom_1775642706389{margin-bottom: 10px !important;}&#8221;][vc_column_text]<\/p>\n<p style=\"text-align: center;\">Notre \u00e9quipe commerciale est \u00e0 votre \u00e9coute pour imaginer avec vous chaque d\u00e9tail de votre \u00e9v\u00e9nement. \u00c0 La Zoologie, nous transformons vos projets en exp\u00e9riences uniques et sur-mesure, m\u00ealant confort, gastronomie et moments inoubliables pour vos invit\u00e9s<\/p>\n<p>[\/vc_column_text]\r\n        \r\n        <style>\r\n\t\t\t\t#btn-container-WRnNw {\r\n\t\t\t\t\tfont-size: 15px;\r\n\t\t\t\t\tfont-weight: bold;\r\n\t\t\t\t}\r\n        #btn-WRnNw {\r\n        \tbackground: #af4e34;\r\n\t\t\t\t\tborder-style: solid;\r\n        \tborder-color: #af4e34;\r\n\t\t\t\t\tborder-width: 2px;\r\n        \tcolor: #ffffff;\r\n\t\t\t\t\tpadding: 10px 20px;\r\n\t\t\t\t\tborder-radius: 8px;\r\n\t\t\t\t\tfont-size: 15px;\r\n\t\t\t\t\tline-height: 15px;\r\n\t\t\t\t\t\t\t\t\t\t\t\t\t\t\tfont-weight: bold;\r\n        }\r\n\r\n\t\t\t\t#btn-WRnNw:hover {\r\n\t\t\t\t\tbackground: #af4e34;\r\n\t\t\t\t\tborder-color: #af4e34;\r\n\t\t\t\t\tcolor: #ffffff;\r\n\t\t\t\t\t\t\t\t\t\t\t\t\t\t\t\r\n\t\t\t\t}\r\n\r\n\t\t    #btn-WRnNw i {\r\n\t\t\t\t\tright: 14px;\r\n\t\t\t\t\tmargin-top: 0;\r\n\t\t\t\t\tvertical-align: middle;\r\n\t\t\t\t\tborder-radius: 50%;\r\n\t\t\t\t\tline-height: 20px;\r\n\t\t\t\t\theight: 20px;\r\n\t\t\t\t\twidth: 20px;\r\n\t\t\t\t\tbackground: #1dc1f8;\r\n\t\t\t\t\tmargin-left: 8px;\r\n\t\t\t\t\tmargin-right: 0;\r\n\t\t\t\t\tcolor: #ffffff;\r\n\t\t\t\t\tfont-size: 8px;\r\n\t\t\t\t\ttext-align: center;\r\n\t\t\t\t}\r\n\r\n\t\t\t\t #btn-WRnNw:hover i {\r\n\t\t\t\t \tbackground: #ffffff;\r\n\t\t\t\t\tcolor: #1dc1f8;\r\n\t\t\t\t }\r\n\r\n        <\/style>\r\n\r\n\t\t<!-- BUTTON -->\r\n        <div id=\"btn-container-WRnNw\" class=\"text-center\">\r\n\t\t\t\r\n\t\t\t\t\t<a href=\"mailto:commercial@hotelzoologie.com\" id=\"btn-WRnNw\" class=\"btn \" target=\"_blank\">\r\n\t\t\t\t\t\tContactez nous !\t\t\t\t\t\t\t\t\t\t\t<\/a>\r\n\t\t\t\t\t        <\/div>\r\n\r\n        [\/vc_column][\/vc_row]<\/p>\n","protected":false},"excerpt":{"rendered":"<p>[vc_row css_animation=&#8221;fadeIn&#8221; css=&#8221;.vc_custom_1753972822168{background-color: #aa3d31 !important;}&#8221;][vc_column][vc_empty_space height=&#8221;40&#8243;][vc_custom_heading text=&#8221;Travailler et C\u00e9l\u00e9brer \u00e0 La Zoologie&#8221; font_container=&#8221;tag:h1|font_size:34|text_align:center|color:%23ffffff&#8221; google_fonts=&#8221;font_family:Tenor%20Sans%3Aregular|font_style:400%20regular%3A400%3Anormal&#8221;][vc_empty_space height=&#8221;20&#8243;][vc_separator color=&#8221;chino&#8221; el_width=&#8221;30&#8243;][\/vc_column][\/vc_row][vc_row css_animation=&#8221;fadeIn&#8221;][vc_column width=&#8221;1\/2&#8243; css=&#8221;.vc_custom_1775642968967{background-image: url(https:\/\/www.hotelzoologie.com\/wp-content\/uploads\/2025\/09\/Diner-Vignerons-2.webp?id=10017) !important;background-position: center !important;background-repeat: no-repeat !important;background-size: cover !important;}&#8221;][vc_empty_space height=&#8221;100&#8243;][vc_custom_heading text=&#8221;CELEBRER&#8221; font_container=&#8221;tag:p|font_size:30|text_align:center|color:%23ffffff&#8221; link=&#8221;url:%20https%3A%2F%2Fwww.hotelzoologie.com%2Ffr%2Fevenements-prives%2F|||&#8221;][vc_empty_space height=&#8221;10&#8243;][vc_separator el_width=&#8221;30&#8243;][vc_empty_space height=&#8221;100&#8243;][\/vc_column][vc_column width=&#8221;1\/2&#8243; css=&#8221;.vc_custom_1775642988510{background-image: url(https:\/\/www.hotelzoologie.com\/wp-content\/uploads\/2025\/10\/DSC3012-HDR.webp?id=10156) !important;background-position: center !important;background-repeat: no-repeat !important;background-size: cover !important;}&#8221;][vc_empty_space height=&#8221;100&#8243;][vc_custom_heading text=&#8221;TRAVAILLER&#8221; font_container=&#8221;tag:p|font_size:30|text_align:center|color:%23ffffff&#8221; link=&#8221;url:%20https%3A%2F%2Fwww.hotelzoologie.com%2Ffr%2Fseminaire-bordeaux%2F|||&#8221;][vc_empty_space height=&#8221;10&#8243;][vc_separator el_width=&#8221;30&#8243;][vc_empty_space height=&#8221;100&#8243;][\/vc_column][\/vc_row][vc_row css_animation=&#8221;fadeIn&#8221;][vc_column][vc_empty_space height=&#8221;10&#8243;][vc_column_text] Bienvenue [&hellip;]<\/p>\n","protected":false},"author":3,"featured_media":0,"parent":0,"menu_order":0,"comment_status":"closed","ping_status":"closed","template":"","meta":{"footnotes":""},"class_list":["post-11032","page","type-page","status-publish","hentry"],"yoast_head":"<!-- This site is optimized with the Yoast SEO plugin v27.3 - https:\/\/yoast.com\/product\/yoast-seo-wordpress\/ -->\n<title>\u00c9v\u00e9nements - H\u00f4tel La Zoologie Bordeaux<\/title>\n<meta name=\"robots\" content=\"index, follow, max-snippet:-1, max-image-preview:large, max-video-preview:-1\" \/>\n<link rel=\"canonical\" href=\"https:\/\/www.hotelzoologie.com\/fr\/groupes-et-evenements\/\" \/>\n<meta property=\"og:locale\" content=\"fr_FR\" \/>\n<meta property=\"og:type\" content=\"article\" \/>\n<meta property=\"og:title\" content=\"\u00c9v\u00e9nements - H\u00f4tel La Zoologie Bordeaux\" \/>\n<meta property=\"og:description\" content=\"[vc_row css_animation=&#8221;fadeIn&#8221; css=&#8221;.vc_custom_1753972822168{background-color: #aa3d31 !important;}&#8221;][vc_column][vc_empty_space height=&#8221;40&#8243;][vc_custom_heading text=&#8221;Travailler et C\u00e9l\u00e9brer \u00e0 La Zoologie&#8221; font_container=&#8221;tag:h1|font_size:34|text_align:center|color:%23ffffff&#8221; google_fonts=&#8221;font_family:Tenor%20Sans%3Aregular|font_style:400%20regular%3A400%3Anormal&#8221;][vc_empty_space height=&#8221;20&#8243;][vc_separator color=&#8221;chino&#8221; el_width=&#8221;30&#8243;][\/vc_column][\/vc_row][vc_row css_animation=&#8221;fadeIn&#8221;][vc_column width=&#8221;1\/2&#8243; css=&#8221;.vc_custom_1775642968967{background-image: url(https:\/\/www.hotelzoologie.com\/wp-content\/uploads\/2025\/09\/Diner-Vignerons-2.webp?id=10017) !important;background-position: center !important;background-repeat: no-repeat !important;background-size: cover !important;}&#8221;][vc_empty_space height=&#8221;100&#8243;][vc_custom_heading text=&#8221;CELEBRER&#8221; font_container=&#8221;tag:p|font_size:30|text_align:center|color:%23ffffff&#8221; link=&#8221;url:%20https%3A%2F%2Fwww.hotelzoologie.com%2Ffr%2Fevenements-prives%2F|||&#8221;][vc_empty_space height=&#8221;10&#8243;][vc_separator el_width=&#8221;30&#8243;][vc_empty_space height=&#8221;100&#8243;][\/vc_column][vc_column width=&#8221;1\/2&#8243; css=&#8221;.vc_custom_1775642988510{background-image: url(https:\/\/www.hotelzoologie.com\/wp-content\/uploads\/2025\/10\/DSC3012-HDR.webp?id=10156) !important;background-position: center !important;background-repeat: no-repeat !important;background-size: cover !important;}&#8221;][vc_empty_space height=&#8221;100&#8243;][vc_custom_heading text=&#8221;TRAVAILLER&#8221; font_container=&#8221;tag:p|font_size:30|text_align:center|color:%23ffffff&#8221; link=&#8221;url:%20https%3A%2F%2Fwww.hotelzoologie.com%2Ffr%2Fseminaire-bordeaux%2F|||&#8221;][vc_empty_space height=&#8221;10&#8243;][vc_separator el_width=&#8221;30&#8243;][vc_empty_space height=&#8221;100&#8243;][\/vc_column][\/vc_row][vc_row css_animation=&#8221;fadeIn&#8221;][vc_column][vc_empty_space height=&#8221;10&#8243;][vc_column_text] Bienvenue [&hellip;]\" \/>\n<meta property=\"og:url\" content=\"https:\/\/www.hotelzoologie.com\/fr\/groupes-et-evenements\/\" \/>\n<meta property=\"og:site_name\" content=\"H\u00f4tel La Zoologie Bordeaux\" \/>\n<meta property=\"article:modified_time\" content=\"2026-04-08T13:15:00+00:00\" \/>\n<meta name=\"twitter:card\" content=\"summary_large_image\" \/>\n<meta name=\"twitter:label1\" content=\"Dur\u00e9e de lecture estim\u00e9e\" \/>\n\t<meta name=\"twitter:data1\" content=\"2 minutes\" \/>\n<!-- \/ Yoast SEO plugin. -->","yoast_head_json":{"title":"\u00c9v\u00e9nements - H\u00f4tel La Zoologie Bordeaux","robots":{"index":"index","follow":"follow","max-snippet":"max-snippet:-1","max-image-preview":"max-image-preview:large","max-video-preview":"max-video-preview:-1"},"canonical":"https:\/\/www.hotelzoologie.com\/fr\/groupes-et-evenements\/","og_locale":"fr_FR","og_type":"article","og_title":"\u00c9v\u00e9nements - H\u00f4tel La Zoologie Bordeaux","og_description":"[vc_row css_animation=&#8221;fadeIn&#8221; css=&#8221;.vc_custom_1753972822168{background-color: #aa3d31 !important;}&#8221;][vc_column][vc_empty_space height=&#8221;40&#8243;][vc_custom_heading text=&#8221;Travailler et C\u00e9l\u00e9brer \u00e0 La Zoologie&#8221; font_container=&#8221;tag:h1|font_size:34|text_align:center|color:%23ffffff&#8221; google_fonts=&#8221;font_family:Tenor%20Sans%3Aregular|font_style:400%20regular%3A400%3Anormal&#8221;][vc_empty_space height=&#8221;20&#8243;][vc_separator color=&#8221;chino&#8221; el_width=&#8221;30&#8243;][\/vc_column][\/vc_row][vc_row css_animation=&#8221;fadeIn&#8221;][vc_column width=&#8221;1\/2&#8243; css=&#8221;.vc_custom_1775642968967{background-image: url(https:\/\/www.hotelzoologie.com\/wp-content\/uploads\/2025\/09\/Diner-Vignerons-2.webp?id=10017) !important;background-position: center !important;background-repeat: no-repeat !important;background-size: cover !important;}&#8221;][vc_empty_space height=&#8221;100&#8243;][vc_custom_heading text=&#8221;CELEBRER&#8221; font_container=&#8221;tag:p|font_size:30|text_align:center|color:%23ffffff&#8221; link=&#8221;url:%20https%3A%2F%2Fwww.hotelzoologie.com%2Ffr%2Fevenements-prives%2F|||&#8221;][vc_empty_space height=&#8221;10&#8243;][vc_separator el_width=&#8221;30&#8243;][vc_empty_space height=&#8221;100&#8243;][\/vc_column][vc_column width=&#8221;1\/2&#8243; css=&#8221;.vc_custom_1775642988510{background-image: url(https:\/\/www.hotelzoologie.com\/wp-content\/uploads\/2025\/10\/DSC3012-HDR.webp?id=10156) !important;background-position: center !important;background-repeat: no-repeat !important;background-size: cover !important;}&#8221;][vc_empty_space height=&#8221;100&#8243;][vc_custom_heading text=&#8221;TRAVAILLER&#8221; font_container=&#8221;tag:p|font_size:30|text_align:center|color:%23ffffff&#8221; link=&#8221;url:%20https%3A%2F%2Fwww.hotelzoologie.com%2Ffr%2Fseminaire-bordeaux%2F|||&#8221;][vc_empty_space height=&#8221;10&#8243;][vc_separator el_width=&#8221;30&#8243;][vc_empty_space height=&#8221;100&#8243;][\/vc_column][\/vc_row][vc_row css_animation=&#8221;fadeIn&#8221;][vc_column][vc_empty_space height=&#8221;10&#8243;][vc_column_text] Bienvenue [&hellip;]","og_url":"https:\/\/www.hotelzoologie.com\/fr\/groupes-et-evenements\/","og_site_name":"H\u00f4tel La Zoologie Bordeaux","article_modified_time":"2026-04-08T13:15:00+00:00","twitter_card":"summary_large_image","twitter_misc":{"Dur\u00e9e de lecture estim\u00e9e":"2 minutes"},"schema":{"@context":"https:\/\/schema.org","@graph":[{"@type":"WebPage","@id":"https:\/\/www.hotelzoologie.com\/fr\/groupes-et-evenements\/","url":"https:\/\/www.hotelzoologie.com\/fr\/groupes-et-evenements\/","name":"\u00c9v\u00e9nements - H\u00f4tel La Zoologie Bordeaux","isPartOf":{"@id":"https:\/\/www.hotelzoologie.com\/fr\/#website"},"datePublished":"2026-04-08T09:36:24+00:00","dateModified":"2026-04-08T13:15:00+00:00","breadcrumb":{"@id":"https:\/\/www.hotelzoologie.com\/fr\/groupes-et-evenements\/#breadcrumb"},"inLanguage":"fr-FR","potentialAction":[{"@type":"ReadAction","target":["https:\/\/www.hotelzoologie.com\/fr\/groupes-et-evenements\/"]}]},{"@type":"BreadcrumbList","@id":"https:\/\/www.hotelzoologie.com\/fr\/groupes-et-evenements\/#breadcrumb","itemListElement":[{"@type":"ListItem","position":1,"name":"Home","item":"https:\/\/www.hotelzoologie.com\/fr\/"},{"@type":"ListItem","position":2,"name":"\u00c9v\u00e9nements"}]},{"@type":"WebSite","@id":"https:\/\/www.hotelzoologie.com\/fr\/#website","url":"https:\/\/www.hotelzoologie.com\/fr\/","name":"H\u00f4tel La Zoologie Bordeaux","description":"","publisher":{"@id":"https:\/\/www.hotelzoologie.com\/fr\/#organization"},"potentialAction":[{"@type":"SearchAction","target":{"@type":"EntryPoint","urlTemplate":"https:\/\/www.hotelzoologie.com\/fr\/?s={search_term_string}"},"query-input":{"@type":"PropertyValueSpecification","valueRequired":true,"valueName":"search_term_string"}}],"inLanguage":"fr-FR"},{"@type":"Organization","@id":"https:\/\/www.hotelzoologie.com\/fr\/#organization","name":"H\u00f4tel La Zoologie Bordeaux","url":"https:\/\/www.hotelzoologie.com\/fr\/","logo":{"@type":"ImageObject","inLanguage":"fr-FR","@id":"https:\/\/www.hotelzoologie.com\/fr\/#\/schema\/logo\/image\/","url":"https:\/\/www.hotelzoologie.com\/wp-content\/uploads\/2020\/09\/Logo-Zoologie.jpg","contentUrl":"https:\/\/www.hotelzoologie.com\/wp-content\/uploads\/2020\/09\/Logo-Zoologie.jpg","width":500,"height":70,"caption":"H\u00f4tel La Zoologie Bordeaux"},"image":{"@id":"https:\/\/www.hotelzoologie.com\/fr\/#\/schema\/logo\/image\/"}}]}},"_links":{"self":[{"href":"https:\/\/www.hotelzoologie.com\/fr\/wp-json\/wp\/v2\/pages\/11032","targetHints":{"allow":["GET"]}}],"collection":[{"href":"https:\/\/www.hotelzoologie.com\/fr\/wp-json\/wp\/v2\/pages"}],"about":[{"href":"https:\/\/www.hotelzoologie.com\/fr\/wp-json\/wp\/v2\/types\/page"}],"author":[{"embeddable":true,"href":"https:\/\/www.hotelzoologie.com\/fr\/wp-json\/wp\/v2\/users\/3"}],"replies":[{"embeddable":true,"href":"https:\/\/www.hotelzoologie.com\/fr\/wp-json\/wp\/v2\/comments?post=11032"}],"version-history":[{"count":19,"href":"https:\/\/www.hotelzoologie.com\/fr\/wp-json\/wp\/v2\/pages\/11032\/revisions"}],"predecessor-version":[{"id":11151,"href":"https:\/\/www.hotelzoologie.com\/fr\/wp-json\/wp\/v2\/pages\/11032\/revisions\/11151"}],"wp:attachment":[{"href":"https:\/\/www.hotelzoologie.com\/fr\/wp-json\/wp\/v2\/media?parent=11032"}],"curies":[{"name":"wp","href":"https:\/\/api.w.org\/{rel}","templated":true}]}}