{"id":2014,"date":"2019-02-21T11:36:34","date_gmt":"2019-02-21T11:36:34","guid":{"rendered":"https:\/\/preview.eagle-themes.com\/zante\/?page_id=2014"},"modified":"2025-08-01T14:14:59","modified_gmt":"2025-08-01T14:14:59","slug":"services","status":"publish","type":"page","link":"https:\/\/www.hotelzoologie.com\/fr\/services\/","title":{"rendered":"Services de l&#8217;H\u00f4tel La Zoologie"},"content":{"rendered":"<p>[vc_row css_animation=&#8221;fadeIn&#8221; css=&#8221;.vc_custom_1753972822168{background-color: #aa3d31 !important;}&#8221;][vc_column][vc_empty_space height=&#8221;40&#8243;][vc_custom_heading text=&#8221;Les services de l&#8217;H\u00f4tel La Zoologie&#8221; font_container=&#8221;tag:h1|font_size:34|text_align:center|color:%23ffffff&#8221; google_fonts=&#8221;font_family:Tenor%20Sans%3Aregular|font_style:400%20regular%3A400%3Anormal&#8221;][vc_empty_space height=&#8221;20&#8243;][vc_separator color=&#8221;chino&#8221; el_width=&#8221;30&#8243;][\/vc_column][\/vc_row][vc_row equal_height=&#8221;yes&#8221; css_animation=&#8221;fadeIn&#8221;][vc_column parallax=&#8221;content-moving-fade&#8221; parallax_image=&#8221;9489&#8243; parallax_speed_bg=&#8221;1&#8243; width=&#8221;1\/3&#8243; offset=&#8221;vc_col-lg-4 vc_col-md-3 vc_col-xs-12&#8243; css=&#8221;.vc_custom_1754057633543{padding-bottom: 100px !important;background-position: center !important;background-repeat: no-repeat !important;background-size: contain !important;}&#8221;][vc_empty_space height=&#8221;110&#8243;][vc_custom_heading text=&#8221;Restaurant Bistronomique&#8221; font_container=&#8221;tag:p|font_size:30|text_align:center|color:%23ffffff&#8221; link=&#8221;url:https%3A%2F%2Fwww.hotelzoologie.com%2Ffr%2Frestaurant-bordeaux%2F|||&#8221;][vc_empty_space height=&#8221;15&#8243;][vc_separator color=&#8221;white&#8221; el_width=&#8221;40&#8243;][\/vc_column][vc_column parallax=&#8221;content-moving-fade&#8221; parallax_image=&#8221;9493&#8243; parallax_speed_bg=&#8221;1&#8243; width=&#8221;1\/3&#8243; offset=&#8221;vc_col-lg-4 vc_col-md-3 vc_col-xs-12&#8243; css=&#8221;.vc_custom_1754057639966{padding-bottom: 100px !important;}&#8221;][vc_empty_space height=&#8221;110&#8243;][vc_custom_heading text=&#8221;Le Rooftop&#8221; font_container=&#8221;tag:p|font_size:30|text_align:center|color:%23ffffff&#8221; link=&#8221;url:https%3A%2F%2Fwww.hotelzoologie.com%2Ffr%2Frooftop-bordeaux%2F|||&#8221;][vc_empty_space height=&#8221;15&#8243;][vc_separator color=&#8221;white&#8221; el_width=&#8221;40&#8243;][\/vc_column][vc_column parallax=&#8221;content-moving-fade&#8221; parallax_image=&#8221;9497&#8243; parallax_speed_bg=&#8221;1&#8243; width=&#8221;1\/3&#8243; offset=&#8221;vc_col-lg-4 vc_col-md-3 vc_col-xs-12&#8243; css=&#8221;.vc_custom_1754057644958{padding-bottom: 100px !important;background-position: center !important;background-repeat: no-repeat !important;background-size: cover !important;}&#8221;][vc_empty_space height=&#8221;110&#8243;][vc_custom_heading text=&#8221;Le Bar&#8221; font_container=&#8221;tag:p|font_size:30|text_align:center|color:%23ffffff&#8221; link=&#8221;url:https%3A%2F%2Fwww.hotelzoologie.com%2Ffr%2Fbar-bordeaux%2F|||&#8221;][vc_empty_space height=&#8221;15&#8243;][vc_separator color=&#8221;white&#8221; el_width=&#8221;40&#8243;][\/vc_column][vc_column parallax=&#8221;content-moving-fade&#8221; parallax_image=&#8221;9485&#8243; parallax_speed_bg=&#8221;1&#8243; width=&#8221;1\/3&#8243; offset=&#8221;vc_col-lg-4 vc_col-md-3 vc_col-xs-12&#8243; css=&#8221;.vc_custom_1754057653214{padding-bottom: 100px !important;}&#8221;][vc_empty_space height=&#8221;130&#8243;][vc_custom_heading text=&#8221;Le Banksia&#8221; font_container=&#8221;tag:p|font_size:30|text_align:center|color:%23ffffff&#8221; link=&#8221;url:https%3A%2F%2Fwww.hotelzoologie.com%2Ffr%2Fcave-a-manger-banksia%2F|||&#8221;][vc_empty_space height=&#8221;15&#8243;][vc_separator color=&#8221;white&#8221; el_width=&#8221;40&#8243;][\/vc_column][vc_column parallax=&#8221;content-moving-fade&#8221; parallax_image=&#8221;9481&#8243; parallax_speed_bg=&#8221;1&#8243; width=&#8221;1\/3&#8243; offset=&#8221;vc_col-lg-4 vc_col-md-3 vc_col-xs-12&#8243; css=&#8221;.vc_custom_1754057658830{padding-bottom: 100px !important;}&#8221;][vc_empty_space height=&#8221;130&#8243;][vc_custom_heading text=&#8221;Le Petit-d\u00e9jeuner&#8221; font_container=&#8221;tag:p|font_size:30|text_align:center|color:%23ffffff&#8221; link=&#8221;url:https%3A%2F%2Fwww.hotelzoologie.com%2Ffr%2Fpetit-dejeuner%2F|||&#8221;][vc_empty_space height=&#8221;15&#8243;][vc_separator color=&#8221;white&#8221; el_width=&#8221;40&#8243;][\/vc_column][vc_column parallax=&#8221;content-moving-fade&#8221; parallax_image=&#8221;9542&#8243; parallax_speed_bg=&#8221;1&#8243; width=&#8221;1\/3&#8243; offset=&#8221;vc_col-lg-4 vc_col-md-3 vc_col-xs-12&#8243; css=&#8221;.vc_custom_1754057663252{padding-bottom: 100px !important;}&#8221;][vc_empty_space height=&#8221;130&#8243;][vc_custom_heading text=&#8221;Spa &#038; Bien-\u00eatre&#8221; font_container=&#8221;tag:p|font_size:30|text_align:center|color:%23ffffff&#8221; link=&#8221;url:https%3A%2F%2Fwww.hotelzoologie.com%2Ffr%2Fspa-bordeaux%2F|||&#8221;][vc_empty_space height=&#8221;15&#8243;][vc_separator color=&#8221;white&#8221; el_width=&#8221;40&#8243;][\/vc_column][\/vc_row][vc_row][vc_column][vc_empty_space height=&#8221;50&#8243;][\/vc_column][\/vc_row][vc_row css_animation=&#8221;fadeIn&#8221;][vc_column][vc_column_text]<\/p>\n<p style=\"text-align: center;\"><strong>Bienvenue \u00e0 La Zoologie, un lieu de vie unique au c\u0153ur de Bordeaux. Plus qu\u2019un h\u00f4tel, nous vous offrons une exp\u00e9rience compl\u00e8te alliant confort, bien-\u00eatre et gastronomie. D\u00e9couvrez l\u2019ensemble de nos services pens\u00e9s pour sublimer votre s\u00e9jour.<\/strong><\/p>\n<p>[\/vc_column_text][vc_separator color=&#8221;chino&#8221; border_width=&#8221;2&#8243; el_width=&#8221;50&#8243;][vc_row_inner][vc_column_inner width=&#8221;1\/3&#8243; css=&#8221;.vc_custom_1753972768958{border-radius: 1px !important;}&#8221;][vc_custom_heading text=&#8221;Accueil Personnalis\u00e9&#8221; font_container=&#8221;tag:h2|text_align:left|color:%23aa3d31&#8243; google_fonts=&#8221;font_family:Tenor%20Sans%3Aregular|font_style:400%20regular%3A400%3Anormal&#8221; css=&#8221;.vc_custom_1753973995058{margin-bottom: 10px !important;}&#8221;][vc_column_text]<\/p>\n<ul>\n<li>R\u00e9ception ouverte 24h\/24<\/li>\n<li data-start=\"277\" data-end=\"328\">Service de conciergerie (organisation &amp; conseils)<\/li>\n<li data-start=\"331\" data-end=\"344\">Accueil VIP<\/li>\n<li data-start=\"347\" data-end=\"368\">R\u00e9servation de taxi<\/li>\n<li data-start=\"371\" data-end=\"416\">R\u00e9servation de voiture avec chauffeur priv\u00e9<\/li>\n<li data-start=\"419\" data-end=\"443\">R\u00e9servations de d\u00eeners<\/li>\n<li data-start=\"446\" data-end=\"529\">Journaux quotidiens \u00e0 la r\u00e9ception<\/li>\n<\/ul>\n<p>[\/vc_column_text][\/vc_column_inner][vc_column_inner width=&#8221;1\/3&#8243;][vc_custom_heading text=&#8221;Confort &#038; Commodit\u00e9s&#8221; font_container=&#8221;tag:h2|text_align:left|color:%23aa3d31&#8243; google_fonts=&#8221;font_family:Tenor%20Sans%3Aregular|font_style:400%20regular%3A400%3Anormal&#8221; css=&#8221;.vc_custom_1753973999374{margin-bottom: 10px !important;}&#8221;][vc_column_text]<\/p>\n<ul>\n<li data-start=\"569\" data-end=\"580\">Bagagerie<\/li>\n<li data-start=\"581\" data-end=\"635\">\n<p data-start=\"583\" data-end=\"635\">Early Check-in ou Late Check-out<\/p>\n<\/li>\n<li data-start=\"636\" data-end=\"671\">\n<p data-start=\"638\" data-end=\"671\">Lit b\u00e9b\u00e9 disponible sur demande<\/p>\n<\/li>\n<li data-start=\"748\" data-end=\"787\">\n<p data-start=\"750\" data-end=\"787\">Coffre-fort individuel (40 x 30 cm)<\/p>\n<\/li>\n<li data-start=\"788\" data-end=\"816\">\n<p data-start=\"790\" data-end=\"816\">Service de blanchisserie<\/p>\n<\/li>\n<li data-start=\"817\" data-end=\"844\">\n<p data-start=\"819\" data-end=\"844\">T\u00e9l\u00e9phone ligne directe<\/p>\n<\/li>\n<li data-start=\"845\" data-end=\"885\">\n<p data-start=\"847\" data-end=\"885\">Acc\u00e8s WiFi gratuit dans tout l\u2019h\u00f4tel<\/p>\n<\/li>\n<\/ul>\n<p>[\/vc_column_text][\/vc_column_inner][vc_column_inner width=&#8221;1\/3&#8243; css=&#8221;.vc_custom_1753972781677{border-radius: 1px !important;}&#8221;][vc_custom_heading text=&#8221;En chambre&#8221; font_container=&#8221;tag:h2|text_align:left|color:%23aa3d31&#8243; google_fonts=&#8221;font_family:Tenor%20Sans%3Aregular|font_style:400%20regular%3A400%3Anormal&#8221; css=&#8221;.vc_custom_1753974004849{margin-bottom: 10px !important;}&#8221;][vc_column_text]<\/p>\n<ul>\n<li data-start=\"1045\" data-end=\"1065\">\n<p data-start=\"1047\" data-end=\"1065\">Machine expresso<\/p>\n<\/li>\n<li data-start=\"1066\" data-end=\"1080\">\n<p data-start=\"1068\" data-end=\"1080\">Bouilloire<\/p>\n<\/li>\n<li data-start=\"1081\" data-end=\"1107\">\n<p data-start=\"1083\" data-end=\"1107\">Peignoirs et chaussons<\/p>\n<\/li>\n<li data-start=\"1108\" data-end=\"1162\">\n<p data-start=\"1110\" data-end=\"1162\">T\u00e9l\u00e9viseur \u00e9cran plat avec cha\u00eenes internationales<\/p>\n<\/li>\n<li data-start=\"913\" data-end=\"960\">\n<p data-start=\"915\" data-end=\"960\">Petit-d\u00e9jeuner continental servi en chambre sur demande<\/p>\n<\/li>\n<\/ul>\n<p>[\/vc_column_text][\/vc_column_inner][\/vc_row_inner][vc_row_inner][vc_column_inner width=&#8221;1\/2&#8243; css=&#8221;.vc_custom_1753974038750{border-radius: 1px !important;}&#8221; offset=&#8221;vc_col-lg-offset-1 vc_col-lg-5&#8243;][vc_custom_heading text=&#8221;Bien-\u00eatre &#038; D\u00e9tente&#8221; font_container=&#8221;tag:h2|text_align:left|color:%23aa3d31&#8243; google_fonts=&#8221;font_family:Tenor%20Sans%3Aregular|font_style:400%20regular%3A400%3Anormal&#8221; css=&#8221;.vc_custom_1753974011690{margin-bottom: 10px !important;}&#8221;][vc_column_text]<\/p>\n<ul>\n<li>Jacuzzi, Sauna, Hammam<\/li>\n<li>Espace de d\u00e9tente<\/li>\n<li>Massage en solo ou en duo<\/li>\n<li>Espace Fitness<\/li>\n<li>Acc\u00e8s au spa inclus pour la r\u00e9servation de chambre Confort, Deluxe &amp; Suite Duplex (en suppl\u00e9ment pour la chambre Classique)<\/li>\n<\/ul>\n<p>[\/vc_column_text][\/vc_column_inner][vc_column_inner width=&#8221;1\/2&#8243; css=&#8221;.vc_custom_1753974046934{border-radius: 1px !important;}&#8221; offset=&#8221;vc_col-lg-5&#8243;][vc_custom_heading text=&#8221;\u00c9v\u00e9nementiel &#038; S\u00e9minaires&#8221; font_container=&#8221;tag:h2|text_align:left|color:%23aa3d31&#8243; google_fonts=&#8221;font_family:Tenor%20Sans%3Aregular|font_style:400%20regular%3A400%3Anormal&#8221; css=&#8221;.vc_custom_1753974016211{margin-bottom: 10px !important;}&#8221;][vc_column_text]<\/p>\n<ul>\n<li>Salles de s\u00e9minaire \u00e9quip\u00e9es (\u00e9cran, vid\u00e9oprojecteur, paperboard, etc)<\/li>\n<li>Espaces privatisables<\/li>\n<li>Cr\u00e9ation d&#8217;\u00e9v\u00e8nements sur-mesure<\/li>\n<li>R\u00e9union d&#8217;affaire<\/li>\n<li>Cocktails &amp; R\u00e9ceptions<\/li>\n<\/ul>\n<p>[\/vc_column_text][\/vc_column_inner][\/vc_row_inner][\/vc_column][\/vc_row][vc_row][vc_column][vc_empty_space height=&#8221;50&#8243;][\/vc_column][\/vc_row]<\/p>\n","protected":false},"excerpt":{"rendered":"<p>[vc_row css_animation=&#8221;fadeIn&#8221; css=&#8221;.vc_custom_1753972822168{background-color: #aa3d31 !important;}&#8221;][vc_column][vc_empty_space height=&#8221;40&#8243;][vc_custom_heading text=&#8221;Les services de l&#8217;H\u00f4tel La Zoologie&#8221; font_container=&#8221;tag:h1|font_size:34|text_align:center|color:%23ffffff&#8221; google_fonts=&#8221;font_family:Tenor%20Sans%3Aregular|font_style:400%20regular%3A400%3Anormal&#8221;][vc_empty_space height=&#8221;20&#8243;][vc_separator color=&#8221;chino&#8221; el_width=&#8221;30&#8243;][\/vc_column][\/vc_row][vc_row equal_height=&#8221;yes&#8221; css_animation=&#8221;fadeIn&#8221;][vc_column parallax=&#8221;content-moving-fade&#8221; parallax_image=&#8221;9489&#8243; parallax_speed_bg=&#8221;1&#8243; width=&#8221;1\/3&#8243; offset=&#8221;vc_col-lg-4 vc_col-md-3 vc_col-xs-12&#8243; css=&#8221;.vc_custom_1754057633543{padding-bottom: 100px !important;background-position: center !important;background-repeat: no-repeat !important;background-size: contain !important;}&#8221;][vc_empty_space height=&#8221;110&#8243;][vc_custom_heading text=&#8221;Restaurant Bistronomique&#8221; font_container=&#8221;tag:p|font_size:30|text_align:center|color:%23ffffff&#8221; link=&#8221;url:https%3A%2F%2Fwww.hotelzoologie.com%2Ffr%2Frestaurant-bordeaux%2F|||&#8221;][vc_empty_space height=&#8221;15&#8243;][vc_separator color=&#8221;white&#8221; el_width=&#8221;40&#8243;][\/vc_column][vc_column parallax=&#8221;content-moving-fade&#8221; parallax_image=&#8221;9493&#8243; parallax_speed_bg=&#8221;1&#8243; width=&#8221;1\/3&#8243; offset=&#8221;vc_col-lg-4 vc_col-md-3 vc_col-xs-12&#8243; css=&#8221;.vc_custom_1754057639966{padding-bottom: 100px !important;}&#8221;][vc_empty_space height=&#8221;110&#8243;][vc_custom_heading text=&#8221;Le [&hellip;]<\/p>\n","protected":false},"author":1,"featured_media":0,"parent":0,"menu_order":0,"comment_status":"closed","ping_status":"closed","template":"","meta":{"footnotes":""},"class_list":["post-2014","page","type-page","status-publish","hentry"],"yoast_head":"<!-- This site is optimized with the Yoast SEO plugin v27.4 - https:\/\/yoast.com\/product\/yoast-seo-wordpress\/ -->\n<title>Services et Equipements - H\u00f4tel de luxe La Zoologie Bordeaux<\/title>\n<meta name=\"description\" content=\"Profitez des services de luxe propos\u00e9s par l&#039;h\u00f4tel La Zoologie. Spa, bar, rooftop, et restaurant, tout est pr\u00e9vu pour votre bien-\u00eatre.\" \/>\n<meta name=\"robots\" content=\"index, follow, max-snippet:-1, max-image-preview:large, max-video-preview:-1\" \/>\n<link rel=\"canonical\" href=\"https:\/\/www.hotelzoologie.com\/fr\/services\/\" \/>\n<meta property=\"og:locale\" content=\"fr_FR\" \/>\n<meta property=\"og:type\" content=\"article\" \/>\n<meta property=\"og:title\" content=\"Services et Equipements - H\u00f4tel de luxe La Zoologie Bordeaux\" \/>\n<meta property=\"og:description\" content=\"Profitez des services de luxe propos\u00e9s par l&#039;h\u00f4tel La Zoologie. Spa, bar, rooftop, et restaurant, tout est pr\u00e9vu pour votre bien-\u00eatre.\" \/>\n<meta property=\"og:url\" content=\"https:\/\/www.hotelzoologie.com\/fr\/services\/\" \/>\n<meta property=\"og:site_name\" content=\"H\u00f4tel La Zoologie Bordeaux\" \/>\n<meta property=\"article:modified_time\" content=\"2025-08-01T14:14:59+00:00\" \/>\n<meta name=\"twitter:card\" content=\"summary_large_image\" \/>\n<meta name=\"twitter:label1\" content=\"Dur\u00e9e de lecture estim\u00e9e\" \/>\n\t<meta name=\"twitter:data1\" content=\"5 minutes\" \/>\n<!-- \/ Yoast SEO plugin. -->","yoast_head_json":{"title":"Services et Equipements - H\u00f4tel de luxe La Zoologie Bordeaux","description":"Profitez des services de luxe propos\u00e9s par l'h\u00f4tel La Zoologie. Spa, bar, rooftop, et restaurant, tout est pr\u00e9vu pour votre bien-\u00eatre.","robots":{"index":"index","follow":"follow","max-snippet":"max-snippet:-1","max-image-preview":"max-image-preview:large","max-video-preview":"max-video-preview:-1"},"canonical":"https:\/\/www.hotelzoologie.com\/fr\/services\/","og_locale":"fr_FR","og_type":"article","og_title":"Services et Equipements - H\u00f4tel de luxe La Zoologie Bordeaux","og_description":"Profitez des services de luxe propos\u00e9s par l'h\u00f4tel La Zoologie. Spa, bar, rooftop, et restaurant, tout est pr\u00e9vu pour votre bien-\u00eatre.","og_url":"https:\/\/www.hotelzoologie.com\/fr\/services\/","og_site_name":"H\u00f4tel La Zoologie Bordeaux","article_modified_time":"2025-08-01T14:14:59+00:00","twitter_card":"summary_large_image","twitter_misc":{"Dur\u00e9e de lecture estim\u00e9e":"5 minutes"},"schema":{"@context":"https:\/\/schema.org","@graph":[{"@type":"WebPage","@id":"https:\/\/www.hotelzoologie.com\/fr\/services\/","url":"https:\/\/www.hotelzoologie.com\/fr\/services\/","name":"Services et Equipements - H\u00f4tel de luxe La Zoologie Bordeaux","isPartOf":{"@id":"https:\/\/www.hotelzoologie.com\/fr\/#website"},"datePublished":"2019-02-21T11:36:34+00:00","dateModified":"2025-08-01T14:14:59+00:00","description":"Profitez des services de luxe propos\u00e9s par l'h\u00f4tel La Zoologie. Spa, bar, rooftop, et restaurant, tout est pr\u00e9vu pour votre bien-\u00eatre.","breadcrumb":{"@id":"https:\/\/www.hotelzoologie.com\/fr\/services\/#breadcrumb"},"inLanguage":"fr-FR","potentialAction":[{"@type":"ReadAction","target":["https:\/\/www.hotelzoologie.com\/fr\/services\/"]}]},{"@type":"BreadcrumbList","@id":"https:\/\/www.hotelzoologie.com\/fr\/services\/#breadcrumb","itemListElement":[{"@type":"ListItem","position":1,"name":"Home","item":"https:\/\/www.hotelzoologie.com\/fr\/"},{"@type":"ListItem","position":2,"name":"Services de l&#8217;H\u00f4tel La Zoologie"}]},{"@type":"WebSite","@id":"https:\/\/www.hotelzoologie.com\/fr\/#website","url":"https:\/\/www.hotelzoologie.com\/fr\/","name":"H\u00f4tel La Zoologie Bordeaux","description":"","publisher":{"@id":"https:\/\/www.hotelzoologie.com\/fr\/#organization"},"potentialAction":[{"@type":"SearchAction","target":{"@type":"EntryPoint","urlTemplate":"https:\/\/www.hotelzoologie.com\/fr\/?s={search_term_string}"},"query-input":{"@type":"PropertyValueSpecification","valueRequired":true,"valueName":"search_term_string"}}],"inLanguage":"fr-FR"},{"@type":"Organization","@id":"https:\/\/www.hotelzoologie.com\/fr\/#organization","name":"H\u00f4tel La Zoologie Bordeaux","url":"https:\/\/www.hotelzoologie.com\/fr\/","logo":{"@type":"ImageObject","inLanguage":"fr-FR","@id":"https:\/\/www.hotelzoologie.com\/fr\/#\/schema\/logo\/image\/","url":"https:\/\/www.hotelzoologie.com\/wp-content\/uploads\/2020\/09\/Logo-Zoologie.jpg","contentUrl":"https:\/\/www.hotelzoologie.com\/wp-content\/uploads\/2020\/09\/Logo-Zoologie.jpg","width":500,"height":70,"caption":"H\u00f4tel La Zoologie Bordeaux"},"image":{"@id":"https:\/\/www.hotelzoologie.com\/fr\/#\/schema\/logo\/image\/"}}]}},"_links":{"self":[{"href":"https:\/\/www.hotelzoologie.com\/fr\/wp-json\/wp\/v2\/pages\/2014","targetHints":{"allow":["GET"]}}],"collection":[{"href":"https:\/\/www.hotelzoologie.com\/fr\/wp-json\/wp\/v2\/pages"}],"about":[{"href":"https:\/\/www.hotelzoologie.com\/fr\/wp-json\/wp\/v2\/types\/page"}],"author":[{"embeddable":true,"href":"https:\/\/www.hotelzoologie.com\/fr\/wp-json\/wp\/v2\/users\/1"}],"replies":[{"embeddable":true,"href":"https:\/\/www.hotelzoologie.com\/fr\/wp-json\/wp\/v2\/comments?post=2014"}],"version-history":[{"count":60,"href":"https:\/\/www.hotelzoologie.com\/fr\/wp-json\/wp\/v2\/pages\/2014\/revisions"}],"predecessor-version":[{"id":9612,"href":"https:\/\/www.hotelzoologie.com\/fr\/wp-json\/wp\/v2\/pages\/2014\/revisions\/9612"}],"wp:attachment":[{"href":"https:\/\/www.hotelzoologie.com\/fr\/wp-json\/wp\/v2\/media?parent=2014"}],"curies":[{"name":"wp","href":"https:\/\/api.w.org\/{rel}","templated":true}]}}