{"id":2257,"date":"2020-08-05T07:31:34","date_gmt":"2020-08-05T07:31:34","guid":{"rendered":"https:\/\/www.hotelzoologie.com\/?page_id=2257"},"modified":"2026-04-08T11:26:55","modified_gmt":"2026-04-08T11:26:55","slug":"seminaire-bordeaux","status":"publish","type":"page","link":"https:\/\/www.hotelzoologie.com\/fr\/seminaire-bordeaux\/","title":{"rendered":"Travailler"},"content":{"rendered":"<p>[vc_row full_width=&#8221;stretch_row&#8221; full_height=&#8221;yes&#8221; parallax=&#8221;content-moving-fade&#8221; parallax_image=&#8221;9816&#8243; parallax_speed_bg=&#8221;1.8&#8243; css_animation=&#8221;fadeIn&#8221;][vc_column][vc_custom_heading text=&#8221;S\u00e9minaires &#038; r\u00e9unions \u00e0 Bordeaux&#8221; font_container=&#8221;tag:h1|font_size:55|text_align:center|color:%23ffffff|line_height:1.5&#8243; google_fonts=&#8221;font_family:Anton%3Aregular|font_style:400%20regular%3A400%3Anormal&#8221;][vc_empty_space]\r\n        \r\n        <style>\r\n\t\t\t\t#btn-container-qxh8K {\r\n\t\t\t\t\tfont-size: 15px;\r\n\t\t\t\t\tfont-weight: bold;\r\n\t\t\t\t}\r\n        #btn-qxh8K {\r\n        \tbackground: #af4e34;\r\n\t\t\t\t\tborder-style: solid;\r\n        \tborder-color: #af4e34;\r\n\t\t\t\t\tborder-width: 2px;\r\n        \tcolor: #ffffff;\r\n\t\t\t\t\tpadding: 10px 20px;\r\n\t\t\t\t\tborder-radius: 8px;\r\n\t\t\t\t\tfont-size: 15px;\r\n\t\t\t\t\tline-height: 15px;\r\n\t\t\t\t\t\t\t\t\t\t\t\t\t\t\tfont-weight: bold;\r\n        }\r\n\r\n\t\t\t\t#btn-qxh8K:hover {\r\n\t\t\t\t\tbackground: #af4e34;\r\n\t\t\t\t\tborder-color: #af4e34;\r\n\t\t\t\t\tcolor: #ffffff;\r\n\t\t\t\t\t\t\t\t\t\t\t\t\t\t\t\r\n\t\t\t\t}\r\n\r\n\t\t    #btn-qxh8K i {\r\n\t\t\t\t\tright: 14px;\r\n\t\t\t\t\tmargin-top: 0;\r\n\t\t\t\t\tvertical-align: middle;\r\n\t\t\t\t\tborder-radius: 50%;\r\n\t\t\t\t\tline-height: 20px;\r\n\t\t\t\t\theight: 20px;\r\n\t\t\t\t\twidth: 20px;\r\n\t\t\t\t\tbackground: #1dc1f8;\r\n\t\t\t\t\tmargin-left: 8px;\r\n\t\t\t\t\tmargin-right: 0;\r\n\t\t\t\t\tcolor: #ffffff;\r\n\t\t\t\t\tfont-size: 8px;\r\n\t\t\t\t\ttext-align: center;\r\n\t\t\t\t}\r\n\r\n\t\t\t\t #btn-qxh8K:hover i {\r\n\t\t\t\t \tbackground: #ffffff;\r\n\t\t\t\t\tcolor: #1dc1f8;\r\n\t\t\t\t }\r\n\r\n        <\/style>\r\n\r\n\t\t<!-- BUTTON -->\r\n        <div id=\"btn-container-qxh8K\" class=\"text-center\">\r\n\t\t\t\r\n\t\t\t\t\t<a href=\"mailto:commercial@hotelzoologie.com\" id=\"btn-qxh8K\" class=\"btn \" target=\"_blank\">\r\n\t\t\t\t\t\tContactez nous !\t\t\t\t\t\t\t\t\t\t\t<\/a>\r\n\t\t\t\t\t        <\/div>\r\n\r\n        [\/vc_column][\/vc_row][vc_row css_animation=&#8221;fadeIn&#8221;][vc_column][vc_empty_space height=&#8221;60&#8243;][vc_custom_heading text=&#8221;Un lieu unique pour vos \u00e9v\u00e8nements \u00e0 Bordeaux&#8221; font_container=&#8221;tag:h2|font_size:34|text_align:center|color:%23af4e34&#8243; google_fonts=&#8221;font_family:Tenor%20Sans%3Aregular|font_style:400%20regular%3A400%3Anormal&#8221; css_animation=&#8221;none&#8221; css=&#8221;.vc_custom_1758097956834{margin-bottom: 30px !important;}&#8221;][vc_separator color=&#8221;chino&#8221; border_width=&#8221;2&#8243; el_width=&#8221;30&#8243;][vc_column_text]<\/p>\n<p style=\"text-align: center;\">Organiser un <strong>s\u00e9minaire \u00e0 Bordeaux<\/strong>\u00a0ou un \u00e9v\u00e9nement professionnel devient une v\u00e9ritable exp\u00e9rience \u00e0 l\u2019<strong>H\u00f4tel La Zoologie<\/strong>. Situ\u00e9 entre la gare Saint-Jean et le centre historique, notre \u00e9tablissement conjugue <strong>patrimoine, design contemporain et art de recevoir<\/strong>. Plus qu\u2019un simple lieu de r\u00e9union, nous proposons \u00e0 vos \u00e9quipes et \u00e0 vos invit\u00e9s un cadre <strong>d\u00e9paysant et inspirant<\/strong>, propice aux \u00e9changes et \u00e0 la cr\u00e9ativit\u00e9.<\/p>\n<p>[\/vc_column_text][vc_custom_heading text=&#8221;Un cadre qui inspire et rassemble&#8221; font_container=&#8221;tag:h3|font_size:25|text_align:center|color:%235d2c11&#8243; google_fonts=&#8221;font_family:Tenor%20Sans%3Aregular|font_style:400%20regular%3A400%3Anormal&#8221; css_animation=&#8221;none&#8221; css=&#8221;.vc_custom_1758118632325{margin-bottom: 20px !important;}&#8221;][vc_column_text]<\/p>\n<p style=\"text-align: center;\">V\u00e9ritable maison de caract\u00e8re, l\u2019H\u00f4tel La Zoologie met \u00e0 disposition des <strong>salles de r\u00e9union \u00e0 Bordeaux<\/strong>\u00a0baign\u00e9es de lumi\u00e8re naturelle et ouvertes sur le jardin ou sur La Sente, offrant une atmosph\u00e8re apaisante au c\u0153ur de la ville.<\/p>\n<p>[\/vc_column_text]\r\n        \r\n        <style>\r\n\t\t\t\t#btn-container-evuyj {\r\n\t\t\t\t\tfont-size: 15px;\r\n\t\t\t\t\tfont-weight: bold;\r\n\t\t\t\t}\r\n        #btn-evuyj {\r\n        \tbackground: #af4e34;\r\n\t\t\t\t\tborder-style: solid;\r\n        \tborder-color: #af4e34;\r\n\t\t\t\t\tborder-width: 2px;\r\n        \tcolor: #ffffff;\r\n\t\t\t\t\tpadding: 10px 20px;\r\n\t\t\t\t\tborder-radius: 8px;\r\n\t\t\t\t\tfont-size: 15px;\r\n\t\t\t\t\tline-height: 15px;\r\n\t\t\t\t\t\t\t\t\t\t\t\t\t\t\tfont-weight: bold;\r\n        }\r\n\r\n\t\t\t\t#btn-evuyj:hover {\r\n\t\t\t\t\tbackground: #af4e34;\r\n\t\t\t\t\tborder-color: #af4e34;\r\n\t\t\t\t\tcolor: #ffffff;\r\n\t\t\t\t\t\t\t\t\t\t\t\t\t\t\t\r\n\t\t\t\t}\r\n\r\n\t\t    #btn-evuyj i {\r\n\t\t\t\t\tright: 14px;\r\n\t\t\t\t\tmargin-top: 0;\r\n\t\t\t\t\tvertical-align: middle;\r\n\t\t\t\t\tborder-radius: 50%;\r\n\t\t\t\t\tline-height: 20px;\r\n\t\t\t\t\theight: 20px;\r\n\t\t\t\t\twidth: 20px;\r\n\t\t\t\t\tbackground: #1dc1f8;\r\n\t\t\t\t\tmargin-left: 8px;\r\n\t\t\t\t\tmargin-right: 0;\r\n\t\t\t\t\tcolor: #ffffff;\r\n\t\t\t\t\tfont-size: 8px;\r\n\t\t\t\t\ttext-align: center;\r\n\t\t\t\t}\r\n\r\n\t\t\t\t #btn-evuyj:hover i {\r\n\t\t\t\t \tbackground: #ffffff;\r\n\t\t\t\t\tcolor: #1dc1f8;\r\n\t\t\t\t }\r\n\r\n        <\/style>\r\n\r\n\t\t<!-- BUTTON -->\r\n        <div id=\"btn-container-evuyj\" class=\"text-center\">\r\n\t\t\t\r\n\t\t\t\t\t<a href=\"https:\/\/www.hotelzoologie.com\/wp-content\/uploads\/2025\/12\/2025-Plaquette-Groupes-seminaires-FREN_compressed.pdf\" id=\"btn-evuyj\" class=\"btn \" target=\"_blank\">\r\n\t\t\t\t\t\tConsulter la brochure\t\t\t\t\t\t\t\t\t\t\t<\/a>\r\n\t\t\t\t\t        <\/div>\r\n\r\n        [vc_empty_space height=&#8221;80&#8243;][\/vc_column][\/vc_row][vc_row full_width=&#8221;stretch_row&#8221; css_animation=&#8221;fadeIn&#8221; css=&#8221;.vc_custom_1758372675423{background-color: #ddd2c7 !important;}&#8221;][vc_column width=&#8221;1\/3&#8243; offset=&#8221;vc_col-lg-offset-0&#8243;][vc_empty_space height=&#8221;25&#8243;][vc_custom_heading text=&#8221;Salon Bel\u00e9m &#8211; jusqu&#8217;\u00e0 35 personnes&#8221; font_container=&#8221;tag:p|font_size:20|text_align:center|color:%235d2c11&#8243; google_fonts=&#8221;font_family:Josefin%20Sans%3A100%2C100italic%2C300%2C300italic%2Cregular%2Citalic%2C600%2C600italic%2C700%2C700italic|font_style:600%20bold%20regular%3A600%3Anormal&#8221; css=&#8221;.vc_custom_1758113496316{margin-bottom: 20px !important;}&#8221;][vc_separator color=&#8221;custom&#8221; el_width=&#8221;50&#8243; accent_color=&#8221;#5d2c11&#8243;][vc_column_text css=&#8221;.vc_custom_1758118236160{margin-top: 2px !important;}&#8221;]<\/p>\n<p style=\"text-align: center;\">Un espace immersif et lumineux, ouvert sur une terrasse privative au c\u0153ur de notre jardin exotique, id\u00e9al pour des r\u00e9unions inspirantes et d\u00e9paysantes.<\/p>\n<p>[\/vc_column_text][vc_media_grid element_width=&#8221;12&#8243; grid_id=&#8221;vc_gid:1775647530989-1768acdf30cc40197dbe8dc7d7b59837-2&#8243; include=&#8221;10156&#8243; css=&#8221;.vc_custom_1759914884176{margin-top: 10px !important;}&#8221;][\/vc_column][vc_column width=&#8221;1\/3&#8243;][vc_empty_space height=&#8221;25&#8243;][vc_custom_heading text=&#8221;Salon Botanique &#8211; jusqu&#8217;\u00e0 8 personnes&#8221; font_container=&#8221;tag:p|font_size:20|text_align:center|color:%235d2c11&#8243; google_fonts=&#8221;font_family:Josefin%20Sans%3A100%2C100italic%2C300%2C300italic%2Cregular%2Citalic%2C600%2C600italic%2C700%2C700italic|font_style:600%20bold%20regular%3A600%3Anormal&#8221; css=&#8221;.vc_custom_1758113490198{margin-bottom: 20px !important;}&#8221;][vc_separator color=&#8221;custom&#8221; el_width=&#8221;50&#8243; accent_color=&#8221;#5d2c11&#8243;][vc_column_text]<\/p>\n<p style=\"text-align: center;\">Un salon clair et fonctionnel, \u00e0 l\u2019atmosph\u00e8re d\u00e9contract\u00e9e, parfaitement adapt\u00e9 aux \u00e9changes collaboratifs et aux r\u00e9unions de travail dynamiques.<\/p>\n<p>[\/vc_column_text][vc_media_grid element_width=&#8221;12&#8243; grid_id=&#8221;vc_gid:1775647531027-97def0af2b75ab72eeae7dbeed0272e8-0&#8243; include=&#8221;9828&#8243; css=&#8221;.vc_custom_1758113859256{margin-top: 10px !important;}&#8221;][\/vc_column][vc_column width=&#8221;1\/3&#8243;][vc_empty_space height=&#8221;25&#8243;][vc_custom_heading text=&#8221;Salon Banksia &#8211; jusqu&#8217;\u00e0 18 personnes&#8221; font_container=&#8221;tag:p|font_size:20|text_align:center|color:%235d2c11&#8243; google_fonts=&#8221;font_family:Josefin%20Sans%3A100%2C100italic%2C300%2C300italic%2Cregular%2Citalic%2C600%2C600italic%2C700%2C700italic|font_style:600%20bold%20regular%3A600%3Anormal&#8221; css=&#8221;.vc_custom_1758113485122{margin-bottom: 20px !important;}&#8221;][vc_separator color=&#8221;custom&#8221; el_width=&#8221;50&#8243; accent_color=&#8221;#5d2c11&#8243;][vc_column_text]<\/p>\n<p style=\"text-align: center;\">Un cadre intimiste et chaleureux, pens\u00e9 pour des r\u00e9unions en petit comit\u00e9, propice \u00e0 la concentration et aux \u00e9changes constructifs.<\/p>\n<p>[\/vc_column_text][vc_media_grid element_width=&#8221;12&#8243; grid_id=&#8221;vc_gid:1775647531066-12ec03ba1decd7f9e36cf2445cf50196-0&#8243; include=&#8221;9816&#8243; css=&#8221;.vc_custom_1758113867670{margin-top: 10px !important;}&#8221;][\/vc_column][\/vc_row][vc_row css_animation=&#8221;fadeIn&#8221;][vc_column width=&#8221;2\/3&#8243;][vc_empty_space height=&#8221;30&#8243;][vc_custom_heading text=&#8221;Des prestations sur mesure pour vos s\u00e9minaires \u00e0 Bordeaux&#8221; font_container=&#8221;tag:h3|font_size:25|text_align:center|color:%235d2c11&#8243; google_fonts=&#8221;font_family:Tenor%20Sans%3Aregular|font_style:400%20regular%3A400%3Anormal&#8221; css_animation=&#8221;none&#8221; css=&#8221;.vc_custom_1758118407181{margin-bottom: 20px !important;}&#8221;][vc_empty_space height=&#8221;30&#8243;][vc_column_text]Parce qu\u2019un s\u00e9minaire r\u00e9ussi rime avec convivialit\u00e9 et moments partag\u00e9s, nous proposons une <strong>offre de restauration vari\u00e9e<\/strong>\u00a0et adapt\u00e9e \u00e0 vos envies :<\/p>\n<ul data-start=\"1899\" data-end=\"2348\">\n<li><strong>Accueil gourmand<\/strong>\u00a0: boissons chaudes, jus de fruits et viennoiseries fra\u00eeches pour bien commencer la journ\u00e9e.<\/li>\n<li><strong>Pauses sucr\u00e9es<\/strong>\u00a0: cannel\u00e9s, financiers, madeleines, fruits secs, fruits frais et boissons chaudes pour dynamiser vos \u00e9quipes.<\/li>\n<li><strong>D\u00e9jeuners et d\u00eeners d\u2019affaires<\/strong>\u00a0dans notre <strong>restaurant bistronomique<\/strong>\u00a0\u00e0 Bordeaux.<\/li>\n<li><strong>Cocktails d\u00e9jeunatoires ou d\u00eenatoires<\/strong>\u00a0raffin\u00e9s, pour prolonger vos \u00e9changes dans un cadre convivial.<\/li>\n<\/ul>\n<p>Et pour donner une dimension plus exp\u00e9rientielle \u00e0 vos \u00e9v\u00e9nements, nous organisons \u00e9galement :<\/p>\n<ul data-start=\"2447\" data-end=\"2625\">\n<li>des <strong>afterworks chaleureux<\/strong>,<\/li>\n<li>des <strong>masterclass cocktails<\/strong>\u00a0anim\u00e9es par nos experts,<\/li>\n<li>des <strong>ateliers \u0153nologiques<\/strong>\u00a0pour d\u00e9couvrir les richesses viticoles de Bordeaux.<\/li>\n<\/ul>\n<p>[\/vc_column_text][\/vc_column][vc_column width=&#8221;1\/3&#8243;][vc_empty_space height=&#8221;30&#8243;][vc_single_image image=&#8221;9388&#8243; img_size=&#8221;medium&#8221; alignment=&#8221;center&#8221;][\/vc_column][\/vc_row][vc_row css_animation=&#8221;fadeIn&#8221;][vc_column width=&#8221;1\/3&#8243;][vc_empty_space height=&#8221;30&#8243;][vc_single_image image=&#8221;9645&#8243; img_size=&#8221;medium&#8221; alignment=&#8221;center&#8221;][\/vc_column][vc_column width=&#8221;2\/3&#8243;][vc_empty_space height=&#8221;30&#8243;][vc_custom_heading text=&#8221;Privatiser nos espaces pour vos \u00e9v\u00e9nements \u00e0 Bordeaux&#8221; font_container=&#8221;tag:h3|font_size:25|text_align:center|color:%235d2c11&#8243; google_fonts=&#8221;font_family:Tenor%20Sans%3Aregular|font_style:400%20regular%3A400%3Anormal&#8221; css_animation=&#8221;none&#8221; css=&#8221;.vc_custom_1758118483556{margin-bottom: 20px !important;}&#8221;][vc_empty_space height=&#8221;30&#8243;][vc_column_text]Au-del\u00e0 des salons, notre h\u00f4tel met \u00e0 disposition des lieux exceptionnels, privatisables selon vos projets :<\/p>\n<ul data-start=\"2799\" data-end=\"3014\">\n<li>le <strong>restaurant bistronomique La Zoologie<\/strong>,<\/li>\n<li>le <strong>bar design et convivial<\/strong>,<\/li>\n<li>la <strong>terrasse v\u00e9g\u00e9talis\u00e9e<\/strong>\u00a0pour vos moments en plein air,<\/li>\n<li>le <strong>rooftop panoramique<\/strong>\u00a0offrant une vue unique sur Bordeaux.<\/li>\n<\/ul>\n<p>Que vous organisiez un <strong>afterwork d\u2019\u00e9quipe<\/strong>, un <strong>cocktail dinatoire festif ou<\/strong>\u00a0un <strong>lancement de produit<\/strong>, nous concevons avec vous un \u00e9v\u00e9nement enti\u00e8rement personnalis\u00e9. Notre \u00e9quipe s\u2019adapte \u00e0 vos attentes pour faire de votre projet un moment unique et m\u00e9morable.<\/p>\n<p>&nbsp;<\/p>\n<p><strong>Pour toute demande d\u2019informations merci de nous \u00e9crire \u00e0 l\u2019adresse suivante : <a href=\"mailto:commercial@hotelzoologie.com\" target=\"_blank\" rel=\"noopener\">commercial@hotelzoologie.com<\/a><\/strong>[\/vc_column_text][\/vc_column][\/vc_row]<\/p>\n","protected":false},"excerpt":{"rendered":"<p>[vc_row full_width=&#8221;stretch_row&#8221; full_height=&#8221;yes&#8221; parallax=&#8221;content-moving-fade&#8221; parallax_image=&#8221;9816&#8243; parallax_speed_bg=&#8221;1.8&#8243; css_animation=&#8221;fadeIn&#8221;][vc_column][vc_custom_heading text=&#8221;S\u00e9minaires &#038; r\u00e9unions \u00e0 Bordeaux&#8221; font_container=&#8221;tag:h1|font_size:55|text_align:center|color:%23ffffff|line_height:1.5&#8243; google_fonts=&#8221;font_family:Anton%3Aregular|font_style:400%20regular%3A400%3Anormal&#8221;][vc_empty_space][\/vc_column][\/vc_row][vc_row css_animation=&#8221;fadeIn&#8221;][vc_column][vc_empty_space height=&#8221;60&#8243;][vc_custom_heading text=&#8221;Un lieu unique pour vos \u00e9v\u00e8nements \u00e0 Bordeaux&#8221; font_container=&#8221;tag:h2|font_size:34|text_align:center|color:%23af4e34&#8243; google_fonts=&#8221;font_family:Tenor%20Sans%3Aregular|font_style:400%20regular%3A400%3Anormal&#8221; css_animation=&#8221;none&#8221; css=&#8221;.vc_custom_1758097956834{margin-bottom: 30px !important;}&#8221;][vc_separator color=&#8221;chino&#8221; border_width=&#8221;2&#8243; el_width=&#8221;30&#8243;][vc_column_text] Organiser un s\u00e9minaire \u00e0 Bordeaux\u00a0ou un \u00e9v\u00e9nement professionnel devient une v\u00e9ritable exp\u00e9rience \u00e0 l\u2019H\u00f4tel La Zoologie. Situ\u00e9 entre la gare Saint-Jean et [&hellip;]<\/p>\n","protected":false},"author":1,"featured_media":0,"parent":0,"menu_order":0,"comment_status":"closed","ping_status":"closed","template":"","meta":{"footnotes":""},"class_list":["post-2257","page","type-page","status-publish","hentry"],"yoast_head":"<!-- This site is optimized with the Yoast SEO plugin v27.5 - https:\/\/yoast.com\/product\/yoast-seo-wordpress\/ -->\n<title>S\u00e9minaires ou R\u00e9unions d&#039;entreprise \u00e0 Bordeaux - H\u00f4tel Zoologie<\/title>\n<meta name=\"description\" content=\"D\u00e9couvrez les salons de l&#039;h\u00f4tel de luxe 4 \u00e9toiles La Zoologie situ\u00e9 dans le centre ville de Bordeaux pour organiser vos s\u00e9minaires !\" \/>\n<meta name=\"robots\" content=\"index, follow, max-snippet:-1, max-image-preview:large, max-video-preview:-1\" \/>\n<link rel=\"canonical\" href=\"https:\/\/www.hotelzoologie.com\/fr\/seminaire-bordeaux\/\" \/>\n<meta property=\"og:locale\" content=\"fr_FR\" \/>\n<meta property=\"og:type\" content=\"article\" \/>\n<meta property=\"og:title\" content=\"S\u00e9minaires ou R\u00e9unions d&#039;entreprise \u00e0 Bordeaux - H\u00f4tel Zoologie\" \/>\n<meta property=\"og:description\" content=\"D\u00e9couvrez les salons de l&#039;h\u00f4tel de luxe 4 \u00e9toiles La Zoologie situ\u00e9 dans le centre ville de Bordeaux pour organiser vos s\u00e9minaires !\" \/>\n<meta property=\"og:url\" content=\"https:\/\/www.hotelzoologie.com\/fr\/seminaire-bordeaux\/\" \/>\n<meta property=\"og:site_name\" content=\"H\u00f4tel La Zoologie Bordeaux\" \/>\n<meta property=\"article:modified_time\" content=\"2026-04-08T11:26:55+00:00\" \/>\n<meta name=\"twitter:card\" content=\"summary_large_image\" \/>\n<meta name=\"twitter:label1\" content=\"Dur\u00e9e de lecture estim\u00e9e\" \/>\n\t<meta name=\"twitter:data1\" content=\"3 minutes\" \/>\n<!-- \/ Yoast SEO plugin. -->","yoast_head_json":{"title":"S\u00e9minaires ou R\u00e9unions d'entreprise \u00e0 Bordeaux - H\u00f4tel Zoologie","description":"D\u00e9couvrez les salons de l'h\u00f4tel de luxe 4 \u00e9toiles La Zoologie situ\u00e9 dans le centre ville de Bordeaux pour organiser vos s\u00e9minaires !","robots":{"index":"index","follow":"follow","max-snippet":"max-snippet:-1","max-image-preview":"max-image-preview:large","max-video-preview":"max-video-preview:-1"},"canonical":"https:\/\/www.hotelzoologie.com\/fr\/seminaire-bordeaux\/","og_locale":"fr_FR","og_type":"article","og_title":"S\u00e9minaires ou R\u00e9unions d'entreprise \u00e0 Bordeaux - H\u00f4tel Zoologie","og_description":"D\u00e9couvrez les salons de l'h\u00f4tel de luxe 4 \u00e9toiles La Zoologie situ\u00e9 dans le centre ville de Bordeaux pour organiser vos s\u00e9minaires !","og_url":"https:\/\/www.hotelzoologie.com\/fr\/seminaire-bordeaux\/","og_site_name":"H\u00f4tel La Zoologie Bordeaux","article_modified_time":"2026-04-08T11:26:55+00:00","twitter_card":"summary_large_image","twitter_misc":{"Dur\u00e9e de lecture estim\u00e9e":"3 minutes"},"schema":{"@context":"https:\/\/schema.org","@graph":[{"@type":"WebPage","@id":"https:\/\/www.hotelzoologie.com\/fr\/seminaire-bordeaux\/","url":"https:\/\/www.hotelzoologie.com\/fr\/seminaire-bordeaux\/","name":"S\u00e9minaires ou R\u00e9unions d'entreprise \u00e0 Bordeaux - H\u00f4tel Zoologie","isPartOf":{"@id":"https:\/\/www.hotelzoologie.com\/fr\/#website"},"datePublished":"2020-08-05T07:31:34+00:00","dateModified":"2026-04-08T11:26:55+00:00","description":"D\u00e9couvrez les salons de l'h\u00f4tel de luxe 4 \u00e9toiles La Zoologie situ\u00e9 dans le centre ville de Bordeaux pour organiser vos s\u00e9minaires !","breadcrumb":{"@id":"https:\/\/www.hotelzoologie.com\/fr\/seminaire-bordeaux\/#breadcrumb"},"inLanguage":"fr-FR","potentialAction":[{"@type":"ReadAction","target":["https:\/\/www.hotelzoologie.com\/fr\/seminaire-bordeaux\/"]}]},{"@type":"BreadcrumbList","@id":"https:\/\/www.hotelzoologie.com\/fr\/seminaire-bordeaux\/#breadcrumb","itemListElement":[{"@type":"ListItem","position":1,"name":"Home","item":"https:\/\/www.hotelzoologie.com\/fr\/"},{"@type":"ListItem","position":2,"name":"Travailler"}]},{"@type":"WebSite","@id":"https:\/\/www.hotelzoologie.com\/fr\/#website","url":"https:\/\/www.hotelzoologie.com\/fr\/","name":"H\u00f4tel La Zoologie Bordeaux","description":"","publisher":{"@id":"https:\/\/www.hotelzoologie.com\/fr\/#organization"},"potentialAction":[{"@type":"SearchAction","target":{"@type":"EntryPoint","urlTemplate":"https:\/\/www.hotelzoologie.com\/fr\/?s={search_term_string}"},"query-input":{"@type":"PropertyValueSpecification","valueRequired":true,"valueName":"search_term_string"}}],"inLanguage":"fr-FR"},{"@type":"Organization","@id":"https:\/\/www.hotelzoologie.com\/fr\/#organization","name":"H\u00f4tel La Zoologie Bordeaux","url":"https:\/\/www.hotelzoologie.com\/fr\/","logo":{"@type":"ImageObject","inLanguage":"fr-FR","@id":"https:\/\/www.hotelzoologie.com\/fr\/#\/schema\/logo\/image\/","url":"https:\/\/www.hotelzoologie.com\/wp-content\/uploads\/2020\/09\/Logo-Zoologie.jpg","contentUrl":"https:\/\/www.hotelzoologie.com\/wp-content\/uploads\/2020\/09\/Logo-Zoologie.jpg","width":500,"height":70,"caption":"H\u00f4tel La Zoologie Bordeaux"},"image":{"@id":"https:\/\/www.hotelzoologie.com\/fr\/#\/schema\/logo\/image\/"}}]}},"_links":{"self":[{"href":"https:\/\/www.hotelzoologie.com\/fr\/wp-json\/wp\/v2\/pages\/2257","targetHints":{"allow":["GET"]}}],"collection":[{"href":"https:\/\/www.hotelzoologie.com\/fr\/wp-json\/wp\/v2\/pages"}],"about":[{"href":"https:\/\/www.hotelzoologie.com\/fr\/wp-json\/wp\/v2\/types\/page"}],"author":[{"embeddable":true,"href":"https:\/\/www.hotelzoologie.com\/fr\/wp-json\/wp\/v2\/users\/1"}],"replies":[{"embeddable":true,"href":"https:\/\/www.hotelzoologie.com\/fr\/wp-json\/wp\/v2\/comments?post=2257"}],"version-history":[{"count":62,"href":"https:\/\/www.hotelzoologie.com\/fr\/wp-json\/wp\/v2\/pages\/2257\/revisions"}],"predecessor-version":[{"id":11068,"href":"https:\/\/www.hotelzoologie.com\/fr\/wp-json\/wp\/v2\/pages\/2257\/revisions\/11068"}],"wp:attachment":[{"href":"https:\/\/www.hotelzoologie.com\/fr\/wp-json\/wp\/v2\/media?parent=2257"}],"curies":[{"name":"wp","href":"https:\/\/api.w.org\/{rel}","templated":true}]}}