{"id":2659,"date":"2020-08-24T10:35:36","date_gmt":"2020-08-24T10:35:36","guid":{"rendered":"https:\/\/www.hotelzoologie.com\/?page_id=2659"},"modified":"2023-11-28T09:47:42","modified_gmt":"2023-11-28T09:47:42","slug":"nos-chambres-par-niveau-de-confort","status":"publish","type":"page","link":"https:\/\/www.hotelzoologie.com\/fr\/nos-chambres-par-niveau-de-confort\/","title":{"rendered":"Nos Chambres par niveau de confort"},"content":{"rendered":"<p>[vc_row full_width=&#8221;stretch_row&#8221; css=&#8221;.vc_custom_1596615593296{padding-top: 100px !important;padding-bottom: 100px !important;}&#8221;][vc_column width=&#8221;1\/2&#8243;]\t\t\t<div\r\n\t\t\t\tclass=\"main_title  text-left  \">\r\n\t\t\t\t<h2 class=\"title\">D\u00e9couvrez les chambres de l&#039;h\u00f4tel par niveau de confort<\/h2>\r\n\t\t\t\t\t\t\t\t\t<p class=\"main_description\">Hotel de charme \u00e0 Bordeaux<\/p>\r\n\t\t\t\t\t\t\t<\/div>\r\n\t\t[vc_column_text]<\/p>\n<p class=\"main_content\">Pour votre s\u00e9jour, \u00e0 La Zoologie, vous aurez le choix entre plusieurs types de chambres : Chambres Classiques, Chambres Confort, Chambres Deluxe et le Duplex Terrasse.<\/p>\n<p>[\/vc_column_text][\/vc_column][vc_column width=&#8221;1\/2&#8243;]\r\n        <div class=\"image-3d-effect\">\r\n          <div class=\"side left\"><\/div>\r\n          <div class=\"side right\"><\/div>\r\n          <div class=\"images\">\r\n                        <div class=\"front-image\" style=\"background: url(https:\/\/www.hotelzoologie.com\/wp-content\/uploads\/2020\/08\/retouche-1-IMG_42361.jpg)\"><\/div>\r\n                                    <div class=\"back-image\" style=\"background: url(https:\/\/www.hotelzoologie.com\/wp-content\/uploads\/2020\/08\/DSC01180.jpg)\"><\/div>\r\n                      <\/div>\r\n        <\/div>\r\n\r\n\r\n\r\n        [\/vc_column][\/vc_row][vc_row full_width=&#8221;stretch_row&#8221; css=&#8221;.vc_custom_1596614637156{border-top-width: 1px !important;border-bottom-width: 1px !important;padding-top: 100px !important;padding-bottom: 100px !important;background-color: #f1f0ed !important;border-top-color: #ebeae9 !important;border-top-style: solid !important;border-bottom-color: #ebeae9 !important;border-bottom-style: solid !important;}&#8221;][vc_column]<div class=\"hbf half-over-slider\">\n  <div class=\"inner\">\n      <!-- Search Form -->\n      <form id=\"search-form\" class=\"search-form\" action=\"https:\/\/direct-book.com\/properties\/hotellazoologiedirect?locale=fr&items[0][adults]=2&items[0][children]=0&items[0][infants]=0&currency=EUR&checkInDate=2024-07-26&checkOutDate=2024-07-27&trackPage=yes\" method=\"get\" target=\"_blank\">\n        <div class=\"row\">\n        <!-- Custom Parameters -->\n        \n<input type=\"hidden\" name=\"\" value=\"\" >\n<input type=\"hidden\" name=\"locale\" value=\"fr\" >\n        <!-- Check-In\/Out-->\n        <div class=\"col-md-4\">\n        \r\n<label for=\"eagle_booking_datepicker\">Date d'arriv\u00e9e\/D\u00e9part<\/label>\r\n<input id=\"eagle_booking_datepicker\" type=\"text\" class=\"form-control eagle-booking-datepicker\" placeholder=\"Date d&#039;arriv\u00e9e &nbsp;&nbsp;\u2192&nbsp;&nbsp; Date de d\u00e9part\" value=\"\" autocomplete=\"off\" readonly>\r\n<input id=\"eagle_booking_checkin\" type=\"hidden\" name=\"check_in_date\">\r\n<input id=\"eagle_booking_checkout\" type=\"hidden\" name=\"check_out_date\">\r\n\r\n        <\/div>\n        <!-- Guests -->\n        <div class=\"col-md-4\">\n        \n\n<label for=\"eagle_booking_guests\">Personne(s)<\/label>\n<div class=\"eb-guestspicker\">\n\n  <div class=\"form-control guestspicker\">\n    Personne(s) <span class=\"gueststotal\"><\/span>\n  <\/div>\n\n  <div class=\"eb-guestspicker-content\">\n    <!-- Adults -->\n    <div class=\"guests-buttons\">\n      <div class=\"description\">\n        <label>Adulte(s)<\/label>\n                  <div class=\"ages\">\u00c2ges 18+ <\/div>\n              <\/div>\n      <div class=\"guests-button\">\n        <div class=\"minus\"><\/div>\n        <input type=\"text\" id=\"eagle_booking_adults\" name=\"number_adults\" class=\"booking-guests\" value=\"0\" min=\"1\" max=\"3\"4\">\n        <div class=\"plus\"><\/div>\n      <\/div>\n    <\/div>\n    <!-- Children -->\n    <div class=\"guests-buttons\">\n      <div class=\"description\">\n        <label>Enfant(s)<\/label>\n                <div class=\"ages\">\u00c2ges 4 - 18<\/div>\n              <\/div>\n      <div class=\"guests-button\">\n        <div class=\"minus\"><\/div>\n        <input type=\"text\" id =\"eagle_booking_children\" name=\"number_children\" class=\"booking-guests\" value=\"0\" min=\"0\" max=\"2\"\"4\">\n        <div class=\"plus\"><\/div>\n      <\/div>\n    <\/div>\n\n    <!-- Infants -->\n    <!-- <div class=\"guests-buttons\">\n      <div class=\"description\">\n        <label>Infants<\/label>\n                <div class=\"ages\">\u00c2ges 4 - 18<\/div>\n              <\/div>\n      <div class=\"guests-button\">\n        <div class=\"minus\"><\/div>\n        <input type=\"text\" id =\"eagle_booking_children\" name=\"number_children\" class=\"booking-guests\" value=\"0\" min=\"0\" max=\"4\">\n        <div class=\"plus\"><\/div>\n      <\/div>\n    <\/div> -->\n\n  <\/div>\n<\/div>\n        <\/div>\n        <!-- Buttom -->\n        <div class=\"col-md-4\">\n        <button id=\"eb_search_form\" class=\"button eb-btn\" type=\"submit\">\n            <span class=\"eb-btn-text\">Rechercher<\/span>\n          <\/button>\n        <\/div>\n      <\/div>\n    <\/form>\n  <\/div>\n<\/div>\n[vc_row_inner][vc_column_inner css=&#8221;.vc_custom_1701164842528{margin-top: 30px !important;margin-bottom: 40px !important;}&#8221;]\t\t\t<div\r\n\t\t\t\tclass=\"main_title  text-center  \">\r\n\t\t\t\t<h2 class=\"title\">Choisissez votre chambre pour votre s\u00e9jour \u00e0 Bordeaux<\/h2>\r\n\t\t\t\t\t\t\t<\/div>\r\n\t\t[vc_empty_space height=&#8221;12px&#8221;][\/vc_column_inner][\/vc_row_inner]\n            <div class=\"row flex-row\">\n\t                                      <!-- Room Item -->\n                      <div class=\"col-lg-6 col-sm-6\">\n                      <div class=\"room-item\">\n                          <figure class=\"room-image gradient-overlay overlay-opacity-02 slide-right-hover\">\n                                                      <a href=\"https:\/\/www.hotelzoologie.com\/fr\/rooms\/la-source-de-reflexion\/\">\n                                <img decoding=\"async\" src=\"https:\/\/www.hotelzoologie.com\/wp-content\/uploads\/2018\/05\/web_rooms_DSR0788-720x470.jpg\" class=\"img-responsive\" alt=\"Chambre Deluxe &#8211; La source de r\u00e9flexion\">\n                            <\/a>\n                          <\/figure>\n                          <div class=\"room-details\">\n                              <h3 class=\"room-title\"><a href=\"https:\/\/www.hotelzoologie.com\/fr\/rooms\/la-source-de-reflexion\/\">Chambre Deluxe &#8211; La source de r\u00e9flexion<\/a><\/h3>\n                    <!-- Room Services -->\n                    \n                      <div class=\"room-services\">\n\n                                                <div class=\"room-service-item\" data-toggle=\"popover\" data-placement=\"top\" data-trigger=\"hover\" data-content=\"Plateau de Courtoisie\" data-original-title=\"Plateau de Courtoisie\">\n                                                      <i class=\"fas fa-concierge-bell\"><\/i>\n                                                    <\/div>\n                                                  <div class=\"room-service-item\" data-toggle=\"popover\" data-placement=\"top\" data-trigger=\"hover\" data-content=\"Nespresso dans les chambres Deluxe et le Duplex Terrasse\" data-original-title=\"Nespresso\">\n                                                      <i class=\"fas fa-coffee\"><\/i>\n                                                    <\/div>\n                                                  <div class=\"room-service-item\" data-toggle=\"popover\" data-placement=\"top\" data-trigger=\"hover\" data-content=\"\" data-original-title=\"Balcon (en Geologie)\">\n                                                      <i class=\"fas fa-tree\"><\/i>\n                                                    <\/div>\n                                                  <div class=\"room-service-item\" data-toggle=\"popover\" data-placement=\"top\" data-trigger=\"hover\" data-content=\"Lit Queen ou King Size\" data-original-title=\"Lit Queen ou King Size\">\n                                                      <i class=\"fas fa-bed\"><\/i>\n                                                    <\/div>\n                                                  <div class=\"room-service-item\" data-toggle=\"popover\" data-placement=\"top\" data-trigger=\"hover\" data-content=\"Eau Min\u00e9rale\" data-original-title=\"Eau Min\u00e9rale\">\n                                                      <i class=\"fas fa-tint\"><\/i>\n                                                    <\/div>\n                        \n                      <\/div>\n\n                                              <\/div>\n                      <\/div>\n                    <\/div>\n\t                                      <!-- Room Item -->\n                      <div class=\"col-lg-6 col-sm-6\">\n                      <div class=\"room-item\">\n                          <figure class=\"room-image gradient-overlay overlay-opacity-02 slide-right-hover\">\n                                                      <a href=\"https:\/\/www.hotelzoologie.com\/fr\/rooms\/l-eblouissante\/\">\n                                <img decoding=\"async\" src=\"https:\/\/www.hotelzoologie.com\/wp-content\/uploads\/2018\/05\/IMG_4469-1-720x470.jpg\" class=\"img-responsive\" alt=\"Chambre Confort &#8211; L&#8217;\u00e9blouissante\">\n                            <\/a>\n                          <\/figure>\n                          <div class=\"room-details\">\n                              <h3 class=\"room-title\"><a href=\"https:\/\/www.hotelzoologie.com\/fr\/rooms\/l-eblouissante\/\">Chambre Confort &#8211; L&#8217;\u00e9blouissante<\/a><\/h3>\n                    <!-- Room Services -->\n                    \n                      <div class=\"room-services\">\n\n                                                <div class=\"room-service-item\" data-toggle=\"popover\" data-placement=\"top\" data-trigger=\"hover\" data-content=\"Plateau de Courtoisie\" data-original-title=\"Plateau de Courtoisie\">\n                                                      <i class=\"fas fa-concierge-bell\"><\/i>\n                                                    <\/div>\n                                                  <div class=\"room-service-item\" data-toggle=\"popover\" data-placement=\"top\" data-trigger=\"hover\" data-content=\"Eau Min\u00e9rale\" data-original-title=\"Eau Min\u00e9rale\">\n                                                      <i class=\"fas fa-tint\"><\/i>\n                                                    <\/div>\n                                                  <div class=\"room-service-item\" data-toggle=\"popover\" data-placement=\"top\" data-trigger=\"hover\" data-content=\"Lit Queen ou King Size\" data-original-title=\"Lit Queen ou King Size\">\n                                                      <i class=\"fas fa-bed\"><\/i>\n                                                    <\/div>\n                                                  <div class=\"room-service-item\" data-toggle=\"popover\" data-placement=\"top\" data-trigger=\"hover\" data-content=\"T\u00e9l\u00e9 Ecran Plat avec s\u00e9lection de cha\u00eenes internationales\" data-original-title=\"Cha\u00eenes internationales\">\n                                                      <i class=\"fas fa-tv\"><\/i>\n                                                    <\/div>\n                                                  <div class=\"room-service-item\" data-toggle=\"popover\" data-placement=\"top\" data-trigger=\"hover\" data-content=\"Wifi Gratuit\" data-original-title=\"Wifi Gratuit\">\n                                                      <i class=\"fas fa-wifi\"><\/i>\n                                                    <\/div>\n                        \n                      <\/div>\n\n                                              <\/div>\n                      <\/div>\n                    <\/div>\n\t                                      <!-- Room Item -->\n                      <div class=\"col-lg-6 col-sm-6\">\n                      <div class=\"room-item\">\n                          <figure class=\"room-image gradient-overlay overlay-opacity-02 slide-right-hover\">\n                                                      <a href=\"https:\/\/www.hotelzoologie.com\/fr\/rooms\/l-exclusive\/\">\n                                <img decoding=\"async\" src=\"https:\/\/www.hotelzoologie.com\/wp-content\/uploads\/2018\/05\/l-exclusive-la-suite-duplex--720x470.jpg\" class=\"img-responsive\" alt=\"Suite Duplex Terrasse &#8211; L&#8217;exclusive\">\n                            <\/a>\n                          <\/figure>\n                          <div class=\"room-details\">\n                              <h3 class=\"room-title\"><a href=\"https:\/\/www.hotelzoologie.com\/fr\/rooms\/l-exclusive\/\">Suite Duplex Terrasse &#8211; L&#8217;exclusive<\/a><\/h3>\n                    <!-- Room Services -->\n                    \n                      <div class=\"room-services\">\n\n                                                <div class=\"room-service-item\" data-toggle=\"popover\" data-placement=\"top\" data-trigger=\"hover\" data-content=\"Plateau de Courtoisie\" data-original-title=\"Plateau de Courtoisie\">\n                                                      <i class=\"fas fa-concierge-bell\"><\/i>\n                                                    <\/div>\n                                                  <div class=\"room-service-item\" data-toggle=\"popover\" data-placement=\"top\" data-trigger=\"hover\" data-content=\"Nespresso dans les chambres Deluxe et le Duplex Terrasse\" data-original-title=\"Nespresso\">\n                                                      <i class=\"fas fa-coffee\"><\/i>\n                                                    <\/div>\n                                                  <div class=\"room-service-item\" data-toggle=\"popover\" data-placement=\"top\" data-trigger=\"hover\" data-content=\"\" data-original-title=\"Acc\u00e8s au spa inclus\">\n                                                      <i class=\"fas fa-spa\"><\/i>\n                                                    <\/div>\n                                                  <div class=\"room-service-item\" data-toggle=\"popover\" data-placement=\"top\" data-trigger=\"hover\" data-content=\"\" data-original-title=\"Terrasse de 20 m\u00b2\">\n                                                      <i class=\"fas fa-sun\"><\/i>\n                                                    <\/div>\n                                                  <div class=\"room-service-item\" data-toggle=\"popover\" data-placement=\"top\" data-trigger=\"hover\" data-content=\"\" data-original-title=\"2 salles de bain\">\n                                                      <i class=\"fas fa-bath\"><\/i>\n                                                    <\/div>\n                        \n                      <\/div>\n\n                                              <\/div>\n                      <\/div>\n                    <\/div>\n\t                                      <!-- Room Item -->\n                      <div class=\"col-lg-6 col-sm-6\">\n                      <div class=\"room-item\">\n                          <figure class=\"room-image gradient-overlay overlay-opacity-02 slide-right-hover\">\n                                                      <a href=\"https:\/\/www.hotelzoologie.com\/fr\/rooms\/la-sereine\/\">\n                                <img decoding=\"async\" src=\"https:\/\/www.hotelzoologie.com\/wp-content\/uploads\/2018\/07\/web_rooms_DSR0706-720x470.jpg\" class=\"img-responsive\" alt=\"Chambre Classique &#8211; La Sereine\">\n                            <\/a>\n                          <\/figure>\n                          <div class=\"room-details\">\n                              <h3 class=\"room-title\"><a href=\"https:\/\/www.hotelzoologie.com\/fr\/rooms\/la-sereine\/\">Chambre Classique &#8211; La Sereine<\/a><\/h3>\n                    <!-- Room Services -->\n                    \n                      <div class=\"room-services\">\n\n                                                <div class=\"room-service-item\" data-toggle=\"popover\" data-placement=\"top\" data-trigger=\"hover\" data-content=\"Plateau de Courtoisie\" data-original-title=\"Plateau de Courtoisie\">\n                                                      <i class=\"fas fa-concierge-bell\"><\/i>\n                                                    <\/div>\n                                                  <div class=\"room-service-item\" data-toggle=\"popover\" data-placement=\"top\" data-trigger=\"hover\" data-content=\"Lit Queen ou King Size\" data-original-title=\"Lit Queen ou King Size\">\n                                                      <i class=\"fas fa-bed\"><\/i>\n                                                    <\/div>\n                                                  <div class=\"room-service-item\" data-toggle=\"popover\" data-placement=\"top\" data-trigger=\"hover\" data-content=\"Eau Min\u00e9rale\" data-original-title=\"Eau Min\u00e9rale\">\n                                                      <i class=\"fas fa-tint\"><\/i>\n                                                    <\/div>\n                                                  <div class=\"room-service-item\" data-toggle=\"popover\" data-placement=\"top\" data-trigger=\"hover\" data-content=\"T\u00e9l\u00e9 Ecran Plat avec s\u00e9lection de cha\u00eenes internationales\" data-original-title=\"Cha\u00eenes internationales\">\n                                                      <i class=\"fas fa-tv\"><\/i>\n                                                    <\/div>\n                                                  <div class=\"room-service-item\" data-toggle=\"popover\" data-placement=\"top\" data-trigger=\"hover\" data-content=\"Wifi Gratuit\" data-original-title=\"Wifi Gratuit\">\n                                                      <i class=\"fas fa-wifi\"><\/i>\n                                                    <\/div>\n                        \n                      <\/div>\n\n                                              <\/div>\n                      <\/div>\n                    <\/div>\n\t                \t                            <\/div>\n\n        [\/vc_column][\/vc_row][vc_row][vc_column][\/vc_column][\/vc_row]<\/p>\n","protected":false},"excerpt":{"rendered":"<p>[vc_row full_width=&#8221;stretch_row&#8221; css=&#8221;.vc_custom_1596615593296{padding-top: 100px !important;padding-bottom: 100px !important;}&#8221;][vc_column width=&#8221;1\/2&#8243;][vc_column_text] Pour votre s\u00e9jour, \u00e0 La Zoologie, vous aurez le choix entre plusieurs types de chambres : Chambres Classiques, Chambres Confort, Chambres Deluxe et le Duplex Terrasse. [\/vc_column_text][\/vc_column][vc_column width=&#8221;1\/2&#8243;][\/vc_column][\/vc_row][vc_row full_width=&#8221;stretch_row&#8221; css=&#8221;.vc_custom_1596614637156{border-top-width: 1px !important;border-bottom-width: 1px !important;padding-top: 100px !important;padding-bottom: 100px !important;background-color: #f1f0ed !important;border-top-color: #ebeae9 !important;border-top-style: solid !important;border-bottom-color: #ebeae9 !important;border-bottom-style: solid [&hellip;]<\/p>\n","protected":false},"author":1,"featured_media":0,"parent":0,"menu_order":0,"comment_status":"closed","ping_status":"closed","template":"","meta":{"footnotes":""},"class_list":["post-2659","page","type-page","status-publish","hentry"],"yoast_head":"<!-- This site is optimized with the Yoast SEO plugin v27.5 - https:\/\/yoast.com\/product\/yoast-seo-wordpress\/ -->\n<title>Nos Chambres par Confort - H\u00f4tel La Zoologie \u00e0 Bordeaux<\/title>\n<meta name=\"description\" content=\"D\u00e9couvrez les chambres luxueuses de l&#039;H\u00f4tel 4 \u00e9toiles La Zoologie \u00e0 Bordeaux. R\u00e9servez d\u00e8s maintenant vos nuits d&#039;h\u00f4tel pour votre s\u00e9jour \u00e0 Bordeaux !\" \/>\n<meta name=\"robots\" content=\"index, follow, max-snippet:-1, max-image-preview:large, max-video-preview:-1\" \/>\n<link rel=\"canonical\" href=\"https:\/\/www.hotelzoologie.com\/fr\/nos-chambres-par-niveau-de-confort\/\" \/>\n<meta property=\"og:locale\" content=\"fr_FR\" \/>\n<meta property=\"og:type\" content=\"article\" \/>\n<meta property=\"og:title\" content=\"Nos Chambres par Confort - H\u00f4tel La Zoologie \u00e0 Bordeaux\" \/>\n<meta property=\"og:description\" content=\"D\u00e9couvrez les chambres luxueuses de l&#039;H\u00f4tel 4 \u00e9toiles La Zoologie \u00e0 Bordeaux. R\u00e9servez d\u00e8s maintenant vos nuits d&#039;h\u00f4tel pour votre s\u00e9jour \u00e0 Bordeaux !\" \/>\n<meta property=\"og:url\" content=\"https:\/\/www.hotelzoologie.com\/fr\/nos-chambres-par-niveau-de-confort\/\" \/>\n<meta property=\"og:site_name\" content=\"H\u00f4tel La Zoologie Bordeaux\" \/>\n<meta property=\"article:modified_time\" content=\"2023-11-28T09:47:42+00:00\" \/>\n<meta name=\"twitter:card\" content=\"summary_large_image\" \/>\n<meta name=\"twitter:label1\" content=\"Dur\u00e9e de lecture estim\u00e9e\" \/>\n\t<meta name=\"twitter:data1\" content=\"1 minute\" \/>\n<!-- \/ Yoast SEO plugin. -->","yoast_head_json":{"title":"Nos Chambres par Confort - H\u00f4tel La Zoologie \u00e0 Bordeaux","description":"D\u00e9couvrez les chambres luxueuses de l'H\u00f4tel 4 \u00e9toiles La Zoologie \u00e0 Bordeaux. R\u00e9servez d\u00e8s maintenant vos nuits d'h\u00f4tel pour votre s\u00e9jour \u00e0 Bordeaux !","robots":{"index":"index","follow":"follow","max-snippet":"max-snippet:-1","max-image-preview":"max-image-preview:large","max-video-preview":"max-video-preview:-1"},"canonical":"https:\/\/www.hotelzoologie.com\/fr\/nos-chambres-par-niveau-de-confort\/","og_locale":"fr_FR","og_type":"article","og_title":"Nos Chambres par Confort - H\u00f4tel La Zoologie \u00e0 Bordeaux","og_description":"D\u00e9couvrez les chambres luxueuses de l'H\u00f4tel 4 \u00e9toiles La Zoologie \u00e0 Bordeaux. R\u00e9servez d\u00e8s maintenant vos nuits d'h\u00f4tel pour votre s\u00e9jour \u00e0 Bordeaux !","og_url":"https:\/\/www.hotelzoologie.com\/fr\/nos-chambres-par-niveau-de-confort\/","og_site_name":"H\u00f4tel La Zoologie Bordeaux","article_modified_time":"2023-11-28T09:47:42+00:00","twitter_card":"summary_large_image","twitter_misc":{"Dur\u00e9e de lecture estim\u00e9e":"1 minute"},"schema":{"@context":"https:\/\/schema.org","@graph":[{"@type":"WebPage","@id":"https:\/\/www.hotelzoologie.com\/fr\/nos-chambres-par-niveau-de-confort\/","url":"https:\/\/www.hotelzoologie.com\/fr\/nos-chambres-par-niveau-de-confort\/","name":"Nos Chambres par Confort - H\u00f4tel La Zoologie \u00e0 Bordeaux","isPartOf":{"@id":"https:\/\/www.hotelzoologie.com\/fr\/#website"},"datePublished":"2020-08-24T10:35:36+00:00","dateModified":"2023-11-28T09:47:42+00:00","description":"D\u00e9couvrez les chambres luxueuses de l'H\u00f4tel 4 \u00e9toiles La Zoologie \u00e0 Bordeaux. R\u00e9servez d\u00e8s maintenant vos nuits d'h\u00f4tel pour votre s\u00e9jour \u00e0 Bordeaux !","breadcrumb":{"@id":"https:\/\/www.hotelzoologie.com\/fr\/nos-chambres-par-niveau-de-confort\/#breadcrumb"},"inLanguage":"fr-FR","potentialAction":[{"@type":"ReadAction","target":["https:\/\/www.hotelzoologie.com\/fr\/nos-chambres-par-niveau-de-confort\/"]}]},{"@type":"BreadcrumbList","@id":"https:\/\/www.hotelzoologie.com\/fr\/nos-chambres-par-niveau-de-confort\/#breadcrumb","itemListElement":[{"@type":"ListItem","position":1,"name":"Home","item":"https:\/\/www.hotelzoologie.com\/fr\/"},{"@type":"ListItem","position":2,"name":"Nos Chambres par niveau de confort"}]},{"@type":"WebSite","@id":"https:\/\/www.hotelzoologie.com\/fr\/#website","url":"https:\/\/www.hotelzoologie.com\/fr\/","name":"H\u00f4tel La Zoologie Bordeaux","description":"","publisher":{"@id":"https:\/\/www.hotelzoologie.com\/fr\/#organization"},"potentialAction":[{"@type":"SearchAction","target":{"@type":"EntryPoint","urlTemplate":"https:\/\/www.hotelzoologie.com\/fr\/?s={search_term_string}"},"query-input":{"@type":"PropertyValueSpecification","valueRequired":true,"valueName":"search_term_string"}}],"inLanguage":"fr-FR"},{"@type":"Organization","@id":"https:\/\/www.hotelzoologie.com\/fr\/#organization","name":"H\u00f4tel La Zoologie Bordeaux","url":"https:\/\/www.hotelzoologie.com\/fr\/","logo":{"@type":"ImageObject","inLanguage":"fr-FR","@id":"https:\/\/www.hotelzoologie.com\/fr\/#\/schema\/logo\/image\/","url":"https:\/\/www.hotelzoologie.com\/wp-content\/uploads\/2020\/09\/Logo-Zoologie.jpg","contentUrl":"https:\/\/www.hotelzoologie.com\/wp-content\/uploads\/2020\/09\/Logo-Zoologie.jpg","width":500,"height":70,"caption":"H\u00f4tel La Zoologie Bordeaux"},"image":{"@id":"https:\/\/www.hotelzoologie.com\/fr\/#\/schema\/logo\/image\/"}}]}},"_links":{"self":[{"href":"https:\/\/www.hotelzoologie.com\/fr\/wp-json\/wp\/v2\/pages\/2659","targetHints":{"allow":["GET"]}}],"collection":[{"href":"https:\/\/www.hotelzoologie.com\/fr\/wp-json\/wp\/v2\/pages"}],"about":[{"href":"https:\/\/www.hotelzoologie.com\/fr\/wp-json\/wp\/v2\/types\/page"}],"author":[{"embeddable":true,"href":"https:\/\/www.hotelzoologie.com\/fr\/wp-json\/wp\/v2\/users\/1"}],"replies":[{"embeddable":true,"href":"https:\/\/www.hotelzoologie.com\/fr\/wp-json\/wp\/v2\/comments?post=2659"}],"version-history":[{"count":11,"href":"https:\/\/www.hotelzoologie.com\/fr\/wp-json\/wp\/v2\/pages\/2659\/revisions"}],"predecessor-version":[{"id":5335,"href":"https:\/\/www.hotelzoologie.com\/fr\/wp-json\/wp\/v2\/pages\/2659\/revisions\/5335"}],"wp:attachment":[{"href":"https:\/\/www.hotelzoologie.com\/fr\/wp-json\/wp\/v2\/media?parent=2659"}],"curies":[{"name":"wp","href":"https:\/\/api.w.org\/{rel}","templated":true}]}}