{"id":3037,"date":"2020-09-01T07:00:47","date_gmt":"2020-09-01T07:00:47","guid":{"rendered":"https:\/\/www.hotelzoologie.com\/?page_id=3037"},"modified":"2020-09-01T07:08:02","modified_gmt":"2020-09-01T07:08:02","slug":"mentions-legales","status":"publish","type":"page","link":"https:\/\/www.hotelzoologie.com\/fr\/mentions-legales\/","title":{"rendered":"Mentions L\u00e9gales"},"content":{"rendered":"<p>[vc_row full_width=&#8221;stretch_row&#8221;][vc_column][rev_slider_vc alias=&#8221;a-propos-11-1-1-1&#8243; el_class=&#8221;gradient-overlay-slider&#8221;][vc_empty_space height=&#8221;100&#8243;][\/vc_column][\/vc_row][vc_row][vc_column][vc_empty_space height=&#8221;20&#8243;]\t\t\t<div\r\n\t\t\t\tclass=\"main_title  text-center  \">\r\n\t\t\t\t<h2 class=\"title\">Informations \u00e9diteur et coordonn\u00e9es<\/h2>\r\n\t\t\t\t\t\t\t<\/div>\r\n\t\t[vc_column_text]<\/p>\n<p style=\"text-align: center;\"><strong>Pour toutes suggestions, informations, concernant notre site, n\u2019h\u00e9sitez pas \u00e0 nous \u00e9crire :<\/strong><\/p>\n<p>&nbsp;<\/p>\n<p style=\"text-align: center;\"><strong>H\u00f4tel La Zoologie<\/strong><\/p>\n<p style=\"text-align: center;\">H\u00f4tel La Zoologie \u2013 151, cours de la Marne \u2013 33800 Bordeaux<\/p>\n<p style=\"text-align: center;\">Email : <a href=\"mailto:contact@hotelzoologie.com\">contact@hotelzoologie.com<\/a><\/p>\n<p style=\"text-align: center;\"><a href=\"https:\/\/www.hotelzoologie.com\/fr\/\">www.hotelzoologie.com<\/a><\/p>\n<p>[\/vc_column_text][\/vc_column][\/vc_row][vc_row][vc_column][vc_empty_space height=&#8221;20&#8243;]\t\t\t<div\r\n\t\t\t\tclass=\"main_title  text-center  \">\r\n\t\t\t\t<h2 class=\"title\">Conception et d\u00e9veloppement<\/h2>\r\n\t\t\t\t\t\t\t<\/div>\r\n\t\t[vc_column_text]<\/p>\n<p class=\"main_content\" style=\"text-align: center;\"><strong>Ce site internet a \u00e9t\u00e9 con\u00e7u et r\u00e9alis\u00e9 par :<\/strong><\/p>\n<p>&nbsp;<\/p>\n<p class=\"main_content\" style=\"text-align: center;\"><strong>Groupe Ydyle<\/strong><\/p>\n<p class=\"main_content\" style=\"text-align: center;\">19 rue du D\u00f4me<\/p>\n<p class=\"main_content\" style=\"text-align: center;\">92100 Boulogne-Billancourt<\/p>\n<p class=\"main_content\" style=\"text-align: center;\"><a href=\"http:\/\/www.groupe-ydyle.fr\/\" target=\"_blank\" rel=\"noopener noreferrer\">www.groupe-ydyle.fr<\/a><\/p>\n<p>[\/vc_column_text][\/vc_column][\/vc_row][vc_row][vc_column][vc_empty_space height=&#8221;20&#8243;]\t\t\t<div\r\n\t\t\t\tclass=\"main_title  text-center  \">\r\n\t\t\t\t<h2 class=\"title\">Traitement des donn\u00e9es personnelles<\/h2>\r\n\t\t\t\t\t\t\t<\/div>\r\n\t\t[vc_column_text]<\/p>\n<p class=\"main_content\" style=\"text-align: center;\"><strong>Les cookies sont des informations plac\u00e9es sur votre \u00e9quipement par un site Web lorsque vous visitez ce site.<\/strong><\/p>\n<p style=\"text-align: center;\">\n<p class=\"main_content\" style=\"text-align: center;\">Les cookies nous permettent de personnaliser le contenu et d\u2019analyser notre trafic. Nous partageons \u00e9galement des informations sur l\u2019utilisation de notre site avec nos partenaires de publicit\u00e9 et d\u2019analyse, qui peuvent combiner celles-ci avec d\u2019autres informations que vous leur avez fournies ou qu\u2019ils ont collect\u00e9es lors de votre utilisation de leurs services.<\/p>\n<p class=\"main_content\" style=\"text-align: center;\">Nous nous engageons \u00e0 respecter les dispositions de la loi sur l\u2019informatique et les libert\u00e9s (article 27 de la loi n\u00b078-17 du 6 janvier 1978). En cons\u00e9quence vous disposez d \u2018un droit d\u2019acc\u00e8s, de modification, de rectification et de suppression des donn\u00e9es qui vous concernent. Pour exercer ce droit, adressez-vous \u00e0 : <a href=\"mailto:contact@hotelzoologie.com\">contact@hotelzoologie.com<\/a><\/p>\n<p class=\"main_content\" style=\"text-align: center;\">Le site de la CNIL :\u00a0<a href=\"https:\/\/www.cnil.fr\/\" target=\"_blank\" rel=\"noopener noreferrer\">www.cnil.fr<\/a><\/p>\n<p>[\/vc_column_text][\/vc_column][\/vc_row]<\/p>\n","protected":false},"excerpt":{"rendered":"<p>[vc_row full_width=&#8221;stretch_row&#8221;][vc_column][rev_slider_vc alias=&#8221;a-propos-11-1-1-1&#8243; el_class=&#8221;gradient-overlay-slider&#8221;][vc_empty_space height=&#8221;100&#8243;][\/vc_column][\/vc_row][vc_row][vc_column][vc_empty_space height=&#8221;20&#8243;][vc_column_text] Pour toutes suggestions, informations, concernant notre site, n\u2019h\u00e9sitez pas \u00e0 nous \u00e9crire : &nbsp; H\u00f4tel La Zoologie H\u00f4tel La Zoologie \u2013 151, cours de la Marne \u2013 33800 Bordeaux Email : contact@hotelzoologie.com www.hotelzoologie.com [\/vc_column_text][\/vc_column][\/vc_row][vc_row][vc_column][vc_empty_space height=&#8221;20&#8243;][vc_column_text] Ce site internet a \u00e9t\u00e9 con\u00e7u et r\u00e9alis\u00e9 par : &nbsp; Groupe Ydyle 19 [&hellip;]<\/p>\n","protected":false},"author":1,"featured_media":0,"parent":0,"menu_order":0,"comment_status":"closed","ping_status":"closed","template":"","meta":{"footnotes":""},"class_list":["post-3037","page","type-page","status-publish","hentry"],"yoast_head":"<!-- This site is optimized with the Yoast SEO plugin v27.6 - https:\/\/yoast.com\/product\/yoast-seo-wordpress\/ -->\n<title>Mentions L\u00e9gales - H\u00f4tel de luxe La Zoologie Bordeaux<\/title>\n<meta name=\"description\" content=\"Informations sur les mentions l\u00e9gales de l&#039;h\u00f4tel La Zoologie. H\u00f4tel de luxe La Zoologie - 151, cours de la Marne - 33800 Bordeaux.\" \/>\n<meta name=\"robots\" content=\"index, follow, max-snippet:-1, max-image-preview:large, max-video-preview:-1\" \/>\n<link rel=\"canonical\" href=\"https:\/\/www.hotelzoologie.com\/fr\/mentions-legales\/\" \/>\n<meta property=\"og:locale\" content=\"fr_FR\" \/>\n<meta property=\"og:type\" content=\"article\" \/>\n<meta property=\"og:title\" content=\"Mentions L\u00e9gales - H\u00f4tel de luxe La Zoologie Bordeaux\" \/>\n<meta property=\"og:description\" content=\"Informations sur les mentions l\u00e9gales de l&#039;h\u00f4tel La Zoologie. H\u00f4tel de luxe La Zoologie - 151, cours de la Marne - 33800 Bordeaux.\" \/>\n<meta property=\"og:url\" content=\"https:\/\/www.hotelzoologie.com\/fr\/mentions-legales\/\" \/>\n<meta property=\"og:site_name\" content=\"H\u00f4tel La Zoologie Bordeaux\" \/>\n<meta property=\"article:modified_time\" content=\"2020-09-01T07:08:02+00:00\" \/>\n<meta name=\"twitter:card\" content=\"summary_large_image\" \/>\n<meta name=\"twitter:label1\" content=\"Dur\u00e9e de lecture estim\u00e9e\" \/>\n\t<meta name=\"twitter:data1\" content=\"2 minutes\" \/>\n<!-- \/ Yoast SEO plugin. -->","yoast_head_json":{"title":"Mentions L\u00e9gales - H\u00f4tel de luxe La Zoologie Bordeaux","description":"Informations sur les mentions l\u00e9gales de l'h\u00f4tel La Zoologie. H\u00f4tel de luxe La Zoologie - 151, cours de la Marne - 33800 Bordeaux.","robots":{"index":"index","follow":"follow","max-snippet":"max-snippet:-1","max-image-preview":"max-image-preview:large","max-video-preview":"max-video-preview:-1"},"canonical":"https:\/\/www.hotelzoologie.com\/fr\/mentions-legales\/","og_locale":"fr_FR","og_type":"article","og_title":"Mentions L\u00e9gales - H\u00f4tel de luxe La Zoologie Bordeaux","og_description":"Informations sur les mentions l\u00e9gales de l'h\u00f4tel La Zoologie. H\u00f4tel de luxe La Zoologie - 151, cours de la Marne - 33800 Bordeaux.","og_url":"https:\/\/www.hotelzoologie.com\/fr\/mentions-legales\/","og_site_name":"H\u00f4tel La Zoologie Bordeaux","article_modified_time":"2020-09-01T07:08:02+00:00","twitter_card":"summary_large_image","twitter_misc":{"Dur\u00e9e de lecture estim\u00e9e":"2 minutes"},"schema":{"@context":"https:\/\/schema.org","@graph":[{"@type":"WebPage","@id":"https:\/\/www.hotelzoologie.com\/fr\/mentions-legales\/","url":"https:\/\/www.hotelzoologie.com\/fr\/mentions-legales\/","name":"Mentions L\u00e9gales - H\u00f4tel de luxe La Zoologie Bordeaux","isPartOf":{"@id":"https:\/\/www.hotelzoologie.com\/fr\/#website"},"datePublished":"2020-09-01T07:00:47+00:00","dateModified":"2020-09-01T07:08:02+00:00","description":"Informations sur les mentions l\u00e9gales de l'h\u00f4tel La Zoologie. H\u00f4tel de luxe La Zoologie - 151, cours de la Marne - 33800 Bordeaux.","breadcrumb":{"@id":"https:\/\/www.hotelzoologie.com\/fr\/mentions-legales\/#breadcrumb"},"inLanguage":"fr-FR","potentialAction":[{"@type":"ReadAction","target":["https:\/\/www.hotelzoologie.com\/fr\/mentions-legales\/"]}]},{"@type":"BreadcrumbList","@id":"https:\/\/www.hotelzoologie.com\/fr\/mentions-legales\/#breadcrumb","itemListElement":[{"@type":"ListItem","position":1,"name":"Home","item":"https:\/\/www.hotelzoologie.com\/fr\/"},{"@type":"ListItem","position":2,"name":"Mentions L\u00e9gales"}]},{"@type":"WebSite","@id":"https:\/\/www.hotelzoologie.com\/fr\/#website","url":"https:\/\/www.hotelzoologie.com\/fr\/","name":"H\u00f4tel La Zoologie Bordeaux","description":"","publisher":{"@id":"https:\/\/www.hotelzoologie.com\/fr\/#organization"},"potentialAction":[{"@type":"SearchAction","target":{"@type":"EntryPoint","urlTemplate":"https:\/\/www.hotelzoologie.com\/fr\/?s={search_term_string}"},"query-input":{"@type":"PropertyValueSpecification","valueRequired":true,"valueName":"search_term_string"}}],"inLanguage":"fr-FR"},{"@type":"Organization","@id":"https:\/\/www.hotelzoologie.com\/fr\/#organization","name":"H\u00f4tel La Zoologie Bordeaux","url":"https:\/\/www.hotelzoologie.com\/fr\/","logo":{"@type":"ImageObject","inLanguage":"fr-FR","@id":"https:\/\/www.hotelzoologie.com\/fr\/#\/schema\/logo\/image\/","url":"https:\/\/www.hotelzoologie.com\/wp-content\/uploads\/2020\/09\/Logo-Zoologie.jpg","contentUrl":"https:\/\/www.hotelzoologie.com\/wp-content\/uploads\/2020\/09\/Logo-Zoologie.jpg","width":500,"height":70,"caption":"H\u00f4tel La Zoologie Bordeaux"},"image":{"@id":"https:\/\/www.hotelzoologie.com\/fr\/#\/schema\/logo\/image\/"}}]}},"_links":{"self":[{"href":"https:\/\/www.hotelzoologie.com\/fr\/wp-json\/wp\/v2\/pages\/3037","targetHints":{"allow":["GET"]}}],"collection":[{"href":"https:\/\/www.hotelzoologie.com\/fr\/wp-json\/wp\/v2\/pages"}],"about":[{"href":"https:\/\/www.hotelzoologie.com\/fr\/wp-json\/wp\/v2\/types\/page"}],"author":[{"embeddable":true,"href":"https:\/\/www.hotelzoologie.com\/fr\/wp-json\/wp\/v2\/users\/1"}],"replies":[{"embeddable":true,"href":"https:\/\/www.hotelzoologie.com\/fr\/wp-json\/wp\/v2\/comments?post=3037"}],"version-history":[{"count":4,"href":"https:\/\/www.hotelzoologie.com\/fr\/wp-json\/wp\/v2\/pages\/3037\/revisions"}],"predecessor-version":[{"id":3042,"href":"https:\/\/www.hotelzoologie.com\/fr\/wp-json\/wp\/v2\/pages\/3037\/revisions\/3042"}],"wp:attachment":[{"href":"https:\/\/www.hotelzoologie.com\/fr\/wp-json\/wp\/v2\/media?parent=3037"}],"curies":[{"name":"wp","href":"https:\/\/api.w.org\/{rel}","templated":true}]}}