{"id":3927,"date":"2021-03-31T15:50:33","date_gmt":"2021-03-31T15:50:33","guid":{"rendered":"https:\/\/www.hotelzoologie.com\/?page_id=3927"},"modified":"2021-10-01T13:04:24","modified_gmt":"2021-10-01T13:04:24","slug":"presse","status":"publish","type":"page","link":"https:\/\/www.hotelzoologie.com\/fr\/presse\/","title":{"rendered":"La presse parle de nous"},"content":{"rendered":"<p>[vc_row full_width=&#8221;stretch_row&#8221;][vc_column][rev_slider_vc alias=&#8221;rooftop-1&#8243; el_class=&#8221;gradient-overlay-slider&#8221;][vc_empty_space height=&#8221;100&#8243;][\/vc_column][\/vc_row][vc_row][vc_column][vc_empty_space height=&#8221;20&#8243;]\t\t\t<div\r\n\t\t\t\tclass=\"main_title  text-center  \">\r\n\t\t\t\t<h2 class=\"title\">La Zoologie dans la presse<\/h2>\r\n\t\t\t\t\t\t\t<\/div>\r\n\t\t[vc_column_text]<\/p>\n<p style=\"text-align: center;\"><b>Ils parlent de nous !<\/b><\/p>\n<p>[\/vc_column_text][vc_separator color=&#8221;white&#8221;][\/vc_column][\/vc_row][vc_row][vc_column width=&#8221;1\/2&#8243;][vc_single_image image=&#8221;3914&#8243; img_size=&#8221;&#8221;][\/vc_column][vc_column width=&#8221;1\/2&#8243;][vc_column_text]<strong>&#8220;La Zoologie : le nouvel h\u00f4tel de luxe 4 \u00e9toiles le plus attendu de Bordeaux&#8221;<\/strong>[\/vc_column_text][vc_btn title=&#8221;D\u00e9couvrez l&#8217;article&#8221; style=&#8221;classic&#8221; shape=&#8221;square&#8221; color=&#8221;black&#8221; size=&#8221;sm&#8221; link=&#8221;url:https%3A%2F%2Fwww.lebonbon.fr%2Fbordeaux%2Fnews%2Fla-zoologie-le-nouvel-hotel-de-luxe-4-etoiles-le-plus-attendu-de-bordeaux%2F|||&#8221;][\/vc_column][\/vc_row][vc_row][vc_column width=&#8221;1\/2&#8243;][vc_text_separator title=&#8221;&#8221;][vc_single_image image=&#8221;3909&#8243; img_size=&#8221;&#8221;][\/vc_column][vc_column width=&#8221;1\/2&#8243;][vc_column_text]<\/p>\n<p class=\"fig-headline fig-pagination__hidden\"><strong>&#8220;L&#8217;h\u00f4tel La Zoologie \u00e0 Bordeaux, l&#8217;avis d&#8217;expert du <i>Figaro&#8221;<\/i><\/strong><\/p>\n<p>[\/vc_column_text][vc_btn title=&#8221;D\u00e9couvrez l&#8217;article&#8221; style=&#8221;classic&#8221; shape=&#8221;square&#8221; color=&#8221;black&#8221; size=&#8221;sm&#8221; link=&#8221;url:https%3A%2F%2Fwww.lefigaro.fr%2Fvoyages%2Fhotels%2Fl-hotel-la-zoologie-a-bordeaux-l-avis-d-expert-du-figaro-20201027|||&#8221;][\/vc_column][\/vc_row][vc_row][vc_column width=&#8221;1\/2&#8243;][vc_text_separator title=&#8221;&#8221;][vc_single_image image=&#8221;3918&#8243; img_size=&#8221;&#8221;][\/vc_column][vc_column width=&#8221;1\/2&#8243;][vc_column_text]<strong>&#8220;La zoologie le nouvel h\u00f4tel 4 \u00e9toiles bordelais&#8221;<\/strong>[\/vc_column_text][vc_btn title=&#8221;D\u00e9couvrez l&#8217;article&#8221; style=&#8221;classic&#8221; shape=&#8221;square&#8221; color=&#8221;black&#8221; size=&#8221;sm&#8221; link=&#8221;url:https%3A%2F%2Fwww.luxe-infinity.com%2Fvacances-voyages%2Fla-zoologie-le-nouvel-hotel-4-etoiles-bordelais%2F|||&#8221;][\/vc_column][\/vc_row][vc_row][vc_column width=&#8221;1\/2&#8243;][vc_text_separator title=&#8221;&#8221;][vc_single_image image=&#8221;3924&#8243; img_size=&#8221;&#8221;][\/vc_column][vc_column width=&#8221;1\/2&#8243;][vc_column_text]<\/p>\n<p class=\"entry-title\"><strong>&#8220;Les premi\u00e8res chose qu&#8217;on est impatient de refaire \u00e0 Bordeaux&#8221;<\/strong><\/p>\n<p>[\/vc_column_text][vc_btn title=&#8221;D\u00e9couvrez l&#8217;article&#8221; style=&#8221;classic&#8221; shape=&#8221;square&#8221; color=&#8221;black&#8221; size=&#8221;sm&#8221; link=&#8221;url:https%3A%2F%2Fcbon-bordeaux.com%2Fbordeaux-brunch-bar-musee-escape-game-ce-qu-on-a-hate-de-refaire%2F|||&#8221;][\/vc_column][\/vc_row][vc_row][vc_column width=&#8221;1\/2&#8243;][vc_text_separator title=&#8221;&#8221;][vc_single_image image=&#8221;3916&#8243; img_size=&#8221;&#8221;][\/vc_column][vc_column width=&#8221;1\/2&#8243;][vc_column_text]<\/p>\n<p class=\"entry-title\"><strong>&#8220;Bordeaux entre dans une nouvelle dimension&#8221;<\/strong><\/p>\n<p>[\/vc_column_text][vc_btn title=&#8221;D\u00e9couvrez l&#8217;article&#8221; style=&#8221;classic&#8221; shape=&#8221;square&#8221; color=&#8221;black&#8221; size=&#8221;sm&#8221; link=&#8221;url:https%3A%2F%2Fwww.hotelzoologie.com%2Fwp-content%2Fuploads%2F2021%2F03%2FChallenges__8_octobre_2020.pdf|||&#8221;][\/vc_column][\/vc_row][vc_row][vc_column width=&#8221;1\/2&#8243;][vc_text_separator title=&#8221;&#8221;][vc_single_image image=&#8221;3922&#8243; img_size=&#8221;&#8221;][\/vc_column][vc_column width=&#8221;1\/2&#8243;][vc_column_text]<\/p>\n<p class=\"entry-title\"><strong>&#8220;Jungle urbaine&#8221;<\/strong><\/p>\n<p>[\/vc_column_text][vc_btn title=&#8221;D\u00e9couvrez l&#8217;article&#8221; style=&#8221;classic&#8221; shape=&#8221;square&#8221; color=&#8221;black&#8221; size=&#8221;sm&#8221; link=&#8221;url:https%3A%2F%2Fwww.hotelzoologie.com%2Fwp-content%2Fuploads%2F2021%2F03%2FCo%CC%82te%CC%81_Ouest__Oct_Novembre_2020-1.pdf|||&#8221;][\/vc_column][\/vc_row][vc_row][vc_column width=&#8221;1\/2&#8243;][vc_text_separator title=&#8221;&#8221;][vc_single_image image=&#8221;3942&#8243; img_size=&#8221;&#8221;][\/vc_column][vc_column width=&#8221;1\/2&#8243;][vc_column_text]<strong>&#8220;<\/strong><strong>La Zoologie : le nouvel h\u00f4tel de luxe 4 \u00e9toiles le plus attendu de Bordeaux&#8221;<\/strong>[\/vc_column_text][vc_btn title=&#8221;D\u00e9couvrez l&#8217;article&#8221; style=&#8221;classic&#8221; shape=&#8221;square&#8221; color=&#8221;black&#8221; size=&#8221;sm&#8221; link=&#8221;url:https%3A%2F%2Flatribunedelhotellerie.com%2Fla-zoologie-le-nouvel-hotel-de-luxe-4-etoiles-le-plus-attendu-de-bordeaux%2F|||&#8221;][\/vc_column][\/vc_row][vc_row][vc_column width=&#8221;1\/2&#8243;][vc_text_separator title=&#8221;&#8221;][vc_single_image image=&#8221;3978&#8243; img_size=&#8221;&#8221;][\/vc_column][vc_column width=&#8221;1\/2&#8243;][vc_column_text]<strong>&#8220;Des lions montent la garde \u00e0 l&#8217;entr\u00e9e, des singes \u00e9clairent le passage&#8230;<\/strong><strong>&#8220;<\/strong>[\/vc_column_text][vc_btn title=&#8221;D\u00e9couvrez l&#8217;article&#8221; style=&#8221;classic&#8221; shape=&#8221;square&#8221; color=&#8221;black&#8221; size=&#8221;sm&#8221; link=&#8221;url:https%3A%2F%2Fwww.hotelzoologie.com%2Fwp-content%2Fuploads%2F2021%2F05%2FThe_Good_Life__er_mai_2021.pdf|||&#8221;][\/vc_column][\/vc_row][vc_row][vc_column width=&#8221;1\/2&#8243;][vc_text_separator title=&#8221;&#8221;][vc_single_image image=&#8221;4154&#8243; img_size=&#8221;&#8221;][\/vc_column][vc_column width=&#8221;1\/2&#8243;][vc_column_text]<strong>&#8220;D\u00e9coration aux motifs jungle pour le restaurant et sa cuisine ouverte<\/strong><strong>&#8220;<\/strong>[\/vc_column_text][vc_btn title=&#8221;D\u00e9couvrez l&#8217;article&#8221; style=&#8221;classic&#8221; shape=&#8221;square&#8221; color=&#8221;black&#8221; size=&#8221;sm&#8221; link=&#8221;url:https%3A%2F%2Fwww.hotelzoologie.com%2Fwp-content%2Fuploads%2F2021%2F05%2FThe_Good_Life__er_mai_2021.pdf|||&#8221;][\/vc_column][\/vc_row][vc_row][vc_column width=&#8221;1\/2&#8243;][vc_text_separator title=&#8221;&#8221;][vc_single_image image=&#8221;4156&#8243; img_size=&#8221;&#8221;][\/vc_column][vc_column width=&#8221;1\/2&#8243;][vc_column_text]<strong>&#8220;La Zoologie est d\u00e9j\u00e0 LA nouvelle adresse \u00e0 retenir \u00e0 Bordeaux<\/strong><strong>&#8220;<\/strong>[\/vc_column_text][vc_btn title=&#8221;D\u00e9couvrez l&#8217;article&#8221; style=&#8221;classic&#8221; shape=&#8221;square&#8221; color=&#8221;black&#8221; size=&#8221;sm&#8221; link=&#8221;url:https%3A%2F%2Fwww.hotelzoologie.com%2Fwp-content%2Fuploads%2F2021%2F05%2FThe_Good_Life__er_mai_2021.pdf|||&#8221;][\/vc_column][\/vc_row][vc_row][vc_column width=&#8221;1\/2&#8243;][vc_text_separator title=&#8221;&#8221;][vc_single_image image=&#8221;4213&#8243; img_size=&#8221;&#8221;][\/vc_column][vc_column width=&#8221;1\/2&#8243;][vc_column_text]<strong>&#8220;Bordeaux : un h\u00f4tel de luxe ouvre dans l&#8217;ancien Institut de Zoologie<\/strong><strong>&#8220;<\/strong>[\/vc_column_text][vc_btn title=&#8221;D\u00e9couvrez l&#8217;article&#8221; style=&#8221;classic&#8221; shape=&#8221;square&#8221; color=&#8221;black&#8221; size=&#8221;sm&#8221; link=&#8221;url:https%3A%2F%2Fwww.20minutes.fr%2Fbordeaux%2F3051755-20210601-bordeaux-hotel-luxe-ouvre-ancien-institut-zoologie%20||target:%20_blank|&#8221;][\/vc_column][\/vc_row][vc_row][vc_column width=&#8221;1\/2&#8243;][vc_text_separator title=&#8221;&#8221;][vc_single_image image=&#8221;4215&#8243; img_size=&#8221;&#8221;][\/vc_column][vc_column width=&#8221;1\/2&#8243;][vc_column_text]<strong>&#8220;Bordeaux\u00a0: l\u2019ancien Institut de zoologie a \u00e9t\u00e9 transform\u00e9 en h\u00f4tel haut de gamme&#8221;<\/strong>[\/vc_column_text][vc_btn title=&#8221;D\u00e9couvrez l&#8217;article&#8221; style=&#8221;classic&#8221; shape=&#8221;square&#8221; color=&#8221;black&#8221; size=&#8221;sm&#8221; link=&#8221;url:https%3A%2F%2Fwww.sudouest.fr%2Ftourisme%2Fgironde%2Fbordeaux%2Fbordeaux-l-ancien-institut-de-zoologie-a-ete-transforme-en-hotel-haut-de-gamme-3535730.php||target:%20_blank|&#8221;][vc_column_text]<strong>&#8220;Cuisine du march\u00e9 dans un h\u00f4tel plein de charme&#8221;<\/strong>[\/vc_column_text][vc_btn title=&#8221;D\u00e9couvrez l&#8217;article&#8221; style=&#8221;classic&#8221; shape=&#8221;square&#8221; color=&#8221;black&#8221; size=&#8221;sm&#8221; link=&#8221;url:https%3A%2F%2Fwww.hotelzoologie.com%2Fwp-content%2Fuploads%2F2021%2F10%2FSud_Ouest__17_aout_2021.pdf||target:%20_blank|&#8221;][\/vc_column][\/vc_row][vc_row][vc_column width=&#8221;1\/2&#8243;][vc_text_separator title=&#8221;&#8221;][vc_single_image image=&#8221;4217&#8243; img_size=&#8221;&#8221;][vc_text_separator title=&#8221;&#8221;][\/vc_column][vc_column width=&#8221;1\/2&#8243;][vc_column_text]<strong>&#8220;La Zoologie, nouvel h\u00f4tel avec rooftop, spa et terrasse cach\u00e9e&#8221;<\/strong>[\/vc_column_text][vc_btn title=&#8221;D\u00e9couvrez l&#8217;article&#8221; style=&#8221;classic&#8221; shape=&#8221;square&#8221; color=&#8221;black&#8221; size=&#8221;sm&#8221; link=&#8221;url:http%3A%2F%2Fbordeaux-cuisine-and-co.org%2Ftag%2Fhotel-avec-spa-bordeaux%2F||target:%20_blank|&#8221;][\/vc_column][\/vc_row][vc_row][vc_column width=&#8221;1\/2&#8243;][vc_single_image image=&#8221;4221&#8243; img_size=&#8221;&#8221;][\/vc_column][vc_column width=&#8221;1\/2&#8243;][vc_column_text]<b>&#8220;La Zoologie, \u00e9chapp\u00e9e\u00a0sauvage&#8221;<\/b>[\/vc_column_text][vc_btn title=&#8221;D\u00e9couvrez l&#8217;article&#8221; style=&#8221;classic&#8221; shape=&#8221;square&#8221; color=&#8221;black&#8221; size=&#8221;sm&#8221; link=&#8221;url:https%3A%2F%2Fwww.hotelzoologie.com%2Fwp-content%2Fuploads%2F2021%2F06%2FECWE_20210528_page_076.pdf||target:%20_blank|&#8221;][\/vc_column][\/vc_row][vc_row][vc_column width=&#8221;1\/2&#8243;][vc_text_separator title=&#8221;&#8221;][vc_single_image image=&#8221;4338&#8243; img_size=&#8221;&#8221;][\/vc_column][vc_column width=&#8221;1\/2&#8243;][vc_column_text]<b>&#8220;A Bordeaux, l&#8217;institut de zoologie de Bordeaux se transforme en boutique-h\u00f4tel&#8221;<\/b>[\/vc_column_text][vc_btn title=&#8221;D\u00e9couvrez l&#8217;article&#8221; style=&#8221;classic&#8221; shape=&#8221;square&#8221; color=&#8221;black&#8221; size=&#8221;sm&#8221; link=&#8221;url:https%3A%2F%2Fwww.hotelzoologie.com%2Fwp-content%2Fuploads%2F2021%2F10%2FL_Hotellerie_Restauration.fr__19_aout_2021.pdf||target:%20_blank|&#8221;][\/vc_column][\/vc_row][vc_row][vc_column width=&#8221;1\/2&#8243;][vc_text_separator title=&#8221;&#8221;][vc_single_image image=&#8221;4340&#8243; img_size=&#8221;&#8221;][\/vc_column][vc_column width=&#8221;1\/2&#8243;][vc_column_text]<b>&#8220;Un voyage intellectuel dans un cadre zoologique, botanique, g\u00e9ologique&#8221;<\/b>[\/vc_column_text][vc_btn title=&#8221;D\u00e9couvrez l&#8217;article&#8221; style=&#8221;classic&#8221; shape=&#8221;square&#8221; color=&#8221;black&#8221; size=&#8221;sm&#8221; link=&#8221;url:https%3A%2F%2Fwww.hotelzoologie.com%2Fwp-content%2Fuploads%2F2021%2F06%2FECWE_20210528_page_076.pdf||target:%20_blank|&#8221;][\/vc_column][\/vc_row][vc_row][vc_column width=&#8221;1\/2&#8243;][vc_text_separator title=&#8221;&#8221;][vc_single_image image=&#8221;4316&#8243; img_size=&#8221;&#8221;][\/vc_column][vc_column width=&#8221;1\/2&#8243;][vc_column_text]<b>&#8220;Voyage en Zoologie&#8221;<\/b>[\/vc_column_text][vc_btn title=&#8221;D\u00e9couvrez l&#8217;article&#8221; style=&#8221;classic&#8221; shape=&#8221;square&#8221; color=&#8221;black&#8221; size=&#8221;sm&#8221; link=&#8221;url:https%3A%2F%2Fwww.hotelzoologie.com%2Fwp-content%2Fuploads%2F2021%2F06%2FECWE_20210528_page_076.pdf||target:%20_blank|&#8221;][\/vc_column][\/vc_row][vc_row][vc_column width=&#8221;1\/2&#8243;][vc_text_separator title=&#8221;&#8221;][vc_single_image image=&#8221;4346&#8243;][\/vc_column][vc_column width=&#8221;1\/2&#8243;][vc_column_text]<b>&#8220;Un h\u00f4tel pas comme les autres !&#8221;<\/b>[\/vc_column_text][vc_btn title=&#8221;D\u00e9couvrez l&#8217;article&#8221; style=&#8221;classic&#8221; shape=&#8221;square&#8221; color=&#8221;black&#8221; size=&#8221;sm&#8221; link=&#8221;url:https%3A%2F%2Fwww.hotelzoologie.com%2Fwp-content%2Fuploads%2F2021%2F10%2FBordeaux_Food__20_aout_2021.pdf||target:%20_blank|&#8221;][\/vc_column][\/vc_row][vc_row][vc_column width=&#8221;1\/2&#8243;][vc_text_separator title=&#8221;&#8221;][vc_single_image image=&#8221;4344&#8243;][\/vc_column][vc_column width=&#8221;1\/2&#8243;][vc_column_text]<b>&#8220;La Zoologie au c\u0153ur de la cit\u00e9 vibrante Bordeaux&#8221;<\/b>[\/vc_column_text][vc_btn title=&#8221;D\u00e9couvrez l&#8217;article&#8221; style=&#8221;classic&#8221; shape=&#8221;square&#8221; color=&#8221;black&#8221; size=&#8221;sm&#8221; link=&#8221;url:https%3A%2F%2Fwww.hotelzoologie.com%2Fwp-content%2Fuploads%2F2021%2F10%2FOUI_Magazine__Septembre_2021.pdf||target:%20_blank|&#8221;][\/vc_column][\/vc_row][vc_row][vc_column width=&#8221;1\/2&#8243;][vc_text_separator title=&#8221;&#8221;][vc_single_image image=&#8221;4342&#8243;][\/vc_column][vc_column width=&#8221;1\/2&#8243;][vc_column_text]<b>&#8220;Un nouvel h\u00f4tel \u00e0 Bordeaux dans un lieu surprenant et improbable&#8221;<\/b>[\/vc_column_text][vc_btn title=&#8221;D\u00e9couvrez l&#8217;article&#8221; style=&#8221;classic&#8221; shape=&#8221;square&#8221; color=&#8221;black&#8221; size=&#8221;sm&#8221; link=&#8221;url:https%3A%2F%2Fwww.hotelzoologie.com%2Fwp-content%2Fuploads%2F2021%2F10%2FFrance_Bleu_Gironde__27_septembre_2021.pdf||target:%20_blank|&#8221;][\/vc_column][\/vc_row][vc_row][vc_column width=&#8221;1\/2&#8243;][vc_text_separator title=&#8221;&#8221;][vc_single_image image=&#8221;4348&#8243; img_size=&#8221;&#8221;][\/vc_column][vc_column width=&#8221;1\/2&#8243;][vc_column_text]<b>&#8220;La Zoologie, le\u00e7on de choses&#8221;<\/b>[\/vc_column_text][vc_btn title=&#8221;D\u00e9couvrez l&#8217;article&#8221; style=&#8221;classic&#8221; shape=&#8221;square&#8221; color=&#8221;black&#8221; size=&#8221;sm&#8221; link=&#8221;url:https%3A%2F%2Fwww.hotelzoologie.com%2Fwp-content%2Fuploads%2F2021%2F10%2FArt__Decoration_article__septembre_2021.pdf||target:%20_blank|&#8221;][\/vc_column][\/vc_row][vc_row][vc_column width=&#8221;1\/2&#8243;][vc_text_separator title=&#8221;&#8221;][vc_single_image image=&#8221;4350&#8243; img_size=&#8221;&#8221;][\/vc_column][vc_column width=&#8221;1\/2&#8243;][vc_column_text]<b>&#8220;C&#8217;est l&#8217;ouverture bordelaise qui suscite la curiosit\u00e9 des <em>city breakers<\/em> jusqu&#8217;\u00e0 Paris&#8221;<\/b>[\/vc_column_text][vc_btn title=&#8221;D\u00e9couvrez l&#8217;article&#8221; style=&#8221;classic&#8221; shape=&#8221;square&#8221; color=&#8221;black&#8221; size=&#8221;sm&#8221; link=&#8221;url:https%3A%2F%2Fwww.hotelzoologie.com%2Fwp-content%2Fuploads%2F2021%2F10%2FJane_de_Boy_Magazine__11_aout_2021.pdf||target:%20_blank|&#8221;][\/vc_column][\/vc_row][vc_row][vc_column][\/vc_column][\/vc_row]<\/p>\n","protected":false},"excerpt":{"rendered":"<p>[vc_row full_width=&#8221;stretch_row&#8221;][vc_column][rev_slider_vc alias=&#8221;rooftop-1&#8243; el_class=&#8221;gradient-overlay-slider&#8221;][vc_empty_space height=&#8221;100&#8243;][\/vc_column][\/vc_row][vc_row][vc_column][vc_empty_space height=&#8221;20&#8243;][vc_column_text] Ils parlent de nous ! [\/vc_column_text][vc_separator color=&#8221;white&#8221;][\/vc_column][\/vc_row][vc_row][vc_column width=&#8221;1\/2&#8243;][vc_single_image image=&#8221;3914&#8243; img_size=&#8221;&#8221;][\/vc_column][vc_column width=&#8221;1\/2&#8243;][vc_column_text]&#8220;La Zoologie : le nouvel h\u00f4tel de luxe 4 \u00e9toiles le plus attendu de Bordeaux&#8221;[\/vc_column_text][vc_btn title=&#8221;D\u00e9couvrez l&#8217;article&#8221; style=&#8221;classic&#8221; shape=&#8221;square&#8221; color=&#8221;black&#8221; size=&#8221;sm&#8221; link=&#8221;url:https%3A%2F%2Fwww.lebonbon.fr%2Fbordeaux%2Fnews%2Fla-zoologie-le-nouvel-hotel-de-luxe-4-etoiles-le-plus-attendu-de-bordeaux%2F|||&#8221;][\/vc_column][\/vc_row][vc_row][vc_column width=&#8221;1\/2&#8243;][vc_text_separator title=&#8221;&#8221;][vc_single_image image=&#8221;3909&#8243; img_size=&#8221;&#8221;][\/vc_column][vc_column width=&#8221;1\/2&#8243;][vc_column_text] &#8220;L&#8217;h\u00f4tel La Zoologie \u00e0 Bordeaux, l&#8217;avis d&#8217;expert du Figaro&#8221; [\/vc_column_text][vc_btn title=&#8221;D\u00e9couvrez l&#8217;article&#8221; [&hellip;]<\/p>\n","protected":false},"author":1,"featured_media":0,"parent":0,"menu_order":0,"comment_status":"closed","ping_status":"closed","template":"","meta":{"footnotes":""},"class_list":["post-3927","page","type-page","status-publish","hentry"],"yoast_head":"<!-- This site is optimized with the Yoast SEO plugin v27.4 - https:\/\/yoast.com\/product\/yoast-seo-wordpress\/ -->\n<title>Presse - H\u00f4tel de luxe La Zoologie Bordeaux<\/title>\n<meta name=\"description\" content=\"Ils parlent de nous ! D\u00e9couvrez notre espace presse qui rassemble des articles et m\u00e9dias qui parlent de l&#039;Hotel de luxe La Zoologie Bordeaux\" \/>\n<meta name=\"robots\" content=\"index, follow, max-snippet:-1, max-image-preview:large, max-video-preview:-1\" \/>\n<link rel=\"canonical\" href=\"https:\/\/www.hotelzoologie.com\/fr\/presse\/\" \/>\n<meta property=\"og:locale\" content=\"fr_FR\" \/>\n<meta property=\"og:type\" content=\"article\" \/>\n<meta property=\"og:title\" content=\"Presse - H\u00f4tel de luxe La Zoologie Bordeaux\" \/>\n<meta property=\"og:description\" content=\"Ils parlent de nous ! D\u00e9couvrez notre espace presse qui rassemble des articles et m\u00e9dias qui parlent de l&#039;Hotel de luxe La Zoologie Bordeaux\" \/>\n<meta property=\"og:url\" content=\"https:\/\/www.hotelzoologie.com\/fr\/presse\/\" \/>\n<meta property=\"og:site_name\" content=\"H\u00f4tel La Zoologie Bordeaux\" \/>\n<meta property=\"article:modified_time\" content=\"2021-10-01T13:04:24+00:00\" \/>\n<meta name=\"twitter:card\" content=\"summary_large_image\" \/>\n<meta name=\"twitter:label1\" content=\"Dur\u00e9e de lecture estim\u00e9e\" \/>\n\t<meta name=\"twitter:data1\" content=\"8 minutes\" \/>\n<!-- \/ Yoast SEO plugin. -->","yoast_head_json":{"title":"Presse - H\u00f4tel de luxe La Zoologie Bordeaux","description":"Ils parlent de nous ! D\u00e9couvrez notre espace presse qui rassemble des articles et m\u00e9dias qui parlent de l'Hotel de luxe La Zoologie Bordeaux","robots":{"index":"index","follow":"follow","max-snippet":"max-snippet:-1","max-image-preview":"max-image-preview:large","max-video-preview":"max-video-preview:-1"},"canonical":"https:\/\/www.hotelzoologie.com\/fr\/presse\/","og_locale":"fr_FR","og_type":"article","og_title":"Presse - H\u00f4tel de luxe La Zoologie Bordeaux","og_description":"Ils parlent de nous ! D\u00e9couvrez notre espace presse qui rassemble des articles et m\u00e9dias qui parlent de l'Hotel de luxe La Zoologie Bordeaux","og_url":"https:\/\/www.hotelzoologie.com\/fr\/presse\/","og_site_name":"H\u00f4tel La Zoologie Bordeaux","article_modified_time":"2021-10-01T13:04:24+00:00","twitter_card":"summary_large_image","twitter_misc":{"Dur\u00e9e de lecture estim\u00e9e":"8 minutes"},"schema":{"@context":"https:\/\/schema.org","@graph":[{"@type":"WebPage","@id":"https:\/\/www.hotelzoologie.com\/fr\/presse\/","url":"https:\/\/www.hotelzoologie.com\/fr\/presse\/","name":"Presse - H\u00f4tel de luxe La Zoologie Bordeaux","isPartOf":{"@id":"https:\/\/www.hotelzoologie.com\/fr\/#website"},"datePublished":"2021-03-31T15:50:33+00:00","dateModified":"2021-10-01T13:04:24+00:00","description":"Ils parlent de nous ! D\u00e9couvrez notre espace presse qui rassemble des articles et m\u00e9dias qui parlent de l'Hotel de luxe La Zoologie Bordeaux","breadcrumb":{"@id":"https:\/\/www.hotelzoologie.com\/fr\/presse\/#breadcrumb"},"inLanguage":"fr-FR","potentialAction":[{"@type":"ReadAction","target":["https:\/\/www.hotelzoologie.com\/fr\/presse\/"]}]},{"@type":"BreadcrumbList","@id":"https:\/\/www.hotelzoologie.com\/fr\/presse\/#breadcrumb","itemListElement":[{"@type":"ListItem","position":1,"name":"Home","item":"https:\/\/www.hotelzoologie.com\/fr\/"},{"@type":"ListItem","position":2,"name":"La presse parle de nous"}]},{"@type":"WebSite","@id":"https:\/\/www.hotelzoologie.com\/fr\/#website","url":"https:\/\/www.hotelzoologie.com\/fr\/","name":"H\u00f4tel La Zoologie Bordeaux","description":"","publisher":{"@id":"https:\/\/www.hotelzoologie.com\/fr\/#organization"},"potentialAction":[{"@type":"SearchAction","target":{"@type":"EntryPoint","urlTemplate":"https:\/\/www.hotelzoologie.com\/fr\/?s={search_term_string}"},"query-input":{"@type":"PropertyValueSpecification","valueRequired":true,"valueName":"search_term_string"}}],"inLanguage":"fr-FR"},{"@type":"Organization","@id":"https:\/\/www.hotelzoologie.com\/fr\/#organization","name":"H\u00f4tel La Zoologie Bordeaux","url":"https:\/\/www.hotelzoologie.com\/fr\/","logo":{"@type":"ImageObject","inLanguage":"fr-FR","@id":"https:\/\/www.hotelzoologie.com\/fr\/#\/schema\/logo\/image\/","url":"https:\/\/www.hotelzoologie.com\/wp-content\/uploads\/2020\/09\/Logo-Zoologie.jpg","contentUrl":"https:\/\/www.hotelzoologie.com\/wp-content\/uploads\/2020\/09\/Logo-Zoologie.jpg","width":500,"height":70,"caption":"H\u00f4tel La Zoologie Bordeaux"},"image":{"@id":"https:\/\/www.hotelzoologie.com\/fr\/#\/schema\/logo\/image\/"}}]}},"_links":{"self":[{"href":"https:\/\/www.hotelzoologie.com\/fr\/wp-json\/wp\/v2\/pages\/3927","targetHints":{"allow":["GET"]}}],"collection":[{"href":"https:\/\/www.hotelzoologie.com\/fr\/wp-json\/wp\/v2\/pages"}],"about":[{"href":"https:\/\/www.hotelzoologie.com\/fr\/wp-json\/wp\/v2\/types\/page"}],"author":[{"embeddable":true,"href":"https:\/\/www.hotelzoologie.com\/fr\/wp-json\/wp\/v2\/users\/1"}],"replies":[{"embeddable":true,"href":"https:\/\/www.hotelzoologie.com\/fr\/wp-json\/wp\/v2\/comments?post=3927"}],"version-history":[{"count":15,"href":"https:\/\/www.hotelzoologie.com\/fr\/wp-json\/wp\/v2\/pages\/3927\/revisions"}],"predecessor-version":[{"id":4358,"href":"https:\/\/www.hotelzoologie.com\/fr\/wp-json\/wp\/v2\/pages\/3927\/revisions\/4358"}],"wp:attachment":[{"href":"https:\/\/www.hotelzoologie.com\/fr\/wp-json\/wp\/v2\/media?parent=3927"}],"curies":[{"name":"wp","href":"https:\/\/api.w.org\/{rel}","templated":true}]}}