{"id":5025,"date":"2023-05-10T14:50:53","date_gmt":"2023-05-10T14:50:53","guid":{"rendered":"https:\/\/www.hotelzoologie.com\/?page_id=5025"},"modified":"2023-05-10T14:52:57","modified_gmt":"2023-05-10T14:52:57","slug":"hotel-insolite-bordeaux","status":"publish","type":"page","link":"https:\/\/www.hotelzoologie.com\/fr\/hotel-insolite-bordeaux\/","title":{"rendered":"Une nuit insolite en Gironde, \u00e0 l\u2019H\u00f4tel La Zoologie"},"content":{"rendered":"<p>[vc_row css=&#8221;.vc_custom_1683724465599{margin-bottom: 50px !important;}&#8221;][vc_column][vc_column_text]<\/p>\n<p style=\"text-align: center;\"><span class=\"TextRun SCXW235419415 BCX0\" lang=\"FR-FR\" xml:lang=\"FR-FR\" data-contrast=\"auto\"><span class=\"NormalTextRun SCXW235419415 BCX0\">Les instants suspendus<\/span><span class=\"NormalTextRun SCXW235419415 BCX0\">, ceux qui <\/span><span class=\"NormalTextRun SCXW235419415 BCX0\">se d\u00e9tachent du quotidien pour devenir les souvenirs les plus intarissables, <\/span><span class=\"NormalTextRun SCXW235419415 BCX0\">se cr\u00e9ent <\/span><span class=\"NormalTextRun SCXW235419415 BCX0\">spontan\u00e9ment lorsque le cadre s\u2019y pr\u00eate. <\/span><span class=\"NormalTextRun SCXW235419415 BCX0\">Vous r\u00eavez de passer une nuit insolite en Gironde<\/span><span class=\"NormalTextRun SCXW235419415 BCX0\">\u202f? <\/span><span class=\"NormalTextRun SCXW235419415 BCX0\">L\u2019h\u00f4tel La Zoologie<\/span><span class=\"NormalTextRun SCXW235419415 BCX0\"> \u00e0 Bordeaux<\/span><span class=\"NormalTextRun SCXW235419415 BCX0\"> vous propose une exp\u00e9rience<\/span><span class=\"NormalTextRun SCXW235419415 BCX0\"> unique<\/span><span class=\"NormalTextRun SCXW235419415 BCX0\">, hors du temps<\/span><span class=\"NormalTextRun SCXW235419415 BCX0\">, <\/span><span class=\"NormalTextRun SCXW235419415 BCX0\">\u00e0 vivre seul(e), en famille, <\/span><span class=\"NormalTextRun SCXW235419415 BCX0\">ou \u00e0 l\u2019occasion d\u2019un <\/span><\/span><span class=\"TextRun SCXW235419415 BCX0\" lang=\"FR-FR\" xml:lang=\"FR-FR\" data-contrast=\"auto\"><span class=\"NormalTextRun SpellingErrorV2Themed SCXW235419415 BCX0\">week<\/span><span class=\"NormalTextRun SCXW235419415 BCX0\">&#8211;<\/span><span class=\"NormalTextRun SCXW235419415 BCX0\">end en amoureux.<\/span><\/span><span class=\"EOP SCXW235419415 BCX0\" data-ccp-props=\"{&quot;201341983&quot;:0,&quot;335551550&quot;:6,&quot;335551620&quot;:6,&quot;335559739&quot;:240,&quot;335559740&quot;:360}\">\u00a0<\/span><\/p>\n<p>[\/vc_column_text][\/vc_column][\/vc_row][vc_row][vc_column][vc_column_text]<\/p>\n<h2>Un d\u00e9cor incomparable, pour une nuit insolite en Gironde<\/h2>\n<p>Passez les portes d\u2019un ailleurs incomparable. Le premier pas au-del\u00e0 du seuil de la Zoologie vous transporte vers des horizons inconnus, une parenth\u00e8se hors du temps et de l\u2019espace. \u00c0 quelques minutes de la gare et du centre-ville se tient ce lieu historique repens\u00e9 pour accueillir un <a href=\"https:\/\/www.hotelzoologie.com\/fr\/\">h\u00f4tel de luxe \u00e0 Bordeaux<\/a>.<\/p>\n<p>\u00c9rig\u00e9 au tout d\u00e9but du XXe si\u00e8cle (1900-1903) par l\u2019architecte Ernest Lacombe, l\u2019Institut de Zoologie de Bordeaux m\u00eale la brique, la pierre, le m\u00e9tal et de larges verri\u00e8res, soulignant \u00e0 merveille son pass\u00e9 universitaire. Les nouvelles ailes ajout\u00e9es au b\u00e2timent lors de sa r\u00e9novation font, elles aussi, \u00e9cho aux Sciences Naturelles.<\/p>\n<p>Ici et l\u00e0, de minutieux \u00e9l\u00e9ments de d\u00e9coration sont autant de clins d\u2019\u0153il aux racines de l\u2019endroit. Quelques touches de modernit\u00e9 lui conf\u00e8rent une atmosph\u00e8re surprenante et authentique.<\/p>\n<p>Pour un week end comme pour un s\u00e9jour prolong\u00e9 au c\u0153ur de la Gironde, La Zoologie vous promet une exp\u00e9rience comptant parmi les plus insolites de toute la Nouvelle Aquitaine.[\/vc_column_text][\/vc_column][\/vc_row][vc_row][vc_column][vc_single_image image=&#8221;3803&#8243; img_size=&#8221;large&#8221; alignment=&#8221;center&#8221; style=&#8221;vc_box_rounded&#8221;][\/vc_column][\/vc_row][vc_row css=&#8221;.vc_custom_1683724800127{margin-top: 30px !important;}&#8221;][vc_column][vc_column_text]<\/p>\n<h2>Votre chambre le temps d\u2019une nuit insolite en Aquitaine<\/h2>\n<p>\u00c0 l\u2019h\u00f4tel La Zoologie, chaque chambre raconte sa propre histoire. Ici, de grandes fen\u00eatres \u00e0 la fran\u00e7aise ouvrent sur la place Andr\u00e9 Meunier et le Cours de la Marne. L\u00e0, des murs en pierre de Bordeaux et en argile c\u00f4toient le r\u00e8gne animal ou des impressions botaniques, pour une v\u00e9ritable bulle de nature, esprit cabane dans les arbres\u202f: des vacances dans les bois en plein c\u0153ur de la ville. Ailleurs, un laboratoire de biologie ou le bureau d\u2019un chercheur s\u2019invite dans votre salle de bain privative. Dans certaines chambres, le coin bureau accueille une ancienne paillasse en calcaire oolithique que vous ne trouverez dans aucun autre h\u00e9bergement en France.<\/p>\n<p>Votre nuit insolite en Gironde vous offre un moment de d\u00e9paysement sur un fond color\u00e9 \u00e9voquant Le Corbusier, la luxuriance v\u00e9g\u00e9tale, ou encore des paysages lointains. Observez chaque d\u00e9tail de votre <a href=\"\/nos-chambres-insolites\/\">chambre insolite \u00e0 Bordeaux<\/a> et laissez ce cadre inhabituel vous inspirer.<\/p>\n<p>Envie d\u2019encore plus de d\u00e9tente pour votre s\u00e9jour\u202f? N\u2019oubliez pas de faire escale dans notre Spa.[\/vc_column_text][\/vc_column][\/vc_row][vc_row][vc_column][vc_single_image image=&#8221;4663&#8243; img_size=&#8221;large&#8221; alignment=&#8221;center&#8221; style=&#8221;vc_box_rounded&#8221;][\/vc_column][\/vc_row][vc_row css=&#8221;.vc_custom_1683724800127{margin-top: 30px !important;}&#8221;][vc_column][vc_column_text]<\/p>\n<h2>Accompagnez votre nuit insolite en Gironde d\u2019une exp\u00e9rience culinaire hors du commun<\/h2>\n<p>Le temps de votre s\u00e9jour en famille ou de votre week-end en amoureux, l\u2019insolite s\u2019invite \u00e9galement dans votre assiette au petit d\u00e9jeuner, au d\u00e9jeuner et au d\u00eener.<\/p>\n<p>Servi en chambre ou dans la salle de notre restaurant baign\u00e9 de lumi\u00e8re matinale, le <a href=\"\/petit-dejeuner\/\">petit d\u00e9jeuner de l\u2019h\u00f4tel La Zoologie<\/a> vous offre un moment de douceur pour d\u00e9marrer la journ\u00e9e du bon pied.<\/p>\n<p>\u00c0 l\u2019heure du d\u00e9jeuner et du d\u00eener, c\u2019est l\u2019occasion de d\u00e9couvrir des plats bordelais typiques revisit\u00e9s par l\u2019\u00e9quipe chevronn\u00e9e de notre <a href=\"\/restaurant-bordeaux\/\">restaurant insolite \u00e0 Bordeaux<\/a>. N\u2019oubliez pas de saluer notre chef, qui aime par-dessus tout conna\u00eetre l\u2019avis de nos h\u00f4tes sur ses d\u00e9licieuses cr\u00e9ations\u202f!<\/p>\n<p>\u00c0 moins que vous ne pr\u00e9f\u00e9riez tester les mets cr\u00e9atifs et color\u00e9s de la cave \u00e0 manger Banksia\u202f! N\u2019oubliez pas de vous attarder quelques instants dans notre petit coin \u00e9picerie fine pour une exp\u00e9rience au c\u0153ur du domaine gastronomique de La Zoologie.<\/p>\n<p>Et pour terminer en beaut\u00e9, direction notre <a href=\"\/bar-bordeaux\/\">bar ambiance \u00e0 Bordeaux<\/a>, o\u00f9 vous attendent des cocktails uniques imagin\u00e9s par des mixologues de talent. D\u00e9tendez-vous dans une atmosph\u00e8re musicale lounge tout en admirant le soleil qui se couche sur la ville. Ou rendez-vous sur le roof top de l\u2019aile de la G\u00e9ologie pour une vue haut perch\u00e9e \u00e0 couper le souffle.<\/p>\n<p>L\u2019h\u00f4tel La Zoologie donne vie \u00e0 vos envies d\u2019insolite.[\/vc_column_text][\/vc_column][\/vc_row][vc_row][vc_column width=&#8221;1\/3&#8243;][vc_single_image image=&#8221;4538&#8243; img_size=&#8221;full&#8221;][\/vc_column][vc_column width=&#8221;1\/3&#8243;][vc_single_image image=&#8221;4603&#8243; img_size=&#8221;full&#8221;][\/vc_column][vc_column width=&#8221;1\/3&#8243;][vc_single_image image=&#8221;4582&#8243; img_size=&#8221;full&#8221;][\/vc_column][\/vc_row]<\/p>\n","protected":false},"excerpt":{"rendered":"<p>[vc_row css=&#8221;.vc_custom_1683724465599{margin-bottom: 50px !important;}&#8221;][vc_column][vc_column_text] Les instants suspendus, ceux qui se d\u00e9tachent du quotidien pour devenir les souvenirs les plus intarissables, se cr\u00e9ent spontan\u00e9ment lorsque le cadre s\u2019y pr\u00eate. Vous r\u00eavez de passer une nuit insolite en Gironde\u202f? L\u2019h\u00f4tel La Zoologie \u00e0 Bordeaux vous propose une exp\u00e9rience unique, hors du temps, \u00e0 vivre seul(e), en famille, [&hellip;]<\/p>\n","protected":false},"author":1,"featured_media":0,"parent":0,"menu_order":0,"comment_status":"closed","ping_status":"closed","template":"","meta":{"footnotes":""},"class_list":["post-5025","page","type-page","status-publish","hentry"],"yoast_head":"<!-- This site is optimized with the Yoast SEO plugin v27.5 - https:\/\/yoast.com\/product\/yoast-seo-wordpress\/ -->\n<title>Nuit insolite en Gironde | H\u00f4tel La Zoologie \u00e0 Bordeaux<\/title>\n<meta name=\"description\" content=\"Ralentissez le temps d\u2019une nuit insolite en Gironde. L\u2019h\u00f4tel La Zoologie \u00e0 Bordeaux vous invite \u00e0 profiter d\u2019une parenth\u00e8se unique et inoubliable.\" \/>\n<meta name=\"robots\" content=\"index, follow, max-snippet:-1, max-image-preview:large, max-video-preview:-1\" \/>\n<link rel=\"canonical\" href=\"https:\/\/www.hotelzoologie.com\/fr\/hotel-insolite-bordeaux\/\" \/>\n<meta property=\"og:locale\" content=\"fr_FR\" \/>\n<meta property=\"og:type\" content=\"article\" \/>\n<meta property=\"og:title\" content=\"Nuit insolite en Gironde | H\u00f4tel La Zoologie \u00e0 Bordeaux\" \/>\n<meta property=\"og:description\" content=\"Ralentissez le temps d\u2019une nuit insolite en Gironde. L\u2019h\u00f4tel La Zoologie \u00e0 Bordeaux vous invite \u00e0 profiter d\u2019une parenth\u00e8se unique et inoubliable.\" \/>\n<meta property=\"og:url\" content=\"https:\/\/www.hotelzoologie.com\/fr\/hotel-insolite-bordeaux\/\" \/>\n<meta property=\"og:site_name\" content=\"H\u00f4tel La Zoologie Bordeaux\" \/>\n<meta property=\"article:modified_time\" content=\"2023-05-10T14:52:57+00:00\" \/>\n<meta name=\"twitter:card\" content=\"summary_large_image\" \/>\n<meta name=\"twitter:label1\" content=\"Dur\u00e9e de lecture estim\u00e9e\" \/>\n\t<meta name=\"twitter:data1\" content=\"4 minutes\" \/>\n<!-- \/ Yoast SEO plugin. -->","yoast_head_json":{"title":"Nuit insolite en Gironde | H\u00f4tel La Zoologie \u00e0 Bordeaux","description":"Ralentissez le temps d\u2019une nuit insolite en Gironde. L\u2019h\u00f4tel La Zoologie \u00e0 Bordeaux vous invite \u00e0 profiter d\u2019une parenth\u00e8se unique et inoubliable.","robots":{"index":"index","follow":"follow","max-snippet":"max-snippet:-1","max-image-preview":"max-image-preview:large","max-video-preview":"max-video-preview:-1"},"canonical":"https:\/\/www.hotelzoologie.com\/fr\/hotel-insolite-bordeaux\/","og_locale":"fr_FR","og_type":"article","og_title":"Nuit insolite en Gironde | H\u00f4tel La Zoologie \u00e0 Bordeaux","og_description":"Ralentissez le temps d\u2019une nuit insolite en Gironde. L\u2019h\u00f4tel La Zoologie \u00e0 Bordeaux vous invite \u00e0 profiter d\u2019une parenth\u00e8se unique et inoubliable.","og_url":"https:\/\/www.hotelzoologie.com\/fr\/hotel-insolite-bordeaux\/","og_site_name":"H\u00f4tel La Zoologie Bordeaux","article_modified_time":"2023-05-10T14:52:57+00:00","twitter_card":"summary_large_image","twitter_misc":{"Dur\u00e9e de lecture estim\u00e9e":"4 minutes"},"schema":{"@context":"https:\/\/schema.org","@graph":[{"@type":"WebPage","@id":"https:\/\/www.hotelzoologie.com\/fr\/hotel-insolite-bordeaux\/","url":"https:\/\/www.hotelzoologie.com\/fr\/hotel-insolite-bordeaux\/","name":"Nuit insolite en Gironde | H\u00f4tel La Zoologie \u00e0 Bordeaux","isPartOf":{"@id":"https:\/\/www.hotelzoologie.com\/fr\/#website"},"datePublished":"2023-05-10T14:50:53+00:00","dateModified":"2023-05-10T14:52:57+00:00","description":"Ralentissez le temps d\u2019une nuit insolite en Gironde. L\u2019h\u00f4tel La Zoologie \u00e0 Bordeaux vous invite \u00e0 profiter d\u2019une parenth\u00e8se unique et inoubliable.","breadcrumb":{"@id":"https:\/\/www.hotelzoologie.com\/fr\/hotel-insolite-bordeaux\/#breadcrumb"},"inLanguage":"fr-FR","potentialAction":[{"@type":"ReadAction","target":["https:\/\/www.hotelzoologie.com\/fr\/hotel-insolite-bordeaux\/"]}]},{"@type":"BreadcrumbList","@id":"https:\/\/www.hotelzoologie.com\/fr\/hotel-insolite-bordeaux\/#breadcrumb","itemListElement":[{"@type":"ListItem","position":1,"name":"Home","item":"https:\/\/www.hotelzoologie.com\/fr\/"},{"@type":"ListItem","position":2,"name":"Une nuit insolite en Gironde, \u00e0 l\u2019H\u00f4tel La Zoologie"}]},{"@type":"WebSite","@id":"https:\/\/www.hotelzoologie.com\/fr\/#website","url":"https:\/\/www.hotelzoologie.com\/fr\/","name":"H\u00f4tel La Zoologie Bordeaux","description":"","publisher":{"@id":"https:\/\/www.hotelzoologie.com\/fr\/#organization"},"potentialAction":[{"@type":"SearchAction","target":{"@type":"EntryPoint","urlTemplate":"https:\/\/www.hotelzoologie.com\/fr\/?s={search_term_string}"},"query-input":{"@type":"PropertyValueSpecification","valueRequired":true,"valueName":"search_term_string"}}],"inLanguage":"fr-FR"},{"@type":"Organization","@id":"https:\/\/www.hotelzoologie.com\/fr\/#organization","name":"H\u00f4tel La Zoologie Bordeaux","url":"https:\/\/www.hotelzoologie.com\/fr\/","logo":{"@type":"ImageObject","inLanguage":"fr-FR","@id":"https:\/\/www.hotelzoologie.com\/fr\/#\/schema\/logo\/image\/","url":"https:\/\/www.hotelzoologie.com\/wp-content\/uploads\/2020\/09\/Logo-Zoologie.jpg","contentUrl":"https:\/\/www.hotelzoologie.com\/wp-content\/uploads\/2020\/09\/Logo-Zoologie.jpg","width":500,"height":70,"caption":"H\u00f4tel La Zoologie Bordeaux"},"image":{"@id":"https:\/\/www.hotelzoologie.com\/fr\/#\/schema\/logo\/image\/"}}]}},"_links":{"self":[{"href":"https:\/\/www.hotelzoologie.com\/fr\/wp-json\/wp\/v2\/pages\/5025","targetHints":{"allow":["GET"]}}],"collection":[{"href":"https:\/\/www.hotelzoologie.com\/fr\/wp-json\/wp\/v2\/pages"}],"about":[{"href":"https:\/\/www.hotelzoologie.com\/fr\/wp-json\/wp\/v2\/types\/page"}],"author":[{"embeddable":true,"href":"https:\/\/www.hotelzoologie.com\/fr\/wp-json\/wp\/v2\/users\/1"}],"replies":[{"embeddable":true,"href":"https:\/\/www.hotelzoologie.com\/fr\/wp-json\/wp\/v2\/comments?post=5025"}],"version-history":[{"count":5,"href":"https:\/\/www.hotelzoologie.com\/fr\/wp-json\/wp\/v2\/pages\/5025\/revisions"}],"predecessor-version":[{"id":5042,"href":"https:\/\/www.hotelzoologie.com\/fr\/wp-json\/wp\/v2\/pages\/5025\/revisions\/5042"}],"wp:attachment":[{"href":"https:\/\/www.hotelzoologie.com\/fr\/wp-json\/wp\/v2\/media?parent=5025"}],"curies":[{"name":"wp","href":"https:\/\/api.w.org\/{rel}","templated":true}]}}