{"id":5033,"date":"2023-05-10T14:44:23","date_gmt":"2023-05-10T14:44:23","guid":{"rendered":"https:\/\/www.hotelzoologie.com\/?page_id=5033"},"modified":"2023-11-28T10:31:43","modified_gmt":"2023-11-28T10:31:43","slug":"nos-chambres-insolites","status":"publish","type":"page","link":"https:\/\/www.hotelzoologie.com\/fr\/nos-chambres-insolites\/","title":{"rendered":"Nos chambres insolites \u00e0 Bordeaux"},"content":{"rendered":"<p>[vc_row][vc_column][vc_column_text css=&#8221;.vc_custom_1701164741722{margin-bottom: 100px !important;}&#8221;]<\/p>\n<p style=\"text-align: center;\"><span class=\"TextRun SCXW83876943 BCX0\" lang=\"FR-FR\" xml:lang=\"FR-FR\" data-contrast=\"auto\"><span class=\"NormalTextRun SCXW83876943 BCX0\">Dot\u00e9e d\u2019un patrimoine riche et <\/span><span class=\"NormalTextRun SCXW83876943 BCX0\">inspirant, la ville de Bordeaux est une escale incontournable<\/span><span class=\"NormalTextRun SCXW83876943 BCX0\"> pour les amateurs de culture<\/span><span class=\"NormalTextRun SCXW83876943 BCX0\"> et de beaut\u00e9 architecturale. <\/span><span class=\"NormalTextRun SCXW83876943 BCX0\">Fid\u00e8le <\/span><span class=\"NormalTextRun SCXW83876943 BCX0\">\u00e0 cet id<\/span><span class=\"NormalTextRun SCXW83876943 BCX0\">\u00e9al, <\/span><span class=\"NormalTextRun SCXW83876943 BCX0\">l\u2019h\u00f4tel de standing 4 \u00e9toiles La Zoologie <\/span><span class=\"NormalTextRun SCXW83876943 BCX0\">offre une exp\u00e9rience \u00e0 la fois authentique et <\/span><span class=\"NormalTextRun SCXW83876943 BCX0\">\u00e9tonnante<\/span><span class=\"NormalTextRun SCXW83876943 BCX0\"> en plein quartier <\/span><\/span><span class=\"TextRun SCXW83876943 BCX0\" lang=\"FR-FR\" xml:lang=\"FR-FR\" data-contrast=\"auto\"><span class=\"NormalTextRun SCXW83876943 BCX0\">de la gare<\/span><span class=\"NormalTextRun SCXW83876943 BCX0\">, <\/span><span class=\"NormalTextRun SCXW83876943 BCX0\">pour une nuit au c\u0153ur d\u2019une bulle d\u2019inattendu<\/span><span class=\"NormalTextRun SCXW83876943 BCX0\">.<\/span> <span class=\"NormalTextRun SCXW83876943 BCX0\">Passez<\/span><\/span><span class=\"TextRun SCXW83876943 BCX0\" lang=\"FR-FR\" xml:lang=\"FR-FR\" data-contrast=\"auto\"><span class=\"NormalTextRun SCXW83876943 BCX0\"> un s\u00e9jour inoubliable en Nouvelle-Aquitaine dans <\/span><span class=\"NormalTextRun SCXW83876943 BCX0\">une chambre insolite \u00e0 Bordeaux.<\/span><\/span><span class=\"EOP SCXW83876943 BCX0\" data-ccp-props=\"{&quot;201341983&quot;:0,&quot;335551550&quot;:6,&quot;335551620&quot;:6,&quot;335559739&quot;:240,&quot;335559740&quot;:360}\">\u00a0<\/span><\/p>\n<p>[\/vc_column_text]<div class=\"hbf half-over-slider\">\n  <div class=\"inner\">\n      <!-- Search Form -->\n      <form id=\"search-form\" class=\"search-form\" action=\"https:\/\/direct-book.com\/properties\/hotellazoologiedirect?locale=fr&items[0][adults]=2&items[0][children]=0&items[0][infants]=0&currency=EUR&checkInDate=2024-07-26&checkOutDate=2024-07-27&trackPage=yes\" method=\"get\" target=\"_blank\">\n        <div class=\"row\">\n        <!-- Custom Parameters -->\n        \n<input type=\"hidden\" name=\"\" value=\"\" >\n<input type=\"hidden\" name=\"locale\" value=\"fr\" >\n        <!-- Check-In\/Out-->\n        <div class=\"col-md-4\">\n        \r\n<label for=\"eagle_booking_datepicker\">Date d'arriv\u00e9e\/D\u00e9part<\/label>\r\n<input id=\"eagle_booking_datepicker\" type=\"text\" class=\"form-control eagle-booking-datepicker\" placeholder=\"Date d&#039;arriv\u00e9e &nbsp;&nbsp;\u2192&nbsp;&nbsp; Date de d\u00e9part\" value=\"\" autocomplete=\"off\" readonly>\r\n<input id=\"eagle_booking_checkin\" type=\"hidden\" name=\"check_in_date\">\r\n<input id=\"eagle_booking_checkout\" type=\"hidden\" name=\"check_out_date\">\r\n\r\n        <\/div>\n        <!-- Guests -->\n        <div class=\"col-md-4\">\n        \n\n<label for=\"eagle_booking_guests\">Personne(s)<\/label>\n<div class=\"eb-guestspicker\">\n\n  <div class=\"form-control guestspicker\">\n    Personne(s) <span class=\"gueststotal\"><\/span>\n  <\/div>\n\n  <div class=\"eb-guestspicker-content\">\n    <!-- Adults -->\n    <div class=\"guests-buttons\">\n      <div class=\"description\">\n        <label>Adulte(s)<\/label>\n                  <div class=\"ages\">\u00c2ges 18+ <\/div>\n              <\/div>\n      <div class=\"guests-button\">\n        <div class=\"minus\"><\/div>\n        <input type=\"text\" id=\"eagle_booking_adults\" name=\"number_adults\" class=\"booking-guests\" value=\"0\" min=\"1\" max=\"3\"4\">\n        <div class=\"plus\"><\/div>\n      <\/div>\n    <\/div>\n    <!-- Children -->\n    <div class=\"guests-buttons\">\n      <div class=\"description\">\n        <label>Enfant(s)<\/label>\n                <div class=\"ages\">\u00c2ges 4 - 18<\/div>\n              <\/div>\n      <div class=\"guests-button\">\n        <div class=\"minus\"><\/div>\n        <input type=\"text\" id =\"eagle_booking_children\" name=\"number_children\" class=\"booking-guests\" value=\"0\" min=\"0\" max=\"2\"\"4\">\n        <div class=\"plus\"><\/div>\n      <\/div>\n    <\/div>\n\n    <!-- Infants -->\n    <!-- <div class=\"guests-buttons\">\n      <div class=\"description\">\n        <label>Infants<\/label>\n                <div class=\"ages\">\u00c2ges 4 - 18<\/div>\n              <\/div>\n      <div class=\"guests-button\">\n        <div class=\"minus\"><\/div>\n        <input type=\"text\" id =\"eagle_booking_children\" name=\"number_children\" class=\"booking-guests\" value=\"0\" min=\"0\" max=\"4\">\n        <div class=\"plus\"><\/div>\n      <\/div>\n    <\/div> -->\n\n  <\/div>\n<\/div>\n        <\/div>\n        <!-- Buttom -->\n        <div class=\"col-md-4\">\n        <button id=\"eb_search_form\" class=\"button eb-btn\" type=\"submit\">\n            <span class=\"eb-btn-text\">Rechercher<\/span>\n          <\/button>\n        <\/div>\n      <\/div>\n    <\/form>\n  <\/div>\n<\/div>\n[vc_row_inner][vc_column_inner width=&#8221;1\/2&#8243;][vc_single_image image=&#8221;4754&#8243; img_size=&#8221;medium&#8221; alignment=&#8221;center&#8221;]\r\n        \r\n        <style>\r\n\t\t\t\t#btn-container-M6Unw {\r\n\t\t\t\t\tfont-size: 15px;\r\n\t\t\t\t\tfont-weight: bold;\r\n\t\t\t\t}\r\n        #btn-M6Unw {\r\n        \tbackground: #000000;\r\n\t\t\t\t\tborder-style: solid;\r\n        \tborder-color: #000000;\r\n\t\t\t\t\tborder-width: 2px;\r\n        \tcolor: #ffffff;\r\n\t\t\t\t\tpadding: 10px 20px;\r\n\t\t\t\t\tborder-radius: 2px;\r\n\t\t\t\t\tfont-size: 15px;\r\n\t\t\t\t\tline-height: 15px;\r\n\t\t\t\t\t\t\t\t\t\t\t\t\t\t\tfont-weight: bold;\r\n        }\r\n\r\n\t\t\t\t#btn-M6Unw:hover {\r\n\t\t\t\t\tbackground: #ffffff;\r\n\t\t\t\t\tborder-color: #0a0a0a;\r\n\t\t\t\t\tcolor: #0a0a0a;\r\n\t\t\t\t\t\t\t\t\t\t\t\t\t\t\t\r\n\t\t\t\t}\r\n\r\n\t\t    #btn-M6Unw i {\r\n\t\t\t\t\tright: 14px;\r\n\t\t\t\t\tmargin-top: 0;\r\n\t\t\t\t\tvertical-align: middle;\r\n\t\t\t\t\tborder-radius: 50%;\r\n\t\t\t\t\tline-height: 20px;\r\n\t\t\t\t\theight: 20px;\r\n\t\t\t\t\twidth: 20px;\r\n\t\t\t\t\tbackground: #1dc1f8;\r\n\t\t\t\t\tmargin-left: 8px;\r\n\t\t\t\t\tmargin-right: 0;\r\n\t\t\t\t\tcolor: #ffffff;\r\n\t\t\t\t\tfont-size: 8px;\r\n\t\t\t\t\ttext-align: center;\r\n\t\t\t\t}\r\n\r\n\t\t\t\t #btn-M6Unw:hover i {\r\n\t\t\t\t \tbackground: #ffffff;\r\n\t\t\t\t\tcolor: #1dc1f8;\r\n\t\t\t\t }\r\n\r\n        <\/style>\r\n\r\n\t\t<!-- BUTTON -->\r\n        <div id=\"btn-container-M6Unw\" class=\"text-center\">\r\n\t\t\t\r\n\t\t\t\t\t<a href=\"\/nos-chambres-par-niveau-de-confort\/\" id=\"btn-M6Unw\" class=\"btn \" target=\"_self\">\r\n\t\t\t\t\t\tNos chambres par confort\t\t\t\t\t\t\t\t\t\t\t<\/a>\r\n\t\t\t\t\t        <\/div>\r\n\r\n        [\/vc_column_inner][vc_column_inner width=&#8221;1\/2&#8243;][vc_single_image image=&#8221;4663&#8243; img_size=&#8221;medium&#8221; alignment=&#8221;center&#8221;]\r\n        \r\n        <style>\r\n\t\t\t\t#btn-container-cZG0Y {\r\n\t\t\t\t\tfont-size: 15px;\r\n\t\t\t\t\tfont-weight: bold;\r\n\t\t\t\t}\r\n        #btn-cZG0Y {\r\n        \tbackground: #000000;\r\n\t\t\t\t\tborder-style: solid;\r\n        \tborder-color: #000000;\r\n\t\t\t\t\tborder-width: 2px;\r\n        \tcolor: #ffffff;\r\n\t\t\t\t\tpadding: 10px 20px;\r\n\t\t\t\t\tborder-radius: 2px;\r\n\t\t\t\t\tfont-size: 15px;\r\n\t\t\t\t\tline-height: 15px;\r\n\t\t\t\t\t\t\t\t\t\t\t\t\t\t\tfont-weight: bold;\r\n        }\r\n\r\n\t\t\t\t#btn-cZG0Y:hover {\r\n\t\t\t\t\tbackground: #ffffff;\r\n\t\t\t\t\tborder-color: #0a0a0a;\r\n\t\t\t\t\tcolor: #0a0a0a;\r\n\t\t\t\t\t\t\t\t\t\t\t\t\t\t\t\r\n\t\t\t\t}\r\n\r\n\t\t    #btn-cZG0Y i {\r\n\t\t\t\t\tright: 14px;\r\n\t\t\t\t\tmargin-top: 0;\r\n\t\t\t\t\tvertical-align: middle;\r\n\t\t\t\t\tborder-radius: 50%;\r\n\t\t\t\t\tline-height: 20px;\r\n\t\t\t\t\theight: 20px;\r\n\t\t\t\t\twidth: 20px;\r\n\t\t\t\t\tbackground: #1dc1f8;\r\n\t\t\t\t\tmargin-left: 8px;\r\n\t\t\t\t\tmargin-right: 0;\r\n\t\t\t\t\tcolor: #ffffff;\r\n\t\t\t\t\tfont-size: 8px;\r\n\t\t\t\t\ttext-align: center;\r\n\t\t\t\t}\r\n\r\n\t\t\t\t #btn-cZG0Y:hover i {\r\n\t\t\t\t \tbackground: #ffffff;\r\n\t\t\t\t\tcolor: #1dc1f8;\r\n\t\t\t\t }\r\n\r\n        <\/style>\r\n\r\n\t\t<!-- BUTTON -->\r\n        <div id=\"btn-container-cZG0Y\" class=\"text-center\">\r\n\t\t\t\r\n\t\t\t\t\t<a href=\"\/nos-chambres-par-ambiance\/\" id=\"btn-cZG0Y\" class=\"btn \" target=\"_self\">\r\n\t\t\t\t\t\tNos chambres par ambiance\t\t\t\t\t\t\t\t\t\t\t<\/a>\r\n\t\t\t\t\t        <\/div>\r\n\r\n        [\/vc_column_inner][\/vc_row_inner][\/vc_column][\/vc_row][vc_row css=&#8221;.vc_custom_1683729818894{margin-top: 50px !important;}&#8221;][vc_column][vc_column_text]<\/p>\n<h2 style=\"text-align: center;\">En qu\u00eate d&#8217;originalit\u00e9 ? D\u00e9couvrez l\u2019h\u00f4tel La Zoologie \u00e0 Bordeaux<\/h2>\n<p style=\"text-align: center;\">Impr\u00e9gn\u00e9 de la curiosit\u00e9 scientifique de son \u00e9poque, le b\u00e2timent qu\u2019occupe l\u2019h\u00f4tel La Zoologie est un splendide t\u00e9moignage de l\u2019architecture universitaire du d\u00e9but du XXe si\u00e8cle (1900-1903). Remis en majest\u00e9 \u00e0 l\u2019occasion d\u2019une r\u00e9novation compl\u00e8te, il se pare aujourd\u2019hui de deux ailes suppl\u00e9mentaires\u202f: l\u2019aile de la Botanique et l\u2019aile de la G\u00e9ologie, en clin d\u2019\u0153il \u00e0 l\u2019ancienne vie des lieux.<\/p>\n<p style=\"text-align: center;\">L\u2019h\u00f4tel La Zoologie renferme de somptueux am\u00e9nagements et met \u00e0 la disposition de sa client\u00e8le 40 chambres insolites \u00e0 Bordeaux.<\/p>\n<p style=\"text-align: center;\">Tout savoir sur notre<strong> <span style=\"text-decoration: underline;\"><a href=\"https:\/\/www.hotelzoologie.com\/fr\/\">h\u00f4tel de luxe \u00e0 Bordeaux<\/a><\/span><\/strong>.<\/p>\n<p>[\/vc_column_text][\/vc_column][\/vc_row][vc_row][vc_column][vc_single_image image=&#8221;4608&#8243; img_size=&#8221;large&#8221; alignment=&#8221;center&#8221;][vc_column_text css=&#8221;.vc_custom_1701167473912{margin-top: 100px !important;margin-bottom: 50px !important;}&#8221;]<\/p>\n<h2 style=\"text-align: center;\">Des chambres insolites \u00e0 Bordeaux, pour des nuits inspirantes et uniques<\/h2>\n<p style=\"text-align: center;\">Que vous soyez \u00e0 la recherche d\u2019une<strong> chambre romantique et originale \u00e0 Bordeaux<\/strong> ou d\u2019un s\u00e9jour original et m\u00e9morable, La Zoologie saura combler vos envies d\u2019\u00e9vasion. L\u2019h\u00e9bergement id\u00e9al pour explorer la ville en amoureux ou en famille\u202f!<\/p>\n<p style=\"text-align: center;\">Offrant un v\u00e9ritable voyage intellectuel \u00e0 travers un lieu charg\u00e9 d\u2019histoire, chaque chambre poss\u00e8de une \u00e2me qui lui est propre et \u00e0 laquelle une d\u00e9coration personnalis\u00e9e donne vie. Notre h\u00f4tel perp\u00e9tue l\u2019esprit de collection sous la forme d\u2019am\u00e9nagements singuliers bas\u00e9s sur le principe des commandes artistiques. Des <strong>mat\u00e9riaux nobles et durables<\/strong>, s\u00e9lectionn\u00e9s avec le plus grand soin, servent d\u2019\u00e9crin \u00e0 des \u0153uvres d\u2019art originales qui explorent le th\u00e8me des sciences naturelles et des exp\u00e9ditions scientifiques au c\u0153ur de contr\u00e9es lointaines.<\/p>\n<p style=\"text-align: center;\">Chaque aile de notre h\u00f4tel propose une ambiance unique et charg\u00e9e de myst\u00e8re pour une<strong> escapade romantique, une nuit insolite <\/strong>ou une exp\u00e9rience en <strong>famille<\/strong> dans la r\u00e9gion Nouvelle Aquitaine.<\/p>\n<p style=\"text-align: center;\">Les<strong> 24 chambres de l\u2019aile de la Zoologie<\/strong> occupent la partie <strong>historique<\/strong> du b\u00e2timent et ont conserv\u00e9 leurs murs en pierre locale et leurs hautes fen\u00eatres \u00e0 la Fran\u00e7aise, habill\u00e9es de rideaux \u00e9voquant le r\u00e8gne animal. Les salles d\u2019eau aux allures de bureaux de chercheurs et les paillasses en calcaire oolithique forment un contraste inhabituel avec un mobilier design r\u00e9solument contemporain.<\/p>\n<p style=\"text-align: center;\">Les <strong>4 chambres de la Botanique<\/strong> donnent sur le <strong>jardin<\/strong>, aux allures de for\u00eat exotique, ou sur l\u2019ancien b\u00e2timent Sant\u00e9 Navale, au-del\u00e0 d\u2019une rue pi\u00e9tonni\u00e8re. Con\u00e7ues pour vous offrir une nuit dans une bulle d\u2019inspiration v\u00e9g\u00e9tale, elles poss\u00e8dent des murs panoramiques ANANBO r\u00e9alis\u00e9s dans la r\u00e9gion bordelaise. Respirez\u202f: la grande hauteur sous plafond cr\u00e9e un mariage parfait avec le sol de bambou.<\/p>\n<p style=\"text-align: center;\">Enfin, les <strong>12 chambres de la G\u00e9ologie<\/strong> font honneur \u00e0 Le <strong>Corbusier<\/strong> et tirent leur atmosph\u00e8re cr\u00e9ative d\u2019un environnement africain original, o\u00f9 le b\u00e9ton se m\u00eale \u00e0 des wax traditionnels. D\u00e9tail insolite\u202f: une salle de bain en argile qui allie confort et nature.<\/p>\n<p>[\/vc_column_text][\/vc_column][\/vc_row][vc_row][vc_column][vc_column_text]<\/p>\n<h2 style=\"text-align: center;\">Des services de standing pour un s\u00e9jour inoubliable<\/h2>\n<p style=\"text-align: center;\">En plus de son magnifique roof top d\u2019o\u00f9 vous pourrez prendre de la hauteur pour admirer la ville, de son bar, de son luxueux Spa (avez-vous test\u00e9 le jacuzzi de notre Spa\u202f?), de sa salle de fitness, de sa terrasse et de son jardin, l\u2019h\u00f4tel La Zoologie est r\u00e9put\u00e9 pour ses exp\u00e9riences culinaires et son restaurant atypique.<\/p>\n<p style=\"text-align: center;\">Le <span style=\"text-decoration: underline;\"><a href=\"\/petit-dejeuner\/\">petit d\u00e9jeuner de l\u2019h\u00f4tel<\/a><\/span> est une merveilleuse mani\u00e8re de commencer la journ\u00e9e apr\u00e8s une nuit dans cette bulle \u00e9tonnante.<\/p>\n<p style=\"text-align: center;\">Notre <a href=\"\/restaurant-bordeaux\/\"><span style=\"text-decoration: underline;\">restaurant insolite \u00e0 Bordeaux<\/span><\/a> vous accueille pour le d\u00e9jeuner et le d\u00eener. Une exp\u00e9rience culinaire insolite unique en Nouvelle Aquitaine\u202f!<\/p>\n<p style=\"text-align: center;\">\u00c0 moins que vous ne pr\u00e9f\u00e9riez d\u00e9couvrir le concept Banksia \u00e0 Bordeaux (16 couverts + terrasse) la cave \u00e0 manger \/ \u00e9picerie fine d\u2019inspiration m\u00e9diterran\u00e9enne et spicy situ\u00e9e dans l\u2019aile de la Botanique. Un d\u00e9jeuner cr\u00e9atif que vous n\u2019oublierez pas\u202f!<\/p>\n<p>[\/vc_column_text][\/vc_column][\/vc_row][vc_row][vc_column][\/vc_column][\/vc_row]<\/p>\n","protected":false},"excerpt":{"rendered":"<p>[vc_row][vc_column][vc_column_text css=&#8221;.vc_custom_1701164741722{margin-bottom: 100px !important;}&#8221;] Dot\u00e9e d\u2019un patrimoine riche et inspirant, la ville de Bordeaux est une escale incontournable pour les amateurs de culture et de beaut\u00e9 architecturale. Fid\u00e8le \u00e0 cet id\u00e9al, l\u2019h\u00f4tel de standing 4 \u00e9toiles La Zoologie offre une exp\u00e9rience \u00e0 la fois authentique et \u00e9tonnante en plein quartier de la gare, pour une [&hellip;]<\/p>\n","protected":false},"author":1,"featured_media":0,"parent":0,"menu_order":0,"comment_status":"closed","ping_status":"closed","template":"","meta":{"footnotes":""},"class_list":["post-5033","page","type-page","status-publish","hentry"],"yoast_head":"<!-- This site is optimized with the Yoast SEO plugin v27.3 - https:\/\/yoast.com\/product\/yoast-seo-wordpress\/ -->\n<title>Chambres d&#039;hot\u00eal insolites \u00e0 Bordeaux - H\u00f4tel la Zoologie<\/title>\n<meta name=\"description\" content=\"Envie de passer une nuit dans une de nos chambres insolites \u00e0 Bordeaux\u202f? D\u00e9couvrez le magnifique h\u00f4tel 4 \u00e9toiles La Zoologie, dans le quartier de la gare.\" \/>\n<meta name=\"robots\" content=\"index, follow, max-snippet:-1, max-image-preview:large, max-video-preview:-1\" \/>\n<link rel=\"canonical\" href=\"https:\/\/www.hotelzoologie.com\/fr\/nos-chambres-insolites\/\" \/>\n<meta property=\"og:locale\" content=\"fr_FR\" \/>\n<meta property=\"og:type\" content=\"article\" \/>\n<meta property=\"og:title\" content=\"Chambres d&#039;hot\u00eal insolites \u00e0 Bordeaux - H\u00f4tel la Zoologie\" \/>\n<meta property=\"og:description\" content=\"Envie de passer une nuit dans une de nos chambres insolites \u00e0 Bordeaux\u202f? D\u00e9couvrez le magnifique h\u00f4tel 4 \u00e9toiles La Zoologie, dans le quartier de la gare.\" \/>\n<meta property=\"og:url\" content=\"https:\/\/www.hotelzoologie.com\/fr\/nos-chambres-insolites\/\" \/>\n<meta property=\"og:site_name\" content=\"H\u00f4tel La Zoologie Bordeaux\" \/>\n<meta property=\"article:modified_time\" content=\"2023-11-28T10:31:43+00:00\" \/>\n<meta name=\"twitter:card\" content=\"summary_large_image\" \/>\n<meta name=\"twitter:label1\" content=\"Dur\u00e9e de lecture estim\u00e9e\" \/>\n\t<meta name=\"twitter:data1\" content=\"4 minutes\" \/>\n<!-- \/ Yoast SEO plugin. -->","yoast_head_json":{"title":"Chambres d'hot\u00eal insolites \u00e0 Bordeaux - H\u00f4tel la Zoologie","description":"Envie de passer une nuit dans une de nos chambres insolites \u00e0 Bordeaux\u202f? D\u00e9couvrez le magnifique h\u00f4tel 4 \u00e9toiles La Zoologie, dans le quartier de la gare.","robots":{"index":"index","follow":"follow","max-snippet":"max-snippet:-1","max-image-preview":"max-image-preview:large","max-video-preview":"max-video-preview:-1"},"canonical":"https:\/\/www.hotelzoologie.com\/fr\/nos-chambres-insolites\/","og_locale":"fr_FR","og_type":"article","og_title":"Chambres d'hot\u00eal insolites \u00e0 Bordeaux - H\u00f4tel la Zoologie","og_description":"Envie de passer une nuit dans une de nos chambres insolites \u00e0 Bordeaux\u202f? D\u00e9couvrez le magnifique h\u00f4tel 4 \u00e9toiles La Zoologie, dans le quartier de la gare.","og_url":"https:\/\/www.hotelzoologie.com\/fr\/nos-chambres-insolites\/","og_site_name":"H\u00f4tel La Zoologie Bordeaux","article_modified_time":"2023-11-28T10:31:43+00:00","twitter_card":"summary_large_image","twitter_misc":{"Dur\u00e9e de lecture estim\u00e9e":"4 minutes"},"schema":{"@context":"https:\/\/schema.org","@graph":[{"@type":"WebPage","@id":"https:\/\/www.hotelzoologie.com\/fr\/nos-chambres-insolites\/","url":"https:\/\/www.hotelzoologie.com\/fr\/nos-chambres-insolites\/","name":"Chambres d'hot\u00eal insolites \u00e0 Bordeaux - H\u00f4tel la Zoologie","isPartOf":{"@id":"https:\/\/www.hotelzoologie.com\/fr\/#website"},"datePublished":"2023-05-10T14:44:23+00:00","dateModified":"2023-11-28T10:31:43+00:00","description":"Envie de passer une nuit dans une de nos chambres insolites \u00e0 Bordeaux\u202f? D\u00e9couvrez le magnifique h\u00f4tel 4 \u00e9toiles La Zoologie, dans le quartier de la gare.","breadcrumb":{"@id":"https:\/\/www.hotelzoologie.com\/fr\/nos-chambres-insolites\/#breadcrumb"},"inLanguage":"fr-FR","potentialAction":[{"@type":"ReadAction","target":["https:\/\/www.hotelzoologie.com\/fr\/nos-chambres-insolites\/"]}]},{"@type":"BreadcrumbList","@id":"https:\/\/www.hotelzoologie.com\/fr\/nos-chambres-insolites\/#breadcrumb","itemListElement":[{"@type":"ListItem","position":1,"name":"Home","item":"https:\/\/www.hotelzoologie.com\/fr\/"},{"@type":"ListItem","position":2,"name":"Nos chambres insolites \u00e0 Bordeaux"}]},{"@type":"WebSite","@id":"https:\/\/www.hotelzoologie.com\/fr\/#website","url":"https:\/\/www.hotelzoologie.com\/fr\/","name":"H\u00f4tel La Zoologie Bordeaux","description":"","publisher":{"@id":"https:\/\/www.hotelzoologie.com\/fr\/#organization"},"potentialAction":[{"@type":"SearchAction","target":{"@type":"EntryPoint","urlTemplate":"https:\/\/www.hotelzoologie.com\/fr\/?s={search_term_string}"},"query-input":{"@type":"PropertyValueSpecification","valueRequired":true,"valueName":"search_term_string"}}],"inLanguage":"fr-FR"},{"@type":"Organization","@id":"https:\/\/www.hotelzoologie.com\/fr\/#organization","name":"H\u00f4tel La Zoologie Bordeaux","url":"https:\/\/www.hotelzoologie.com\/fr\/","logo":{"@type":"ImageObject","inLanguage":"fr-FR","@id":"https:\/\/www.hotelzoologie.com\/fr\/#\/schema\/logo\/image\/","url":"https:\/\/www.hotelzoologie.com\/wp-content\/uploads\/2020\/09\/Logo-Zoologie.jpg","contentUrl":"https:\/\/www.hotelzoologie.com\/wp-content\/uploads\/2020\/09\/Logo-Zoologie.jpg","width":500,"height":70,"caption":"H\u00f4tel La Zoologie Bordeaux"},"image":{"@id":"https:\/\/www.hotelzoologie.com\/fr\/#\/schema\/logo\/image\/"}}]}},"_links":{"self":[{"href":"https:\/\/www.hotelzoologie.com\/fr\/wp-json\/wp\/v2\/pages\/5033","targetHints":{"allow":["GET"]}}],"collection":[{"href":"https:\/\/www.hotelzoologie.com\/fr\/wp-json\/wp\/v2\/pages"}],"about":[{"href":"https:\/\/www.hotelzoologie.com\/fr\/wp-json\/wp\/v2\/types\/page"}],"author":[{"embeddable":true,"href":"https:\/\/www.hotelzoologie.com\/fr\/wp-json\/wp\/v2\/users\/1"}],"replies":[{"embeddable":true,"href":"https:\/\/www.hotelzoologie.com\/fr\/wp-json\/wp\/v2\/comments?post=5033"}],"version-history":[{"count":7,"href":"https:\/\/www.hotelzoologie.com\/fr\/wp-json\/wp\/v2\/pages\/5033\/revisions"}],"predecessor-version":[{"id":5355,"href":"https:\/\/www.hotelzoologie.com\/fr\/wp-json\/wp\/v2\/pages\/5033\/revisions\/5355"}],"wp:attachment":[{"href":"https:\/\/www.hotelzoologie.com\/fr\/wp-json\/wp\/v2\/media?parent=5033"}],"curies":[{"name":"wp","href":"https:\/\/api.w.org\/{rel}","templated":true}]}}