{"id":6620,"date":"2023-12-14T16:09:50","date_gmt":"2023-12-14T16:09:50","guid":{"rendered":"https:\/\/www.hotelzoologie.com\/?page_id=6620"},"modified":"2023-12-15T15:58:11","modified_gmt":"2023-12-15T15:58:11","slug":"nos-bons-cadeaux","status":"publish","type":"page","link":"https:\/\/www.hotelzoologie.com\/fr\/nos-bons-cadeaux\/","title":{"rendered":"Nos bons cadeaux et ch\u00e8ques cadeaux"},"content":{"rendered":"<p>[vc_row content_placement=&#8221;middle&#8221;][vc_column][vc_raw_html]JTNDaWZyYW1lJTIwc3R5bGUlM0QlMjJ3aWR0aCUzQSUyMDEwMCUyNSUzQiUyMGJvcmRlciUzQSUyMDAlMjIlMjBzcmMlM0QlMjJodHRwcyUzQSUyRiUyRmhvdGVsem9vbG9naWUuYm9ua2RvLmNvbSUzRmVtYmVkJTNEdHJ1ZSUyNmhpZGVfbWFpbl90aXRsZV9kZXNjcmlwdGlvbiUzRGZhbHNlJTI2aGlkZV9mb290ZXIlM0RmYWxzZSUyNmhpZGVfd2h5Y2hvb3NldXMlM0RmYWxzZSUyNmhpZGVfY3JlYXRlX21vbmV5X3BvdCUzRGZhbHNlJTI2aGlkZV9ncm91cF9wYXltZW50JTNEZmFsc2UlMjZoaWRlX3NoYXJlZF9naWZ0c19oZWFkZXIlM0RmYWxzZSUyNmhpZGVfd2hvbGVfc2hhcmVkX2dpZnRzJTNEZmFsc2UlMjZoaWRlX2dpZnRjYXJkcyUzRGZhbHNlJTI2aGlkZV92b3VjaGVycyUzRGZhbHNlJTIyJTNFJTNDJTJGaWZyYW1lJTNFJTNDc2NyaXB0JTIwc3JjJTNEJTIyaHR0cHMlM0ElMkYlMkZob3RlbHpvb2xvZ2llLmJvbmtkby5jb20lMkZzdGF0aWMlMkZqcyUyRmlmcmFtZVJlc2l6ZXIubWluLmpzJTIyJTNFJTNDJTJGc2NyaXB0JTNFJTNDc2NyaXB0JTNFaUZyYW1lUmVzaXplJTI4JTI5JTNDJTJGc2NyaXB0JTNF[\/vc_raw_html][vc_column_text css=&#8221;.vc_custom_1702571268840{padding-bottom: 30px !important;}&#8221;]<\/p>\n<p style=\"text-align: center;\">D\u00e9couvrez nos diff\u00e9rentes <strong>offres de bons cadeaux et ch\u00e8ques-cadeaux<\/strong> pour vous faire plaisir en famille, entre amis ou seul pour les plus solitaires !<\/p>\n<p>[\/vc_column_text][vc_btn title=&#8221;Retourner \u00e0 l&#8217;accueil&#8221; style=&#8221;classic&#8221; shape=&#8221;square&#8221; color=&#8221;black&#8221; align=&#8221;center&#8221; i_icon_fontawesome=&#8221;fas fa-home&#8221; add_icon=&#8221;true&#8221; link=&#8221;url:https%3A%2F%2Fwww.hotelzoologie.com%2Ffr%2F|title:H%C3%B4tel%20la%20Zoologie%20%E2%80%93%20H%C3%B4tel%20de%20luxe%20%C3%A0%20Bordeaux||&#8221; css=&#8221;.vc_custom_1702655888215{margin-bottom: 100px !important;}&#8221;][\/vc_column][\/vc_row]<\/p>\n","protected":false},"excerpt":{"rendered":"<p>[vc_row content_placement=&#8221;middle&#8221;][vc_column][vc_raw_html]JTNDaWZyYW1lJTIwc3R5bGUlM0QlMjJ3aWR0aCUzQSUyMDEwMCUyNSUzQiUyMGJvcmRlciUzQSUyMDAlMjIlMjBzcmMlM0QlMjJodHRwcyUzQSUyRiUyRmhvdGVsem9vbG9naWUuYm9ua2RvLmNvbSUzRmVtYmVkJTNEdHJ1ZSUyNmhpZGVfbWFpbl90aXRsZV9kZXNjcmlwdGlvbiUzRGZhbHNlJTI2aGlkZV9mb290ZXIlM0RmYWxzZSUyNmhpZGVfd2h5Y2hvb3NldXMlM0RmYWxzZSUyNmhpZGVfY3JlYXRlX21vbmV5X3BvdCUzRGZhbHNlJTI2aGlkZV9ncm91cF9wYXltZW50JTNEZmFsc2UlMjZoaWRlX3NoYXJlZF9naWZ0c19oZWFkZXIlM0RmYWxzZSUyNmhpZGVfd2hvbGVfc2hhcmVkX2dpZnRzJTNEZmFsc2UlMjZoaWRlX2dpZnRjYXJkcyUzRGZhbHNlJTI2aGlkZV92b3VjaGVycyUzRGZhbHNlJTIyJTNFJTNDJTJGaWZyYW1lJTNFJTNDc2NyaXB0JTIwc3JjJTNEJTIyaHR0cHMlM0ElMkYlMkZob3RlbHpvb2xvZ2llLmJvbmtkby5jb20lMkZzdGF0aWMlMkZqcyUyRmlmcmFtZVJlc2l6ZXIubWluLmpzJTIyJTNFJTNDJTJGc2NyaXB0JTNFJTNDc2NyaXB0JTNFaUZyYW1lUmVzaXplJTI4JTI5JTNDJTJGc2NyaXB0JTNF[\/vc_raw_html][vc_column_text css=&#8221;.vc_custom_1702571268840{padding-bottom: 30px !important;}&#8221;] D\u00e9couvrez nos diff\u00e9rentes offres de bons cadeaux et ch\u00e8ques-cadeaux pour vous faire plaisir en famille, entre amis ou seul pour les plus solitaires ! [\/vc_column_text][vc_btn title=&#8221;Retourner \u00e0 l&#8217;accueil&#8221; style=&#8221;classic&#8221; shape=&#8221;square&#8221; color=&#8221;black&#8221; align=&#8221;center&#8221; i_icon_fontawesome=&#8221;fas fa-home&#8221; add_icon=&#8221;true&#8221; link=&#8221;url:https%3A%2F%2Fwww.hotelzoologie.com%2Ffr%2F|title:H%C3%B4tel%20la%20Zoologie%20%E2%80%93%20H%C3%B4tel%20de%20luxe%20%C3%A0%20Bordeaux||&#8221; css=&#8221;.vc_custom_1702655888215{margin-bottom: 100px !important;}&#8221;][\/vc_column][\/vc_row]<\/p>\n","protected":false},"author":1,"featured_media":0,"parent":0,"menu_order":0,"comment_status":"closed","ping_status":"closed","template":"..\/public\/views\/revslider-page-template.php","meta":{"footnotes":""},"class_list":["post-6620","page","type-page","status-publish","hentry"],"yoast_head":"<!-- This site is optimized with the Yoast SEO plugin v27.5 - https:\/\/yoast.com\/product\/yoast-seo-wordpress\/ -->\n<title>Nos bons cadeaux et ch\u00e8ques cadeaux - H\u00f4tel La Zoologie Bordeaux<\/title>\n<meta name=\"robots\" content=\"index, follow, max-snippet:-1, max-image-preview:large, max-video-preview:-1\" \/>\n<link rel=\"canonical\" href=\"https:\/\/www.hotelzoologie.com\/fr\/nos-bons-cadeaux\/\" \/>\n<meta property=\"og:locale\" content=\"fr_FR\" \/>\n<meta property=\"og:type\" content=\"article\" \/>\n<meta property=\"og:title\" content=\"Nos bons cadeaux et ch\u00e8ques cadeaux - H\u00f4tel La Zoologie Bordeaux\" \/>\n<meta property=\"og:description\" content=\"[vc_row content_placement=&#8221;middle&#8221;][vc_column][vc_raw_html]JTNDaWZyYW1lJTIwc3R5bGUlM0QlMjJ3aWR0aCUzQSUyMDEwMCUyNSUzQiUyMGJvcmRlciUzQSUyMDAlMjIlMjBzcmMlM0QlMjJodHRwcyUzQSUyRiUyRmhvdGVsem9vbG9naWUuYm9ua2RvLmNvbSUzRmVtYmVkJTNEdHJ1ZSUyNmhpZGVfbWFpbl90aXRsZV9kZXNjcmlwdGlvbiUzRGZhbHNlJTI2aGlkZV9mb290ZXIlM0RmYWxzZSUyNmhpZGVfd2h5Y2hvb3NldXMlM0RmYWxzZSUyNmhpZGVfY3JlYXRlX21vbmV5X3BvdCUzRGZhbHNlJTI2aGlkZV9ncm91cF9wYXltZW50JTNEZmFsc2UlMjZoaWRlX3NoYXJlZF9naWZ0c19oZWFkZXIlM0RmYWxzZSUyNmhpZGVfd2hvbGVfc2hhcmVkX2dpZnRzJTNEZmFsc2UlMjZoaWRlX2dpZnRjYXJkcyUzRGZhbHNlJTI2aGlkZV92b3VjaGVycyUzRGZhbHNlJTIyJTNFJTNDJTJGaWZyYW1lJTNFJTNDc2NyaXB0JTIwc3JjJTNEJTIyaHR0cHMlM0ElMkYlMkZob3RlbHpvb2xvZ2llLmJvbmtkby5jb20lMkZzdGF0aWMlMkZqcyUyRmlmcmFtZVJlc2l6ZXIubWluLmpzJTIyJTNFJTNDJTJGc2NyaXB0JTNFJTNDc2NyaXB0JTNFaUZyYW1lUmVzaXplJTI4JTI5JTNDJTJGc2NyaXB0JTNF[\/vc_raw_html][vc_column_text css=&#8221;.vc_custom_1702571268840{padding-bottom: 30px !important;}&#8221;] D\u00e9couvrez nos diff\u00e9rentes offres de bons cadeaux et ch\u00e8ques-cadeaux pour vous faire plaisir en famille, entre amis ou seul pour les plus solitaires ! [\/vc_column_text][vc_btn title=&#8221;Retourner \u00e0 l&#8217;accueil&#8221; style=&#8221;classic&#8221; shape=&#8221;square&#8221; color=&#8221;black&#8221; align=&#8221;center&#8221; i_icon_fontawesome=&#8221;fas fa-home&#8221; add_icon=&#8221;true&#8221; link=&#8221;url:https%3A%2F%2Fwww.hotelzoologie.com%2Ffr%2F|title:H%C3%B4tel%20la%20Zoologie%20%E2%80%93%20H%C3%B4tel%20de%20luxe%20%C3%A0%20Bordeaux||&#8221; css=&#8221;.vc_custom_1702655888215{margin-bottom: 100px !important;}&#8221;][\/vc_column][\/vc_row]\" \/>\n<meta property=\"og:url\" content=\"https:\/\/www.hotelzoologie.com\/fr\/nos-bons-cadeaux\/\" \/>\n<meta property=\"og:site_name\" content=\"H\u00f4tel La Zoologie Bordeaux\" \/>\n<meta property=\"article:modified_time\" content=\"2023-12-15T15:58:11+00:00\" \/>\n<meta name=\"twitter:card\" content=\"summary_large_image\" \/>\n<meta name=\"twitter:label1\" content=\"Dur\u00e9e de lecture estim\u00e9e\" \/>\n\t<meta name=\"twitter:data1\" content=\"1 minute\" \/>\n<!-- \/ Yoast SEO plugin. -->","yoast_head_json":{"title":"Nos bons cadeaux et ch\u00e8ques cadeaux - H\u00f4tel La Zoologie Bordeaux","robots":{"index":"index","follow":"follow","max-snippet":"max-snippet:-1","max-image-preview":"max-image-preview:large","max-video-preview":"max-video-preview:-1"},"canonical":"https:\/\/www.hotelzoologie.com\/fr\/nos-bons-cadeaux\/","og_locale":"fr_FR","og_type":"article","og_title":"Nos bons cadeaux et ch\u00e8ques cadeaux - H\u00f4tel La Zoologie Bordeaux","og_description":"[vc_row content_placement=&#8221;middle&#8221;][vc_column][vc_raw_html]JTNDaWZyYW1lJTIwc3R5bGUlM0QlMjJ3aWR0aCUzQSUyMDEwMCUyNSUzQiUyMGJvcmRlciUzQSUyMDAlMjIlMjBzcmMlM0QlMjJodHRwcyUzQSUyRiUyRmhvdGVsem9vbG9naWUuYm9ua2RvLmNvbSUzRmVtYmVkJTNEdHJ1ZSUyNmhpZGVfbWFpbl90aXRsZV9kZXNjcmlwdGlvbiUzRGZhbHNlJTI2aGlkZV9mb290ZXIlM0RmYWxzZSUyNmhpZGVfd2h5Y2hvb3NldXMlM0RmYWxzZSUyNmhpZGVfY3JlYXRlX21vbmV5X3BvdCUzRGZhbHNlJTI2aGlkZV9ncm91cF9wYXltZW50JTNEZmFsc2UlMjZoaWRlX3NoYXJlZF9naWZ0c19oZWFkZXIlM0RmYWxzZSUyNmhpZGVfd2hvbGVfc2hhcmVkX2dpZnRzJTNEZmFsc2UlMjZoaWRlX2dpZnRjYXJkcyUzRGZhbHNlJTI2aGlkZV92b3VjaGVycyUzRGZhbHNlJTIyJTNFJTNDJTJGaWZyYW1lJTNFJTNDc2NyaXB0JTIwc3JjJTNEJTIyaHR0cHMlM0ElMkYlMkZob3RlbHpvb2xvZ2llLmJvbmtkby5jb20lMkZzdGF0aWMlMkZqcyUyRmlmcmFtZVJlc2l6ZXIubWluLmpzJTIyJTNFJTNDJTJGc2NyaXB0JTNFJTNDc2NyaXB0JTNFaUZyYW1lUmVzaXplJTI4JTI5JTNDJTJGc2NyaXB0JTNF[\/vc_raw_html][vc_column_text css=&#8221;.vc_custom_1702571268840{padding-bottom: 30px !important;}&#8221;] D\u00e9couvrez nos diff\u00e9rentes offres de bons cadeaux et ch\u00e8ques-cadeaux pour vous faire plaisir en famille, entre amis ou seul pour les plus solitaires ! [\/vc_column_text][vc_btn title=&#8221;Retourner \u00e0 l&#8217;accueil&#8221; style=&#8221;classic&#8221; shape=&#8221;square&#8221; color=&#8221;black&#8221; align=&#8221;center&#8221; i_icon_fontawesome=&#8221;fas fa-home&#8221; add_icon=&#8221;true&#8221; link=&#8221;url:https%3A%2F%2Fwww.hotelzoologie.com%2Ffr%2F|title:H%C3%B4tel%20la%20Zoologie%20%E2%80%93%20H%C3%B4tel%20de%20luxe%20%C3%A0%20Bordeaux||&#8221; css=&#8221;.vc_custom_1702655888215{margin-bottom: 100px !important;}&#8221;][\/vc_column][\/vc_row]","og_url":"https:\/\/www.hotelzoologie.com\/fr\/nos-bons-cadeaux\/","og_site_name":"H\u00f4tel La Zoologie Bordeaux","article_modified_time":"2023-12-15T15:58:11+00:00","twitter_card":"summary_large_image","twitter_misc":{"Dur\u00e9e de lecture estim\u00e9e":"1 minute"},"schema":{"@context":"https:\/\/schema.org","@graph":[{"@type":"WebPage","@id":"https:\/\/www.hotelzoologie.com\/fr\/nos-bons-cadeaux\/","url":"https:\/\/www.hotelzoologie.com\/fr\/nos-bons-cadeaux\/","name":"Nos bons cadeaux et ch\u00e8ques cadeaux - H\u00f4tel La Zoologie Bordeaux","isPartOf":{"@id":"https:\/\/www.hotelzoologie.com\/fr\/#website"},"datePublished":"2023-12-14T16:09:50+00:00","dateModified":"2023-12-15T15:58:11+00:00","breadcrumb":{"@id":"https:\/\/www.hotelzoologie.com\/fr\/nos-bons-cadeaux\/#breadcrumb"},"inLanguage":"fr-FR","potentialAction":[{"@type":"ReadAction","target":["https:\/\/www.hotelzoologie.com\/fr\/nos-bons-cadeaux\/"]}]},{"@type":"BreadcrumbList","@id":"https:\/\/www.hotelzoologie.com\/fr\/nos-bons-cadeaux\/#breadcrumb","itemListElement":[{"@type":"ListItem","position":1,"name":"Home","item":"https:\/\/www.hotelzoologie.com\/fr\/"},{"@type":"ListItem","position":2,"name":"Nos bons cadeaux et ch\u00e8ques cadeaux"}]},{"@type":"WebSite","@id":"https:\/\/www.hotelzoologie.com\/fr\/#website","url":"https:\/\/www.hotelzoologie.com\/fr\/","name":"H\u00f4tel La Zoologie Bordeaux","description":"","publisher":{"@id":"https:\/\/www.hotelzoologie.com\/fr\/#organization"},"potentialAction":[{"@type":"SearchAction","target":{"@type":"EntryPoint","urlTemplate":"https:\/\/www.hotelzoologie.com\/fr\/?s={search_term_string}"},"query-input":{"@type":"PropertyValueSpecification","valueRequired":true,"valueName":"search_term_string"}}],"inLanguage":"fr-FR"},{"@type":"Organization","@id":"https:\/\/www.hotelzoologie.com\/fr\/#organization","name":"H\u00f4tel La Zoologie Bordeaux","url":"https:\/\/www.hotelzoologie.com\/fr\/","logo":{"@type":"ImageObject","inLanguage":"fr-FR","@id":"https:\/\/www.hotelzoologie.com\/fr\/#\/schema\/logo\/image\/","url":"https:\/\/www.hotelzoologie.com\/wp-content\/uploads\/2020\/09\/Logo-Zoologie.jpg","contentUrl":"https:\/\/www.hotelzoologie.com\/wp-content\/uploads\/2020\/09\/Logo-Zoologie.jpg","width":500,"height":70,"caption":"H\u00f4tel La Zoologie Bordeaux"},"image":{"@id":"https:\/\/www.hotelzoologie.com\/fr\/#\/schema\/logo\/image\/"}}]}},"_links":{"self":[{"href":"https:\/\/www.hotelzoologie.com\/fr\/wp-json\/wp\/v2\/pages\/6620","targetHints":{"allow":["GET"]}}],"collection":[{"href":"https:\/\/www.hotelzoologie.com\/fr\/wp-json\/wp\/v2\/pages"}],"about":[{"href":"https:\/\/www.hotelzoologie.com\/fr\/wp-json\/wp\/v2\/types\/page"}],"author":[{"embeddable":true,"href":"https:\/\/www.hotelzoologie.com\/fr\/wp-json\/wp\/v2\/users\/1"}],"replies":[{"embeddable":true,"href":"https:\/\/www.hotelzoologie.com\/fr\/wp-json\/wp\/v2\/comments?post=6620"}],"version-history":[{"count":8,"href":"https:\/\/www.hotelzoologie.com\/fr\/wp-json\/wp\/v2\/pages\/6620\/revisions"}],"predecessor-version":[{"id":6788,"href":"https:\/\/www.hotelzoologie.com\/fr\/wp-json\/wp\/v2\/pages\/6620\/revisions\/6788"}],"wp:attachment":[{"href":"https:\/\/www.hotelzoologie.com\/fr\/wp-json\/wp\/v2\/media?parent=6620"}],"curies":[{"name":"wp","href":"https:\/\/api.w.org\/{rel}","templated":true}]}}