{"id":10743,"date":"2026-01-22T09:09:38","date_gmt":"2026-01-22T09:09:38","guid":{"rendered":"https:\/\/www.hotelzoologie.com\/?page_id=10743"},"modified":"2026-01-22T09:19:27","modified_gmt":"2026-01-22T09:19:27","slug":"conciergerie-it","status":"publish","type":"page","link":"https:\/\/www.hotelzoologie.com\/it\/conciergerie-it\/","title":{"rendered":"Il Servizio di Concierge"},"content":{"rendered":"<p>[vc_row full_width=&#8221;stretch_row_content&#8221; full_height=&#8221;yes&#8221; columns_placement=&#8221;stretch&#8221; content_placement=&#8221;middle&#8221; parallax=&#8221;content-moving&#8221; parallax_speed_bg=&#8221;2&#8243; css_animation=&#8221;fadeIn&#8221; css=&#8221;.vc_custom_1769012501767{background-image: url(https:\/\/www.hotelzoologie.com\/wp-content\/uploads\/2022\/08\/chambre-Aile-de-la-Geologie_terasse.jpg?id=4655) !important;}&#8221;][vc_column][vc_custom_heading text=&#8221;Servizio di Concierge&#8221; font_container=&#8221;tag:h1|font_size:55|text_align:center|color:%23ffffff|line_height:1.5&#8243; google_fonts=&#8221;font_family:Anton%3Aregular|font_style:400%20regular%3A400%3Anormal&#8221;][vc_empty_space height=&#8221;25&#8243;][vc_custom_heading text=&#8221;Prepara il tuo soggiorno in totale serenit\u00e0&#8221; font_container=&#8221;tag:h2|font_size:40|text_align:center|color:%23ffffff|line_height:1.5&#8243; google_fonts=&#8221;font_family:Anton%3Aregular|font_style:400%20regular%3A400%3Anormal&#8221;][vc_empty_space height=&#8221;15&#8243;]\r\n        \r\n        <style>\r\n\t\t\t\t#btn-container-nxP69 {\r\n\t\t\t\t\tfont-size: 15px;\r\n\t\t\t\t\tfont-weight: bold;\r\n\t\t\t\t}\r\n        #btn-nxP69 {\r\n        \tbackground: #af4e34;\r\n\t\t\t\t\tborder-style: solid;\r\n        \tborder-color: #af4e34;\r\n\t\t\t\t\tborder-width: 2px;\r\n        \tcolor: #ffffff;\r\n\t\t\t\t\tpadding: 10px 20px;\r\n\t\t\t\t\tborder-radius: 8px;\r\n\t\t\t\t\tfont-size: 15px;\r\n\t\t\t\t\tline-height: 15px;\r\n\t\t\t\t\t\t\t\t\t\t\t\t\t\t\tfont-weight: bold;\r\n        }\r\n\r\n\t\t\t\t#btn-nxP69:hover {\r\n\t\t\t\t\tbackground: #af4e34;\r\n\t\t\t\t\tborder-color: #af4e34;\r\n\t\t\t\t\tcolor: #ffffff;\r\n\t\t\t\t\t\t\t\t\t\t\t\t\t\t\t\r\n\t\t\t\t}\r\n\r\n\t\t    #btn-nxP69 i {\r\n\t\t\t\t\tright: 14px;\r\n\t\t\t\t\tmargin-top: 0;\r\n\t\t\t\t\tvertical-align: middle;\r\n\t\t\t\t\tborder-radius: 50%;\r\n\t\t\t\t\tline-height: 20px;\r\n\t\t\t\t\theight: 20px;\r\n\t\t\t\t\twidth: 20px;\r\n\t\t\t\t\tbackground: #1dc1f8;\r\n\t\t\t\t\tmargin-left: 8px;\r\n\t\t\t\t\tmargin-right: 0;\r\n\t\t\t\t\tcolor: #ffffff;\r\n\t\t\t\t\tfont-size: 8px;\r\n\t\t\t\t\ttext-align: center;\r\n\t\t\t\t}\r\n\r\n\t\t\t\t #btn-nxP69:hover i {\r\n\t\t\t\t \tbackground: #ffffff;\r\n\t\t\t\t\tcolor: #1dc1f8;\r\n\t\t\t\t }\r\n\r\n        <\/style>\r\n\r\n\t\t<!-- BUTTON -->\r\n        <div id=\"btn-container-nxP69\" class=\"text-center\">\r\n\t\t\t\r\n\t\t\t\t\t<a href=\"tel:0533069917\" id=\"btn-nxP69\" class=\"btn \" target=\"_self\">\r\n\t\t\t\t\t\tContattaci!\t\t\t\t\t\t\t\t\t\t\t<\/a>\r\n\t\t\t\t\t        <\/div>\r\n\r\n        [\/vc_column][\/vc_row][vc_row][vc_column][vc_empty_space][vc_empty_space][\/vc_column][\/vc_row][vc_row][vc_column width=&#8221;1\/2&#8243;][vc_empty_space height=&#8221;75&#8243;][vc_custom_heading text=&#8221;Un servizio di concierge pensato per valorizzare il tuo soggiorno&#8221; font_container=&#8221;tag:h2|font_size:30|text_align:center|color:%23af4e34&#8243; google_fonts=&#8221;font_family:Tenor%20Sans%3Aregular|font_style:400%20regular%3A400%3Anormal&#8221;][vc_separator color=&#8221;chino&#8221; border_width=&#8221;2&#8243; el_width=&#8221;30&#8243; css=&#8221;.vc_custom_1769005905576{margin-top: 24px !important;}&#8221;][vc_column_text]All\u2019H\u00f4tel La Zoologie, il servizio di concierge occupa un posto centrale nell\u2019esperienza che desideriamo offrire ai nostri ospiti. Progettato come un vero e proprio servizio di supporto, ti permette di scoprire Bordeaux in modo fluido, personalizzato e autentico, godendo di un comfort assoluto. Il nostro team mette la sua competenza locale e la sua disponibilit\u00e0 al servizio del tuo soggiorno, anticipando le tue aspettative e rispondendo ai tuoi desideri, siano essi culturali, gastronomici o legati al relax.<\/p>\n<p>Ogni viaggiatore \u00e8 unico, motivo per cui il nostro servizio di concierge a Bordeaux si adatta al tuo ritmo, alla durata del soggiorno e ai tuoi interessi, che si tratti di un weekend di fuga, di un soggiorno romantico o di un viaggio di lavoro. Grazie a una conoscenza approfondita della citt\u00e0, dei suoi quartieri e dei suoi indirizzi migliori, ti offriamo molto pi\u00f9 di semplici raccomandazioni: ti offriamo una vera immersione bordolese, dove ogni dettaglio \u00e8 pensato per rendere la tua esperienza semplice, piacevole e memorabile, ancor prima del tuo arrivo all\u2019H\u00f4tel La Zoologie.[\/vc_column_text][\/vc_column][vc_column width=&#8221;1\/2&#8243;][vc_single_image image=&#8221;10680&#8243; img_size=&#8221;full&#8221; alignment=&#8221;center&#8221;][\/vc_column][\/vc_row][vc_row][vc_column width=&#8221;1\/2&#8243;][vc_single_image image=&#8221;10684&#8243; img_size=&#8221;large&#8221; alignment=&#8221;center&#8221;][\/vc_column][vc_column width=&#8221;1\/2&#8243;][vc_empty_space height=&#8221;85&#8243;][vc_custom_heading text=&#8221;Scopri Bordeaux grazie ai nostri servizi e raccomandazioni locali&#8221; font_container=&#8221;tag:h2|font_size:30|text_align:center|color:%23af4e34&#8243; google_fonts=&#8221;font_family:Tenor%20Sans%3Aregular|font_style:400%20regular%3A400%3Anormal&#8221;][vc_separator color=&#8221;chino&#8221; border_width=&#8221;2&#8243; el_width=&#8221;30&#8243; css=&#8221;.vc_custom_1769006022000{margin-top: 24px !important;}&#8221;][vc_empty_space][vc_column_text]Per facilitare le tue richieste, mettiamo a tua disposizione un numero WhatsApp dedicato, +33 (0)7 57 43 21 38, che consente una comunicazione rapida e diretta con il nostro team. Che tu voglia prenotare un\u2019attivit\u00e0, organizzare un trasferimento o semplicemente ricevere le nostre raccomandazioni locali, siamo qui per accompagnarti in ogni fase del tuo soggiorno.<\/p>\n<p>Il nostro servizio di concierge offre anche servizi esclusivi per arricchire la tua visita. Puoi acquistare il tuo Bordeaux City Pass direttamente in hotel e goderti i luoghi imperdibili della citt\u00e0 senza perdere tempo. Per gli amanti della gastronomia, mettiamo a tua disposizione una mappa Mapstr con la nostra selezione dei migliori ristoranti e caff\u00e8 intorno all\u2019hotel, cos\u00ec potrai esplorare Bordeaux come un vero locale.[\/vc_column_text][vc_raw_html]JTNDZGl2JTIwc3R5bGUlM0QlMjJ0ZXh0LWFsaWduJTNBJTIwY2VudGVyJTNCJTIwbWFyZ2luJTNBJTIwMzBweCUyMDAlM0IlMjIlM0UlMEElMjAlMjAlMjAlMjAlM0NhJTIwaHJlZiUzRCUyMmh0dHBzJTNBJTJGJTJGd2EubWUlMkYzMzc1NzQzMjEzOCUzRnRleHQlM0RJbC1zZXJ2aXppbyUyNTIwZGklMjBjb25jZXJnaWElMjUyMGRlbCUyNTIwY2FtZXJvJTIyJTBBJTIwJTIwJTIwJTIwJTIwJTIwdGFyZ2V0JTNEJTIyX2JsYW5rJTIyJTBBJTIwJTIwJTIwJTIwJTIwJTIwJTIwcmVsJTNEJTIybm9vcGVuZXIlMjIlMEElMjAlMjAlMjAlMjAlMjAlMjAlMjAlMjAlMjAlMjAlMjBzdHlsZSUzRCUyMiUwQSUyMCUyMCUyMCUyMCUyMCUyMCUyMCUyMCUyMCUyMCUyMGRpc3BsYXklM0ElMjBpbmxpbmUtYmxvY2slM0IlMEElMjAlMjAlMjAlMjAlMjAlMjAlMjAlMjAlMjAlMjAlMjBiYWNrZ3JvdW5kLWNvbG9yJTNBJTIwJTIzYWY0ZTM0JTNCJTBBJTIwJTIwJTIwJTIwJTIwJTIwJTIwJTIwJTIwJTIwJTIwY29sb3IlM0ElMjAlMjNmZmZmZmYlM0IlMEElMjAlMjAlMjAlMjAlMjAlMjAlMjAlMjAlMjAlMjAlMjB0ZXh0LWRlY29yYXRpb24lM0ElMjBub25lJTNCJTBBJTIwJTIwJTIwJTIwJTIwJTIwJTIwJTIwJTIwJTIwJTIwZm9udC1zaXplJTNBJTIwMTZweCUzQiUwQSUyMCUyMCUyMCUyMCUyMCUyMCUyMCUyMCUyMCUyMCUyMGZvbnQtd2VpZ2h0JTNBJTIwNjAwJTNCJTBBJTIwJTIwJTIwJTIwJTIwJTIwJTIwJTIwJTIwJTIwJTIwdGV4dC10cmFuc2Zvcm0lM0ElMjB1cHBlcmNhc2UlM0IlMEElMjAlMjAlMjAlMjAlMjAlMjAlMjAlMjAlMjAlMjAlMjBwYWRkaW5nJTNBJTIwMTJweCUyMDE1cHglM0IlMEElMjAlMjAlMjAlMjAlMjAlMjAlMjAlMjAlMjAlMjAlMjBib3JkZXItcmFkaXVzJTNBJTIwOHB4JTNCJTBBJTIwJTIwJTIwJTIwJTIwJTIwJTIwJTIwJTIwJTIwJTIwZm9udC1mYW1pbHklM0ElMjAlMjdNb250c2VycmF0JTI3JTJDJTIwc2Fucy1zZXJpZiUzQiUwQSUyMCUyMCUyMCUyMCUyMCUyMCUyMCUyMCUyMCUyMCUyMHRyYW5zaXRpb24lM0ElMjBiYWNrZ3JvdW5kLWNvbG9yJTIwMC4zcyUyMGVhc2UlMkMlMjB0cmFuc2Zvcm0lMjAwLjJzJTIwZWFzZSUzQiUwQSUyMCUyMCUyMCUyMCUyMCUyMCUyMCUyMiUwQSUyMCUyMCUyMCUyMCUyMCUyMCUyMG9ubW91c2VvdmVyJTNEJTIydGhpcy5zdHlsZS5iYWNrZ3JvdW5kQ29sb3IlM0QlMjclMjM5NDNmMjklMjclM0IlMjB0aGlzLnN0eWxlLnRyYW5zZm9ybSUzRCUyN3NjYWxlJTI4MS4wMyUyOSUyNyUzQiUyMiUwQSUyMCUyMCUyMCUyMCUyMCUyMCUyMG9ubW91c2VvdXQlM0QlMjJ0aGlzLnN0eWxlLmJhY2tncm91bmRDb2xvciUzRCUyNyUyM2FmNGUzNCUyNyUzQiUyMHRoaXMuc3R5bGUudHJhbnNmb3JtJTNEJTI3c2NhbGUlMjgxJTI5JTI3JTNCJTIyJTBBJTIwJTIwJTIwJTIwJTNFJTBBJTIwJTIwJTIwJTIwJTIwJTIwJTIwJTIwQ09OVEFDVEFSJTIwU0VSVklESU8lMjBERSUyMENPTkNJRVJHRUlJJTIwJTBBJTIwJTIwJTIwJTIwJTIwJTIwJTIwJTIwRUwlMjBTSVJWSUNJbyUyMERJJTIwQ09OU0lFUkdSSUUlMEElMjAlMjAlMjAlMjAlM0MlMkZhJTNFJTBBJTNDJTJGZGl2JTNF[\/vc_raw_html][\/vc_column][\/vc_row][vc_row][vc_column width=&#8221;1\/2&#8243;][vc_empty_space height=&#8221;80&#8243;][vc_custom_heading text=&#8221;Trasferimenti, wine tour ed esperienze personalizzate&#8221; font_container=&#8221;tag:h2|text_align:center|color:%23af4e34&#8243; google_fonts=&#8221;font_family:Tenor%20Sans%3Aregular|font_style:400%20regular%3A400%3Anormal&#8221;][vc_separator color=&#8221;chino&#8221; border_width=&#8221;2&#8243; el_width=&#8221;30&#8243; css=&#8221;.vc_custom_1769006103779{margin-top: 24px !important;}&#8221;][vc_column_text]Abbiamo anche stretto partnership con taxi e servizi navetta per garantire i trasferimenti dall\u2019aeroporto o gli spostamenti a Bordeaux in modo semplice e confortevole. Per gli appassionati di vino, il nostro servizio di concierge pu\u00f2 organizzare wine tour personalizzati nelle vigne bordolesi, comprensivi di degustazioni e visite guidate. Infine, ti consigliamo su tutte le attivit\u00e0 locali, che si tratti di passeggiate culturali, visite ai musei o eventi imperdibili, per creare un soggiorno su misura.<\/p>\n<p>Scegliere il nostro servizio di concierge all\u2019H\u00f4tel La Zoologie significa optare per un servizio su misura che facilita il tuo soggiorno e ti permette di goderti Bordeaux appieno. Il nostro team si impegna ad anticipare le tue esigenze, offrirti raccomandazioni personalizzate e farti scoprire la citt\u00e0 nel suo miglior volto. Per un soggiorno senza stress e ricco di scoperte, contattaci subito su WhatsApp e lascia che il nostro servizio di concierge organizzi la tua esperienza ideale a Bordeaux.[\/vc_column_text]\r\n        \r\n        <style>\r\n\t\t\t\t#btn-container-pYOAS {\r\n\t\t\t\t\tfont-size: 15px;\r\n\t\t\t\t\tfont-weight: bold;\r\n\t\t\t\t}\r\n        #btn-pYOAS {\r\n        \tbackground: #af4e34;\r\n\t\t\t\t\tborder-style: solid;\r\n        \tborder-color: #af4e34;\r\n\t\t\t\t\tborder-width: 2px;\r\n        \tcolor: #ffffff;\r\n\t\t\t\t\tpadding: 10px 20px;\r\n\t\t\t\t\tborder-radius: 8px;\r\n\t\t\t\t\tfont-size: 15px;\r\n\t\t\t\t\tline-height: 15px;\r\n\t\t\t\t\t\t\t\t\t\t\t\t\t\t\tfont-weight: bold;\r\n        }\r\n\r\n\t\t\t\t#btn-pYOAS:hover {\r\n\t\t\t\t\tbackground: #af4e34;\r\n\t\t\t\t\tborder-color: #af4e34;\r\n\t\t\t\t\tcolor: #ffffff;\r\n\t\t\t\t\t\t\t\t\t\t\t\t\t\t\t\r\n\t\t\t\t}\r\n\r\n\t\t    #btn-pYOAS i {\r\n\t\t\t\t\tright: 14px;\r\n\t\t\t\t\tmargin-top: 0;\r\n\t\t\t\t\tvertical-align: middle;\r\n\t\t\t\t\tborder-radius: 50%;\r\n\t\t\t\t\tline-height: 20px;\r\n\t\t\t\t\theight: 20px;\r\n\t\t\t\t\twidth: 20px;\r\n\t\t\t\t\tbackground: #1dc1f8;\r\n\t\t\t\t\tmargin-left: 8px;\r\n\t\t\t\t\tmargin-right: 0;\r\n\t\t\t\t\tcolor: #ffffff;\r\n\t\t\t\t\tfont-size: 8px;\r\n\t\t\t\t\ttext-align: center;\r\n\t\t\t\t}\r\n\r\n\t\t\t\t #btn-pYOAS:hover i {\r\n\t\t\t\t \tbackground: #ffffff;\r\n\t\t\t\t\tcolor: #1dc1f8;\r\n\t\t\t\t }\r\n\r\n        <\/style>\r\n\r\n\t\t<!-- BUTTON -->\r\n        <div id=\"btn-container-pYOAS\" class=\"text-center\">\r\n\t\t\t\r\n\t\t\t\t\t<a href=\"mailto:contact@hotelzoologie.com\" id=\"btn-pYOAS\" class=\"btn \" target=\"_self\">\r\n\t\t\t\t\t\tScopri di pi\u00f9!\t\t\t\t\t\t\t\t\t\t\t<\/a>\r\n\t\t\t\t\t        <\/div>\r\n\r\n        [\/vc_column][vc_column width=&#8221;1\/2&#8243;][vc_single_image image=&#8221;10713&#8243; img_size=&#8221;full&#8221; alignment=&#8221;center&#8221;][\/vc_column][\/vc_row]<\/p>\n","protected":false},"excerpt":{"rendered":"<p>[vc_row full_width=&#8221;stretch_row_content&#8221; full_height=&#8221;yes&#8221; columns_placement=&#8221;stretch&#8221; content_placement=&#8221;middle&#8221; parallax=&#8221;content-moving&#8221; parallax_speed_bg=&#8221;2&#8243; css_animation=&#8221;fadeIn&#8221; css=&#8221;.vc_custom_1769012501767{background-image: url(https:\/\/www.hotelzoologie.com\/wp-content\/uploads\/2022\/08\/chambre-Aile-de-la-Geologie_terasse.jpg?id=4655) !important;}&#8221;][vc_column][vc_custom_heading text=&#8221;Servizio di Concierge&#8221; font_container=&#8221;tag:h1|font_size:55|text_align:center|color:%23ffffff|line_height:1.5&#8243; google_fonts=&#8221;font_family:Anton%3Aregular|font_style:400%20regular%3A400%3Anormal&#8221;][vc_empty_space height=&#8221;25&#8243;][vc_custom_heading text=&#8221;Prepara il tuo soggiorno in totale serenit\u00e0&#8221; font_container=&#8221;tag:h2|font_size:40|text_align:center|color:%23ffffff|line_height:1.5&#8243; google_fonts=&#8221;font_family:Anton%3Aregular|font_style:400%20regular%3A400%3Anormal&#8221;][vc_empty_space height=&#8221;15&#8243;][\/vc_column][\/vc_row][vc_row][vc_column][vc_empty_space][vc_empty_space][\/vc_column][\/vc_row][vc_row][vc_column width=&#8221;1\/2&#8243;][vc_empty_space height=&#8221;75&#8243;][vc_custom_heading text=&#8221;Un servizio di concierge pensato per valorizzare il tuo soggiorno&#8221; font_container=&#8221;tag:h2|font_size:30|text_align:center|color:%23af4e34&#8243; google_fonts=&#8221;font_family:Tenor%20Sans%3Aregular|font_style:400%20regular%3A400%3Anormal&#8221;][vc_separator color=&#8221;chino&#8221; border_width=&#8221;2&#8243; el_width=&#8221;30&#8243; css=&#8221;.vc_custom_1769005905576{margin-top: 24px !important;}&#8221;][vc_column_text]All\u2019H\u00f4tel La Zoologie, il servizio di concierge occupa un [&hellip;]<\/p>\n","protected":false},"author":3,"featured_media":0,"parent":0,"menu_order":0,"comment_status":"closed","ping_status":"closed","template":"","meta":{"footnotes":""},"class_list":["post-10743","page","type-page","status-publish","hentry"],"yoast_head":"<!-- This site is optimized with the Yoast SEO plugin v27.4 - https:\/\/yoast.com\/product\/yoast-seo-wordpress\/ -->\n<title>Il Servizio di Concierge - H\u00f4tel La Zoologie Bordeaux<\/title>\n<meta name=\"robots\" content=\"index, follow, max-snippet:-1, max-image-preview:large, max-video-preview:-1\" \/>\n<link rel=\"canonical\" href=\"https:\/\/www.hotelzoologie.com\/it\/conciergerie-it\/\" \/>\n<meta property=\"og:locale\" content=\"it_IT\" \/>\n<meta property=\"og:type\" content=\"article\" \/>\n<meta property=\"og:title\" content=\"Il Servizio di Concierge - H\u00f4tel La Zoologie Bordeaux\" \/>\n<meta property=\"og:description\" content=\"[vc_row full_width=&#8221;stretch_row_content&#8221; full_height=&#8221;yes&#8221; columns_placement=&#8221;stretch&#8221; content_placement=&#8221;middle&#8221; parallax=&#8221;content-moving&#8221; parallax_speed_bg=&#8221;2&#8243; css_animation=&#8221;fadeIn&#8221; css=&#8221;.vc_custom_1769012501767{background-image: url(https:\/\/www.hotelzoologie.com\/wp-content\/uploads\/2022\/08\/chambre-Aile-de-la-Geologie_terasse.jpg?id=4655) !important;}&#8221;][vc_column][vc_custom_heading text=&#8221;Servizio di Concierge&#8221; font_container=&#8221;tag:h1|font_size:55|text_align:center|color:%23ffffff|line_height:1.5&#8243; google_fonts=&#8221;font_family:Anton%3Aregular|font_style:400%20regular%3A400%3Anormal&#8221;][vc_empty_space height=&#8221;25&#8243;][vc_custom_heading text=&#8221;Prepara il tuo soggiorno in totale serenit\u00e0&#8221; font_container=&#8221;tag:h2|font_size:40|text_align:center|color:%23ffffff|line_height:1.5&#8243; google_fonts=&#8221;font_family:Anton%3Aregular|font_style:400%20regular%3A400%3Anormal&#8221;][vc_empty_space height=&#8221;15&#8243;][\/vc_column][\/vc_row][vc_row][vc_column][vc_empty_space][vc_empty_space][\/vc_column][\/vc_row][vc_row][vc_column width=&#8221;1\/2&#8243;][vc_empty_space height=&#8221;75&#8243;][vc_custom_heading text=&#8221;Un servizio di concierge pensato per valorizzare il tuo soggiorno&#8221; font_container=&#8221;tag:h2|font_size:30|text_align:center|color:%23af4e34&#8243; google_fonts=&#8221;font_family:Tenor%20Sans%3Aregular|font_style:400%20regular%3A400%3Anormal&#8221;][vc_separator color=&#8221;chino&#8221; border_width=&#8221;2&#8243; el_width=&#8221;30&#8243; css=&#8221;.vc_custom_1769005905576{margin-top: 24px !important;}&#8221;][vc_column_text]All\u2019H\u00f4tel La Zoologie, il servizio di concierge occupa un [&hellip;]\" \/>\n<meta property=\"og:url\" content=\"https:\/\/www.hotelzoologie.com\/it\/conciergerie-it\/\" \/>\n<meta property=\"og:site_name\" content=\"H\u00f4tel La Zoologie Bordeaux\" \/>\n<meta property=\"article:modified_time\" content=\"2026-01-22T09:19:27+00:00\" \/>\n<meta name=\"twitter:card\" content=\"summary_large_image\" \/>\n<meta name=\"twitter:label1\" content=\"Tempo di lettura stimato\" \/>\n\t<meta name=\"twitter:data1\" content=\"3 minuti\" \/>\n<!-- \/ Yoast SEO plugin. -->","yoast_head_json":{"title":"Il Servizio di Concierge - H\u00f4tel La Zoologie Bordeaux","robots":{"index":"index","follow":"follow","max-snippet":"max-snippet:-1","max-image-preview":"max-image-preview:large","max-video-preview":"max-video-preview:-1"},"canonical":"https:\/\/www.hotelzoologie.com\/it\/conciergerie-it\/","og_locale":"it_IT","og_type":"article","og_title":"Il Servizio di Concierge - H\u00f4tel La Zoologie Bordeaux","og_description":"[vc_row full_width=&#8221;stretch_row_content&#8221; full_height=&#8221;yes&#8221; columns_placement=&#8221;stretch&#8221; content_placement=&#8221;middle&#8221; parallax=&#8221;content-moving&#8221; parallax_speed_bg=&#8221;2&#8243; css_animation=&#8221;fadeIn&#8221; css=&#8221;.vc_custom_1769012501767{background-image: url(https:\/\/www.hotelzoologie.com\/wp-content\/uploads\/2022\/08\/chambre-Aile-de-la-Geologie_terasse.jpg?id=4655) !important;}&#8221;][vc_column][vc_custom_heading text=&#8221;Servizio di Concierge&#8221; font_container=&#8221;tag:h1|font_size:55|text_align:center|color:%23ffffff|line_height:1.5&#8243; google_fonts=&#8221;font_family:Anton%3Aregular|font_style:400%20regular%3A400%3Anormal&#8221;][vc_empty_space height=&#8221;25&#8243;][vc_custom_heading text=&#8221;Prepara il tuo soggiorno in totale serenit\u00e0&#8221; font_container=&#8221;tag:h2|font_size:40|text_align:center|color:%23ffffff|line_height:1.5&#8243; google_fonts=&#8221;font_family:Anton%3Aregular|font_style:400%20regular%3A400%3Anormal&#8221;][vc_empty_space height=&#8221;15&#8243;][\/vc_column][\/vc_row][vc_row][vc_column][vc_empty_space][vc_empty_space][\/vc_column][\/vc_row][vc_row][vc_column width=&#8221;1\/2&#8243;][vc_empty_space height=&#8221;75&#8243;][vc_custom_heading text=&#8221;Un servizio di concierge pensato per valorizzare il tuo soggiorno&#8221; font_container=&#8221;tag:h2|font_size:30|text_align:center|color:%23af4e34&#8243; google_fonts=&#8221;font_family:Tenor%20Sans%3Aregular|font_style:400%20regular%3A400%3Anormal&#8221;][vc_separator color=&#8221;chino&#8221; border_width=&#8221;2&#8243; el_width=&#8221;30&#8243; css=&#8221;.vc_custom_1769005905576{margin-top: 24px !important;}&#8221;][vc_column_text]All\u2019H\u00f4tel La Zoologie, il servizio di concierge occupa un [&hellip;]","og_url":"https:\/\/www.hotelzoologie.com\/it\/conciergerie-it\/","og_site_name":"H\u00f4tel La Zoologie Bordeaux","article_modified_time":"2026-01-22T09:19:27+00:00","twitter_card":"summary_large_image","twitter_misc":{"Tempo di lettura stimato":"3 minuti"},"schema":{"@context":"https:\/\/schema.org","@graph":[{"@type":"WebPage","@id":"https:\/\/www.hotelzoologie.com\/it\/conciergerie-it\/","url":"https:\/\/www.hotelzoologie.com\/it\/conciergerie-it\/","name":"Il Servizio di Concierge - H\u00f4tel La Zoologie Bordeaux","isPartOf":{"@id":"https:\/\/www.hotelzoologie.com\/it\/#website"},"datePublished":"2026-01-22T09:09:38+00:00","dateModified":"2026-01-22T09:19:27+00:00","breadcrumb":{"@id":"https:\/\/www.hotelzoologie.com\/it\/conciergerie-it\/#breadcrumb"},"inLanguage":"it-IT","potentialAction":[{"@type":"ReadAction","target":["https:\/\/www.hotelzoologie.com\/it\/conciergerie-it\/"]}]},{"@type":"BreadcrumbList","@id":"https:\/\/www.hotelzoologie.com\/it\/conciergerie-it\/#breadcrumb","itemListElement":[{"@type":"ListItem","position":1,"name":"Home","item":"https:\/\/www.hotelzoologie.com\/it\/"},{"@type":"ListItem","position":2,"name":"Il Servizio di Concierge"}]},{"@type":"WebSite","@id":"https:\/\/www.hotelzoologie.com\/it\/#website","url":"https:\/\/www.hotelzoologie.com\/it\/","name":"H\u00f4tel La Zoologie Bordeaux","description":"","publisher":{"@id":"https:\/\/www.hotelzoologie.com\/it\/#organization"},"potentialAction":[{"@type":"SearchAction","target":{"@type":"EntryPoint","urlTemplate":"https:\/\/www.hotelzoologie.com\/it\/?s={search_term_string}"},"query-input":{"@type":"PropertyValueSpecification","valueRequired":true,"valueName":"search_term_string"}}],"inLanguage":"it-IT"},{"@type":"Organization","@id":"https:\/\/www.hotelzoologie.com\/it\/#organization","name":"H\u00f4tel La Zoologie Bordeaux","url":"https:\/\/www.hotelzoologie.com\/it\/","logo":{"@type":"ImageObject","inLanguage":"it-IT","@id":"https:\/\/www.hotelzoologie.com\/it\/#\/schema\/logo\/image\/","url":"https:\/\/www.hotelzoologie.com\/wp-content\/uploads\/2020\/09\/Logo-Zoologie.jpg","contentUrl":"https:\/\/www.hotelzoologie.com\/wp-content\/uploads\/2020\/09\/Logo-Zoologie.jpg","width":500,"height":70,"caption":"H\u00f4tel La Zoologie Bordeaux"},"image":{"@id":"https:\/\/www.hotelzoologie.com\/it\/#\/schema\/logo\/image\/"}}]}},"_links":{"self":[{"href":"https:\/\/www.hotelzoologie.com\/it\/wp-json\/wp\/v2\/pages\/10743","targetHints":{"allow":["GET"]}}],"collection":[{"href":"https:\/\/www.hotelzoologie.com\/it\/wp-json\/wp\/v2\/pages"}],"about":[{"href":"https:\/\/www.hotelzoologie.com\/it\/wp-json\/wp\/v2\/types\/page"}],"author":[{"embeddable":true,"href":"https:\/\/www.hotelzoologie.com\/it\/wp-json\/wp\/v2\/users\/3"}],"replies":[{"embeddable":true,"href":"https:\/\/www.hotelzoologie.com\/it\/wp-json\/wp\/v2\/comments?post=10743"}],"version-history":[{"count":7,"href":"https:\/\/www.hotelzoologie.com\/it\/wp-json\/wp\/v2\/pages\/10743\/revisions"}],"predecessor-version":[{"id":10756,"href":"https:\/\/www.hotelzoologie.com\/it\/wp-json\/wp\/v2\/pages\/10743\/revisions\/10756"}],"wp:attachment":[{"href":"https:\/\/www.hotelzoologie.com\/it\/wp-json\/wp\/v2\/media?parent=10743"}],"curies":[{"name":"wp","href":"https:\/\/api.w.org\/{rel}","templated":true}]}}