{"id":6129,"date":"2020-09-01T14:11:33","date_gmt":"2020-09-01T14:11:33","guid":{"rendered":"https:\/\/www.hotelzoologie.com\/bordeaux\/"},"modified":"2023-11-30T14:25:41","modified_gmt":"2023-11-30T14:25:41","slug":"bordeaux","status":"publish","type":"page","link":"https:\/\/www.hotelzoologie.com\/it\/bordeaux\/","title":{"rendered":"Cosa fare a Bordeaux ?"},"content":{"rendered":"<p>[vc_row full_width=&#8221;stretch_row&#8221;][vc_column][rev_slider_vc alias=&#8221;que-faire-a-bordeaux-it&#8221; el_class=&#8221;gradient-overlay-slider&#8221;][vc_empty_space height=&#8221;100&#8243;][\/vc_column][\/vc_row][vc_row][vc_column][vc_empty_space height=&#8221;20&#8243;]\t\t\t<div\r\n\t\t\t\tclass=\"main_title  text-center  \">\r\n\t\t\t\t<h2 class=\"title\">Scoprite Bordeaux durante il vostro soggiorno<\/h2>\r\n\t\t\t\t\t\t\t<\/div>\r\n\t\t[vc_column_text]<\/p>\n<p style=\"text-align: center;\">Bordeaux non \u00e8 solo una citt\u00e0 sublime e splendidamente conservata: \u00e8 anche un centro regionale dinamico con una vasta gamma di attivit\u00e0 per tutti i gusti.<\/p>\n<p style=\"text-align: center;\">Ecco alcune idee su cosa fare quando lasciate il vostro <strong>hotel boutique di lusso a Bordeaux<\/strong>:<\/p>\n<p style=\"text-align: center;\">&#8211; Non lasciate la regione senza avventurarvi nei vigneti di Bordeaux. Passeggiate in campagna e scoprite quello che da secoli \u00e8 il cuore pulsante della citt\u00e0: il vino. Le escursioni sono disponibili direttamente in hotel. Se siete interessati, non esitate a chiedere informazioni alla reception dell&#8217;hotel.<\/p>\n<p style=\"text-align: center;\">&#8211; Forse Bordeaux non ha ancora sviluppato le sue rive per essere vicina all&#8217;acqua come Lione o Parigi, ma \u00e8 comunque una citt\u00e0 d&#8217;acqua, attraversata da nord a sud dalla Garonna. Fate una crociera sul fiume e scoprite la citt\u00e0 e i suoi dintorni da una prospettiva diversa. \u00c8 possibile anche pranzare e cenare sull&#8217;acqua.<\/p>\n<p style=\"text-align: center;\">&#8211; Infine, come citt\u00e0 del vino, Bordeaux \u00e8 anche un importante centro gastronomico: tra due cannel\u00e9s, scoprite i sapori della regione nei vari mercati della citt\u00e0: gli Chartrons, i Capucins e le Halles de Bacalan.<\/p>\n<p style=\"text-align: center;\">\n<p style=\"text-align: center;\">\nNon esitate a chiedere al nostro hotel informazioni su tutte queste attivit\u00e0 e altre ancora.<\/p>\n<div id=\"gtx-trans\" style=\"position: absolute; left: 317px; top: 125.8px;\">\n<div class=\"gtx-trans-icon\"><\/div>\n<\/div>\n<p>[\/vc_column_text]\t\t\t<div\r\n\t\t\t\tclass=\"main_title  text-center  \">\r\n\t\t\t\t<h2 class=\"title\">Luoghi da visitare a Bordeaux e dintorni<\/h2>\r\n\t\t\t\t\t\t\t<\/div>\r\n\t\t[\/vc_column][\/vc_row][vc_row][vc_column][vc_empty_space height=&#8221;20&#8243;][vc_column_text]<\/p>\n<h3 style=\"text-align: center;\">Piazza della Borsa<\/h3>\n<p style=\"text-align: center;\">Place de la Bourse \u00e8 uno dei luoghi pi\u00f9 emblematici di Bordeaux. Ospita il Palais de la Bourse, l&#8217;antica sede dei mercanti di Bordeaux. La piazza \u00e8 circondata da una serie di case cittadine del XVIII secolo, testimonianza della passata prosperit\u00e0 della citt\u00e0. Oggi \u00e8 un luogo popolare per i turisti e gli abitanti del luogo.<\/p>\n<p>&nbsp;<\/p>\n<h3 style=\"text-align: center;\">La Cit\u00e9 du Vin<\/h3>\n<p style=\"text-align: center;\">La Cit\u00e9 du Vin \u00e8 un museo di Bordeaux dedicato alla storia, alla cultura e alla produzione del vino. Si trova nel quartiere di Chartrons, sulle rive della Garonna.<\/p>\n<p style=\"text-align: center;\">L&#8217;ingresso al museo \u00e8 gratuito per i minori di 18 anni ed \u00e8 previsto uno sconto per gli studenti. Sono previste anche tariffe speciali per i gruppi.<\/p>\n<p style=\"text-align: center;\">Il museo offre un percorso audiovisivo sulla storia del vino nel mondo. \u00c8 inoltre possibile degustare i vini nella cantina e partecipare a laboratori enologici.<\/p>\n<p>&nbsp;<\/p>\n<h3 style=\"text-align: center;\">Basilica di Saint-Michel<\/h3>\n<p style=\"text-align: center;\">La Basilique Saint-Michel \u00e8 una chiesa gotica situata nel quartiere Saint-Michel di Bordeaux. Fu costruita nel XIV secolo sulle rovine di una precedente chiesa romanica. La basilica \u00e8 rinomata per i suoi interni imponenti e le magnifiche vetrate.<\/p>\n<p>&nbsp;<\/p>\n<h3 style=\"text-align: center;\">Cattedrale di Saint-Andr\u00e9<\/h3>\n<p style=\"text-align: center;\">La cattedrale Saint-Andr\u00e9 di Bordeaux \u00e8 una cattedrale gotica situata nel centro storico della citt\u00e0. \u00c8 considerata una delle pi\u00f9 belle cattedrali di Francia e nel 1998 \u00e8 stata dichiarata patrimonio dell&#8217;umanit\u00e0 dall&#8217;UNESCO. La cattedrale ospita anche la Tomba del Duca d&#8217;Alba, uno dei monumenti pi\u00f9 visitati di Bordeaux.<\/p>\n<p>&nbsp;<\/p>\n<h3 style=\"text-align: center;\">Porta Cailhau<\/h3>\n<p style=\"text-align: center;\">La Porte Cailhau \u00e8 una porta fortificata nel centro storico di Bordeaux. Fu costruita nel XV secolo ed \u00e8 considerata una delle porte pi\u00f9 belle della citt\u00e0.<\/p>\n<h3><\/h3>\n<p>&nbsp;<\/p>\n<h3 style=\"text-align: center;\">Grosse Cloche<\/h3>\n<p style=\"text-align: center;\">Quando si pensa a Bordeaux, spesso si pensa a una citt\u00e0 elegante e chic. Ma questa citt\u00e0 ha molto di pi\u00f9 da offrire! Tra i numerosi siti e monumenti che si possono visitare, la Grosse Cloche \u00e8 sicuramente un must. Questa torre di guardia del XIV secolo si trova proprio nel cuore del centro storico ed \u00e8 diventata un simbolo della citt\u00e0 di Bordeaux. Dalla sua cima si gode di una magnifica vista sul centro della citt\u00e0!<\/p>\n<p>&nbsp;<\/p>\n<h3 style=\"text-align: center;\">Piazza della Commedia<\/h3>\n<p style=\"text-align: center;\">Place de la Com\u00e9die \u00e8 il cuore storico di Bordeaux. \u00c8 qui che i turisti vengono a scattare foto e ad ammirare l&#8217;architettura. La piazza \u00e8 circondata da numerosi ristoranti, caff\u00e8 e bar, che la rendono un luogo ideale per rilassarsi e godersi la citt\u00e0.<\/p>\n<p>&nbsp;<\/p>\n<h3 style=\"text-align: center;\">Piazza dei Grandi Mestieri<\/h3>\n<p style=\"text-align: center;\">La Place des Grands Hommes \u00e8 una tappa obbligata di Bordeaux. Al centro della piazza si trova un magnifico centro commerciale a cupola. Le strade intorno alla piazza portano tutte il nome di famosi autori francesi. \u00c8 anche uno dei luoghi pi\u00f9 vivaci della citt\u00e0, con i suoi numerosi bar e ristoranti.<\/p>\n<p>&nbsp;<\/p>\n<h3 style=\"text-align: center;\">Bassin des Lumi\u00e8res<\/h3>\n<p style=\"text-align: center;\">Il Bassin des Lumi\u00e8res \u00e8 un luogo meraviglioso da visitare a Bordeaux. L&#8217;edificio stesso merita una visita. Si tratta di un&#8217;ex base sottomarina costruita dai tedeschi durante la Seconda Guerra Mondiale. Invece di distruggere questo blocco di cemento armato, oggi vi si trovano mostre innovative e originali. Chiamato il Bacino delle Luci per la sua architettura e la sua posizione sull&#8217;acqua, venite a godervi le magnifiche mostre.<\/p>\n<p>&nbsp;<\/p>\n<h3 style=\"text-align: center;\">Giardino Pubblico<\/h3>\n<p style=\"text-align: center;\">Il Jardin Public di Bordeaux \u00e8 un magnifico giardino nel cuore della citt\u00e0. \u00c8 un luogo ideale per rilassarsi e ammirare la citt\u00e0 circostante. Vi si trova un&#8217;ampia variet\u00e0 di piante e fiori, oltre a fontane e sculture. Il giardino \u00e8 aperto tutti i giorni dalle 8.00 alle 20.00.<\/p>\n<p>&nbsp;<\/p>\n<h3 style=\"text-align: center;\">Piazza dei Quinconce<\/h3>\n<p style=\"text-align: center;\">La Place des Quinconces \u00e8 il pi\u00f9 grande spazio verde di Bordeaux. Si estende per 30 ettari e ospita ogni anno i tradizionali luna park estivi e invernali. \u00c8 un luogo molto piacevole per passeggiare, con una fontana monumentale e una serie di monumenti commemorativi.<\/p>\n<p>&nbsp;<\/p>\n<h3 style=\"text-align: center;\">Spazio Darwin<\/h3>\n<p style=\"text-align: center;\">Cambiate sponda per scoprire l&#8217;Espace Darwin. Questo spazio \u00e8 dedicato all&#8217;ambiente e ai progetti innovativi. \u00c8 uno spazio dinamico dove non ci si annoia mai. Con il suo skatepark, i ristoranti, il bar, gli spettacoli, il food-truck e i negozi, Darwin \u00e8 una mini-citt\u00e0 nella citt\u00e0 di Bordeaux. \u00c8 un luogo da non perdere che cresce ogni anno.<\/p>\n<p>[\/vc_column_text][\/vc_column][\/vc_row]<\/p>\n","protected":false},"excerpt":{"rendered":"<p>[vc_row full_width=&#8221;stretch_row&#8221;][vc_column][rev_slider_vc alias=&#8221;que-faire-a-bordeaux-it&#8221; el_class=&#8221;gradient-overlay-slider&#8221;][vc_empty_space height=&#8221;100&#8243;][\/vc_column][\/vc_row][vc_row][vc_column][vc_empty_space height=&#8221;20&#8243;][vc_column_text] Bordeaux non \u00e8 solo una citt\u00e0 sublime e splendidamente conservata: \u00e8 anche un centro regionale dinamico con una vasta gamma di attivit\u00e0 per tutti i gusti. Ecco alcune idee su cosa fare quando lasciate il vostro hotel boutique di lusso a Bordeaux: &#8211; Non lasciate la regione senza avventurarvi [&hellip;]<\/p>\n","protected":false},"author":1,"featured_media":0,"parent":0,"menu_order":0,"comment_status":"closed","ping_status":"closed","template":"","meta":{"footnotes":""},"class_list":["post-6129","page","type-page","status-publish","hentry"],"yoast_head":"<!-- This site is optimized with the Yoast SEO plugin v27.5 - https:\/\/yoast.com\/product\/yoast-seo-wordpress\/ -->\n<title>Cosa fare a Bordeaux - Hotel di lusso La Zoologie Bordeaux<\/title>\n<meta name=\"description\" content=\"Scoprite la citt\u00e0 di Bordeaux con l&#039;hotel di lusso La Zoologie. Tutte le cose da fare e i luoghi da visitare in questo articolo.\" \/>\n<meta name=\"robots\" content=\"index, follow, max-snippet:-1, max-image-preview:large, max-video-preview:-1\" \/>\n<link rel=\"canonical\" href=\"https:\/\/www.hotelzoologie.com\/it\/bordeaux\/\" \/>\n<meta property=\"og:locale\" content=\"it_IT\" \/>\n<meta property=\"og:type\" content=\"article\" \/>\n<meta property=\"og:title\" content=\"Cosa fare a Bordeaux - Hotel di lusso La Zoologie Bordeaux\" \/>\n<meta property=\"og:description\" content=\"Scoprite la citt\u00e0 di Bordeaux con l&#039;hotel di lusso La Zoologie. Tutte le cose da fare e i luoghi da visitare in questo articolo.\" \/>\n<meta property=\"og:url\" content=\"https:\/\/www.hotelzoologie.com\/it\/bordeaux\/\" \/>\n<meta property=\"og:site_name\" content=\"H\u00f4tel La Zoologie Bordeaux\" \/>\n<meta property=\"article:modified_time\" content=\"2023-11-30T14:25:41+00:00\" \/>\n<meta name=\"twitter:card\" content=\"summary_large_image\" \/>\n<meta name=\"twitter:label1\" content=\"Tempo di lettura stimato\" \/>\n\t<meta name=\"twitter:data1\" content=\"6 minuti\" \/>\n<!-- \/ Yoast SEO plugin. -->","yoast_head_json":{"title":"Cosa fare a Bordeaux - Hotel di lusso La Zoologie Bordeaux","description":"Scoprite la citt\u00e0 di Bordeaux con l'hotel di lusso La Zoologie. Tutte le cose da fare e i luoghi da visitare in questo articolo.","robots":{"index":"index","follow":"follow","max-snippet":"max-snippet:-1","max-image-preview":"max-image-preview:large","max-video-preview":"max-video-preview:-1"},"canonical":"https:\/\/www.hotelzoologie.com\/it\/bordeaux\/","og_locale":"it_IT","og_type":"article","og_title":"Cosa fare a Bordeaux - Hotel di lusso La Zoologie Bordeaux","og_description":"Scoprite la citt\u00e0 di Bordeaux con l'hotel di lusso La Zoologie. Tutte le cose da fare e i luoghi da visitare in questo articolo.","og_url":"https:\/\/www.hotelzoologie.com\/it\/bordeaux\/","og_site_name":"H\u00f4tel La Zoologie Bordeaux","article_modified_time":"2023-11-30T14:25:41+00:00","twitter_card":"summary_large_image","twitter_misc":{"Tempo di lettura stimato":"6 minuti"},"schema":{"@context":"https:\/\/schema.org","@graph":[{"@type":"WebPage","@id":"https:\/\/www.hotelzoologie.com\/it\/bordeaux\/","url":"https:\/\/www.hotelzoologie.com\/it\/bordeaux\/","name":"Cosa fare a Bordeaux - Hotel di lusso La Zoologie Bordeaux","isPartOf":{"@id":"https:\/\/www.hotelzoologie.com\/it\/#website"},"datePublished":"2020-09-01T14:11:33+00:00","dateModified":"2023-11-30T14:25:41+00:00","description":"Scoprite la citt\u00e0 di Bordeaux con l'hotel di lusso La Zoologie. Tutte le cose da fare e i luoghi da visitare in questo articolo.","breadcrumb":{"@id":"https:\/\/www.hotelzoologie.com\/it\/bordeaux\/#breadcrumb"},"inLanguage":"it-IT","potentialAction":[{"@type":"ReadAction","target":["https:\/\/www.hotelzoologie.com\/it\/bordeaux\/"]}]},{"@type":"BreadcrumbList","@id":"https:\/\/www.hotelzoologie.com\/it\/bordeaux\/#breadcrumb","itemListElement":[{"@type":"ListItem","position":1,"name":"Home","item":"https:\/\/www.hotelzoologie.com\/it\/"},{"@type":"ListItem","position":2,"name":"Cosa fare a Bordeaux ?"}]},{"@type":"WebSite","@id":"https:\/\/www.hotelzoologie.com\/it\/#website","url":"https:\/\/www.hotelzoologie.com\/it\/","name":"H\u00f4tel La Zoologie Bordeaux","description":"","publisher":{"@id":"https:\/\/www.hotelzoologie.com\/it\/#organization"},"potentialAction":[{"@type":"SearchAction","target":{"@type":"EntryPoint","urlTemplate":"https:\/\/www.hotelzoologie.com\/it\/?s={search_term_string}"},"query-input":{"@type":"PropertyValueSpecification","valueRequired":true,"valueName":"search_term_string"}}],"inLanguage":"it-IT"},{"@type":"Organization","@id":"https:\/\/www.hotelzoologie.com\/it\/#organization","name":"H\u00f4tel La Zoologie Bordeaux","url":"https:\/\/www.hotelzoologie.com\/it\/","logo":{"@type":"ImageObject","inLanguage":"it-IT","@id":"https:\/\/www.hotelzoologie.com\/it\/#\/schema\/logo\/image\/","url":"https:\/\/www.hotelzoologie.com\/wp-content\/uploads\/2020\/09\/Logo-Zoologie.jpg","contentUrl":"https:\/\/www.hotelzoologie.com\/wp-content\/uploads\/2020\/09\/Logo-Zoologie.jpg","width":500,"height":70,"caption":"H\u00f4tel La Zoologie Bordeaux"},"image":{"@id":"https:\/\/www.hotelzoologie.com\/it\/#\/schema\/logo\/image\/"}}]}},"_links":{"self":[{"href":"https:\/\/www.hotelzoologie.com\/it\/wp-json\/wp\/v2\/pages\/6129","targetHints":{"allow":["GET"]}}],"collection":[{"href":"https:\/\/www.hotelzoologie.com\/it\/wp-json\/wp\/v2\/pages"}],"about":[{"href":"https:\/\/www.hotelzoologie.com\/it\/wp-json\/wp\/v2\/types\/page"}],"author":[{"embeddable":true,"href":"https:\/\/www.hotelzoologie.com\/it\/wp-json\/wp\/v2\/users\/1"}],"replies":[{"embeddable":true,"href":"https:\/\/www.hotelzoologie.com\/it\/wp-json\/wp\/v2\/comments?post=6129"}],"version-history":[{"count":4,"href":"https:\/\/www.hotelzoologie.com\/it\/wp-json\/wp\/v2\/pages\/6129\/revisions"}],"predecessor-version":[{"id":6133,"href":"https:\/\/www.hotelzoologie.com\/it\/wp-json\/wp\/v2\/pages\/6129\/revisions\/6133"}],"wp:attachment":[{"href":"https:\/\/www.hotelzoologie.com\/it\/wp-json\/wp\/v2\/media?parent=6129"}],"curies":[{"name":"wp","href":"https:\/\/api.w.org\/{rel}","templated":true}]}}