{"id":6644,"date":"2023-05-10T14:44:23","date_gmt":"2023-05-10T14:44:23","guid":{"rendered":"https:\/\/www.hotelzoologie.com\/nos-chambres-insolites\/"},"modified":"2023-12-15T15:28:12","modified_gmt":"2023-12-15T15:28:12","slug":"nostre-camere-insolite","status":"publish","type":"page","link":"https:\/\/www.hotelzoologie.com\/it\/nostre-camere-insolite\/","title":{"rendered":"Le nostre camere insolite a Bordeaux"},"content":{"rendered":"<p>[vc_row][vc_column][vc_column_text css=&#8221;.vc_custom_1702653946291{margin-bottom: 100px !important;}&#8221;]<\/p>\n<p style=\"text-align: center;\">Con il suo patrimonio ricco e stimolante, Bordeaux \u00e8 una tappa obbligata per gli amanti della cultura e delle bellezze architettoniche. Fedele a questo ideale, l&#8217;hotel di lusso 4 stelle La Zoologie offre un&#8217;esperienza autentica e sorprendente nel cuore del quartiere della stazione ferroviaria, per una notte all&#8217;insegna dell&#8217;inaspettato. Godetevi un soggiorno indimenticabile nella Nuova Aquitania in una camera insolita a Bordeaux.<\/p>\n<p>[\/vc_column_text]<div class=\"hbf half-over-slider\">\n  <div class=\"inner\">\n      <!-- Search Form -->\n      <form id=\"search-form\" class=\"search-form\" action=\"https:\/\/direct-book.com\/properties\/hotellazoologiedirect?locale=fr&items[0][adults]=2&items[0][children]=0&items[0][infants]=0&currency=EUR&checkInDate=2024-07-26&checkOutDate=2024-07-27&trackPage=yes\" method=\"get\" target=\"_blank\">\n        <div class=\"row\">\n        <!-- Custom Parameters -->\n        \n<input type=\"hidden\" name=\"\" value=\"\" >\n<input type=\"hidden\" name=\"locale\" value=\"it\" >\n        <!-- Check-In\/Out-->\n        <div class=\"col-md-4\">\n        \r\n<label for=\"eagle_booking_datepicker\">Check In\/Out<\/label>\r\n<input id=\"eagle_booking_datepicker\" type=\"text\" class=\"form-control eagle-booking-datepicker\" placeholder=\"Check In &nbsp;&nbsp;\u2192&nbsp;&nbsp; Check Out\" value=\"\" autocomplete=\"off\" readonly>\r\n<input id=\"eagle_booking_checkin\" type=\"hidden\" name=\"check_in_date\">\r\n<input id=\"eagle_booking_checkout\" type=\"hidden\" name=\"check_out_date\">\r\n\r\n        <\/div>\n        <!-- Guests -->\n        <div class=\"col-md-4\">\n        \n\n<label for=\"eagle_booking_guests\">Guests<\/label>\n<div class=\"eb-guestspicker\">\n\n  <div class=\"form-control guestspicker\">\n    Guests <span class=\"gueststotal\"><\/span>\n  <\/div>\n\n  <div class=\"eb-guestspicker-content\">\n    <!-- Adults -->\n    <div class=\"guests-buttons\">\n      <div class=\"description\">\n        <label>Adults<\/label>\n                  <div class=\"ages\">Ages 18+ <\/div>\n              <\/div>\n      <div class=\"guests-button\">\n        <div class=\"minus\"><\/div>\n        <input type=\"text\" id=\"eagle_booking_adults\" name=\"number_adults\" class=\"booking-guests\" value=\"0\" min=\"1\" max=\"3\"4\">\n        <div class=\"plus\"><\/div>\n      <\/div>\n    <\/div>\n    <!-- Children -->\n    <div class=\"guests-buttons\">\n      <div class=\"description\">\n        <label>Children<\/label>\n                <div class=\"ages\">Ages 4 - 18<\/div>\n              <\/div>\n      <div class=\"guests-button\">\n        <div class=\"minus\"><\/div>\n        <input type=\"text\" id =\"eagle_booking_children\" name=\"number_children\" class=\"booking-guests\" value=\"0\" min=\"0\" max=\"2\"\"4\">\n        <div class=\"plus\"><\/div>\n      <\/div>\n    <\/div>\n\n    <!-- Infants -->\n    <!-- <div class=\"guests-buttons\">\n      <div class=\"description\">\n        <label>Infants<\/label>\n                <div class=\"ages\">Ages 4 - 18<\/div>\n              <\/div>\n      <div class=\"guests-button\">\n        <div class=\"minus\"><\/div>\n        <input type=\"text\" id =\"eagle_booking_children\" name=\"number_children\" class=\"booking-guests\" value=\"0\" min=\"0\" max=\"4\">\n        <div class=\"plus\"><\/div>\n      <\/div>\n    <\/div> -->\n\n  <\/div>\n<\/div>\n        <\/div>\n        <!-- Buttom -->\n        <div class=\"col-md-4\">\n        <button id=\"eb_search_form\" class=\"button eb-btn\" type=\"submit\">\n            <span class=\"eb-btn-text\">Check Availability<\/span>\n          <\/button>\n        <\/div>\n      <\/div>\n    <\/form>\n  <\/div>\n<\/div>\n[vc_row_inner][vc_column_inner width=&#8221;1\/2&#8243;][vc_single_image image=&#8221;6392&#8243; img_size=&#8221;medium&#8221; alignment=&#8221;center&#8221;]\r\n        \r\n        <style>\r\n\t\t\t\t#btn-container-Z0hRm {\r\n\t\t\t\t\tfont-size: 15px;\r\n\t\t\t\t\tfont-weight: bold;\r\n\t\t\t\t}\r\n        #btn-Z0hRm {\r\n        \tbackground: #000000;\r\n\t\t\t\t\tborder-style: solid;\r\n        \tborder-color: #000000;\r\n\t\t\t\t\tborder-width: 2px;\r\n        \tcolor: #ffffff;\r\n\t\t\t\t\tpadding: 10px 20px;\r\n\t\t\t\t\tborder-radius: 2px;\r\n\t\t\t\t\tfont-size: 15px;\r\n\t\t\t\t\tline-height: 15px;\r\n\t\t\t\t\t\t\t\t\t\t\t\t\t\t\tfont-weight: bold;\r\n        }\r\n\r\n\t\t\t\t#btn-Z0hRm:hover {\r\n\t\t\t\t\tbackground: #ffffff;\r\n\t\t\t\t\tborder-color: #0a0a0a;\r\n\t\t\t\t\tcolor: #0a0a0a;\r\n\t\t\t\t\t\t\t\t\t\t\t\t\t\t\t\r\n\t\t\t\t}\r\n\r\n\t\t    #btn-Z0hRm i {\r\n\t\t\t\t\tright: 14px;\r\n\t\t\t\t\tmargin-top: 0;\r\n\t\t\t\t\tvertical-align: middle;\r\n\t\t\t\t\tborder-radius: 50%;\r\n\t\t\t\t\tline-height: 20px;\r\n\t\t\t\t\theight: 20px;\r\n\t\t\t\t\twidth: 20px;\r\n\t\t\t\t\tbackground: #1dc1f8;\r\n\t\t\t\t\tmargin-left: 8px;\r\n\t\t\t\t\tmargin-right: 0;\r\n\t\t\t\t\tcolor: #ffffff;\r\n\t\t\t\t\tfont-size: 8px;\r\n\t\t\t\t\ttext-align: center;\r\n\t\t\t\t}\r\n\r\n\t\t\t\t #btn-Z0hRm:hover i {\r\n\t\t\t\t \tbackground: #ffffff;\r\n\t\t\t\t\tcolor: #1dc1f8;\r\n\t\t\t\t }\r\n\r\n        <\/style>\r\n\r\n\t\t<!-- BUTTON -->\r\n        <div id=\"btn-container-Z0hRm\" class=\"text-center\">\r\n\t\t\t\r\n\t\t\t\t\t<a href=\"\/nos-chambres-par-niveau-de-confort\/\" id=\"btn-Z0hRm\" class=\"btn \" target=\"_self\">\r\n\t\t\t\t\t\tNos chambres par confort\t\t\t\t\t\t\t\t\t\t\t<\/a>\r\n\t\t\t\t\t        <\/div>\r\n\r\n        [\/vc_column_inner][vc_column_inner width=&#8221;1\/2&#8243;][vc_single_image image=&#8221;4663&#8243; img_size=&#8221;medium&#8221; alignment=&#8221;center&#8221;]\r\n        \r\n        <style>\r\n\t\t\t\t#btn-container-352cK {\r\n\t\t\t\t\tfont-size: 15px;\r\n\t\t\t\t\tfont-weight: bold;\r\n\t\t\t\t}\r\n        #btn-352cK {\r\n        \tbackground: #000000;\r\n\t\t\t\t\tborder-style: solid;\r\n        \tborder-color: #000000;\r\n\t\t\t\t\tborder-width: 2px;\r\n        \tcolor: #ffffff;\r\n\t\t\t\t\tpadding: 10px 20px;\r\n\t\t\t\t\tborder-radius: 2px;\r\n\t\t\t\t\tfont-size: 15px;\r\n\t\t\t\t\tline-height: 15px;\r\n\t\t\t\t\t\t\t\t\t\t\t\t\t\t\tfont-weight: bold;\r\n        }\r\n\r\n\t\t\t\t#btn-352cK:hover {\r\n\t\t\t\t\tbackground: #ffffff;\r\n\t\t\t\t\tborder-color: #0a0a0a;\r\n\t\t\t\t\tcolor: #0a0a0a;\r\n\t\t\t\t\t\t\t\t\t\t\t\t\t\t\t\r\n\t\t\t\t}\r\n\r\n\t\t    #btn-352cK i {\r\n\t\t\t\t\tright: 14px;\r\n\t\t\t\t\tmargin-top: 0;\r\n\t\t\t\t\tvertical-align: middle;\r\n\t\t\t\t\tborder-radius: 50%;\r\n\t\t\t\t\tline-height: 20px;\r\n\t\t\t\t\theight: 20px;\r\n\t\t\t\t\twidth: 20px;\r\n\t\t\t\t\tbackground: #1dc1f8;\r\n\t\t\t\t\tmargin-left: 8px;\r\n\t\t\t\t\tmargin-right: 0;\r\n\t\t\t\t\tcolor: #ffffff;\r\n\t\t\t\t\tfont-size: 8px;\r\n\t\t\t\t\ttext-align: center;\r\n\t\t\t\t}\r\n\r\n\t\t\t\t #btn-352cK:hover i {\r\n\t\t\t\t \tbackground: #ffffff;\r\n\t\t\t\t\tcolor: #1dc1f8;\r\n\t\t\t\t }\r\n\r\n        <\/style>\r\n\r\n\t\t<!-- BUTTON -->\r\n        <div id=\"btn-container-352cK\" class=\"text-center\">\r\n\t\t\t\r\n\t\t\t\t\t<a href=\"\/nos-chambres-par-ambiance\/\" id=\"btn-352cK\" class=\"btn \" target=\"_self\">\r\n\t\t\t\t\t\tNos chambres par ambiance\t\t\t\t\t\t\t\t\t\t\t<\/a>\r\n\t\t\t\t\t        <\/div>\r\n\r\n        [\/vc_column_inner][\/vc_row_inner][\/vc_column][\/vc_row][vc_row css=&#8221;.vc_custom_1683729818894{margin-top: 50px !important;}&#8221;][vc_column][vc_column_text]<\/p>\n<h2 style=\"text-align: center;\">Cercate l&#8217;originalit\u00e0? Scoprite l&#8217;hotel La Zoologie a Bordeaux<\/h2>\n<p style=\"text-align: center;\">Impregnato della curiosit\u00e0 scientifica del suo tempo, l&#8217;edificio che ospita l&#8217;H\u00f4tel La Zoologie \u00e8 uno splendido esempio di architettura universitaria degli inizi del XX secolo (1900-1903). Riportato al suo antico splendore dopo una completa ristrutturazione, vanta oggi due ali aggiuntive: l&#8217;ala di Botanica e l&#8217;ala di Geologia, in omaggio alla vita precedente dell&#8217;edificio.<\/p>\n<p style=\"text-align: center;\">L&#8217;Hotel La Zoologie vanta strutture sontuose e <strong>40 camere insolite a Bordeaux<\/strong>.<\/p>\n<p style=\"text-align: center;\"><strong>Scoprite tutto sul nostro hotel di lusso a Bordeaux.<\/strong><\/p>\n<p>[\/vc_column_text][\/vc_column][\/vc_row][vc_row][vc_column][vc_single_image image=&#8221;6060&#8243; img_size=&#8221;large&#8221; alignment=&#8221;center&#8221;][vc_column_text css=&#8221;.vc_custom_1702653906551{margin-top: 100px !important;margin-bottom: 50px !important;}&#8221;]<\/p>\n<h2 style=\"text-align: center;\">Camere insolite a Bordeaux, per notti ispirate e uniche<\/h2>\n<p style=\"text-align: center;\">Che siate alla ricerca di una<strong> camera romantica e originale a Bordeaux<\/strong> o di un soggiorno originale e memorabile, La Zoologie soddisfer\u00e0 il vostro desiderio di allontanarvi da tutto. L&#8217;alloggio ideale per esplorare la citt\u00e0 in coppia o in famiglia!<\/p>\n<p style=\"text-align: center;\">Offrendo un vero e proprio viaggio intellettuale in un luogo ricco di storia, ogni camera ha un&#8217;anima propria, resa viva da una decorazione personalizzata. Il nostro hotel perpetua lo spirito del collezionismo sotto forma di arredi unici basati sul principio della committenza artistica. Materiali nobili e resistenti, selezionati con la massima cura, fanno da sfondo a opere d&#8217;arte originali che esplorano il tema delle scienze naturali e delle spedizioni scientifiche nel cuore di terre lontane.<\/p>\n<p style=\"text-align: center;\">Ogni ala del nostro hotel offre un&#8217;atmosfera unica e misteriosa per una fuga romantica, un pernottamento insolito o un&#8217;esperienza familiare nella regione della<strong> Nouvelle Aquitaine<\/strong>.<\/p>\n<p style=\"text-align: center;\">Le <strong>24 camere dell&#8217;ala Zoologia<\/strong> occupano la parte storica dell&#8217;edificio e hanno mantenuto le pareti in pietra locale e le alte porte-finestre, drappeggiate con tende che evocano il regno animale. I bagni, che ricordano gli uffici dei ricercatori, e i piani di lavoro in calcare oolitico formano un insolito contrasto con gli arredi di design decisamente contemporanei.<\/p>\n<p style=\"text-align: center;\">Le <strong>4 camere Botanique<\/strong> si affacciano sul giardino, che sembra una foresta esotica, o sull&#8217;ex edificio della Sant\u00e9 Navale, oltre una strada pedonale. Progettate per offrirvi una notte in una bolla ispirata alle piante, sono dotate di pareti panoramiche ANANBO realizzate nella regione di Bordeaux. Respirate: i soffitti alti creano un connubio perfetto con i pavimenti in bamb\u00f9.<\/p>\n<p style=\"text-align: center;\">Infine, le <strong>12 camere Geology<\/strong> sono un omaggio a <strong>Le Corbusier<\/strong> e traggono la loro atmosfera creativa da un originale ambiente africano, dove il cemento si fonde con la cera tradizionale. Un dettaglio insolito: un bagno in argilla che unisce comfort e natura.<\/p>\n<div id=\"gtx-trans\" style=\"position: absolute; left: 233px; top: 429.812px;\">\n<div class=\"gtx-trans-icon\"><\/div>\n<\/div>\n<p>[\/vc_column_text][\/vc_column][\/vc_row][vc_row][vc_column][vc_column_text]<\/p>\n<h2 style=\"text-align: center;\">Servizi di lusso per un soggiorno indimenticabile<\/h2>\n<p style=\"text-align: center;\">Oltre al suo magnifico roof top da cui si pu\u00f2 ammirare la citt\u00e0, al suo bar, alla sua lussuosa Spa (avete provato la Jacuzzi della nostra Spa?), alla sua sala fitness, alla sua terrazza e al suo giardino, l&#8217;hotel La Zoologie \u00e8 rinomato per le sue esperienze culinarie e il suo ristorante atipico.<\/p>\n<p style=\"text-align: center;\">La <a href=\"https:\/\/www.hotelzoologie.com\/it\/colazione\/\">colazione dell&#8217;hotel<\/a> \u00e8 un modo meraviglioso per iniziare la giornata dopo una notte in questa bolla straordinaria.<\/p>\n<p style=\"text-align: center;\">Il nostro<a href=\"https:\/\/www.hotelzoologie.com\/it\/ristorante-bordeaux\/\"> insolito ristorante di Bordeaux<\/a> vi accoglie per pranzo e cena. Un&#8217;esperienza culinaria unica nella Nuova Aquitania!<\/p>\n<p style=\"text-align: center;\">O forse preferite scoprire il concetto Banksia a Bordeaux (16 coperti + terrazza), la cantina gastronomica speziata di ispirazione mediterranea situata nell&#8217;ala Botanique. Un pranzo creativo che non dimenticherete!<\/p>\n<div id=\"gtx-trans\" style=\"position: absolute; left: 162px; top: 245.812px;\">\n<div class=\"gtx-trans-icon\"><\/div>\n<\/div>\n<p>[\/vc_column_text][\/vc_column][\/vc_row][vc_row][vc_column][\/vc_column][\/vc_row]<\/p>\n","protected":false},"excerpt":{"rendered":"<p>[vc_row][vc_column][vc_column_text css=&#8221;.vc_custom_1702653946291{margin-bottom: 100px !important;}&#8221;] Con il suo patrimonio ricco e stimolante, Bordeaux \u00e8 una tappa obbligata per gli amanti della cultura e delle bellezze architettoniche. Fedele a questo ideale, l&#8217;hotel di lusso 4 stelle La Zoologie offre un&#8217;esperienza autentica e sorprendente nel cuore del quartiere della stazione ferroviaria, per una notte all&#8217;insegna dell&#8217;inaspettato. Godetevi un [&hellip;]<\/p>\n","protected":false},"author":1,"featured_media":0,"parent":0,"menu_order":0,"comment_status":"closed","ping_status":"closed","template":"","meta":{"footnotes":""},"class_list":["post-6644","page","type-page","status-publish","hentry"],"yoast_head":"<!-- This site is optimized with the Yoast SEO plugin v27.5 - https:\/\/yoast.com\/product\/yoast-seo-wordpress\/ -->\n<title>Camere d&#039;albergo insolite a Bordeaux - H\u00f4tel la Zoologie<\/title>\n<meta name=\"description\" content=\"Volete trascorrere una notte in una delle nostre camere insolite a Bordeaux? Scoprite il magnifico hotel 4 stelle La Zoologie, nel quartiere della stazione ferroviaria.\" \/>\n<meta name=\"robots\" content=\"index, follow, max-snippet:-1, max-image-preview:large, max-video-preview:-1\" \/>\n<link rel=\"canonical\" href=\"https:\/\/www.hotelzoologie.com\/it\/nostre-camere-insolite\/\" \/>\n<meta property=\"og:locale\" content=\"it_IT\" \/>\n<meta property=\"og:type\" content=\"article\" \/>\n<meta property=\"og:title\" content=\"Camere d&#039;albergo insolite a Bordeaux - H\u00f4tel la Zoologie\" \/>\n<meta property=\"og:description\" content=\"Volete trascorrere una notte in una delle nostre camere insolite a Bordeaux? Scoprite il magnifico hotel 4 stelle La Zoologie, nel quartiere della stazione ferroviaria.\" \/>\n<meta property=\"og:url\" content=\"https:\/\/www.hotelzoologie.com\/it\/nostre-camere-insolite\/\" \/>\n<meta property=\"og:site_name\" content=\"H\u00f4tel La Zoologie Bordeaux\" \/>\n<meta property=\"article:modified_time\" content=\"2023-12-15T15:28:12+00:00\" \/>\n<meta name=\"twitter:card\" content=\"summary_large_image\" \/>\n<meta name=\"twitter:label1\" content=\"Tempo di lettura stimato\" \/>\n\t<meta name=\"twitter:data1\" content=\"4 minuti\" \/>\n<!-- \/ Yoast SEO plugin. -->","yoast_head_json":{"title":"Camere d'albergo insolite a Bordeaux - H\u00f4tel la Zoologie","description":"Volete trascorrere una notte in una delle nostre camere insolite a Bordeaux? Scoprite il magnifico hotel 4 stelle La Zoologie, nel quartiere della stazione ferroviaria.","robots":{"index":"index","follow":"follow","max-snippet":"max-snippet:-1","max-image-preview":"max-image-preview:large","max-video-preview":"max-video-preview:-1"},"canonical":"https:\/\/www.hotelzoologie.com\/it\/nostre-camere-insolite\/","og_locale":"it_IT","og_type":"article","og_title":"Camere d'albergo insolite a Bordeaux - H\u00f4tel la Zoologie","og_description":"Volete trascorrere una notte in una delle nostre camere insolite a Bordeaux? Scoprite il magnifico hotel 4 stelle La Zoologie, nel quartiere della stazione ferroviaria.","og_url":"https:\/\/www.hotelzoologie.com\/it\/nostre-camere-insolite\/","og_site_name":"H\u00f4tel La Zoologie Bordeaux","article_modified_time":"2023-12-15T15:28:12+00:00","twitter_card":"summary_large_image","twitter_misc":{"Tempo di lettura stimato":"4 minuti"},"schema":{"@context":"https:\/\/schema.org","@graph":[{"@type":"WebPage","@id":"https:\/\/www.hotelzoologie.com\/it\/nostre-camere-insolite\/","url":"https:\/\/www.hotelzoologie.com\/it\/nostre-camere-insolite\/","name":"Camere d'albergo insolite a Bordeaux - H\u00f4tel la Zoologie","isPartOf":{"@id":"https:\/\/www.hotelzoologie.com\/it\/#website"},"datePublished":"2023-05-10T14:44:23+00:00","dateModified":"2023-12-15T15:28:12+00:00","description":"Volete trascorrere una notte in una delle nostre camere insolite a Bordeaux? Scoprite il magnifico hotel 4 stelle La Zoologie, nel quartiere della stazione ferroviaria.","breadcrumb":{"@id":"https:\/\/www.hotelzoologie.com\/it\/nostre-camere-insolite\/#breadcrumb"},"inLanguage":"it-IT","potentialAction":[{"@type":"ReadAction","target":["https:\/\/www.hotelzoologie.com\/it\/nostre-camere-insolite\/"]}]},{"@type":"BreadcrumbList","@id":"https:\/\/www.hotelzoologie.com\/it\/nostre-camere-insolite\/#breadcrumb","itemListElement":[{"@type":"ListItem","position":1,"name":"Home","item":"https:\/\/www.hotelzoologie.com\/it\/"},{"@type":"ListItem","position":2,"name":"Le nostre camere insolite a Bordeaux"}]},{"@type":"WebSite","@id":"https:\/\/www.hotelzoologie.com\/it\/#website","url":"https:\/\/www.hotelzoologie.com\/it\/","name":"H\u00f4tel La Zoologie Bordeaux","description":"","publisher":{"@id":"https:\/\/www.hotelzoologie.com\/it\/#organization"},"potentialAction":[{"@type":"SearchAction","target":{"@type":"EntryPoint","urlTemplate":"https:\/\/www.hotelzoologie.com\/it\/?s={search_term_string}"},"query-input":{"@type":"PropertyValueSpecification","valueRequired":true,"valueName":"search_term_string"}}],"inLanguage":"it-IT"},{"@type":"Organization","@id":"https:\/\/www.hotelzoologie.com\/it\/#organization","name":"H\u00f4tel La Zoologie Bordeaux","url":"https:\/\/www.hotelzoologie.com\/it\/","logo":{"@type":"ImageObject","inLanguage":"it-IT","@id":"https:\/\/www.hotelzoologie.com\/it\/#\/schema\/logo\/image\/","url":"https:\/\/www.hotelzoologie.com\/wp-content\/uploads\/2020\/09\/Logo-Zoologie.jpg","contentUrl":"https:\/\/www.hotelzoologie.com\/wp-content\/uploads\/2020\/09\/Logo-Zoologie.jpg","width":500,"height":70,"caption":"H\u00f4tel La Zoologie Bordeaux"},"image":{"@id":"https:\/\/www.hotelzoologie.com\/it\/#\/schema\/logo\/image\/"}}]}},"_links":{"self":[{"href":"https:\/\/www.hotelzoologie.com\/it\/wp-json\/wp\/v2\/pages\/6644","targetHints":{"allow":["GET"]}}],"collection":[{"href":"https:\/\/www.hotelzoologie.com\/it\/wp-json\/wp\/v2\/pages"}],"about":[{"href":"https:\/\/www.hotelzoologie.com\/it\/wp-json\/wp\/v2\/types\/page"}],"author":[{"embeddable":true,"href":"https:\/\/www.hotelzoologie.com\/it\/wp-json\/wp\/v2\/users\/1"}],"replies":[{"embeddable":true,"href":"https:\/\/www.hotelzoologie.com\/it\/wp-json\/wp\/v2\/comments?post=6644"}],"version-history":[{"count":3,"href":"https:\/\/www.hotelzoologie.com\/it\/wp-json\/wp\/v2\/pages\/6644\/revisions"}],"predecessor-version":[{"id":6647,"href":"https:\/\/www.hotelzoologie.com\/it\/wp-json\/wp\/v2\/pages\/6644\/revisions\/6647"}],"wp:attachment":[{"href":"https:\/\/www.hotelzoologie.com\/it\/wp-json\/wp\/v2\/media?parent=6644"}],"curies":[{"name":"wp","href":"https:\/\/api.w.org\/{rel}","templated":true}]}}